{"id":6986,"date":"2024-08-11T23:18:32","date_gmt":"2024-08-11T20:18:32","guid":{"rendered":"https:\/\/ecoshop.ee\/?post_type=product&#038;p=6986"},"modified":"2026-05-05T15:59:42","modified_gmt":"2026-05-05T12:59:42","slug":"%d1%81%d0%bc%d0%b5%d1%81%d1%8c-%d0%b4%d0%bb%d1%8f-%d0%b2%d1%8b%d0%bf%d0%b5%d1%87%d0%ba%d0%b8-%d0%b1%d0%b5%d0%b7%d0%b3%d0%bb%d1%8e%d1%82%d0%b5%d0%bd%d0%be%d0%b2%d1%8b%d1%85-%d0%b2%d0%b5%d0%b3%d0%b0","status":"publish","type":"product","link":"https:\/\/ecoshop.ee\/ru\/kupsetussegud-ja-kuivained\/bettr-gluteenivaba-vegan-brownie-kupsetussegu-400g\/","title":{"rendered":"\u0421\u043c\u0435\u0441\u044c \u0434\u043b\u044f \u0432\u044b\u043f\u0435\u0447\u043a\u0438 \u0431\u0435\u0437\u0433\u043b\u044e\u0442\u0435\u043d\u043e\u0432\u044b\u0445 \u0432\u0435\u0433\u0430\u043d\u0441\u043a\u0438\u0445 \u0431\u0440\u0430\u0443\u043d\u0438 Bett&#039;r, 400 \u0433"},"content":{"rendered":"<p>\u0411\u044b\u0441\u0442\u0440\u043e\u0435, \u043f\u0440\u043e\u0441\u0442\u043e\u0435 \u0438 \u043f\u043e\u043b\u0435\u0437\u043d\u043e\u0435 \u043b\u0430\u043a\u043e\u043c\u0441\u0442\u0432\u043e \u0438\u0437 \u043d\u0430\u0448\u0435\u0439 \u043e\u0440\u0433\u0430\u043d\u0438\u0447\u0435\u0441\u043a\u043e\u0439 \u0432\u0435\u0433\u0430\u043d\u0441\u043a\u043e\u0439 \u0441\u043c\u0435\u0441\u0438 \u0434\u043b\u044f \u0432\u044b\u043f\u0435\u0447\u043a\u0438 \u0431\u0440\u0430\u0443\u043d\u0438. \u041d\u0430\u0441\u043b\u0430\u0436\u0434\u0430\u0439\u0442\u0435\u0441\u044c \u043b\u044e\u0431\u0438\u043c\u044b\u043c\u0438 \u0431\u0440\u0430\u0443\u043d\u0438, \u043f\u0440\u0438\u0433\u043e\u0442\u043e\u0432\u043b\u0435\u043d\u043d\u044b\u043c\u0438 \u0438\u0437 \u043c\u0443\u043a\u0438 \u0438\u0437 \u0441\u0443\u043f\u0435\u0440\u0444\u0443\u0434\u043e\u0432 \u0438 \u0431\u0435\u0437\u0433\u043b\u044e\u0442\u0435\u043d\u043e\u0432\u044b\u0445 \u0438\u043d\u0433\u0440\u0435\u0434\u0438\u0435\u043d\u0442\u043e\u0432.<\/p>\n<p>\u2013 \u0411\u0440\u0430\u0443\u043d\u0438 \u0441 \u043d\u0430\u0441\u044b\u0449\u0435\u043d\u043d\u044b\u043c \u043a\u0430\u043a\u0430\u043e-\u0432\u043a\u0443\u0441\u043e\u043c<br \/>\n\u2013 \u0411\u044b\u0441\u0442\u0440\u043e \u0438 \u043b\u0435\u0433\u043a\u043e \u043f\u0440\u0438\u0433\u043e\u0442\u043e\u0432\u0438\u0442\u044c<br \/>\n\u2013 \u041e\u0440\u0433\u0430\u043d\u0438\u0447\u0435\u0441\u043a\u0438\u0439, \u0432\u0435\u0433\u0430\u043d\u0441\u043a\u0438\u0439 \u0438 \u0431\u0435\u0437\u0433\u043b\u044e\u0442\u0435\u043d\u043e\u0432\u044b\u0439 \u043f\u0440\u043e\u0434\u0443\u043a\u0442<\/p>\n<p>\u0412\u044b \u043b\u044e\u0431\u0438\u0442\u0435 \u0448\u043e\u043a\u043e\u043b\u0430\u0434\u043d\u044b\u0435 \u043a\u043e\u043d\u0444\u0435\u0442\u044b?<\/p>\n<p>\u0422\u0435\u043f\u0435\u0440\u044c \u0432\u044b \u043c\u043e\u0436\u0435\u0442\u0435 \u043f\u0440\u0438\u0433\u043e\u0442\u043e\u0432\u0438\u0442\u044c \u0441\u0432\u043e\u0439 \u0441\u043e\u0431\u0441\u0442\u0432\u0435\u043d\u043d\u044b\u0439 \u0434\u0435\u0441\u0435\u0440\u0442 \u0431\u0435\u0437 \u043b\u0438\u0448\u043d\u0438\u0445 \u0445\u043b\u043e\u043f\u043e\u0442, \u0438\u0441\u043f\u043e\u043b\u044c\u0437\u0443\u044f \u043d\u0430\u0448\u0443 \u043e\u0440\u0433\u0430\u043d\u0438\u0447\u0435\u0441\u043a\u0443\u044e \u0441\u043c\u0435\u0441\u044c \u0434\u043b\u044f \u0432\u044b\u043f\u0435\u0447\u043a\u0438 \u0431\u0440\u0430\u0443\u043d\u0438. \u0411\u044b\u0441\u0442\u0440\u043e\u0435, \u043f\u0440\u043e\u0441\u0442\u043e\u0435 \u0438 \u043f\u043e\u043b\u0435\u0437\u043d\u043e\u0435 \u043b\u0430\u043a\u043e\u043c\u0441\u0442\u0432\u043e!<\/p>\n<p>\u041f\u0440\u043e\u0441\u0442\u043e \u0434\u043e\u0431\u0430\u0432\u044c\u0442\u0435 \u0432 \u0441\u043c\u0435\u0441\u044c \u043c\u043e\u043b\u043e\u043a\u043e \u0438 \u0440\u0430\u0441\u0442\u0438\u0442\u0435\u043b\u044c\u043d\u043e\u0435 \u043c\u0430\u0441\u043b\u043e \u0438\u043b\u0438 \u0440\u0430\u0441\u0442\u043e\u043f\u043b\u0435\u043d\u043d\u043e\u0435 \u0441\u043b\u0438\u0432\u043e\u0447\u043d\u043e\u0435 \u043c\u0430\u0441\u043b\u043e \u0438 \u0433\u043e\u0442\u043e\u0432\u044c\u0442\u0435 \u0434\u043e \u0433\u043e\u0442\u043e\u0432\u043d\u043e\u0441\u0442\u0438.<\/p>\n<p>\u0411\u043e\u043b\u0435\u0435 \u0442\u043e\u0433\u043e, \u044d\u0442\u0438 \u0441\u0432\u0435\u0436\u0435\u0438\u0441\u043f\u0435\u0447\u0435\u043d\u043d\u044b\u0435 \u0431\u0440\u0430\u0443\u043d\u0438 \u043d\u0435 \u0441\u043e\u0434\u0435\u0440\u0436\u0430\u0442 \u0433\u043b\u044e\u0442\u0435\u043d\u0430, \u0440\u0430\u0444\u0438\u043d\u0438\u0440\u043e\u0432\u0430\u043d\u043d\u043e\u0433\u043e \u0441\u0430\u0445\u0430\u0440\u0430 \u0438 \u044f\u0432\u043b\u044f\u044e\u0442\u0441\u044f \u043e\u0440\u0433\u0430\u043d\u0438\u0447\u0435\u0441\u043a\u0438\u043c\u0438.<\/p>\n<p>15 \u043f\u043e\u0440\u0446\u0438\u0439 \u0432 \u043e\u0434\u043d\u043e\u0439 \u0443\u043f\u0430\u043a\u043e\u0432\u043a\u0435.<\/p>","protected":false},"excerpt":{"rendered":"<p>Kiire, lihtne ja s\u00fc\u00fctundeta fudgy maius kasutades meie mahedat vegan brownie k\u00fcpsetussegu. Naudi oma lemmik brownie&#8217;sid, mis on valmistatud supertoitude jahudest ja&hellip;<\/p>","protected":false},"featured_media":6987,"comment_status":"open","ping_status":"closed","template":"","meta":{"wprm-recipe-roundup-name":"","wprm-recipe-roundup-description":""},"product_brand":[11995],"product_cat":[323,240,161,303,302],"product_tag":[287,296,297],"class_list":{"0":"post-6986","1":"product","2":"type-product","3":"status-publish","4":"has-post-thumbnail","6":"product_brand-bettr","7":"product_cat-kupsetussegud-ja-kuivained","8":"product_cat-allahinnatud","9":"product_cat-sahvrikaubad","10":"product_cat-mahetooted","11":"product_cat-gluteenivaba","12":"product_tag-brownie-segu","13":"product_tag-gluteenivaba","14":"product_tag-mahe","15":"j79_wcxd_expiry_type-best-before","17":"first","18":"instock","19":"sale","20":"taxable","21":"shipping-taxable","22":"purchasable","23":"product-type-simple"},"supplier_id":9165,"supplier_sku":"","barcode":"3800233687040","atum_controlled":true,"out_stock_date":null,"out_stock_threshold":null,"inheritable":false,"inbound_stock":0,"stock_on_hold":0,"sold_today":0,"sales_last_days":4,"reserved_stock":0,"customer_returns":0,"warehouse_damage":0,"lost_in_post":0,"other_logs":0,"out_stock_days":0,"lost_sales":0,"has_location":false,"update_date":"2026-05-07T13:09:48","atum_locations":[],"atum_stock_status":"instock","restock_status":true,"low_stock_amount":"","sales_update_date":"2026-05-07T13:09:48","calc_backorders":null,"aioseo_notices":[],"_links":{"self":[{"href":"https:\/\/ecoshop.ee\/ru\/wp-json\/wp\/v2\/product\/6986","targetHints":{"allow":["GET"]}}],"collection":[{"href":"https:\/\/ecoshop.ee\/ru\/wp-json\/wp\/v2\/product"}],"about":[{"href":"https:\/\/ecoshop.ee\/ru\/wp-json\/wp\/v2\/types\/product"}],"replies":[{"embeddable":true,"href":"https:\/\/ecoshop.ee\/ru\/wp-json\/wp\/v2\/comments?post=6986"}],"version-history":[{"count":0,"href":"https:\/\/ecoshop.ee\/ru\/wp-json\/wp\/v2\/product\/6986\/revisions"}],"wp:featuredmedia":[{"embeddable":true,"href":"https:\/\/ecoshop.ee\/ru\/wp-json\/wp\/v2\/media\/6987"}],"wp:attachment":[{"href":"https:\/\/ecoshop.ee\/ru\/wp-json\/wp\/v2\/media?parent=6986"}],"wp:term":[{"taxonomy":"product_brand","embeddable":true,"href":"https:\/\/ecoshop.ee\/ru\/wp-json\/wp\/v2\/product_brand?post=6986"},{"taxonomy":"product_cat","embeddable":true,"href":"https:\/\/ecoshop.ee\/ru\/wp-json\/wp\/v2\/product_cat?post=6986"},{"taxonomy":"product_tag","embeddable":true,"href":"https:\/\/ecoshop.ee\/ru\/wp-json\/wp\/v2\/product_tag?post=6986"}],"curies":[{"name":"wp","href":"https:\/\/api.w.org\/{rel}","templated":true}]}}