{"id":7003,"date":"2024-08-13T00:26:11","date_gmt":"2024-08-12T21:26:11","guid":{"rendered":"https:\/\/ecoshop.ee\/?post_type=product&#038;p=7003"},"modified":"2026-03-14T18:15:45","modified_gmt":"2026-03-14T15:15:45","slug":"%d0%be%d1%80%d0%b5%d1%85%d0%b8-naughty-nuts-%d1%81-%d0%bc%d0%b0%d0%bb%d0%b8%d0%bd%d0%be%d0%b2%d0%be%d0%b9-%d0%bd%d0%b0%d1%87%d0%b8%d0%bd%d0%ba%d0%be%d0%b9-%d0%b8-%d0%be%d1%80%d0%b5%d1%85%d0%be%d0%b2","status":"publish","type":"product","link":"https:\/\/ecoshop.ee\/ru\/kommid\/naughty-nuts-vaarika-taidisega-pahklivoikausid-39g\/","title":{"rendered":"\u041e\u0440\u0435\u0445\u043e\u0432\u044b\u0435 \u043c\u0438\u0441\u043a\u0438 Naughty Nuts \u0441 \u043c\u0430\u043b\u0438\u043d\u043e\u0432\u043e\u0439 \u043d\u0430\u0447\u0438\u043d\u043a\u043e\u0439, 39 \u0433"},"content":{"rendered":"<p>\u041e\u0440\u0435\u0445\u043e\u0432\u044b\u0435 \u043c\u0438\u0441\u043a\u0438 Naughty Nuts \u0441 \u043c\u0430\u043b\u0438\u043d\u043e\u0432\u043e\u0439 \u043d\u0430\u0447\u0438\u043d\u043a\u043e\u0439 \u043f\u043e\u0434\u0430\u0440\u044f\u0442 \u043d\u0435\u0437\u0430\u0431\u044b\u0432\u0430\u0435\u043c\u044b\u0435 \u0432\u043a\u0443\u0441\u043e\u0432\u044b\u0435 \u043e\u0449\u0443\u0449\u0435\u043d\u0438\u044f \u043f\u0440\u0438 \u043c\u0435\u043d\u044c\u0448\u0435\u043c \u0441\u043e\u0434\u0435\u0440\u0436\u0430\u043d\u0438\u0438 \u0441\u0430\u0445\u0430\u0440\u0430. \u0418\u0434\u0435\u0430\u043b\u044c\u043d\u044b\u0439 \u043f\u0435\u0440\u0435\u043a\u0443\u0441 \u0438 \u0443\u0434\u043e\u0432\u043e\u043b\u044c\u0441\u0442\u0432\u0438\u0435.<\/p>\n<p>\u041f\u043e\u0433\u0440\u0443\u0437\u0438\u0442\u0435\u0441\u044c \u0432 \u043c\u0438\u0440 \u0433\u0440\u0435\u0445\u043e\u0432\u043d\u044b\u0445 \u0441\u043e\u0431\u043b\u0430\u0437\u043d\u043e\u0432 \u0438 \u043d\u0430\u0441\u043b\u0430\u0434\u0438\u0442\u0435\u0441\u044c \u043d\u0435\u0432\u0435\u0440\u043e\u044f\u0442\u043d\u043e \u043d\u0435\u0436\u043d\u043e\u0439 \u043c\u0430\u043b\u0438\u043d\u043e\u0432\u043e-\u043e\u0440\u0435\u0445\u043e\u0432\u043e\u0439 \u043d\u0430\u0447\u0438\u043d\u043a\u043e\u0439. \u042d\u0442\u043e \u0442\u0430\u044e\u0449\u0435\u0435 \u0432\u043e \u0440\u0442\u0443 \u043b\u0430\u043a\u043e\u043c\u0441\u0442\u0432\u043e \u043f\u043e\u0434\u0430\u0440\u0438\u0442 \u0432\u0430\u043c \u0438\u0441\u0442\u0438\u043d\u043d\u043e\u0435 \u043d\u0430\u0441\u043b\u0430\u0436\u0434\u0435\u043d\u0438\u0435 \u0438 \u0438\u0434\u0435\u0430\u043b\u044c\u043d\u043e\u0435 \u0441\u043e\u0447\u0435\u0442\u0430\u043d\u0438\u0435 \u0444\u0440\u0443\u043a\u0442\u043e\u0432\u044b\u0445 \u0438 \u0441\u043b\u0430\u0434\u043a\u0438\u0445 \u0432\u043a\u0443\u0441\u043e\u0432.<\/p>\n<p>\u041d\u0435\u0436\u043d\u0435\u0439\u0448\u0430\u044f, \u043f\u0440\u0438\u044f\u0442\u043d\u0430\u044f \u043d\u0430 \u0432\u043a\u0443\u0441 \u043c\u0430\u043b\u0438\u043d\u043e\u0432\u043e-\u043e\u0440\u0435\u0445\u043e\u0432\u0430\u044f \u043d\u0430\u0447\u0438\u043d\u043a\u0430<br \/>\n\u041d\u0435\u0436\u043d\u044b\u0439 \u0438 \u0442\u0430\u044e\u0449\u0438\u0439 \u0432\u043e \u0440\u0442\u0443<br \/>\n53% \u0441\u043e\u0434\u0435\u0440\u0436\u0438\u0442 \u043c\u0435\u043d\u044c\u0448\u0435 \u0441\u0430\u0445\u0430\u0440\u0430 \u043f\u043e \u0441\u0440\u0430\u0432\u043d\u0435\u043d\u0438\u044e \u0441 \u0442\u0440\u0430\u0434\u0438\u0446\u0438\u043e\u043d\u043d\u044b\u043c\u0438 \u043a\u043e\u043d\u0444\u0435\u0442\u0430\u043c\u0438 \u0441 \u043e\u0440\u0435\u0445\u043e\u0432\u043e\u0439 \u043f\u0430\u0441\u0442\u043e\u0439.<br \/>\n\u041d\u0435 \u0441\u043e\u0434\u0435\u0440\u0436\u0438\u0442 \u043f\u0430\u043b\u044c\u043c\u043e\u0432\u043e\u0433\u043e \u043c\u0430\u0441\u043b\u0430 \u0438 \u043f\u043e\u0434\u0445\u043e\u0434\u0438\u0442 \u0434\u043b\u044f \u0432\u0435\u0433\u0430\u043d\u043e\u0432 (100%).<\/p>","protected":false},"excerpt":{"rendered":"<p>Naughty Nuts vaarika t\u00e4idisega p\u00e4hkliv\u00f5ikausid pakuvad unustamatut maitseelamust, sisaldades v\u00e4hem suhkrut. T\u00e4iuslik suupiste ja nauding. Sukeldu patuse kiusatuse maailma ja koge vastupandamatult&hellip;<\/p>","protected":false},"featured_media":7004,"comment_status":"open","ping_status":"closed","template":"","meta":{"wprm-recipe-roundup-name":"","wprm-recipe-roundup-description":""},"product_brand":[12000],"product_cat":[160,303],"product_tag":[288],"class_list":{"0":"post-7003","1":"product","2":"type-product","3":"status-publish","4":"has-post-thumbnail","6":"product_brand-naughty-nuts","7":"product_cat-kommid","8":"product_cat-mahetooted","9":"product_tag-pahklivoikausid","10":"j79_wcxd_expiry_type-expiry-date","12":"first","13":"instock","14":"taxable","15":"shipping-taxable","16":"purchasable","17":"product-type-simple"},"supplier_id":9165,"supplier_sku":"","barcode":"4260737541634","atum_controlled":true,"out_stock_date":null,"out_stock_threshold":null,"inheritable":false,"inbound_stock":0,"stock_on_hold":0,"sold_today":0,"sales_last_days":0,"reserved_stock":0,"customer_returns":0,"warehouse_damage":0,"lost_in_post":0,"other_logs":0,"out_stock_days":0,"lost_sales":0,"has_location":false,"update_date":"2026-04-06T20:23:10","atum_locations":[],"atum_stock_status":"instock","restock_status":false,"low_stock_amount":"","sales_update_date":"2026-04-06T20:23:10","calc_backorders":null,"aioseo_notices":[],"_links":{"self":[{"href":"https:\/\/ecoshop.ee\/ru\/wp-json\/wp\/v2\/product\/7003","targetHints":{"allow":["GET"]}}],"collection":[{"href":"https:\/\/ecoshop.ee\/ru\/wp-json\/wp\/v2\/product"}],"about":[{"href":"https:\/\/ecoshop.ee\/ru\/wp-json\/wp\/v2\/types\/product"}],"replies":[{"embeddable":true,"href":"https:\/\/ecoshop.ee\/ru\/wp-json\/wp\/v2\/comments?post=7003"}],"version-history":[{"count":0,"href":"https:\/\/ecoshop.ee\/ru\/wp-json\/wp\/v2\/product\/7003\/revisions"}],"wp:featuredmedia":[{"embeddable":true,"href":"https:\/\/ecoshop.ee\/ru\/wp-json\/wp\/v2\/media\/7004"}],"wp:attachment":[{"href":"https:\/\/ecoshop.ee\/ru\/wp-json\/wp\/v2\/media?parent=7003"}],"wp:term":[{"taxonomy":"product_brand","embeddable":true,"href":"https:\/\/ecoshop.ee\/ru\/wp-json\/wp\/v2\/product_brand?post=7003"},{"taxonomy":"product_cat","embeddable":true,"href":"https:\/\/ecoshop.ee\/ru\/wp-json\/wp\/v2\/product_cat?post=7003"},{"taxonomy":"product_tag","embeddable":true,"href":"https:\/\/ecoshop.ee\/ru\/wp-json\/wp\/v2\/product_tag?post=7003"}],"curies":[{"name":"wp","href":"https:\/\/api.w.org\/{rel}","templated":true}]}}