{"id":7020,"date":"2024-08-14T00:07:35","date_gmt":"2024-08-13T21:07:35","guid":{"rendered":"https:\/\/ecoshop.ee\/?post_type=product&#038;p=7020"},"modified":"2026-02-03T12:17:10","modified_gmt":"2026-02-03T09:17:10","slug":"%d1%88%d0%be%d0%ba%d0%be%d0%bb%d0%b0%d0%b4%d0%bd%d1%8b%d0%b9-%d0%b1%d0%b0%d1%82%d0%be%d0%bd%d1%87%d0%b8%d0%ba-roobar-%d0%b8%d0%b7-%d0%b1%d0%b5%d0%bb%d0%be%d0%b3%d0%be-%d1%88%d0%be%d0%ba%d0%be%d0%bb","status":"publish","type":"product","link":"https:\/\/ecoshop.ee\/ru\/mahetooted\/roobar-valge-sokolaadi-glasuuriga-kirsibatoon-30g\/","title":{"rendered":"\u0412\u0438\u0448\u043d\u0435\u0432\u044b\u0439 \u0431\u0430\u0442\u043e\u043d\u0447\u0438\u043a Roobar \u0441 \u0433\u043b\u0430\u0437\u0443\u0440\u044c\u044e \u0438\u0437 \u0431\u0435\u043b\u043e\u0433\u043e \u0448\u043e\u043a\u043e\u043b\u0430\u0434\u0430, 30 \u0433"},"content":{"rendered":"<div class=\"flex-shrink-0 flex flex-col relative items-end\">\n<div>\n<div class=\"pt-0\">\n<div class=\"gizmo-bot-avatar flex h-8 w-8 items-center justify-center overflow-hidden rounded-full\">\n<div class=\"relative p-1 rounded-sm flex items-center justify-center bg-token-main-surface-primary text-token-text-primary h-8 w-8\"><\/div>\n<\/div>\n<\/div>\n<\/div>\n<\/div>\n<div class=\"group\/conversation-turn relative flex w-full min-w-0 flex-col agent-turn\">\n<div class=\"flex-col gap-1 md:gap-3\">\n<div class=\"flex max-w-full flex-col flex-grow\">\n<div class=\"min-h-[20px] text-message flex w-full flex-col items-end gap-2 whitespace-pre-wrap break-words [.text-message+&amp;]:mt-5 overflow-x-auto\" dir=\"auto\" data-message-author-role=\"assistant\" data-message-id=\"79d7c9c6-54b5-4774-b93f-384ce93b4b93\">\n<div class=\"flex w-full flex-col gap-1 empty:hidden first:pt-[3px]\">\n<div class=\"markdown prose w-full break-words dark:prose-invert dark\">\n<p>Uus vegan Roobar hitt! Hapukate kirsside ahvatlev maitse kombineeritud t\u00e4iuslikult \u00f5rna valge \u0161okolaadi glasuuriga. Naudi seda vastupandamatut maitsekombinatsiooni ja lase end \u00fcllatada uue lemmikuga!<\/p>\n<div class=\"group\/conversation-turn relative flex w-full min-w-0 flex-col agent-turn\">\n<div class=\"flex-col gap-1 md:gap-3\">\n<div class=\"flex max-w-full flex-col flex-grow\">\n<div class=\"min-h-[20px] text-message flex w-full flex-col items-end gap-2 whitespace-pre-wrap break-words [.text-message+&amp;]:mt-5 overflow-x-auto\" dir=\"auto\" data-message-author-role=\"assistant\" data-message-id=\"522717dc-d66f-457d-a1e2-d193f50fcf48\">\n<div class=\"flex w-full flex-col gap-1 empty:hidden first:pt-[3px]\">\n<div class=\"markdown prose w-full break-words dark:prose-invert dark\">\n<p>Sisaldab pulbristatud hapukirssi, 100% mahe, gluteenivaba ja vegan. Naudi puhast ja tervislikku maitset, mis on loodud just Sinu heaolu jaoks!<\/p>\n<\/div>\n<\/div>\n<\/div>\n<\/div>\n<\/div>\n<\/div>\n<\/div>\n<\/div>\n<\/div>\n<\/div>\n<\/div>\n<\/div>\n","protected":false},"excerpt":{"rendered":"<p>Uus vegan Roobar hitt! Hapukate kirsside ahvatlev maitse kombineeritud t\u00e4iuslikult \u00f5rna valge \u0161okolaadi glasuuriga. Naudi seda vastupandamatut maitsekombinatsiooni ja lase end \u00fcllatada&hellip;<\/p>","protected":false},"featured_media":7021,"comment_status":"open","ping_status":"closed","template":"","meta":{"wprm-recipe-roundup-name":"","wprm-recipe-roundup-description":""},"product_brand":[12010],"product_cat":[240,160,303],"product_tag":[296,297,289],"class_list":{"0":"post-7020","1":"product","2":"type-product","3":"status-publish","4":"has-post-thumbnail","6":"product_brand-roobar","7":"product_cat-allahinnatud","8":"product_cat-kommid","9":"product_cat-mahetooted","10":"product_tag-gluteenivaba","11":"product_tag-mahe","12":"product_tag-toorbatoon","13":"j79_wcxd_expiry_type-expiry-date","15":"first","16":"instock","17":"sale","18":"taxable","19":"shipping-taxable","20":"purchasable","21":"product-type-simple"},"supplier_id":9165,"supplier_sku":"","barcode":"3800233780369","atum_controlled":true,"out_stock_date":null,"out_stock_threshold":null,"inheritable":false,"inbound_stock":0,"stock_on_hold":0,"sold_today":0,"sales_last_days":0,"reserved_stock":0,"customer_returns":0,"warehouse_damage":0,"lost_in_post":0,"other_logs":0,"out_stock_days":0,"lost_sales":0,"has_location":false,"update_date":"2026-04-06T20:23:10","atum_locations":[],"atum_stock_status":"instock","restock_status":false,"low_stock_amount":"","sales_update_date":"2026-04-06T20:23:10","calc_backorders":null,"aioseo_notices":[],"_links":{"self":[{"href":"https:\/\/ecoshop.ee\/ru\/wp-json\/wp\/v2\/product\/7020","targetHints":{"allow":["GET"]}}],"collection":[{"href":"https:\/\/ecoshop.ee\/ru\/wp-json\/wp\/v2\/product"}],"about":[{"href":"https:\/\/ecoshop.ee\/ru\/wp-json\/wp\/v2\/types\/product"}],"replies":[{"embeddable":true,"href":"https:\/\/ecoshop.ee\/ru\/wp-json\/wp\/v2\/comments?post=7020"}],"version-history":[{"count":0,"href":"https:\/\/ecoshop.ee\/ru\/wp-json\/wp\/v2\/product\/7020\/revisions"}],"wp:featuredmedia":[{"embeddable":true,"href":"https:\/\/ecoshop.ee\/ru\/wp-json\/wp\/v2\/media\/7021"}],"wp:attachment":[{"href":"https:\/\/ecoshop.ee\/ru\/wp-json\/wp\/v2\/media?parent=7020"}],"wp:term":[{"taxonomy":"product_brand","embeddable":true,"href":"https:\/\/ecoshop.ee\/ru\/wp-json\/wp\/v2\/product_brand?post=7020"},{"taxonomy":"product_cat","embeddable":true,"href":"https:\/\/ecoshop.ee\/ru\/wp-json\/wp\/v2\/product_cat?post=7020"},{"taxonomy":"product_tag","embeddable":true,"href":"https:\/\/ecoshop.ee\/ru\/wp-json\/wp\/v2\/product_tag?post=7020"}],"curies":[{"name":"wp","href":"https:\/\/api.w.org\/{rel}","templated":true}]}}