{"id":7034,"date":"2024-08-14T13:50:44","date_gmt":"2024-08-14T10:50:44","guid":{"rendered":"https:\/\/ecoshop.ee\/?post_type=product&#038;p=7034"},"modified":"2025-10-27T23:01:55","modified_gmt":"2025-10-27T20:01:55","slug":"%d0%b2%d1%8b%d1%81%d0%be%d0%ba%d0%be%d0%ba%d0%b0%d1%87%d0%b5%d1%81%d1%82%d0%b2%d0%b5%d0%bd%d0%bd%d1%8b%d0%b5-%d0%bb%d0%b5%d0%b7%d0%b2%d0%b8%d1%8f-%d0%b4%d0%bb%d1%8f-%d0%b1%d1%80%d0%b8%d1%82%d0%b2","status":"publish","type":"product","link":"https:\/\/ecoshop.ee\/ru\/raseerimistarvikud\/kvaliteetsed-raseerija-terad-5tk\/","title":{"rendered":"\u0412\u044b\u0441\u043e\u043a\u043e\u043a\u0430\u0447\u0435\u0441\u0442\u0432\u0435\u043d\u043d\u044b\u0435 \u043b\u0435\u0437\u0432\u0438\u044f \u0434\u043b\u044f \u0431\u0440\u0438\u0442\u044c\u044f, 5 \u0448\u0442."},"content":{"rendered":"<p>\u0412\u044b\u0441\u043e\u043a\u043e\u043a\u0430\u0447\u0435\u0441\u0442\u0432\u0435\u043d\u043d\u044b\u0435 \u043b\u0435\u0437\u0432\u0438\u044f \u0434\u043b\u044f \u0431\u0440\u0438\u0442\u0432\u044b, \u0438\u0437\u0433\u043e\u0442\u043e\u0432\u043b\u0435\u043d\u043d\u044b\u0435 \u0438\u0437 \u0448\u0432\u0435\u0434\u0441\u043a\u043e\u0439 \u043d\u0435\u0440\u0436\u0430\u0432\u0435\u044e\u0449\u0435\u0439 \u0441\u0442\u0430\u043b\u0438. \u042d\u0442\u0438 \u0434\u0432\u0443\u0441\u0442\u043e\u0440\u043e\u043d\u043d\u0438\u0435 \u043b\u0435\u0437\u0432\u0438\u044f \u043e\u0431\u0435\u0441\u043f\u0435\u0447\u0438\u0432\u0430\u044e\u0442 \u0438\u0441\u043a\u043b\u044e\u0447\u0438\u0442\u0435\u043b\u044c\u043d\u043e \u0433\u043b\u0430\u0434\u043a\u043e\u0435 \u0438 \u0442\u043e\u0447\u043d\u043e\u0435 \u0431\u0440\u0438\u0442\u044c\u0435. \u0421\u043e\u0432\u043c\u0435\u0441\u0442\u0438\u043c\u044b \u0441\u043e \u0432\u0441\u0435\u043c\u0438 \u043c\u0430\u0440\u043a\u0430\u043c\u0438 \u0431\u0440\u0438\u0442\u0432, \u043e\u0431\u0435\u0441\u043f\u0435\u0447\u0438\u0432\u0430\u044f \u0434\u043b\u0438\u0442\u0435\u043b\u044c\u043d\u0443\u044e \u043e\u0441\u0442\u0440\u043e\u0442\u0443 \u0438 \u043f\u0440\u043e\u0447\u043d\u043e\u0441\u0442\u044c. \u0418\u0434\u0435\u0430\u043b\u044c\u043d\u044b\u0439 \u0432\u044b\u0431\u043e\u0440 \u0434\u043b\u044f \u0442\u0435\u0445, \u043a\u0442\u043e \u0446\u0435\u043d\u0438\u0442 \u043a\u0430\u0447\u0435\u0441\u0442\u0432\u043e \u0438 \u0442\u043e\u0447\u043d\u043e\u0441\u0442\u044c \u0432 \u0435\u0436\u0435\u0434\u043d\u0435\u0432\u043d\u043e\u043c \u0443\u0445\u043e\u0434\u0435 \u0437\u0430 \u0441\u043e\u0431\u043e\u0439.<\/p>","protected":false},"excerpt":{"rendered":"<p>Kvaliteetsed raseerija terad, valmistatud Rootsi roostevabast terasest. Need kahepoolsed terad tagavad \u00fclimalt sujuva ja t\u00e4pse raseerimistulemuse. Sobivad k\u00f5ikide br\u00e4ndide raseerijatele, pakkudes pikaajalist&hellip;<\/p>","protected":false},"featured_media":7035,"comment_status":"open","ping_status":"closed","template":"","meta":{"wprm-recipe-roundup-name":"","wprm-recipe-roundup-description":""},"product_brand":[],"product_cat":[281],"product_tag":[191],"class_list":{"0":"post-7034","1":"product","2":"type-product","3":"status-publish","4":"has-post-thumbnail","6":"product_cat-raseerimistarvikud","7":"product_tag-terad","9":"first","10":"instock","11":"taxable","12":"shipping-taxable","13":"purchasable","14":"product-type-simple"},"supplier_id":9163,"supplier_sku":"","barcode":null,"atum_controlled":true,"out_stock_date":null,"out_stock_threshold":null,"inheritable":false,"inbound_stock":0,"stock_on_hold":0,"sold_today":0,"sales_last_days":0,"reserved_stock":0,"customer_returns":0,"warehouse_damage":0,"lost_in_post":0,"other_logs":0,"out_stock_days":0,"lost_sales":0,"has_location":false,"update_date":"2026-03-07T01:16:01","atum_locations":[],"atum_stock_status":"instock","restock_status":false,"low_stock_amount":"","sales_update_date":"2026-03-07T01:16:01","calc_backorders":null,"aioseo_notices":[],"_links":{"self":[{"href":"https:\/\/ecoshop.ee\/ru\/wp-json\/wp\/v2\/product\/7034","targetHints":{"allow":["GET"]}}],"collection":[{"href":"https:\/\/ecoshop.ee\/ru\/wp-json\/wp\/v2\/product"}],"about":[{"href":"https:\/\/ecoshop.ee\/ru\/wp-json\/wp\/v2\/types\/product"}],"replies":[{"embeddable":true,"href":"https:\/\/ecoshop.ee\/ru\/wp-json\/wp\/v2\/comments?post=7034"}],"version-history":[{"count":0,"href":"https:\/\/ecoshop.ee\/ru\/wp-json\/wp\/v2\/product\/7034\/revisions"}],"wp:featuredmedia":[{"embeddable":true,"href":"https:\/\/ecoshop.ee\/ru\/wp-json\/wp\/v2\/media\/7035"}],"wp:attachment":[{"href":"https:\/\/ecoshop.ee\/ru\/wp-json\/wp\/v2\/media?parent=7034"}],"wp:term":[{"taxonomy":"product_brand","embeddable":true,"href":"https:\/\/ecoshop.ee\/ru\/wp-json\/wp\/v2\/product_brand?post=7034"},{"taxonomy":"product_cat","embeddable":true,"href":"https:\/\/ecoshop.ee\/ru\/wp-json\/wp\/v2\/product_cat?post=7034"},{"taxonomy":"product_tag","embeddable":true,"href":"https:\/\/ecoshop.ee\/ru\/wp-json\/wp\/v2\/product_tag?post=7034"}],"curies":[{"name":"wp","href":"https:\/\/api.w.org\/{rel}","templated":true}]}}