{"id":73121,"date":"2025-03-25T18:44:39","date_gmt":"2025-03-25T16:44:39","guid":{"rendered":"https:\/\/ecoshop.ee\/maaratlemata\/plant-set-lancifolia-4-plants-calathea-lancifolia-asparagus-red-white-fittonia\/"},"modified":"2026-05-15T18:15:04","modified_gmt":"2026-05-15T15:15:04","slug":"%d0%bd%d0%b0%d0%b1%d0%be%d1%80-%d1%80%d0%b0%d1%81%d1%82%d0%b5%d0%bd%d0%b8%d0%b9-%d0%bb%d0%b0%d0%bd%d1%86%d0%b8%d1%84%d0%be%d0%bb%d0%b8%d1%8f-4-%d1%80%d0%b0%d1%81%d1%82%d0%b5%d0%bd%d0%b8%d1%8f-%d0%ba","status":"publish","type":"product","link":"https:\/\/ecoshop.ee\/ru\/taimed\/taimede-komplekt-lancifolia-4-taime-calathea-lancifolia-asparagus-punane-valge-fittonia\/","title":{"rendered":"\u041d\u0430\u0431\u043e\u0440 \u0440\u0430\u0441\u0442\u0435\u043d\u0438\u0439 \u2013 Lancifolia \u2013 4 \u0440\u0430\u0441\u0442\u0435\u043d\u0438\u044f: \u043a\u0430\u043b\u0430\u0442\u0435\u044f \u043b\u0430\u043d\u0446\u0438\u0444\u043e\u043b\u0438\u044f, \u0441\u043f\u0430\u0440\u0436\u0430, \u043a\u0440\u0430\u0441\u043d\u0430\u044f \u0438 \u0431\u0435\u043b\u0430\u044f \u0444\u0438\u0442\u0442\u043e\u043d\u0438\u044f."},"content":{"rendered":"<p class=\"\" data-start=\"151\" data-end=\"519\">\u0420\u0430\u0437\u043d\u043e\u043e\u0431\u0440\u0430\u0437\u043d\u044b\u0439 \u0438 \u043d\u0435\u043f\u0440\u0438\u0445\u043e\u0442\u043b\u0438\u0432\u044b\u0439 \u043d\u0430\u0431\u043e\u0440 \u0440\u0430\u0441\u0442\u0435\u043d\u0438\u0439, \u043a\u043e\u0442\u043e\u0440\u044b\u0439 \u0441\u0442\u0430\u043d\u0435\u0442 \u043e\u0442\u043b\u0438\u0447\u043d\u044b\u043c \u043d\u0430\u0447\u0430\u043b\u043e\u043c \u0434\u043b\u044f \u043b\u044e\u0431\u043e\u0433\u043e \u0442\u0435\u0440\u0440\u0430\u0440\u0438\u0443\u043c\u0430. \u0427\u0435\u0442\u044b\u0440\u0435 \u0442\u0440\u043e\u043f\u0438\u0447\u0435\u0441\u043a\u0438\u0445 \u0440\u0430\u0441\u0442\u0435\u043d\u0438\u044f \u0441\u043e\u0437\u0434\u0430\u044e\u0442 \u0433\u0430\u0440\u043c\u043e\u043d\u0438\u0447\u043d\u043e\u0435 \u0438 \u043a\u0440\u0430\u0441\u043e\u0447\u043d\u043e\u0435 \u0441\u043e\u0447\u0435\u0442\u0430\u043d\u0438\u0435, \u0438\u0434\u0435\u0430\u043b\u044c\u043d\u043e \u043f\u043e\u0434\u0445\u043e\u0434\u044f\u0449\u0435\u0435 \u043a\u0430\u043a \u0434\u043b\u044f \u043e\u0442\u043a\u0440\u044b\u0442\u044b\u0445, \u0442\u0430\u043a \u0438 \u0434\u043b\u044f \u0437\u0430\u043a\u0440\u044b\u0442\u044b\u0445 \u0441\u0442\u0435\u043a\u043b\u044f\u043d\u043d\u044b\u0445 \u043a\u043e\u043d\u0442\u0435\u0439\u043d\u0435\u0440\u043e\u0432. \u0420\u0430\u0441\u0442\u0435\u043d\u0438\u044f \u0441\u043f\u0435\u0446\u0438\u0430\u043b\u044c\u043d\u043e \u043e\u0442\u043e\u0431\u0440\u0430\u043d\u044b \u0434\u043b\u044f \u0432\u044b\u0440\u0430\u0449\u0438\u0432\u0430\u043d\u0438\u044f \u0432 \u0442\u0435\u0440\u0440\u0430\u0440\u0438\u0443\u043c\u0430\u0445 \u2014 \u043e\u043d\u0438 \u043d\u0435 \u0442\u0440\u0435\u0431\u0443\u044e\u0442 \u043e\u0441\u043e\u0431\u043e\u0433\u043e \u0443\u0445\u043e\u0434\u0430 \u0438 \u043f\u043e\u0434\u043e\u0439\u0434\u0443\u0442 \u0434\u0430\u0436\u0435 \u043d\u0430\u0447\u0438\u043d\u0430\u044e\u0449\u0438\u043c \u043b\u044e\u0431\u0438\u0442\u0435\u043b\u044f\u043c \u0440\u0430\u0441\u0442\u0435\u043d\u0438\u0439.<\/p>\n<p class=\"\" data-start=\"521\" data-end=\"552\"><strong data-start=\"521\" data-end=\"550\">\u0412 \u043d\u0430\u0431\u043e\u0440 \u0432\u0445\u043e\u0434\u044f\u0442 \u0441\u043b\u0435\u0434\u0443\u044e\u0449\u0438\u0435 \u0440\u0430\u0441\u0442\u0435\u043d\u0438\u044f:<\/strong><\/p>\n<ul data-start=\"553\" data-end=\"782\">\n<li class=\"\" data-start=\"553\" data-end=\"616\">\n<p class=\"\" data-start=\"555\" data-end=\"616\"><em data-start=\"555\" data-end=\"576\">\u041a\u0430\u043b\u0430\u0442\u0435\u044f \u043b\u0430\u043d\u0446\u0438\u0444\u043e\u043b\u0438\u044f<\/em> \u2013 \u043f\u0440\u0438\u0432\u043b\u0435\u043a\u0430\u0442\u0435\u043b\u044c\u043d\u044b\u0439 \u043b\u0438\u0441\u0442 \u0441 \u0443\u0437\u043e\u0440\u043e\u043c \u201c\u043f\u0430\u0432\u043b\u0438\u043d\u201d<\/p>\n<\/li>\n<li class=\"\" data-start=\"617\" data-end=\"677\">\n<p class=\"\" data-start=\"619\" data-end=\"677\"><em data-start=\"619\" data-end=\"630\">\u0421\u043f\u0430\u0440\u0436\u0430<\/em> \u2013 \u0432\u043e\u0437\u0434\u0443\u0448\u043d\u043e\u0435 \u0438 \u0441\u0442\u0440\u0443\u043a\u0442\u0443\u0440\u043d\u043e\u0435 \u0437\u0435\u043b\u0435\u043d\u043e\u0435 \u0444\u043e\u043d\u043e\u0432\u043e\u0435 \u0440\u0430\u0441\u0442\u0435\u043d\u0438\u0435<\/p>\n<\/li>\n<li class=\"\" data-start=\"678\" data-end=\"723\">\n<p class=\"\" data-start=\"680\" data-end=\"723\"><em data-start=\"680\" data-end=\"702\">\u0424\u0438\u0442\u0442\u043e\u043d\u0438\u044f \u0411\u0435\u043b\u044b\u0439 \u0422\u0438\u0433\u0440<\/em> \u2013 \u0440\u0430\u0441\u0442\u0435\u043d\u0438\u0435 \u00ab\u0441\u0432\u0435\u0442\u043e\u0432\u0430\u044f \u043c\u043e\u0437\u0430\u0438\u043a\u0430\u00bb<\/p>\n<\/li>\n<li class=\"\" data-start=\"724\" data-end=\"782\">\n<p class=\"\" data-start=\"726\" data-end=\"782\"><em data-start=\"726\" data-end=\"746\">\u0424\u0438\u0442\u0442\u043e\u043d\u0438\u044f \u0420\u0443\u0431\u0438 \u041b\u0430\u0439\u043c<\/em> \u2013 \u043a\u043e\u043d\u0442\u0440\u0430\u0441\u0442\u043d\u043e\u0435 \u0440\u0430\u0441\u0442\u0435\u043d\u0438\u0435 \u0441 \u043a\u0440\u0430\u0441\u043d\u043e\u0439 \u043b\u0438\u0441\u0442\u0432\u043e\u0439<\/p>\n<\/li>\n<\/ul>\n<p class=\"\" data-start=\"784\" data-end=\"888\"><em data-start=\"784\" data-end=\"888\">\u041f\u0440\u0438\u043c\u0435\u0447\u0430\u043d\u0438\u0435: \u043d\u0430\u043b\u0438\u0447\u0438\u0435 \u0440\u0430\u0441\u0442\u0435\u043d\u0438\u0439 \u043c\u043e\u0436\u0435\u0442 \u043c\u0435\u043d\u044f\u0442\u044c\u0441\u044f \u0432 \u0437\u0430\u0432\u0438\u0441\u0438\u043c\u043e\u0441\u0442\u0438 \u043e\u0442 \u0441\u0435\u0437\u043e\u043d\u0430. \u041f\u0440\u0438 \u043d\u0435\u043e\u0431\u0445\u043e\u0434\u0438\u043c\u043e\u0441\u0442\u0438 \u0441\u043e\u0440\u0442 \u0431\u0443\u0434\u0435\u0442 \u0437\u0430\u043c\u0435\u043d\u0435\u043d \u043d\u0430 \u044d\u043a\u0432\u0438\u0432\u0430\u043b\u0435\u043d\u0442\u043d\u044b\u0439.<\/em><\/p>","protected":false},"excerpt":{"rendered":"<p>Mitmekesine ja hooldusv\u00e4\u00e4rtuselt lihtne taimede komplekt, mis sobib suurep\u00e4raselt iga terraariumi alustuseks. Neli troopilist taime loovad koos harmoonilise ja v\u00e4rvika koosluse, mis&hellip;<\/p>","protected":false},"featured_media":73120,"comment_status":"open","ping_status":"closed","template":"","meta":{"wprm-recipe-roundup-name":"","wprm-recipe-roundup-description":""},"product_brand":[],"product_cat":[2001],"product_tag":[4583,4586,2084,2024,2002],"class_list":{"0":"post-73121","1":"product","2":"type-product","3":"status-publish","4":"has-post-thumbnail","6":"product_cat-taimed","7":"product_tag-baby-plants","8":"product_tag-mini-plants","9":"product_tag-plants","10":"product_tag-terrarium-plants","11":"product_tag-urbanjngl","12":"pa_brand-urbanjngl","14":"first","15":"instock","16":"taxable","17":"shipping-taxable","18":"purchasable","19":"product-type-simple"},"supplier_id":null,"supplier_sku":"","barcode":null,"atum_controlled":false,"out_stock_date":null,"out_stock_threshold":null,"inheritable":false,"inbound_stock":null,"stock_on_hold":null,"sold_today":null,"sales_last_days":null,"reserved_stock":null,"customer_returns":null,"warehouse_damage":null,"lost_in_post":null,"other_logs":null,"out_stock_days":null,"lost_sales":null,"has_location":false,"update_date":"2026-05-15T15:15:05","atum_locations":[],"atum_stock_status":"instock","restock_status":false,"low_stock_amount":"","sales_update_date":null,"calc_backorders":null,"aioseo_notices":[],"_links":{"self":[{"href":"https:\/\/ecoshop.ee\/ru\/wp-json\/wp\/v2\/product\/73121","targetHints":{"allow":["GET"]}}],"collection":[{"href":"https:\/\/ecoshop.ee\/ru\/wp-json\/wp\/v2\/product"}],"about":[{"href":"https:\/\/ecoshop.ee\/ru\/wp-json\/wp\/v2\/types\/product"}],"replies":[{"embeddable":true,"href":"https:\/\/ecoshop.ee\/ru\/wp-json\/wp\/v2\/comments?post=73121"}],"version-history":[{"count":0,"href":"https:\/\/ecoshop.ee\/ru\/wp-json\/wp\/v2\/product\/73121\/revisions"}],"wp:featuredmedia":[{"embeddable":true,"href":"https:\/\/ecoshop.ee\/ru\/wp-json\/wp\/v2\/media\/73120"}],"wp:attachment":[{"href":"https:\/\/ecoshop.ee\/ru\/wp-json\/wp\/v2\/media?parent=73121"}],"wp:term":[{"taxonomy":"product_brand","embeddable":true,"href":"https:\/\/ecoshop.ee\/ru\/wp-json\/wp\/v2\/product_brand?post=73121"},{"taxonomy":"product_cat","embeddable":true,"href":"https:\/\/ecoshop.ee\/ru\/wp-json\/wp\/v2\/product_cat?post=73121"},{"taxonomy":"product_tag","embeddable":true,"href":"https:\/\/ecoshop.ee\/ru\/wp-json\/wp\/v2\/product_tag?post=73121"}],"curies":[{"name":"wp","href":"https:\/\/api.w.org\/{rel}","templated":true}]}}