{"id":7920,"date":"2024-09-15T00:33:28","date_gmt":"2024-09-14T21:33:28","guid":{"rendered":"https:\/\/ecoshop.ee\/?post_type=product&#038;p=7920"},"modified":"2026-03-21T14:46:34","modified_gmt":"2026-03-21T11:46:34","slug":"%d0%b2%d0%b5%d0%b3%d0%b0%d0%bd%d1%81%d0%ba%d0%b8%d0%b5-%d1%88%d0%be%d0%ba%d0%be%d0%bb%d0%b0%d0%b4%d0%bd%d1%8b%d0%b5-%d0%b1%d0%b0%d1%82%d0%be%d0%bd%d1%87%d0%b8%d0%ba%d0%b8-vantastic-%d1%81-%d0%ba%d0%bb","status":"publish","type":"product","link":"https:\/\/ecoshop.ee\/ru\/sokolaadid\/vantastic-maasikataidisega-vegan-sokolaadibatoonid-100g\/","title":{"rendered":"\u0412\u0435\u0433\u0430\u043d\u0441\u043a\u0438\u0435 \u0448\u043e\u043a\u043e\u043b\u0430\u0434\u043d\u044b\u0435 \u0431\u0430\u0442\u043e\u043d\u0447\u0438\u043a\u0438 Vantastic \u0441 \u043a\u043b\u0443\u0431\u043d\u0438\u0447\u043d\u043e\u0439 \u043d\u0430\u0447\u0438\u043d\u043a\u043e\u0439, 100 \u0433."},"content":{"rendered":"<p>\u0415\u0441\u043b\u0438 \u0432\u0430\u043c \u043d\u0440\u0430\u0432\u0438\u0442\u0441\u044f Yogurette, \u0432\u0430\u043c \u043e\u0431\u044f\u0437\u0430\u0442\u0435\u043b\u044c\u043d\u043e \u043f\u043e\u043d\u0440\u0430\u0432\u044f\u0442\u0441\u044f \u044d\u0442\u0438 \u0432\u0435\u0433\u0430\u043d\u0441\u043a\u0438\u0435 \u0448\u043e\u043a\u043e\u043b\u0430\u0434\u043d\u044b\u0435 \u0431\u0430\u0442\u043e\u043d\u0447\u0438\u043a\u0438 \u0441 \u043a\u043b\u0443\u0431\u043d\u0438\u0447\u043d\u043e\u0439 \u043d\u0430\u0447\u0438\u043d\u043a\u043e\u0439! \u0421\u043b\u0435\u0433\u043a\u0430 \u043e\u0445\u043b\u0430\u0436\u0434\u0435\u043d\u043d\u044b\u0435 \u0434\u043b\u044f \u043b\u0435\u0442\u043d\u0435\u0433\u043e \u0438\u043b\u0438 \u043a\u0440\u0443\u0433\u043b\u043e\u0433\u043e\u0434\u0438\u0447\u043d\u043e\u0433\u043e \u043d\u0430\u0441\u043b\u0430\u0436\u0434\u0435\u043d\u0438\u044f, \u044d\u0442\u0438 \u0431\u0430\u0442\u043e\u043d\u0447\u0438\u043a\u0438 \u0438\u043c\u0435\u044e\u0442 \u0441\u043b\u0438\u0432\u043e\u0447\u043d\u0443\u044e \u043a\u043b\u0443\u0431\u043d\u0438\u0447\u043d\u0443\u044e \u043d\u0430\u0447\u0438\u043d\u043a\u0443, \u043f\u043e\u043a\u0440\u044b\u0442\u0443\u044e \u0432\u0435\u0433\u0430\u043d\u0441\u043a\u043e\u0439 \u0448\u043e\u043a\u043e\u043b\u0430\u0434\u043d\u043e\u0439 \u043a\u043e\u0440\u043e\u0447\u043a\u043e\u0439. 100% \u0412\u0435\u0433\u0430\u043d\u0441\u043a\u0438\u0439 \u043f\u0440\u043e\u0434\u0443\u043a\u0442, \u043d\u0435 \u0441\u043e\u0434\u0435\u0440\u0436\u0430\u0449\u0438\u0439 \u043f\u0430\u043b\u044c\u043c\u043e\u0432\u043e\u0433\u043e \u043c\u0430\u0441\u043b\u0430, \u043f\u043e\u0434\u0430\u0440\u0438\u0442 \u0432\u0430\u043c \u0438\u0441\u0442\u0438\u043d\u043d\u043e\u0435 \u0443\u0434\u043e\u0432\u043e\u043b\u044c\u0441\u0442\u0432\u0438\u0435 \u0431\u0435\u0437 \u0438\u043d\u0433\u0440\u0435\u0434\u0438\u0435\u043d\u0442\u043e\u0432 \u0436\u0438\u0432\u043e\u0442\u043d\u043e\u0433\u043e \u043f\u0440\u043e\u0438\u0441\u0445\u043e\u0436\u0434\u0435\u043d\u0438\u044f. \u041f\u0440\u043e\u0441\u0442\u043e \u043d\u0430\u0441\u043b\u0430\u0436\u0434\u0430\u0439\u0442\u0435\u0441\u044c!<\/p>","protected":false},"excerpt":{"rendered":"<p>Kui sulle meeldib Yogurette, siis armastad neid maasikat\u00e4idisega vegan \u0161okolaadibatoone! Kergelt jahutatuna suvel v\u00f5i aastaringselt nautimiseks \u2013 sellest batoonist leiab kreemise maasikat\u00e4idise,&hellip;<\/p>","protected":false},"featured_media":7921,"comment_status":"open","ping_status":"closed","template":"","meta":{"wprm-recipe-roundup-name":"","wprm-recipe-roundup-description":""},"product_brand":[12022],"product_cat":[141],"product_tag":[142],"class_list":{"0":"post-7920","1":"product","2":"type-product","3":"status-publish","4":"has-post-thumbnail","6":"product_brand-vantastic","7":"product_cat-sokolaadid","8":"product_tag-sokolaad","9":"j79_wcxd_expiry_type-best-before","11":"first","12":"instock","13":"taxable","14":"shipping-taxable","15":"purchasable","16":"product-type-simple"},"supplier_id":9137,"supplier_sku":"","barcode":"4260661092288","atum_controlled":true,"out_stock_date":null,"out_stock_threshold":null,"inheritable":false,"inbound_stock":0,"stock_on_hold":0,"sold_today":0,"sales_last_days":1,"reserved_stock":0,"customer_returns":0,"warehouse_damage":0,"lost_in_post":0,"other_logs":0,"out_stock_days":0,"lost_sales":0,"has_location":false,"update_date":"2026-03-31T06:01:26","atum_locations":[],"atum_stock_status":"instock","restock_status":false,"low_stock_amount":"","sales_update_date":"2026-03-31T06:01:26","calc_backorders":null,"aioseo_notices":[],"_links":{"self":[{"href":"https:\/\/ecoshop.ee\/ru\/wp-json\/wp\/v2\/product\/7920","targetHints":{"allow":["GET"]}}],"collection":[{"href":"https:\/\/ecoshop.ee\/ru\/wp-json\/wp\/v2\/product"}],"about":[{"href":"https:\/\/ecoshop.ee\/ru\/wp-json\/wp\/v2\/types\/product"}],"replies":[{"embeddable":true,"href":"https:\/\/ecoshop.ee\/ru\/wp-json\/wp\/v2\/comments?post=7920"}],"version-history":[{"count":0,"href":"https:\/\/ecoshop.ee\/ru\/wp-json\/wp\/v2\/product\/7920\/revisions"}],"wp:featuredmedia":[{"embeddable":true,"href":"https:\/\/ecoshop.ee\/ru\/wp-json\/wp\/v2\/media\/7921"}],"wp:attachment":[{"href":"https:\/\/ecoshop.ee\/ru\/wp-json\/wp\/v2\/media?parent=7920"}],"wp:term":[{"taxonomy":"product_brand","embeddable":true,"href":"https:\/\/ecoshop.ee\/ru\/wp-json\/wp\/v2\/product_brand?post=7920"},{"taxonomy":"product_cat","embeddable":true,"href":"https:\/\/ecoshop.ee\/ru\/wp-json\/wp\/v2\/product_cat?post=7920"},{"taxonomy":"product_tag","embeddable":true,"href":"https:\/\/ecoshop.ee\/ru\/wp-json\/wp\/v2\/product_tag?post=7920"}],"curies":[{"name":"wp","href":"https:\/\/api.w.org\/{rel}","templated":true}]}}