{"id":8446,"date":"2024-10-23T18:56:21","date_gmt":"2024-10-23T15:56:21","guid":{"rendered":"https:\/\/ecoshop.ee\/?post_type=product&#038;p=8446"},"modified":"2025-12-25T20:16:13","modified_gmt":"2025-12-25T17:16:13","slug":"clearspring-mahe-sushi-riis-500g","status":"publish","type":"product","link":"https:\/\/ecoshop.ee\/ru\/sushi-koostisosad\/clearspring-mahe-sushi-riis-500g\/","title":{"rendered":"\u041e\u0440\u0433\u0430\u043d\u0438\u0447\u0435\u0441\u043a\u0438\u0439 \u0440\u0438\u0441 \u0434\u043b\u044f \u0441\u0443\u0448\u0438 Clearspring, 500 \u0433"},"content":{"rendered":"<p>\u041e\u0440\u0433\u0430\u043d\u0438\u0447\u0435\u0441\u043a\u0438\u0439 \u0440\u0438\u0441 \u0434\u043b\u044f \u0441\u0443\u0448\u0438 Clearspring \u0438\u0434\u0435\u0430\u043b\u044c\u043d\u043e \u043f\u043e\u0434\u0445\u043e\u0434\u0438\u0442 \u0434\u043b\u044f \u043f\u0440\u0438\u0433\u043e\u0442\u043e\u0432\u043b\u0435\u043d\u0438\u044f \u0432\u043a\u0443\u0441\u043d\u043e\u0433\u043e, \u0438\u0434\u0435\u0430\u043b\u044c\u043d\u043e \u0441\u0432\u0430\u0440\u0435\u043d\u043d\u043e\u0433\u043e \u0440\u0438\u0441\u0430 \u0434\u043b\u044f \u0441\u0430\u043c\u043e\u0433\u043e \u0438\u0437\u0432\u0435\u0441\u0442\u043d\u043e\u0433\u043e \u044f\u043f\u043e\u043d\u0441\u043a\u043e\u0433\u043e \u0431\u043b\u044e\u0434\u0430 \u2014 \u0441\u0443\u0448\u0438. \u041a\u043e\u0440\u043e\u0442\u043a\u043e\u0437\u0435\u0440\u043d\u0438\u0441\u0442\u044b\u0439 \u0440\u0438\u0441 Selenio \u043e\u0447\u0435\u043d\u044c \u043f\u043e\u0445\u043e\u0436 \u043d\u0430 \u0440\u0438\u0441 Japonica, \u0438\u0441\u043f\u043e\u043b\u044c\u0437\u0443\u0435\u043c\u044b\u0439 \u0432 \u044f\u043f\u043e\u043d\u0441\u043a\u0438\u0445 \u0441\u0443\u0448\u0438. \u0412\u044b\u0440\u0430\u0449\u0435\u043d \u043e\u0440\u0433\u0430\u043d\u0438\u0447\u0435\u0441\u043a\u0438\u043c \u0441\u043f\u043e\u0441\u043e\u0431\u043e\u043c \u0432 \u0440\u0435\u0433\u0438\u043e\u043d\u0435 \u041f\u044c\u0435\u043c\u043e\u043d\u0442 \u0432 \u0418\u0442\u0430\u043b\u0438\u0438, \u0433\u0434\u0435 \u0442\u0430\u043a\u0436\u0435 \u0432\u044b\u0440\u0430\u0449\u0438\u0432\u0430\u0435\u0442\u0441\u044f \u0437\u043d\u0430\u043c\u0435\u043d\u0438\u0442\u044b\u0439 \u0440\u0438\u0441 \u0434\u043b\u044f \u0440\u0438\u0437\u043e\u0442\u0442\u043e.<\/p>\n<p>\u041f\u043e\u0441\u043b\u0435 \u0441\u043e\u0437\u0440\u0435\u0432\u0430\u043d\u0438\u044f \u0440\u0438\u0441 \u043f\u043e\u043b\u0438\u0440\u0443\u044e\u0442 \u0434\u043e \u0441\u043e\u0432\u0435\u0440\u0448\u0435\u043d\u0441\u0442\u0432\u0430 \u043d\u0430 \u043c\u0435\u0441\u0442\u043d\u043e\u0439 \u043c\u0435\u043b\u044c\u043d\u0438\u0446\u0435 \u0432 \u0433\u043e\u0440\u043e\u0434\u0435 \u0422\u0440\u0438\u043d\u043e. \u0414\u043b\u044f \u043f\u043e\u043b\u0443\u0447\u0435\u043d\u0438\u044f \u0431\u0435\u043b\u043e\u0433\u043e \u0440\u0438\u0441\u0430 \u0443\u0434\u0430\u043b\u044f\u044e\u0442 \u0441\u043b\u043e\u0438 \u043f\u043e\u0434 \u0448\u0435\u043b\u0443\u0445\u043e\u0439, \u043e\u0441\u0442\u0430\u0432\u043b\u044f\u044f \u0432 \u043e\u0441\u043d\u043e\u0432\u043d\u043e\u043c \u043a\u0440\u0430\u0445\u043c\u0430\u043b\u0438\u0441\u0442\u044b\u0439 \u044d\u043d\u0434\u043e\u0441\u043f\u0435\u0440\u043c.<\/p>\n<p><strong>\u041f\u043e\u0434\u0433\u043e\u0442\u043e\u0432\u043a\u0430:<\/strong><\/p>\n<p>\u041f\u0440\u043e\u043c\u043e\u0439\u0442\u0435 1 \u0441\u0442\u0430\u043a\u0430\u043d (250 \u0433) \u0440\u0438\u0441\u0430 \u0434\u043b\u044f \u0441\u0443\u0448\u0438 \u0432 \u0445\u043e\u043b\u043e\u0434\u043d\u043e\u0439 \u0432\u043e\u0434\u0435 \u0438 \u0441\u043b\u0435\u0439\u0442\u0435 \u0432\u043e\u0434\u0443. \u041f\u043e\u043c\u0435\u0441\u0442\u0438\u0442\u0435 \u0440\u0438\u0441 \u0432 \u043a\u0430\u0441\u0442\u0440\u044e\u043b\u044e \u0441 1\u00bc \u0441\u0442\u0430\u043a\u0430\u043d\u0430 (310 \u043c\u043b) \u0445\u043e\u043b\u043e\u0434\u043d\u043e\u0439 \u0432\u043e\u0434\u044b. \u0417\u0430\u043c\u043e\u0447\u0438\u0442\u0435 \u043d\u0430 30 \u043c\u0438\u043d\u0443\u0442. \u0414\u043e\u0432\u0435\u0434\u0438\u0442\u0435 \u0434\u043e \u043a\u0438\u043f\u0435\u043d\u0438\u044f, \u043d\u0430\u043a\u0440\u043e\u0439\u0442\u0435 \u043a\u0440\u044b\u0448\u043a\u043e\u0439 \u0438 \u0443\u043c\u0435\u043d\u044c\u0448\u0438\u0442\u0435 \u043e\u0433\u043e\u043d\u044c \u0434\u043e \u043c\u0438\u043d\u0438\u043c\u0443\u043c\u0430. \u0412\u0430\u0440\u0438\u0442\u0435 \u043d\u0430 \u043c\u0435\u0434\u043b\u0435\u043d\u043d\u043e\u043c \u043e\u0433\u043d\u0435 10\u201312 \u043c\u0438\u043d\u0443\u0442 \u0438\u043b\u0438 \u0434\u043e \u043f\u043e\u043b\u043d\u043e\u0433\u043e \u0432\u043f\u0438\u0442\u044b\u0432\u0430\u043d\u0438\u044f \u0432\u043e\u0434\u044b. \u0421\u043d\u0438\u043c\u0438\u0442\u0435 \u0441 \u043e\u0433\u043d\u044f \u0438 \u0434\u0430\u0439\u0442\u0435 \u043f\u043e\u0441\u0442\u043e\u044f\u0442\u044c \u043f\u043e\u0434 \u043a\u0440\u044b\u0448\u043a\u043e\u0439 10 \u043c\u0438\u043d\u0443\u0442.<\/p>","protected":false},"excerpt":{"rendered":"<p>Clearspringi mahe sushi riis on ideaalne maitsva ja t\u00e4iuslikult k\u00fcpsetatud riisi valmistamiseks, mida saab kasutada Jaapani kuulsaimas roas, sushis. L\u00fchiteraline Selenio riis&hellip;<\/p>","protected":false},"featured_media":8448,"comment_status":"open","ping_status":"closed","template":"","meta":{"wprm-recipe-roundup-name":"","wprm-recipe-roundup-description":""},"product_brand":[12018],"product_cat":[348,303],"product_tag":[297,354,350],"class_list":{"0":"post-8446","1":"product","2":"type-product","3":"status-publish","4":"has-post-thumbnail","6":"product_brand-clearspring","7":"product_cat-sushi-koostisosad","8":"product_cat-mahetooted","9":"product_tag-mahe","10":"product_tag-riis","11":"product_tag-sushi","12":"j79_wcxd_expiry_type-best-before","14":"first","15":"instock","16":"taxable","17":"shipping-taxable","18":"purchasable","19":"product-type-simple"},"supplier_id":9160,"supplier_sku":"","barcode":"5021554986362","atum_controlled":true,"out_stock_date":null,"out_stock_threshold":null,"inheritable":false,"inbound_stock":0,"stock_on_hold":0,"sold_today":0,"sales_last_days":0,"reserved_stock":0,"customer_returns":0,"warehouse_damage":0,"lost_in_post":0,"other_logs":0,"out_stock_days":0,"lost_sales":0,"has_location":false,"update_date":"2026-03-07T01:16:11","atum_locations":[],"atum_stock_status":"instock","restock_status":false,"low_stock_amount":"","sales_update_date":"2026-03-07T01:16:11","calc_backorders":null,"aioseo_notices":[],"_links":{"self":[{"href":"https:\/\/ecoshop.ee\/ru\/wp-json\/wp\/v2\/product\/8446","targetHints":{"allow":["GET"]}}],"collection":[{"href":"https:\/\/ecoshop.ee\/ru\/wp-json\/wp\/v2\/product"}],"about":[{"href":"https:\/\/ecoshop.ee\/ru\/wp-json\/wp\/v2\/types\/product"}],"replies":[{"embeddable":true,"href":"https:\/\/ecoshop.ee\/ru\/wp-json\/wp\/v2\/comments?post=8446"}],"version-history":[{"count":0,"href":"https:\/\/ecoshop.ee\/ru\/wp-json\/wp\/v2\/product\/8446\/revisions"}],"wp:featuredmedia":[{"embeddable":true,"href":"https:\/\/ecoshop.ee\/ru\/wp-json\/wp\/v2\/media\/8448"}],"wp:attachment":[{"href":"https:\/\/ecoshop.ee\/ru\/wp-json\/wp\/v2\/media?parent=8446"}],"wp:term":[{"taxonomy":"product_brand","embeddable":true,"href":"https:\/\/ecoshop.ee\/ru\/wp-json\/wp\/v2\/product_brand?post=8446"},{"taxonomy":"product_cat","embeddable":true,"href":"https:\/\/ecoshop.ee\/ru\/wp-json\/wp\/v2\/product_cat?post=8446"},{"taxonomy":"product_tag","embeddable":true,"href":"https:\/\/ecoshop.ee\/ru\/wp-json\/wp\/v2\/product_tag?post=8446"}],"curies":[{"name":"wp","href":"https:\/\/api.w.org\/{rel}","templated":true}]}}