{"id":8506,"date":"2024-10-23T21:33:56","date_gmt":"2024-10-23T18:33:56","guid":{"rendered":"https:\/\/ecoshop.ee\/?post_type=product&#038;p=8506"},"modified":"2025-12-25T20:16:14","modified_gmt":"2025-12-25T17:16:14","slug":"%d0%be%d1%80%d0%b3%d0%b0%d0%bd%d0%b8%d1%87%d0%b5%d1%81%d0%ba%d0%b8%d0%b9-%d1%8f%d0%bf%d0%be%d0%bd%d1%81%d0%ba%d0%b8%d0%b9-%d1%81%d0%be%d0%b5%d0%b2%d1%8b%d0%b9-%d1%81%d0%be%d1%83%d1%81-%d1%81%d1%91","status":"publish","type":"product","link":"https:\/\/ecoshop.ee\/ru\/piimad-ja-maarded\/mahe-jaapani-shoyu-sojakaste-500ml\/","title":{"rendered":"\u041e\u0440\u0433\u0430\u043d\u0438\u0447\u0435\u0441\u043a\u0438\u0439 \u044f\u043f\u043e\u043d\u0441\u043a\u0438\u0439 \u0441\u043e\u0435\u0432\u044b\u0439 \u0441\u043e\u0443\u0441 \u0441\u0451\u044e, 500 \u043c\u043b"},"content":{"rendered":"<p>\u042d\u0442\u043e\u0442 \u043e\u0442\u043c\u0435\u0447\u0435\u043d\u043d\u044b\u0439 \u043d\u0430\u0433\u0440\u0430\u0434\u0430\u043c\u0438 \u0441\u043e\u0435\u0432\u044b\u0439 \u0441\u043e\u0443\u0441 \u0432\u044b\u0434\u0435\u043b\u044f\u0435\u0442\u0441\u044f \u0441\u0440\u0435\u0434\u0438 \u0431\u043e\u043b\u044c\u0448\u0438\u043d\u0441\u0442\u0432\u0430 \u043f\u0440\u043e\u0434\u0443\u043a\u0442\u043e\u0432 \u043d\u0430 \u0440\u044b\u043d\u043a\u0435. \u041e\u043d \u0432\u044b\u0441\u043e\u0447\u0430\u0439\u0448\u0435\u0433\u043e \u043a\u0430\u0447\u0435\u0441\u0442\u0432\u0430, \u0438\u0437\u0433\u043e\u0442\u043e\u0432\u043b\u0435\u043d \u043d\u0430\u0448\u0438\u043c\u0438 \u043c\u0430\u0441\u0442\u0435\u0440\u0430\u043c\u0438 \u043f\u043e \u0442\u0440\u0430\u0434\u0438\u0446\u0438\u043e\u043d\u043d\u043e\u043c\u0443 \u0440\u0435\u0446\u0435\u043f\u0442\u0443. \u0421\u043e\u0443\u0441 \u0441\u043e\u0434\u0435\u0440\u0436\u0438\u0442 \u043e\u0440\u0433\u0430\u043d\u0438\u0447\u0435\u0441\u043a\u0438\u0435 \u0446\u0435\u043b\u044c\u043d\u044b\u0435 \u0441\u043e\u0435\u0432\u044b\u0435 \u0431\u043e\u0431\u044b, \u0430 \u043d\u0435 \u0441\u043e\u0435\u0432\u044b\u0435 \u0438\u0437\u043e\u043b\u044f\u0442\u044b, \u0438 \u043e\u0431\u0436\u0430\u0440\u0435\u043d\u043d\u0443\u044e \u0446\u0435\u043b\u044c\u043d\u0443\u044e \u043f\u0448\u0435\u043d\u0438\u0446\u0443, \u043a\u043e\u0442\u043e\u0440\u0430\u044f \u043c\u0435\u0434\u043b\u0435\u043d\u043d\u043e \u0432\u044b\u0434\u0435\u0440\u0436\u0438\u0432\u0430\u0435\u0442\u0441\u044f \u0432 \u043a\u0435\u0434\u0440\u043e\u0432\u044b\u0445 \u0431\u043e\u0447\u043a\u0430\u0445 \u0432 \u043f\u0440\u043e\u0446\u0435\u0441\u0441\u0435 \u0435\u0441\u0442\u0435\u0441\u0442\u0432\u0435\u043d\u043d\u043e\u0439 \u0444\u0435\u0440\u043c\u0435\u043d\u0442\u0430\u0446\u0438\u0438.<\/p>","protected":false},"excerpt":{"rendered":"<p>See auhinnatud sojakaste eristub selgelt enamikust turul olevatest toodetest. See on parima kvaliteediga, valmistatud meie k\u00e4sit\u00f6\u00f6meistri poolt traditsioonilise retsepti j\u00e4rgi. Kaste sisaldab&hellip;<\/p>","protected":false},"featured_media":8510,"comment_status":"open","ping_status":"closed","template":"","meta":{"wprm-recipe-roundup-name":"","wprm-recipe-roundup-description":""},"product_brand":[],"product_cat":[325,303],"product_tag":[362,297,361,353],"class_list":{"0":"post-8506","1":"product","2":"type-product","3":"status-publish","4":"has-post-thumbnail","6":"product_cat-piimad-ja-maarded","7":"product_cat-mahetooted","8":"product_tag-clearspring","9":"product_tag-mahe","10":"product_tag-shoyu","11":"product_tag-sojakaste","12":"j79_wcxd_expiry_type-expiry-date","14":"first","15":"instock","16":"taxable","17":"shipping-taxable","18":"purchasable","19":"product-type-simple"},"supplier_id":9160,"supplier_sku":"","barcode":"5021554002192","atum_controlled":true,"out_stock_date":null,"out_stock_threshold":null,"inheritable":false,"inbound_stock":0,"stock_on_hold":0,"sold_today":0,"sales_last_days":0,"reserved_stock":0,"customer_returns":0,"warehouse_damage":0,"lost_in_post":0,"other_logs":0,"out_stock_days":0,"lost_sales":0,"has_location":false,"update_date":"2026-03-07T01:16:11","atum_locations":[],"atum_stock_status":"instock","restock_status":false,"low_stock_amount":"","sales_update_date":"2026-03-07T01:16:11","calc_backorders":null,"aioseo_notices":[],"_links":{"self":[{"href":"https:\/\/ecoshop.ee\/ru\/wp-json\/wp\/v2\/product\/8506","targetHints":{"allow":["GET"]}}],"collection":[{"href":"https:\/\/ecoshop.ee\/ru\/wp-json\/wp\/v2\/product"}],"about":[{"href":"https:\/\/ecoshop.ee\/ru\/wp-json\/wp\/v2\/types\/product"}],"replies":[{"embeddable":true,"href":"https:\/\/ecoshop.ee\/ru\/wp-json\/wp\/v2\/comments?post=8506"}],"version-history":[{"count":0,"href":"https:\/\/ecoshop.ee\/ru\/wp-json\/wp\/v2\/product\/8506\/revisions"}],"wp:featuredmedia":[{"embeddable":true,"href":"https:\/\/ecoshop.ee\/ru\/wp-json\/wp\/v2\/media\/8510"}],"wp:attachment":[{"href":"https:\/\/ecoshop.ee\/ru\/wp-json\/wp\/v2\/media?parent=8506"}],"wp:term":[{"taxonomy":"product_brand","embeddable":true,"href":"https:\/\/ecoshop.ee\/ru\/wp-json\/wp\/v2\/product_brand?post=8506"},{"taxonomy":"product_cat","embeddable":true,"href":"https:\/\/ecoshop.ee\/ru\/wp-json\/wp\/v2\/product_cat?post=8506"},{"taxonomy":"product_tag","embeddable":true,"href":"https:\/\/ecoshop.ee\/ru\/wp-json\/wp\/v2\/product_tag?post=8506"}],"curies":[{"name":"wp","href":"https:\/\/api.w.org\/{rel}","templated":true}]}}