{"id":8976,"date":"2024-11-04T00:56:25","date_gmt":"2024-11-03T21:56:25","guid":{"rendered":"https:\/\/ecoshop.ee\/?post_type=product&#038;p=8976"},"modified":"2025-12-25T19:11:13","modified_gmt":"2025-12-25T16:11:13","slug":"%d1%81%d1%83%d1%88%d0%b5%d0%bd%d1%8b%d0%b5-%d0%b2%d0%be%d0%b4%d0%be%d1%80%d0%be%d1%81%d0%bb%d0%b8-%d0%b2%d0%b0%d0%ba%d0%b0%d0%bc%d0%b5-40-%d0%b3","status":"publish","type":"product","link":"https:\/\/ecoshop.ee\/ru\/maitseained\/wakame-kuivatatud-merevetikas-40g\/","title":{"rendered":"\u0421\u0443\u0448\u0435\u043d\u044b\u0435 \u0432\u043e\u0434\u043e\u0440\u043e\u0441\u043b\u0438 \u0432\u0430\u043a\u0430\u043c\u0435, 40 \u0433"},"content":{"rendered":"<p>Wakame merevetikas toob k\u00f6\u00f6ki Jaapani maitsete s\u00fcgavuse, lisades taimetoitudele mere soolase ja v\u00fcrtsika n\u00fcansi. Wakame on rikas mineraalide, n\u00e4iteks kaltsiumi, fosfori ja raua poolest, ning sisaldab v\u00e4\u00e4rtuslikku klorof\u00fclli. Need pruunvetikad on korjatud Portugali vetest \u00f6koloogiliselt.<\/p>\n<p><strong>Valmistamine<\/strong>: Loputa kuivatatud wakame jooksva vee all ja leota 15 minutit. Seej\u00e4rel keeda m\u00f5ni minut, et wakame oleks valmis nautimiseks. Sobib suurep\u00e4raselt tofu, k\u00f6\u00f6giviljade ja suppide lisandiks, samuti v\u00e4rsketes salatites.<\/p>\n<p>Avasta Jaapani k\u00f6\u00f6gi rikkalikud maitsed ja naudi \u00f6koloogiliselt kasvatatud merevetikaid!<\/p>\n<div class=\"group\/conversation-turn relative flex w-full min-w-0 flex-col agent-turn\">\n<div class=\"flex-col gap-1 md:gap-3\">\n<div class=\"flex max-w-full flex-col flex-grow\">\n<div class=\"min-h-8 text-message flex w-full flex-col items-end gap-2 whitespace-normal break-words [.text-message+&amp;]:mt-5\" dir=\"auto\" data-message-author-role=\"assistant\" data-message-id=\"9f481f3c-8f9d-4379-b5c9-37b7d71c7c3b\" data-message-model-slug=\"gpt-4o\">\n<div class=\"flex w-full flex-col gap-1 empty:hidden first:pt-[3px]\">\n<div class=\"markdown prose w-full break-words dark:prose-invert dark\">\n<p><strong>Tarbimisn\u00f5uanne<\/strong>: Merevetika liigne tarbimine v\u00f5ib k\u00f5rge joodisisalduse t\u00f5ttu p\u00f5hjustada kilpn\u00e4\u00e4rme talitlush\u00e4ireid. Saksamaa Toitumisselts soovitab keskmiseks p\u00e4evaseks joodikoguseks kuni 200 \u00b5g. Seega ei tohiks p\u00e4evas tarbida rohkem kui umbes 1 g = 1 tl kuivatatud vetikat. Oluline on valmistada toodet vastavalt juhistele, kuna soovitatud ettevalmistus v\u00e4hendab joodisisaldust. Joodisisaldus toitev\u00e4\u00e4rtuste tabelis viitab kuivatatud vetikale.<\/p>\n<\/div>\n<\/div>\n<\/div>\n<\/div>\n<\/div>\n<\/div>\n","protected":false},"excerpt":{"rendered":"<p>Wakame merevetikas toob k\u00f6\u00f6ki Jaapani maitsete s\u00fcgavuse, lisades taimetoitudele mere soolase ja v\u00fcrtsika n\u00fcansi. Wakame on rikas mineraalide, n\u00e4iteks kaltsiumi, fosfori ja&hellip;<\/p>","protected":false},"featured_media":8977,"comment_status":"open","ping_status":"closed","template":"","meta":{"wprm-recipe-roundup-name":"","wprm-recipe-roundup-description":""},"product_brand":[],"product_cat":[388],"product_tag":[387,425],"class_list":{"0":"post-8976","1":"product","2":"type-product","3":"status-publish","4":"has-post-thumbnail","6":"product_cat-maitseained","7":"product_tag-merevetikad","8":"product_tag-wakame","9":"j79_wcxd_expiry_type-expiry-date","11":"first","12":"instock","13":"taxable","14":"shipping-taxable","15":"purchasable","16":"product-type-simple"},"supplier_id":9137,"supplier_sku":"","barcode":"4020943136754","atum_controlled":true,"out_stock_date":null,"out_stock_threshold":null,"inheritable":false,"inbound_stock":0,"stock_on_hold":0,"sold_today":0,"sales_last_days":0,"reserved_stock":0,"customer_returns":0,"warehouse_damage":0,"lost_in_post":0,"other_logs":0,"out_stock_days":0,"lost_sales":0,"has_location":false,"update_date":"2026-03-07T01:16:03","atum_locations":[],"atum_stock_status":"instock","restock_status":false,"low_stock_amount":"","sales_update_date":"2026-03-07T01:16:03","calc_backorders":null,"aioseo_notices":[],"_links":{"self":[{"href":"https:\/\/ecoshop.ee\/ru\/wp-json\/wp\/v2\/product\/8976","targetHints":{"allow":["GET"]}}],"collection":[{"href":"https:\/\/ecoshop.ee\/ru\/wp-json\/wp\/v2\/product"}],"about":[{"href":"https:\/\/ecoshop.ee\/ru\/wp-json\/wp\/v2\/types\/product"}],"replies":[{"embeddable":true,"href":"https:\/\/ecoshop.ee\/ru\/wp-json\/wp\/v2\/comments?post=8976"}],"version-history":[{"count":0,"href":"https:\/\/ecoshop.ee\/ru\/wp-json\/wp\/v2\/product\/8976\/revisions"}],"wp:featuredmedia":[{"embeddable":true,"href":"https:\/\/ecoshop.ee\/ru\/wp-json\/wp\/v2\/media\/8977"}],"wp:attachment":[{"href":"https:\/\/ecoshop.ee\/ru\/wp-json\/wp\/v2\/media?parent=8976"}],"wp:term":[{"taxonomy":"product_brand","embeddable":true,"href":"https:\/\/ecoshop.ee\/ru\/wp-json\/wp\/v2\/product_brand?post=8976"},{"taxonomy":"product_cat","embeddable":true,"href":"https:\/\/ecoshop.ee\/ru\/wp-json\/wp\/v2\/product_cat?post=8976"},{"taxonomy":"product_tag","embeddable":true,"href":"https:\/\/ecoshop.ee\/ru\/wp-json\/wp\/v2\/product_tag?post=8976"}],"curies":[{"name":"wp","href":"https:\/\/api.w.org\/{rel}","templated":true}]}}