{"id":9025,"date":"2024-11-04T17:44:02","date_gmt":"2024-11-04T14:44:02","guid":{"rendered":"https:\/\/ecoshop.ee\/?post_type=product&#038;p=9025"},"modified":"2025-12-25T19:11:14","modified_gmt":"2025-12-25T16:11:14","slug":"%d0%bb%d0%b0%d0%bf%d1%88%d0%b0-%d0%bc%d0%b8%d1%8d-%d1%81-%d0%bf%d0%b5%d1%80%d1%86%d0%b5%d0%bc-%d1%87%d0%b8%d0%bb%d0%b8-%d0%be%d1%80%d0%b3%d0%b0%d0%bd%d0%b8%d1%87%d0%b5%d1%81%d0%ba%d0%b0%d1%8f-250","status":"publish","type":"product","link":"https:\/\/ecoshop.ee\/ru\/pastad-ja-nuudlid\/tsillimaitselised-mie-nuudlid-mahe-250g\/","title":{"rendered":"\u041e\u0441\u0442\u0440\u0430\u044f \u043b\u0430\u043f\u0448\u0430 \u043c\u0438\u044d, \u043e\u0440\u0433\u0430\u043d\u0438\u0447\u0435\u0441\u043a\u0430\u044f, 250 \u0433"},"content":{"rendered":"<p>\u041b\u0430\u043f\u0448\u0430 Real Mie, \u0432\u0434\u043e\u0445\u043d\u043e\u0432\u043b\u0435\u043d\u043d\u0430\u044f \u044e\u0436\u043d\u043e\u0430\u0437\u0438\u0430\u0442\u0441\u043a\u043e\u0439 \u043a\u0443\u0445\u043d\u0435\u0439, \u043f\u043e\u0434\u0430\u0440\u0438\u0442 \u0432\u0430\u0448\u0438\u043c \u0431\u043b\u044e\u0434\u0430\u043c \u0430\u0443\u0442\u0435\u043d\u0442\u0438\u0447\u043d\u044b\u0439 \u0432\u043a\u0443\u0441! \u042d\u0442\u0430 \u043b\u0430\u043f\u0448\u0430 \u0438\u0437 \u043f\u0448\u0435\u043d\u0438\u0447\u043d\u043e\u0439 \u043c\u0443\u043a\u0438 \u0438\u0437\u0432\u0435\u0441\u0442\u043d\u0430 \u0441\u0432\u043e\u0435\u0439 \u043f\u043b\u043e\u0442\u043d\u043e\u0439 \u0438 \u0445\u043e\u0440\u043e\u0448\u043e \u0432\u043f\u0438\u0442\u044b\u0432\u0430\u044e\u0449\u0435\u0439 \u0430\u0440\u043e\u043c\u0430\u0442 \u0442\u0435\u043a\u0441\u0442\u0443\u0440\u043e\u0439. \u041b\u0430\u043f\u0448\u0430 Misses Mie \u0438 Mister Mie \u043f\u0440\u043e\u0438\u0437\u0432\u043e\u0434\u0438\u0442\u0441\u044f \u0432 \u0413\u0435\u0440\u043c\u0430\u043d\u0438\u0438 \u0438\u0437 \u0432\u044b\u0441\u043e\u043a\u043e\u043a\u0430\u0447\u0435\u0441\u0442\u0432\u0435\u043d\u043d\u044b\u0445 \u043e\u0440\u0433\u0430\u043d\u0438\u0447\u0435\u0441\u043a\u0438\u0445 \u0438\u043d\u0433\u0440\u0435\u0434\u0438\u0435\u043d\u0442\u043e\u0432, \u0447\u0442\u043e \u0433\u0430\u0440\u0430\u043d\u0442\u0438\u0440\u0443\u0435\u0442 \u0441\u043b\u0435\u0433\u043a\u0430 \u043e\u0441\u0442\u0440\u044b\u0439 \u0432\u043a\u0443\u0441 \u0447\u0438\u043b\u0438, \u0438\u0434\u0435\u0430\u043b\u044c\u043d\u043e \u043f\u043e\u0434\u0445\u043e\u0434\u044f\u0449\u0438\u0439 \u0434\u043b\u044f \u0431\u043b\u044e\u0434, \u043f\u0440\u0438\u0433\u043e\u0442\u043e\u0432\u043b\u0435\u043d\u043d\u044b\u0445 \u0432 \u0432\u043e\u043a\u0435, \u0441\u0443\u043f\u043e\u0432 \u0438 \u0441\u0430\u043b\u0430\u0442\u043e\u0432.<\/p>\n<p>\u0417\u0430\u0431\u0443\u0434\u044c\u0442\u0435 \u043e \u043f\u043b\u0430\u0441\u0442\u0438\u043a\u043e\u0432\u044b\u0445 \u0441\u0442\u0430\u043a\u0430\u043d\u0447\u0438\u043a\u0430\u0445 \u0441 \u043b\u0430\u043f\u0448\u043e\u0439 \u0431\u044b\u0441\u0442\u0440\u043e\u0433\u043e \u043f\u0440\u0438\u0433\u043e\u0442\u043e\u0432\u043b\u0435\u043d\u0438\u044f \u2013 \u044d\u0442\u0430 \u043b\u0430\u043f\u0448\u0430 Mie \u043f\u0440\u0435\u0434\u043b\u0430\u0433\u0430\u0435\u0442 \u043f\u0438\u0442\u0430\u0442\u0435\u043b\u044c\u043d\u044b\u0439 \u0438 \u0432\u043a\u0443\u0441\u043d\u044b\u0439 \u0432\u0435\u0433\u0430\u043d\u0441\u043a\u0438\u0439 \u0432\u0430\u0440\u0438\u0430\u043d\u0442, \u043a\u043e\u0442\u043e\u0440\u044b\u0439 \u043f\u043e\u0434\u043d\u0438\u043c\u0435\u0442 \u0432\u0430\u0448\u0438 \u0431\u043b\u044e\u0434\u0430 \u043d\u0430 \u043d\u043e\u0432\u044b\u0439 \u0443\u0440\u043e\u0432\u0435\u043d\u044c.<\/p>","protected":false},"excerpt":{"rendered":"<p>T\u00f5elised Mie-nuudlid, inspireeritud L\u00f5una-Aasia k\u00f6\u00f6gist, toovad su toitudesse autentse maitseelamuse! Need nisujahust valmistatud nuudlid on tuntud oma paksuse ja maitsesid h\u00e4sti imava&hellip;<\/p>","protected":false},"featured_media":9026,"comment_status":"open","ping_status":"closed","template":"","meta":{"wprm-recipe-roundup-name":"","wprm-recipe-roundup-description":""},"product_brand":[],"product_cat":[363],"product_tag":[297,377],"class_list":{"0":"post-9025","1":"product","2":"type-product","3":"status-publish","4":"has-post-thumbnail","6":"product_cat-pastad-ja-nuudlid","7":"product_tag-mahe","8":"product_tag-nuudlid","9":"j79_wcxd_expiry_type-best-before","11":"first","12":"outofstock","13":"taxable","14":"shipping-taxable","15":"purchasable","16":"product-type-simple"},"supplier_id":9137,"supplier_sku":"","barcode":"4260501910383","atum_controlled":true,"out_stock_date":"2025-10-18 12:40:50","out_stock_threshold":null,"inheritable":false,"inbound_stock":0,"stock_on_hold":0,"sold_today":0,"sales_last_days":0,"reserved_stock":0,"customer_returns":0,"warehouse_damage":0,"lost_in_post":0,"other_logs":0,"out_stock_days":139,"lost_sales":83,"has_location":false,"update_date":"2026-03-07T01:16:04","atum_locations":[],"atum_stock_status":"outofstock","restock_status":false,"low_stock_amount":"","sales_update_date":"2026-03-07T01:16:04","calc_backorders":null,"aioseo_notices":[],"_links":{"self":[{"href":"https:\/\/ecoshop.ee\/ru\/wp-json\/wp\/v2\/product\/9025","targetHints":{"allow":["GET"]}}],"collection":[{"href":"https:\/\/ecoshop.ee\/ru\/wp-json\/wp\/v2\/product"}],"about":[{"href":"https:\/\/ecoshop.ee\/ru\/wp-json\/wp\/v2\/types\/product"}],"replies":[{"embeddable":true,"href":"https:\/\/ecoshop.ee\/ru\/wp-json\/wp\/v2\/comments?post=9025"}],"version-history":[{"count":0,"href":"https:\/\/ecoshop.ee\/ru\/wp-json\/wp\/v2\/product\/9025\/revisions"}],"wp:featuredmedia":[{"embeddable":true,"href":"https:\/\/ecoshop.ee\/ru\/wp-json\/wp\/v2\/media\/9026"}],"wp:attachment":[{"href":"https:\/\/ecoshop.ee\/ru\/wp-json\/wp\/v2\/media?parent=9025"}],"wp:term":[{"taxonomy":"product_brand","embeddable":true,"href":"https:\/\/ecoshop.ee\/ru\/wp-json\/wp\/v2\/product_brand?post=9025"},{"taxonomy":"product_cat","embeddable":true,"href":"https:\/\/ecoshop.ee\/ru\/wp-json\/wp\/v2\/product_cat?post=9025"},{"taxonomy":"product_tag","embeddable":true,"href":"https:\/\/ecoshop.ee\/ru\/wp-json\/wp\/v2\/product_tag?post=9025"}],"curies":[{"name":"wp","href":"https:\/\/api.w.org\/{rel}","templated":true}]}}