{"id":17,"date":"2024-05-09T16:36:28","date_gmt":"2024-05-09T16:36:28","guid":{"rendered":"https:\/\/ecoshop.ee\/about\/"},"modified":"2026-04-18T22:42:09","modified_gmt":"2026-04-18T19:42:09","slug":"%d0%bf%d1%80%d0%be-%d0%bd%d0%b0%d1%81","status":"publish","type":"page","link":"https:\/\/ecoshop.ee\/uk\/meist\/","title":{"rendered":"\u041f\u0440\u043e \u043d\u0430\u0441"},"content":{"rendered":"<div data-elementor-type=\"wp-page\" data-elementor-id=\"17\" class=\"elementor elementor-17\">\n\t\t\t\t<div class=\"elementor-element elementor-element-b86ba8a e-flex e-con-boxed e-con e-parent\" data-id=\"b86ba8a\" data-element_type=\"container\">\n\t\t\t\t\t<div class=\"e-con-inner\">\n\t\t\t\t<div class=\"elementor-element elementor-element-172cca8 elementor-widget elementor-widget-spacer\" data-id=\"172cca8\" data-element_type=\"widget\" data-widget_type=\"spacer.default\">\n\t\t\t\t\t\t\t<div class=\"elementor-spacer\">\n\t\t\t<div class=\"elementor-spacer-inner\"><\/div>\n\t\t<\/div>\n\t\t\t\t\t\t<\/div>\n\t\t\t\t<div class=\"elementor-element elementor-element-0194182 elementor-widget elementor-widget-heading\" data-id=\"0194182\" data-element_type=\"widget\" data-widget_type=\"heading.default\">\n\t\t\t\t\t<h1 class=\"elementor-heading-title elementor-size-default\">\u041c\u0435\u0442\u0430 Ecoshop \u2014 \u043f\u0456\u0434\u0442\u0440\u0438\u043c\u0443\u0432\u0430\u0442\u0438 \u0441\u0442\u0430\u043b\u0443 \u0442\u0430 \u0441\u0432\u0456\u0434\u043e\u043c\u0443 \u0441\u043f\u043e\u0436\u0438\u0432\u0447\u0443 \u043a\u0443\u043b\u044c\u0442\u0443\u0440\u0443.<\/h1>\t\t\t\t<\/div>\n\t\t\t\t<div class=\"elementor-element elementor-element-48f0cd3 elementor-widget elementor-widget-spacer\" data-id=\"48f0cd3\" data-element_type=\"widget\" data-widget_type=\"spacer.default\">\n\t\t\t\t\t\t\t<div class=\"elementor-spacer\">\n\t\t\t<div class=\"elementor-spacer-inner\"><\/div>\n\t\t<\/div>\n\t\t\t\t\t\t<\/div>\n\t\t<div class=\"elementor-element elementor-element-503e906 e-grid e-con-full e-con e-child\" data-id=\"503e906\" data-element_type=\"container\">\n\t\t\t\t<div class=\"elementor-element elementor-element-fe202df elementor-widget elementor-widget-text-editor\" data-id=\"fe202df\" data-element_type=\"widget\" data-widget_type=\"text-editor.default\">\n\t\t\t\t\t\t\t\t\t<h3 class=\"elementor-heading-title elementor-size-default\" style=\"text-align: left;\">\u0417\u0430\u0440\u0430\u0434\u0438 \u043a\u0440\u0430\u0449\u043e\u0433\u043e \u043c\u0430\u0439\u0431\u0443\u0442\u043d\u044c\u043e\u0433\u043e!<\/h3><h6 style=\"text-align: left;\">\u00ab\u0415\u043a\u043e\u0448\u043e\u043f\u00bb \u043f\u0440\u0430\u0433\u043d\u0435 \u0437\u0440\u043e\u0431\u0438\u0442\u0438 \u0435\u043a\u043e\u043b\u043e\u0433\u0456\u0447\u043d\u043e \u0447\u0438\u0441\u0442\u0456 \u0442\u0430 \u0435\u0442\u0438\u0447\u043d\u043e \u0432\u0438\u0440\u043e\u0431\u043b\u0435\u043d\u0456 \u043f\u0440\u043e\u0434\u0443\u043a\u0442\u0438 \u0434\u043e\u0441\u0442\u0443\u043f\u043d\u0456\u0448\u0438\u043c\u0438 \u0434\u043b\u044f \u0432\u0441\u0456\u0445, \u0449\u043e\u0431 \u0440\u0430\u0437\u043e\u043c \u043c\u0438 \u043c\u043e\u0433\u043b\u0438 \u043f\u043e\u0431\u0430\u0447\u0438\u0442\u0438 \u0431\u0456\u043b\u044c\u0448\u0456 \u0437\u043c\u0456\u043d\u0438 \u0443 \u043d\u0430\u043f\u0440\u044f\u043c\u043a\u0443 \u0431\u0456\u043b\u044c\u0448 \u0441\u0442\u0430\u043b\u043e\u0433\u043e \u0442\u0430 \u0447\u0443\u0439\u043d\u043e\u0433\u043e \u0440\u043e\u0437\u0432\u0438\u0442\u043a\u0443 \u0441\u0443\u0441\u043f\u0456\u043b\u044c\u0441\u0442\u0432\u0430. \u041c\u0438 \u0445\u043e\u0447\u0435\u043c\u043e, \u0449\u043e\u0431 \u0443\u0441\u0456 \u043b\u044e\u0434\u0438 \u0442\u0430 \u0442\u0432\u0430\u0440\u0438\u043d\u0438 \u043d\u0430\u0432\u043a\u043e\u043b\u043e \u043d\u0430\u0441 \u0431\u0443\u043b\u0438 \u0437\u0434\u043e\u0440\u043e\u0432\u0438\u043c\u0438 \u0442\u0430 \u0449\u0430\u0441\u043b\u0438\u0432\u0438\u043c\u0438, \u0430 \u0434\u043e\u0432\u043a\u0456\u043b\u043b\u044f, \u0432 \u044f\u043a\u043e\u043c\u0443 \u043c\u0438 \u0436\u0438\u0432\u0435\u043c\u043e, \u0431\u0443\u043b\u043e \u0434\u043e\u0431\u0440\u0435 \u0437\u0431\u0435\u0440\u0435\u0436\u0435\u043d\u0438\u043c \u0434\u043b\u044f \u043d\u0430\u0448\u0438\u0445 \u043d\u0430\u0449\u0430\u0434\u043a\u0456\u0432. \u0421\u0430\u043c\u0435 \u0442\u043e\u043c\u0443 \u043c\u0438 \u0432\u0441\u0442\u0430\u043d\u043e\u0432\u043b\u044e\u0454\u043c\u043e \u0434\u043b\u044f \u0441\u0435\u0431\u0435 \u0432\u0438\u0441\u043e\u043a\u0456 \u0441\u0442\u0430\u043d\u0434\u0430\u0440\u0442\u0438 \u044f\u043a \u0449\u043e\u0434\u043e \u044f\u043a\u043e\u0441\u0442\u0456 \u043f\u0440\u043e\u0434\u0443\u043a\u0446\u0456\u0457, \u0442\u0430\u043a \u0456 \u0449\u043e\u0434\u043e \u0457\u0457 \u043f\u043e\u0445\u043e\u0434\u0436\u0435\u043d\u043d\u044f.<\/h6><h6>\u041a\u0443\u043f\u0443\u044e\u0447\u0438 \u0443 \u043d\u0430\u0441, \u0432\u0438 \u043c\u043e\u0436\u0435\u0442\u0435 \u0431\u0443\u0442\u0438 \u0437\u0430\u0434\u043e\u0432\u043e\u043b\u0435\u043d\u0456 \u0456 \u0442\u043e\u0432\u0430\u0440\u043e\u043c, \u0456 \u0441\u043e\u0431\u043e\u044e!<\/h6>\t\t\t\t\t\t\t\t<\/div>\n\t\t<div class=\"elementor-element elementor-element-c6371da e-grid e-con-full e-con e-child\" data-id=\"c6371da\" data-element_type=\"container\">\n\t\t\t\t<div class=\"elementor-element elementor-element-c6e3208 elementor-widget elementor-widget-image\" data-id=\"c6e3208\" data-element_type=\"widget\" data-widget_type=\"image.default\">\n\t\t\t\t\t\t\t\t\t\t\t\t\t\t\t<img decoding=\"async\" src=\"https:\/\/ecoshop.ee\/wp-content\/uploads\/2024\/12\/child-8676534_1280.webp\" title=\"child-8676534_1280\" alt=\"child-8676534_1280\" loading=\"lazy\" data-no-translation=\"\" \/>\t\t\t\t\t\t\t\t\t\t\t\t\t\t\t<\/div>\n\t\t\t\t<\/div>\n\t\t\t\t<\/div>\n\t\t\t\t<div class=\"elementor-element elementor-element-5e46b19 elementor-widget elementor-widget-spacer\" data-id=\"5e46b19\" data-element_type=\"widget\" data-widget_type=\"spacer.default\">\n\t\t\t\t\t\t\t<div class=\"elementor-spacer\">\n\t\t\t<div class=\"elementor-spacer-inner\"><\/div>\n\t\t<\/div>\n\t\t\t\t\t\t<\/div>\n\t\t\t\t<div class=\"elementor-element elementor-element-5e31e6b elementor-widget elementor-widget-text-editor\" data-id=\"5e31e6b\" data-element_type=\"widget\" data-widget_type=\"text-editor.default\">\n\t\t\t\t\t\t\t\t\t<h3>\u0426\u0456\u043d\u043d\u043e\u0441\u0442\u0456<\/h3>\n<h6>\u0421\u0432\u043e\u0457\u043c\u0438 \u0441\u043b\u043e\u0432\u0430\u043c\u0438 \u0439 \u0434\u0456\u044f\u043c\u0438 \u043c\u0438 \u043f\u0456\u0434\u0442\u0440\u0438\u043c\u0443\u0454\u043c\u043e \u0440\u0443\u0445 \u0441\u043f\u043e\u0436\u0438\u0432\u0430\u0447\u0456\u0432 \u0434\u043e \u0432\u0456\u0434\u043d\u043e\u0432\u043b\u044e\u0432\u0430\u043d\u0438\u0445, \u0435\u043a\u043e\u043b\u043e\u0433\u0456\u0447\u043d\u0438\u0445 \u0442\u0430 \u0435\u0442\u0438\u0447\u043d\u0438\u0445 \u0440\u0456\u0448\u0435\u043d\u044c.<\/h6>\n<h6>\u041c\u0438 \u0437\u0430\u0432\u0436\u0434\u0438 \u0448\u0443\u043a\u0430\u0454\u043c\u043e \u0441\u043f\u043e\u0441\u043e\u0431\u0438 \u0440\u043e\u0437\u0448\u0438\u0440\u0438\u0442\u0438 \u043d\u0430\u0448 \u043a\u0430\u0442\u0430\u043b\u043e\u0433 \u043f\u0440\u043e\u0434\u0443\u043a\u0446\u0456\u0457, \u043f\u043e\u043a\u0440\u0430\u0449\u0438\u0442\u0438 \u0437\u0440\u0443\u0447\u043d\u0456\u0441\u0442\u044c \u0432\u0438\u043a\u043e\u0440\u0438\u0441\u0442\u0430\u043d\u043d\u044f \u0442\u0430 \u043f\u043e\u043a\u0440\u0430\u0449\u0438\u0442\u0438 \u044f\u043a\u0456\u0441\u0442\u044c \u043e\u0431\u0441\u043b\u0443\u0433\u043e\u0432\u0443\u0432\u0430\u043d\u043d\u044f.<\/h6>\t\t\t\t\t\t\t\t<\/div>\n\t\t\t\t<div class=\"elementor-element elementor-element-d6a4451 elementor-widget elementor-widget-spacer\" data-id=\"d6a4451\" data-element_type=\"widget\" data-widget_type=\"spacer.default\">\n\t\t\t\t\t\t\t<div class=\"elementor-spacer\">\n\t\t\t<div class=\"elementor-spacer-inner\"><\/div>\n\t\t<\/div>\n\t\t\t\t\t\t<\/div>\n\t\t\t\t<div class=\"elementor-element elementor-element-41d4688 elementor-align-center elementor-widget elementor-widget-ideapark-button\" data-id=\"41d4688\" data-element_type=\"widget\" data-widget_type=\"ideapark-button.default\">\n\t\t\t\t<div class=\"elementor-widget-container\">\n\t\t\t\t\t\t\t<div class=\"c-ip-button__wrap\">\n\t\t\t<a href=\"https:\/\/ecoshop.ee\/uk\/%d1%81%d0%b2%d1%96%d0%b4%d0%be%d0%bc%d0%b5-%d1%81%d0%bf%d0%be%d0%b6%d0%b8%d0%b2%d0%b0%d0%bd%d0%bd%d1%8f\/\" class=\"c-button c-ip-button c-button--outline\" role=\"button\">\n\t\t\t\t\t\t\t\t<span class=\"c-ip-button__text\">\u0414\u0456\u0437\u043d\u0430\u0439\u0442\u0435\u0441\u044f \u0431\u0456\u043b\u044c\u0448\u0435 \u043f\u0440\u043e \u043d\u0430\u0448 \u0430\u0441\u043e\u0440\u0442\u0438\u043c\u0435\u043d\u0442 \u043f\u0440\u043e\u0434\u0443\u043a\u0446\u0456\u0457<\/span>\n\t\t\t\t\t\t\t<\/a>\n\t\t<\/div>\n\t\t\t\t\t\t<\/div>\n\t\t\t\t<\/div>\n\t\t\t\t<div class=\"elementor-element elementor-element-1517a88 elementor-widget elementor-widget-spacer\" data-id=\"1517a88\" data-element_type=\"widget\" data-widget_type=\"spacer.default\">\n\t\t\t\t\t\t\t<div class=\"elementor-spacer\">\n\t\t\t<div class=\"elementor-spacer-inner\"><\/div>\n\t\t<\/div>\n\t\t\t\t\t\t<\/div>\n\t\t\t\t\t<\/div>\n\t\t\t\t<\/div>\n\t\t\t\t<\/div>","protected":false},"excerpt":{"rendered":"<p>Ecoshopi eesm\u00e4rk on toetada j\u00e4tkusuutlikku ja teadlikku tarbimiskultuuri Ilusama tuleviku nimel! Ecoshopi p\u00fchendumus on teha keskkonnas\u00f5bralikul ja eetilisel teel valmistatud toodete k\u00e4ttesaadavus&hellip;<\/p>","protected":false},"author":1,"featured_media":0,"parent":0,"menu_order":0,"comment_status":"closed","ping_status":"closed","template":"elementor_header_footer","meta":{"wprm-recipe-roundup-name":"","wprm-recipe-roundup-description":"","footnotes":""},"class_list":["post-17","page","type-page","status-publish","hentry"],"aioseo_notices":[],"_links":{"self":[{"href":"https:\/\/ecoshop.ee\/uk\/wp-json\/wp\/v2\/pages\/17","targetHints":{"allow":["GET"]}}],"collection":[{"href":"https:\/\/ecoshop.ee\/uk\/wp-json\/wp\/v2\/pages"}],"about":[{"href":"https:\/\/ecoshop.ee\/uk\/wp-json\/wp\/v2\/types\/page"}],"author":[{"embeddable":true,"href":"https:\/\/ecoshop.ee\/uk\/wp-json\/wp\/v2\/users\/1"}],"replies":[{"embeddable":true,"href":"https:\/\/ecoshop.ee\/uk\/wp-json\/wp\/v2\/comments?post=17"}],"version-history":[{"count":4,"href":"https:\/\/ecoshop.ee\/uk\/wp-json\/wp\/v2\/pages\/17\/revisions"}],"predecessor-version":[{"id":395972,"href":"https:\/\/ecoshop.ee\/uk\/wp-json\/wp\/v2\/pages\/17\/revisions\/395972"}],"wp:attachment":[{"href":"https:\/\/ecoshop.ee\/uk\/wp-json\/wp\/v2\/media?parent=17"}],"curies":[{"name":"wp","href":"https:\/\/api.w.org\/{rel}","templated":true}]}}