{"id":105271,"date":"2025-04-09T17:29:35","date_gmt":"2025-04-09T15:29:35","guid":{"rendered":"https:\/\/ecoshop.ee\/?post_type=product&#038;p=105271"},"modified":"2025-05-19T00:42:52","modified_gmt":"2025-05-18T21:42:52","slug":"%d0%bb%d0%b0%d0%b4%d0%b0%d0%bd-%d0%bf%d0%bb%d0%b5%d0%bc%d0%b5%d0%bd%d1%96-%d0%b1%d0%b0%d0%bd%d0%b4%d0%b6%d0%b0%d1%80%d0%b0-%d0%b4%d0%b8%d0%ba%d0%b0-%d1%82%d1%80%d0%be%d1%8f%d0%bd%d0%b4%d0%b0","status":"publish","type":"product","link":"https:\/\/ecoshop.ee\/uk\/viirukid\/banjara-tribal-viirukid-metsik-roos\/","title":{"rendered":"\u041f\u043b\u0435\u043c\u0456\u043d\u043d\u0438\u0439 \u043f\u0430\u0445\u043e\u0449 \u0411\u0430\u043d\u0434\u0436\u0430\u0440\u0438 \u2013 \u0414\u0438\u043a\u0430 \u0442\u0440\u043e\u044f\u043d\u0434\u0430"},"content":{"rendered":"<p class=\"\" data-start=\"139\" data-end=\"334\">\u041f\u043b\u0435\u043c\u0456\u043d\u043d\u0456 \u043b\u0430\u0434\u0430\u043d\u0438 \u0411\u0430\u043d\u0434\u0436\u0430\u0440\u0438 \u0437\u0430\u043f\u0440\u043e\u0448\u0443\u044e\u0442\u044c \u0432\u0430\u0441 \u0443 \u043f\u043e\u0434\u043e\u0440\u043e\u0436 \u0430\u0440\u043e\u043c\u0430\u0442\u0456\u0432, \u043d\u0430\u0442\u0445\u043d\u0435\u043d\u043d\u0438\u0445 \u0434\u0430\u0432\u043d\u0456\u043c\u0438 \u0442\u0440\u0430\u0434\u0438\u0446\u0456\u044f\u043c\u0438 \u0442\u0430 \u043f\u0440\u0438\u0440\u043e\u0434\u043d\u0438\u043c\u0438 \u0440\u0438\u0442\u0443\u0430\u043b\u0430\u043c\u0438. \u041a\u043e\u0436\u043d\u0430 \u043a\u043e\u0440\u043e\u0431\u043a\u0430 \u043f\u0440\u043e\u043f\u043e\u043d\u0443\u0454 \u0433\u043b\u0438\u0431\u043e\u043a\u0438\u0439 \u0441\u0435\u043d\u0441\u043e\u0440\u043d\u0438\u0439 \u0434\u043e\u0441\u0432\u0456\u0434 \u0437\u0430\u0432\u0434\u044f\u043a\u0438 \u043d\u0430\u0442\u0443\u0440\u0430\u043b\u044c\u043d\u0438\u043c \u0430\u0440\u043e\u043c\u0430\u0442\u0430\u043c.<\/p>\n<p class=\"\" data-start=\"336\" data-end=\"554\">\u041d\u0456\u0436\u043d\u0438\u0439 \u043a\u0432\u0456\u0442\u043a\u043e\u0432\u0438\u0439 \u0430\u0440\u043e\u043c\u0430\u0442 \u0434\u0438\u043a\u043e\u0457 \u0442\u0440\u043e\u044f\u043d\u0434\u0438 \u043f\u0440\u0438\u0432\u043d\u043e\u0441\u0438\u0442\u044c \u0443 \u043a\u0456\u043c\u043d\u0430\u0442\u0443 \u043f\u0440\u0438\u0440\u043e\u0434\u043d\u0443 \u0441\u0432\u0456\u0436\u0456\u0441\u0442\u044c. \u0426\u0435\u0439 \u0437\u0430\u0441\u043f\u043e\u043a\u0456\u0439\u043b\u0438\u0432\u0438\u0439 \u0442\u0430 \u0433\u0430\u0440\u043c\u043e\u043d\u0456\u0439\u043d\u0438\u0439 \u0430\u0440\u043e\u043c\u0430\u0442 \u043f\u0456\u0434\u0442\u0440\u0438\u043c\u0443\u0454 \u043f\u043e\u0447\u0443\u0442\u0442\u044f \u043b\u044e\u0431\u043e\u0432\u0456, \u0432\u043d\u0443\u0442\u0440\u0456\u0448\u043d\u044c\u043e\u0457 \u0440\u0456\u0432\u043d\u043e\u0432\u0430\u0433\u0438 \u0442\u0430 \u0435\u043c\u043e\u0446\u0456\u0439\u043d\u043e\u0433\u043e \u0431\u043b\u0430\u0433\u043e\u043f\u043e\u043b\u0443\u0447\u0447\u044f. \u0406\u0434\u0435\u0430\u043b\u044c\u043d\u0438\u0439 \u0441\u0443\u043f\u0443\u0442\u043d\u0438\u043a \u0434\u043b\u044f \u043c\u043e\u043c\u0435\u043d\u0442\u0456\u0432 \u0432\u0456\u0434\u043f\u043e\u0447\u0438\u043d\u043a\u0443.<\/p>\n<ul>\n<li data-start=\"556\" data-end=\"740\">100% \u043d\u0430\u0442\u0443\u0440\u0430\u043b\u044c\u043d\u0438\u0439 \u0441\u043a\u043b\u0430\u0434<\/li>\n<li data-start=\"556\" data-end=\"740\">\u0412\u0438\u0433\u043e\u0442\u043e\u0432\u043b\u0435\u043d\u043e \u0432\u0440\u0443\u0447\u043d\u0443 \u0437\u0430 \u0441\u0442\u0430\u0440\u0438\u043c\u0438 \u0442\u0440\u0430\u0434\u0438\u0446\u0456\u044f\u043c\u0438<\/li>\n<li data-start=\"556\" data-end=\"740\">\u041a\u0432\u0456\u0442\u043a\u043e\u0432\u0438\u0439 \u0442\u0430 \u0437\u0430\u0441\u043f\u043e\u043a\u0456\u0439\u043b\u0438\u0432\u0438\u0439 \u0430\u0440\u043e\u043c\u0430\u0442 \u0434\u043b\u044f \u043f\u0456\u0434\u0442\u0440\u0438\u043c\u043a\u0438 \u0434\u0443\u0448\u0435\u0432\u043d\u043e\u0433\u043e \u0441\u043f\u043e\u043a\u043e\u044e \u0442\u0430 \u043b\u044e\u0431\u043e\u0432\u0456<\/li>\n<li data-start=\"556\" data-end=\"740\">\u041a\u0456\u043b\u044c\u043a\u0456\u0441\u0442\u044c \u0432 \u0443\u043f\u0430\u043a\u043e\u0432\u0446\u0456: 10 \u0430\u0440\u043e\u043c\u0430\u0442\u0438\u0447\u043d\u0438\u0445 \u043f\u0430\u043b\u0438\u0447\u043e\u043a<\/li>\n<\/ul>","protected":false},"excerpt":{"rendered":"<p>Banjara Tribal viirukid viivad sind aroomide r\u00e4nnakule, mis on inspireeritud iidsetest traditsioonidest ja looduslikest rituaalidest. Iga karp pakub s\u00fcgavat meeleelamust looduslike l\u00f5hnade&hellip;<\/p>","protected":false},"featured_media":105272,"comment_status":"open","ping_status":"closed","template":"","meta":{"wprm-recipe-roundup-name":"","wprm-recipe-roundup-description":""},"product_brand":[12008],"product_cat":[5751],"product_tag":[5753],"class_list":{"0":"post-105271","1":"product","2":"type-product","3":"status-publish","4":"has-post-thumbnail","6":"product_brand-banjara","7":"product_cat-viirukid","8":"product_tag-viiruk","10":"first","11":"instock","12":"sale","13":"taxable","14":"shipping-taxable","15":"purchasable","16":"product-type-simple"},"supplier_id":105232,"supplier_sku":"","barcode":"8901234590195","atum_controlled":true,"out_stock_date":null,"out_stock_threshold":null,"inheritable":false,"inbound_stock":0,"stock_on_hold":0,"sold_today":0,"sales_last_days":0,"reserved_stock":0,"customer_returns":0,"warehouse_damage":0,"lost_in_post":0,"other_logs":0,"out_stock_days":0,"lost_sales":0,"has_location":false,"update_date":"2026-03-07T01:16:05","atum_locations":[],"atum_stock_status":"instock","restock_status":false,"low_stock_amount":"","sales_update_date":"2026-03-07T01:16:05","calc_backorders":null,"aioseo_notices":[],"_links":{"self":[{"href":"https:\/\/ecoshop.ee\/uk\/wp-json\/wp\/v2\/product\/105271","targetHints":{"allow":["GET"]}}],"collection":[{"href":"https:\/\/ecoshop.ee\/uk\/wp-json\/wp\/v2\/product"}],"about":[{"href":"https:\/\/ecoshop.ee\/uk\/wp-json\/wp\/v2\/types\/product"}],"replies":[{"embeddable":true,"href":"https:\/\/ecoshop.ee\/uk\/wp-json\/wp\/v2\/comments?post=105271"}],"version-history":[{"count":0,"href":"https:\/\/ecoshop.ee\/uk\/wp-json\/wp\/v2\/product\/105271\/revisions"}],"wp:featuredmedia":[{"embeddable":true,"href":"https:\/\/ecoshop.ee\/uk\/wp-json\/wp\/v2\/media\/105272"}],"wp:attachment":[{"href":"https:\/\/ecoshop.ee\/uk\/wp-json\/wp\/v2\/media?parent=105271"}],"wp:term":[{"taxonomy":"product_brand","embeddable":true,"href":"https:\/\/ecoshop.ee\/uk\/wp-json\/wp\/v2\/product_brand?post=105271"},{"taxonomy":"product_cat","embeddable":true,"href":"https:\/\/ecoshop.ee\/uk\/wp-json\/wp\/v2\/product_cat?post=105271"},{"taxonomy":"product_tag","embeddable":true,"href":"https:\/\/ecoshop.ee\/uk\/wp-json\/wp\/v2\/product_tag?post=105271"}],"curies":[{"name":"wp","href":"https:\/\/api.w.org\/{rel}","templated":true}]}}