{"id":105280,"date":"2025-04-09T20:13:28","date_gmt":"2025-04-09T18:13:28","guid":{"rendered":"https:\/\/ecoshop.ee\/?post_type=product&#038;p=105280"},"modified":"2025-04-09T20:13:29","modified_gmt":"2025-04-09T18:13:29","slug":"%d0%bf%d0%bb%d0%b5%d0%bc%d1%96%d0%bd%d0%bd%d1%96-%d0%bf%d0%b0%d1%85%d0%be%d1%89%d1%96-%d0%b1%d0%b0%d0%bd%d0%b4%d0%b6%d0%b0%d1%80%d0%b8-%d1%81%d0%be%d0%bb%d0%be%d0%b4%d0%ba%d0%b0-%d1%82%d1%80%d0%b0","status":"publish","type":"product","link":"https:\/\/ecoshop.ee\/uk\/viirukid\/banjara-tribal-viirukid-magushein\/","title":{"rendered":"\u041f\u043b\u0435\u043c\u0456\u043d\u043d\u0456 \u043f\u0430\u0445\u043e\u0449\u0456 Banjara \u2013 Magushein"},"content":{"rendered":"<p class=\"\" data-start=\"150\" data-end=\"350\">\u041f\u0430\u0445\u043e\u0449\u0456 \u043f\u043b\u0435\u043c\u0456\u043d\u043d\u043e\u0433\u043e \u043f\u043e\u0445\u043e\u0434\u0436\u0435\u043d\u043d\u044f \u0411\u0430\u043d\u0434\u0436\u0430\u0440\u0430 \u0437\u0430\u043f\u0440\u043e\u0448\u0443\u044e\u0442\u044c \u0432\u0430\u0441 \u0443 \u043f\u043e\u0434\u043e\u0440\u043e\u0436 \u043f\u0440\u0438\u0440\u043e\u0434\u043d\u0438\u043c\u0438 \u0430\u0440\u043e\u043c\u0430\u0442\u0430\u043c\u0438, \u043d\u0430\u0442\u0445\u043d\u0435\u043d\u043d\u0438\u043c\u0438 \u0434\u0430\u0432\u043d\u0456\u043c\u0438 \u043f\u0440\u0430\u043a\u0442\u0438\u043a\u0430\u043c\u0438 \u043e\u0447\u0438\u0449\u0435\u043d\u043d\u044f \u0442\u0430 \u0434\u0443\u0445\u043e\u0432\u043d\u0438\u043c\u0438 \u0440\u0438\u0442\u0443\u0430\u043b\u0430\u043c\u0438. \u041a\u043e\u0436\u043d\u0430 \u043a\u043e\u0440\u043e\u0431\u043e\u0447\u043a\u0430 \u043c\u0456\u0441\u0442\u0438\u0442\u044c \u0433\u043b\u0438\u0431\u043e\u043a\u0435 \u0432\u0456\u0434\u0447\u0443\u0442\u0442\u044f \u0437\u0432&#039;\u044f\u0437\u043a\u0443 \u0442\u0430 \u0437\u0432&#039;\u044f\u0437\u043a\u0443 \u0437 \u0435\u043d\u0435\u0440\u0433\u0456\u044f\u043c\u0438 \u0437\u0435\u043c\u043b\u0456.<\/p>\n<p class=\"\" data-start=\"352\" data-end=\"618\">\u0421\u043e\u043b\u043e\u0434\u043a\u0430 \u0442\u0440\u0430\u0432\u0430 \u0432\u0456\u0434\u043e\u043c\u0430 \u0441\u0432\u043e\u0457\u043c \u043d\u0456\u0436\u043d\u0438\u043c, \u0441\u043e\u043b\u043e\u0434\u043a\u0438\u043c \u0442\u0430 \u0437\u0435\u043c\u043b\u0438\u0441\u0442\u0438\u043c \u0430\u0440\u043e\u043c\u0430\u0442\u043e\u043c, \u044f\u043a\u0438\u0439 \u0432\u0438\u043a\u043e\u0440\u0438\u0441\u0442\u043e\u0432\u0443\u0454\u0442\u044c\u0441\u044f \u0434\u043b\u044f \u043e\u0447\u0438\u0449\u0435\u043d\u043d\u044f \u043f\u0440\u0438\u043c\u0456\u0449\u0435\u043d\u044c, \u0437\u0430\u043b\u0443\u0447\u0435\u043d\u043d\u044f \u043f\u043e\u0437\u0438\u0442\u0438\u0432\u043d\u043e\u0457 \u0435\u043d\u0435\u0440\u0433\u0456\u0457 \u0442\u0430 \u0441\u0442\u0432\u043e\u0440\u0435\u043d\u043d\u044f \u0441\u043f\u043e\u043a\u043e\u044e. \u0407\u0457 \u0437\u0430\u0441\u043f\u043e\u043a\u0456\u0439\u043b\u0438\u0432\u0438\u0439 \u0430\u0440\u043e\u043c\u0430\u0442 \u0441\u0442\u0432\u043e\u0440\u044e\u0454 \u0440\u043e\u0437\u0441\u043b\u0430\u0431\u043b\u044e\u044e\u0447\u0443 \u0442\u0430 \u0441\u043f\u0440\u0438\u044f\u0442\u043b\u0438\u0432\u0443 \u0430\u0442\u043c\u043e\u0441\u0444\u0435\u0440\u0443 \u044f\u043a \u0434\u043b\u044f \u043c\u0435\u0434\u0438\u0442\u0430\u0446\u0456\u0457, \u0442\u0430\u043a \u0456 \u0434\u043b\u044f \u0449\u043e\u0434\u0435\u043d\u043d\u043e\u0433\u043e \u0431\u043b\u0430\u0433\u043e\u043f\u043e\u043b\u0443\u0447\u0447\u044f.<\/p>\n<ul>\n<li data-start=\"620\" data-end=\"793\">100% \u043d\u0430\u0442\u0443\u0440\u0430\u043b\u044c\u043d\u0438\u0439 \u0441\u043a\u043b\u0430\u0434<\/li>\n<li data-start=\"620\" data-end=\"793\">\u0412\u0438\u0433\u043e\u0442\u043e\u0432\u043b\u0435\u043d\u043e \u0432\u0440\u0443\u0447\u043d\u0443 \u0437\u0430 \u0441\u0442\u0430\u0440\u0438\u043c\u0438 \u0442\u0440\u0430\u0434\u0438\u0446\u0456\u044f\u043c\u0438<\/li>\n<li data-start=\"620\" data-end=\"793\">\u0417\u0430\u0441\u043f\u043e\u043a\u0456\u0439\u043b\u0438\u0432\u0438\u0439 \u0442\u0430 \u0433\u0430\u0440\u043c\u043e\u043d\u0456\u0439\u043d\u0438\u0439 \u0430\u0440\u043e\u043c\u0430\u0442 \u0434\u043b\u044f \u043f\u0441\u0438\u0445\u0456\u0447\u043d\u043e\u0433\u043e \u0431\u043b\u0430\u0433\u043e\u043f\u043e\u043b\u0443\u0447\u0447\u044f<\/li>\n<li data-start=\"620\" data-end=\"793\">\u041a\u0456\u043b\u044c\u043a\u0456\u0441\u0442\u044c \u0432 \u0443\u043f\u0430\u043a\u043e\u0432\u0446\u0456: 10 \u0430\u0440\u043e\u043c\u0430\u0442\u0438\u0447\u043d\u0438\u0445 \u043f\u0430\u043b\u0438\u0447\u043e\u043a<\/li>\n<\/ul>","protected":false},"excerpt":{"rendered":"<p>Banjara Tribal viirukid viivad sind looduslike l\u00f5hnade r\u00e4nnakule, mis p\u00f5hineb iidsetel puhastustavadel ja vaimsetel rituaalidel. Iga karp k\u00e4tkeb endas s\u00fcgavat meeleelamust ja&hellip;<\/p>","protected":false},"featured_media":105283,"comment_status":"open","ping_status":"closed","template":"","meta":{"wprm-recipe-roundup-name":"","wprm-recipe-roundup-description":""},"product_brand":[12008],"product_cat":[5751],"product_tag":[5753],"class_list":{"0":"post-105280","1":"product","2":"type-product","3":"status-publish","4":"has-post-thumbnail","6":"product_brand-banjara","7":"product_cat-viirukid","8":"product_tag-viiruk","10":"first","11":"instock","12":"sale","13":"taxable","14":"shipping-taxable","15":"purchasable","16":"product-type-simple"},"supplier_id":105232,"supplier_sku":"","barcode":"8901234590188","atum_controlled":true,"out_stock_date":null,"out_stock_threshold":null,"inheritable":false,"inbound_stock":0,"stock_on_hold":0,"sold_today":0,"sales_last_days":0,"reserved_stock":0,"customer_returns":0,"warehouse_damage":0,"lost_in_post":0,"other_logs":0,"out_stock_days":0,"lost_sales":0,"has_location":false,"update_date":"2026-03-07T01:16:05","atum_locations":[],"atum_stock_status":"instock","restock_status":false,"low_stock_amount":"","sales_update_date":"2026-03-07T01:16:05","calc_backorders":null,"aioseo_notices":[],"_links":{"self":[{"href":"https:\/\/ecoshop.ee\/uk\/wp-json\/wp\/v2\/product\/105280","targetHints":{"allow":["GET"]}}],"collection":[{"href":"https:\/\/ecoshop.ee\/uk\/wp-json\/wp\/v2\/product"}],"about":[{"href":"https:\/\/ecoshop.ee\/uk\/wp-json\/wp\/v2\/types\/product"}],"replies":[{"embeddable":true,"href":"https:\/\/ecoshop.ee\/uk\/wp-json\/wp\/v2\/comments?post=105280"}],"version-history":[{"count":0,"href":"https:\/\/ecoshop.ee\/uk\/wp-json\/wp\/v2\/product\/105280\/revisions"}],"wp:featuredmedia":[{"embeddable":true,"href":"https:\/\/ecoshop.ee\/uk\/wp-json\/wp\/v2\/media\/105283"}],"wp:attachment":[{"href":"https:\/\/ecoshop.ee\/uk\/wp-json\/wp\/v2\/media?parent=105280"}],"wp:term":[{"taxonomy":"product_brand","embeddable":true,"href":"https:\/\/ecoshop.ee\/uk\/wp-json\/wp\/v2\/product_brand?post=105280"},{"taxonomy":"product_cat","embeddable":true,"href":"https:\/\/ecoshop.ee\/uk\/wp-json\/wp\/v2\/product_cat?post=105280"},{"taxonomy":"product_tag","embeddable":true,"href":"https:\/\/ecoshop.ee\/uk\/wp-json\/wp\/v2\/product_tag?post=105280"}],"curies":[{"name":"wp","href":"https:\/\/api.w.org\/{rel}","templated":true}]}}