{"id":105300,"date":"2025-04-09T22:26:25","date_gmt":"2025-04-09T20:26:25","guid":{"rendered":"https:\/\/ecoshop.ee\/?post_type=product&#038;p=105300"},"modified":"2025-04-09T22:26:27","modified_gmt":"2025-04-09T20:26:27","slug":"%d1%80%d0%be%d1%81%d0%bb%d0%b8%d0%bd%d0%bd%d0%b0-%d0%b0%d1%80%d0%be%d0%bc%d0%b0%d1%82%d0%b8%d1%87%d0%bd%d0%b0-%d0%be%d0%bb%d1%96%d1%8f-%d0%b0%d0%bb%d0%be%d0%b5-%d0%b2%d0%b5%d1%80%d0%b0-10-%d0%bc%d0%bb","status":"publish","type":"product","link":"https:\/\/ecoshop.ee\/uk\/eeterlikud-olid-ja-aroomiolid\/taimne-aroomioli-aloe-vera-10ml\/","title":{"rendered":"\u0422\u0440\u0430\u0432&#039;\u044f\u043d\u0430 \u0430\u0440\u043e\u043c\u0430\u0442\u0438\u0447\u043d\u0430 \u043e\u043b\u0456\u044f \u2013 \u0410\u043b\u043e\u0435 \u0432\u0435\u0440\u0430 \u2013 10 \u043c\u043b"},"content":{"rendered":"<p class=\"\" data-start=\"143\" data-end=\"339\">\u041d\u0430\u0442\u0443\u0440\u0430\u043b\u044c\u043d\u0430 \u0430\u0440\u043e\u043c\u0430\u0442\u0438\u0447\u043d\u0430 \u043e\u043b\u0456\u044f \u043d\u0430 \u0440\u043e\u0441\u043b\u0438\u043d\u043d\u0456\u0439 \u043e\u0441\u043d\u043e\u0432\u0456 \u0437\u0456 \u0441\u0432\u0456\u0436\u0438\u043c \u0442\u0430 \u043d\u0456\u0436\u043d\u0438\u043c \u0430\u0440\u043e\u043c\u0430\u0442\u043e\u043c \u0430\u043b\u043e\u0435. \u041c\u0456\u0441\u0442\u0438\u0442\u044c \u0431\u0456\u043b\u044c\u0448\u0435 \u0435\u0444\u0456\u0440\u043d\u0438\u0445 \u043e\u043b\u0456\u0439, \u043d\u0456\u0436 \u0431\u0430\u0433\u0430\u0442\u043e \u0456\u043d\u0448\u0438\u0445 \u0431\u0440\u0435\u043d\u0434\u0456\u0432, \u0449\u043e \u0440\u043e\u0431\u0438\u0442\u044c \u0430\u0440\u043e\u043c\u0430\u0442 \u0456\u043d\u0442\u0435\u043d\u0441\u0438\u0432\u043d\u0456\u0448\u0438\u043c \u0442\u0430 \u0434\u043e\u0432\u0448\u0435 \u0442\u0440\u0438\u0432\u0430\u0454.<\/p>\n<p class=\"\" data-start=\"341\" data-end=\"496\">\u041f\u0456\u0434\u0445\u043e\u0434\u0438\u0442\u044c \u0434\u043b\u044f \u0432\u0438\u043a\u043e\u0440\u0438\u0441\u0442\u0430\u043d\u043d\u044f \u044f\u043a \u0437 \u0442\u0440\u0430\u0434\u0438\u0446\u0456\u0439\u043d\u0438\u043c \u043c\u0430\u0441\u043b\u044f\u043d\u0438\u043c \u043f\u0430\u043b\u044c\u043d\u0438\u043a\u043e\u043c, \u0442\u0430\u043a \u0456 \u0437 \u0435\u043b\u0435\u043a\u0442\u0440\u0438\u0447\u043d\u0438\u043c \u0434\u0438\u0444\u0443\u0437\u043e\u0440\u043e\u043c. \u041f\u0440\u043e\u0434\u0443\u043a\u0442 \u043f\u043e\u0441\u0442\u0430\u0447\u0430\u0454\u0442\u044c\u0441\u044f \u0432 \u0443\u043f\u0430\u043a\u043e\u0432\u0446\u0456 100%, \u0449\u043e \u043f\u0456\u0434\u043b\u044f\u0433\u0430\u0454 \u043f\u0435\u0440\u0435\u0440\u043e\u0431\u0446\u0456, \u0456 \u043f\u0456\u0434\u0445\u043e\u0434\u0438\u0442\u044c \u0434\u043b\u044f \u0431\u0443\u0434\u044c-\u044f\u043a\u043e\u0433\u043e \u0434\u0431\u0430\u0439\u043b\u0438\u0432\u043e\u0433\u043e \u0434\u043e\u043c\u0443.<\/p>\n<ul>\n<li data-start=\"498\" data-end=\"691\">\u0420\u043e\u0441\u043b\u0438\u043d\u043d\u0438\u0439, 100% \u0432\u0435\u0433\u0430\u043d\u0441\u044c\u043a\u0438\u0439<\/li>\n<li data-start=\"498\" data-end=\"691\">\u041d\u0435 \u043c\u0456\u0441\u0442\u0438\u0442\u044c \u0448\u043a\u0456\u0434\u043b\u0438\u0432\u0438\u0445 \u0445\u0456\u043c\u0456\u0447\u043d\u0438\u0445 \u0440\u0435\u0447\u043e\u0432\u0438\u043d<\/li>\n<li data-start=\"498\" data-end=\"691\">\u0414\u043b\u044f \u0432\u0438\u043a\u043e\u0440\u0438\u0441\u0442\u0430\u043d\u043d\u044f \u0437 \u043c\u0430\u0441\u043b\u044f\u043d\u0438\u043c \u043f\u0430\u043b\u044c\u043d\u0438\u043a\u043e\u043c \u0430\u0431\u043e \u0434\u0438\u0444\u0443\u0437\u043e\u0440\u043e\u043c<\/li>\n<li data-start=\"498\" data-end=\"691\">\u041e\u0441\u0432\u0456\u0436\u0430\u044e\u0447\u0438\u0439 \u0442\u0430 \u043d\u0430\u0442\u0443\u0440\u0430\u043b\u044c\u043d\u0438\u0439 \u0430\u0440\u043e\u043c\u0430\u0442 \u0430\u043b\u043e\u0435 \u0432\u0435\u0440\u0430<\/li>\n<li data-start=\"498\" data-end=\"691\">\u0424\u043b\u0430\u043a\u043e\u043d 10 \u043c\u043b, \u0443\u043f\u0430\u043a\u043e\u0432\u043a\u0430 100%, \u0449\u043e \u043f\u0456\u0434\u043b\u044f\u0433\u0430\u0454 \u043f\u0435\u0440\u0435\u0440\u043e\u0431\u0446\u0456<\/li>\n<\/ul>","protected":false},"excerpt":{"rendered":"<p>Looduslikul taimsel baasil valmistatud aroomi\u00f5li, millel on v\u00e4rske ja pehme aaloel\u00f5hn. Sisaldab rohkem eeterlikke \u00f5lisid kui paljud teised br\u00e4ndid, mist\u00f5ttu on aroom&hellip;<\/p>","protected":false},"featured_media":105301,"comment_status":"open","ping_status":"closed","template":"","meta":{"wprm-recipe-roundup-name":"","wprm-recipe-roundup-description":""},"product_brand":[],"product_cat":[5754],"product_tag":[5755],"class_list":{"0":"post-105300","1":"product","2":"type-product","3":"status-publish","4":"has-post-thumbnail","6":"product_cat-eeterlikud-olid-ja-aroomiolid","7":"product_tag-aroomioli","9":"first","10":"instock","11":"taxable","12":"shipping-taxable","13":"purchasable","14":"product-type-simple"},"supplier_id":105232,"supplier_sku":"","barcode":"5028691475216","atum_controlled":true,"out_stock_date":null,"out_stock_threshold":null,"inheritable":false,"inbound_stock":0,"stock_on_hold":0,"sold_today":0,"sales_last_days":0,"reserved_stock":0,"customer_returns":0,"warehouse_damage":0,"lost_in_post":0,"other_logs":0,"out_stock_days":0,"lost_sales":0,"has_location":false,"update_date":"2026-03-07T01:16:05","atum_locations":[],"atum_stock_status":"instock","restock_status":false,"low_stock_amount":"","sales_update_date":"2026-03-07T01:16:05","calc_backorders":null,"aioseo_notices":[],"_links":{"self":[{"href":"https:\/\/ecoshop.ee\/uk\/wp-json\/wp\/v2\/product\/105300","targetHints":{"allow":["GET"]}}],"collection":[{"href":"https:\/\/ecoshop.ee\/uk\/wp-json\/wp\/v2\/product"}],"about":[{"href":"https:\/\/ecoshop.ee\/uk\/wp-json\/wp\/v2\/types\/product"}],"replies":[{"embeddable":true,"href":"https:\/\/ecoshop.ee\/uk\/wp-json\/wp\/v2\/comments?post=105300"}],"version-history":[{"count":0,"href":"https:\/\/ecoshop.ee\/uk\/wp-json\/wp\/v2\/product\/105300\/revisions"}],"wp:featuredmedia":[{"embeddable":true,"href":"https:\/\/ecoshop.ee\/uk\/wp-json\/wp\/v2\/media\/105301"}],"wp:attachment":[{"href":"https:\/\/ecoshop.ee\/uk\/wp-json\/wp\/v2\/media?parent=105300"}],"wp:term":[{"taxonomy":"product_brand","embeddable":true,"href":"https:\/\/ecoshop.ee\/uk\/wp-json\/wp\/v2\/product_brand?post=105300"},{"taxonomy":"product_cat","embeddable":true,"href":"https:\/\/ecoshop.ee\/uk\/wp-json\/wp\/v2\/product_cat?post=105300"},{"taxonomy":"product_tag","embeddable":true,"href":"https:\/\/ecoshop.ee\/uk\/wp-json\/wp\/v2\/product_tag?post=105300"}],"curies":[{"name":"wp","href":"https:\/\/api.w.org\/{rel}","templated":true}]}}