{"id":105497,"date":"2025-04-12T14:45:44","date_gmt":"2025-04-12T12:45:44","guid":{"rendered":"https:\/\/ecoshop.ee\/?post_type=product&#038;p=105497"},"modified":"2025-04-12T14:45:45","modified_gmt":"2025-04-12T12:45:45","slug":"%d0%b5%d1%84%d1%96%d1%80%d0%bd%d0%b0-%d0%be%d0%bb%d1%96%d1%8f-%d0%b1%d0%b5%d1%80%d0%b3%d0%b0%d0%bc%d0%be%d1%82%d1%83-10-%d0%bc%d0%bb","status":"publish","type":"product","link":"https:\/\/ecoshop.ee\/uk\/eeterlikud-olid-ja-aroomiolid\/bergamoti-eeterlik-oli-10ml\/","title":{"rendered":"\u0415\u0444\u0456\u0440\u043d\u0430 \u043e\u043b\u0456\u044f \u0431\u0435\u0440\u0433\u0430\u043c\u043e\u0442\u0430 \u2013 10 \u043c\u043b"},"content":{"rendered":"<p class=\"\" data-start=\"90\" data-end=\"149\"><em data-start=\"132\" data-end=\"149\">\u0426\u0438\u0442\u0440\u0443\u0441\u043e\u0432\u0430 \u0431\u0435\u0440\u0433\u0430\u043c\u0456\u044f<\/em><\/p>\n<p class=\"\" data-start=\"151\" data-end=\"493\">\u0415\u0444\u0456\u0440\u043d\u0443 \u043e\u043b\u0456\u044e \u0431\u0435\u0440\u0433\u0430\u043c\u043e\u0442\u0430 \u043e\u0442\u0440\u0438\u043c\u0443\u044e\u0442\u044c \u043c\u0435\u0442\u043e\u0434\u043e\u043c \u0445\u043e\u043b\u043e\u0434\u043d\u043e\u0433\u043e \u0432\u0456\u0434\u0436\u0438\u043c\u0443. <em data-start=\"203\" data-end=\"220\">\u0426\u0438\u0442\u0440\u0443\u0441\u043e\u0432\u0430 \u0431\u0435\u0440\u0433\u0430\u043c\u0456\u044f<\/em> \u0437\u0456 \u0448\u043a\u0456\u0440\u043a\u0438 \u0444\u0440\u0443\u043a\u0442\u0430. \u0412\u0435\u0440\u0441\u0456\u044f FCF (\u0431\u0435\u0437 \u0444\u0443\u0440\u043e\u043a\u0443\u043c\u0430\u0440\u0438\u043d\u0443) \u0441\u043f\u0435\u0446\u0456\u0430\u043b\u044c\u043d\u043e \u043e\u0431\u0440\u043e\u0431\u043b\u0435\u043d\u0430 \u0434\u043b\u044f \u0437\u043d\u0438\u0436\u0435\u043d\u043d\u044f \u0440\u0438\u0437\u0438\u043a\u0443 \u0444\u043e\u0442\u043e\u0447\u0443\u0442\u043b\u0438\u0432\u043e\u0441\u0442\u0456 \u0448\u043a\u0456\u0440\u0438. \u0421\u0432\u0456\u0436\u0438\u0439 \u0442\u0430 \u0437\u043b\u0435\u0433\u043a\u0430 \u0441\u043e\u043b\u043e\u0434\u043a\u0438\u0439 \u0446\u0438\u0442\u0440\u0443\u0441\u043e\u0432\u0438\u0439 \u0430\u0440\u043e\u043c\u0430\u0442 \u0431\u0435\u0440\u0433\u0430\u043c\u043e\u0442\u0443 \u0434\u043e\u043f\u043e\u043c\u0430\u0433\u0430\u0454 \u0441\u0442\u0432\u043e\u0440\u0438\u0442\u0438 \u0431\u0430\u0434\u044c\u043e\u0440\u0438\u0439 \u0442\u0430 \u0440\u043e\u0437\u0441\u043b\u0430\u0431\u043b\u044e\u044e\u0447\u0438\u0439 \u043d\u0430\u0441\u0442\u0440\u0456\u0439 \u0456 \u0454 \u043e\u0434\u043d\u0456\u0454\u044e \u0437 \u043d\u0430\u0439\u0443\u043b\u044e\u0431\u043b\u0435\u043d\u0456\u0448\u0438\u0445 \u043e\u043b\u0456\u0439 \u0432 \u0430\u0440\u043e\u043c\u0430\u0442\u0435\u0440\u0430\u043f\u0456\u0457.<\/p>\n<p class=\"\" data-start=\"495\" data-end=\"755\">\u041e\u043b\u0456\u044f \u0431\u0435\u0440\u0433\u0430\u043c\u043e\u0442\u0430 \u043f\u0456\u0434\u0442\u0440\u0438\u043c\u0443\u0454 \u043d\u0435\u0440\u0432\u043e\u0432\u0443 \u0441\u0438\u0441\u0442\u0435\u043c\u0443 \u0442\u0430 \u0432\u0440\u0456\u0432\u043d\u043e\u0432\u0430\u0436\u0443\u0454 \u0435\u043c\u043e\u0446\u0456\u0457 \u2013 \u0432\u043e\u043d\u0430 \u043f\u0456\u0434\u0445\u043e\u0434\u0438\u0442\u044c \u0434\u043b\u044f \u0432\u0438\u043a\u043e\u0440\u0438\u0441\u0442\u0430\u043d\u043d\u044f \u0443 \u0432\u0438\u043f\u0430\u0434\u043a\u0430\u0445 \u0441\u0442\u0440\u0435\u0441\u0443, \u0434\u0435\u043f\u0440\u0435\u0441\u0456\u0457, \u0442\u0440\u0438\u0432\u043e\u0433\u0438, \u043d\u0438\u0437\u044c\u043a\u043e\u0457 \u0441\u0430\u043c\u043e\u043e\u0446\u0456\u043d\u043a\u0438 \u0442\u0430 \u043d\u0430\u043f\u0440\u0443\u0433\u0438. \u0423 \u0434\u043e\u0433\u043b\u044f\u0434\u0456 \u0437\u0430 \u0448\u043a\u0456\u0440\u043e\u044e \u0432\u043e\u043d\u0430 \u0432\u0438\u043a\u043e\u0440\u0438\u0441\u0442\u043e\u0432\u0443\u0454\u0442\u044c\u0441\u044f \u0434\u043b\u044f \u043f\u0456\u0434\u0442\u0440\u0438\u043c\u0443\u044e\u0447\u043e\u0433\u043e \u043b\u0456\u043a\u0443\u0432\u0430\u043d\u043d\u044f \u0430\u043a\u043d\u0435, \u043f\u0441\u043e\u0440\u0456\u0430\u0437\u0443, \u0435\u043a\u0437\u0435\u043c\u0438 \u0442\u0430 \u0433\u0435\u0440\u043f\u0435\u0441\u0443.<\/p>\n<ul>\n<li data-start=\"757\" data-end=\"921\">100% \u0447\u0438\u0441\u0442\u0430 \u0435\u0444\u0456\u0440\u043d\u0430 \u043e\u043b\u0456\u044f<\/li>\n<li data-start=\"757\" data-end=\"921\">\u041f\u0456\u0434\u043d\u0456\u043c\u0430\u0454 \u043d\u0430\u0441\u0442\u0440\u0456\u0439 \u0442\u0430 \u0437\u0430\u0441\u043f\u043e\u043a\u043e\u044e\u0454 \u043d\u0435\u0440\u0432\u043e\u0432\u0443 \u0441\u0438\u0441\u0442\u0435\u043c\u0443<\/li>\n<li data-start=\"757\" data-end=\"921\">\u041f\u0456\u0434\u0442\u0440\u0438\u043c\u0443\u0454 \u0448\u043a\u0456\u0440\u0443 \u0442\u0430 \u0434\u043e\u043f\u043e\u043c\u0430\u0433\u0430\u0454 \u0437\u043d\u044f\u0442\u0438 \u0437\u0430\u043f\u0430\u043b\u0435\u043d\u043d\u044f<\/li>\n<li data-start=\"757\" data-end=\"921\">\u041f\u0456\u0434\u0445\u043e\u0434\u0438\u0442\u044c \u0434\u043b\u044f \u0430\u0440\u043e\u043c\u0430\u0442\u0435\u0440\u0430\u043f\u0456\u0457, \u0432\u0430\u043d\u043d \u0442\u0430 \u043c\u0430\u0441\u0430\u0436\u0443<\/li>\n<li data-start=\"757\" data-end=\"921\">\u0412\u0438\u043a\u043e\u0440\u0438\u0441\u0442\u0430\u043d\u0430 \u0447\u0430\u0441\u0442\u0438\u043d\u0430 \u0440\u043e\u0441\u043b\u0438\u043d\u0438: \u0448\u043a\u0456\u0440\u043a\u0430 \u043f\u043b\u043e\u0434\u0456\u0432<\/li>\n<li data-start=\"757\" data-end=\"921\">\u0421\u043f\u043e\u0441\u0456\u0431 \u0435\u043a\u0441\u0442\u0440\u0430\u043a\u0446\u0456\u0457: \u0445\u043e\u043b\u043e\u0434\u043d\u0435 \u043f\u0440\u0435\u0441\u0443\u0432\u0430\u043d\u043d\u044f<\/li>\n<li data-start=\"757\" data-end=\"921\">10 \u043c\u043b \u0443 \u0442\u0435\u043c\u043d\u043e\u043c\u0443 \u0441\u043a\u043b\u044f\u043d\u043e\u043c\u0443 \u0444\u043b\u0430\u043a\u043e\u043d\u0456<\/li>\n<\/ul>\n<p class=\"\" data-start=\"1027\" data-end=\"1229\">\u26a0\ufe0f \u0422\u0456\u043b\u044c\u043a\u0438 \u0434\u043b\u044f \u0437\u043e\u0432\u043d\u0456\u0448\u043d\u044c\u043e\u0433\u043e \u0437\u0430\u0441\u0442\u043e\u0441\u0443\u0432\u0430\u043d\u043d\u044f. \u041d\u0435 \u043a\u043e\u0432\u0442\u0430\u0442\u0438. \u0423\u043d\u0438\u043a\u0430\u0439\u0442\u0435 \u0441\u043e\u043d\u044f\u0447\u043d\u043e\u0433\u043e \u0441\u0432\u0456\u0442\u043b\u0430 \u043f\u0456\u0441\u043b\u044f \u043d\u0430\u043d\u0435\u0441\u0435\u043d\u043d\u044f \u043d\u0430 \u0448\u043a\u0456\u0440\u0443. \u041d\u0435 \u0432\u0438\u043a\u043e\u0440\u0438\u0441\u0442\u043e\u0432\u0443\u0432\u0430\u0442\u0438 \u043f\u0456\u0434 \u0447\u0430\u0441 \u0432\u0430\u0433\u0456\u0442\u043d\u043e\u0441\u0442\u0456 \u0430\u0431\u043e \u0433\u043e\u0434\u0443\u0432\u0430\u043d\u043d\u044f \u0433\u0440\u0443\u0434\u0434\u044e. \u0417\u0431\u0435\u0440\u0456\u0433\u0430\u0442\u0438 \u0432 \u043d\u0435\u0434\u043e\u0441\u0442\u0443\u043f\u043d\u043e\u043c\u0443 \u0434\u043b\u044f \u0434\u0456\u0442\u0435\u0439 \u0442\u0430 \u0434\u043e\u043c\u0430\u0448\u043d\u0456\u0445 \u0442\u0432\u0430\u0440\u0438\u043d \u043c\u0456\u0441\u0446\u0456.<\/p>","protected":false},"excerpt":{"rendered":"<p>Citrus Bergamia Bergamoti eeterlik \u00f5li saadakse k\u00fclmpressimise teel Citrus bergamia puuvilja koorest. FCF (furokumariinivaba) versioon on spetsiaalselt t\u00f6\u00f6deldud, et v\u00e4hendada valgustundlikkuse riski&hellip;<\/p>","protected":false},"featured_media":105498,"comment_status":"open","ping_status":"closed","template":"","meta":{"wprm-recipe-roundup-name":"","wprm-recipe-roundup-description":""},"product_brand":[],"product_cat":[5754],"product_tag":[5756],"class_list":{"0":"post-105497","1":"product","2":"type-product","3":"status-publish","4":"has-post-thumbnail","6":"product_cat-eeterlikud-olid-ja-aroomiolid","7":"product_tag-eeterlik-oli","9":"first","10":"instock","11":"taxable","12":"shipping-taxable","13":"purchasable","14":"product-type-simple"},"supplier_id":105232,"supplier_sku":"","barcode":"5055796528516","atum_controlled":true,"out_stock_date":null,"out_stock_threshold":null,"inheritable":false,"inbound_stock":0,"stock_on_hold":0,"sold_today":0,"sales_last_days":0,"reserved_stock":0,"customer_returns":0,"warehouse_damage":0,"lost_in_post":0,"other_logs":0,"out_stock_days":0,"lost_sales":0,"has_location":false,"update_date":"2026-03-07T01:16:07","atum_locations":[],"atum_stock_status":"instock","restock_status":false,"low_stock_amount":"","sales_update_date":"2026-03-07T01:16:07","calc_backorders":null,"aioseo_notices":[],"_links":{"self":[{"href":"https:\/\/ecoshop.ee\/uk\/wp-json\/wp\/v2\/product\/105497","targetHints":{"allow":["GET"]}}],"collection":[{"href":"https:\/\/ecoshop.ee\/uk\/wp-json\/wp\/v2\/product"}],"about":[{"href":"https:\/\/ecoshop.ee\/uk\/wp-json\/wp\/v2\/types\/product"}],"replies":[{"embeddable":true,"href":"https:\/\/ecoshop.ee\/uk\/wp-json\/wp\/v2\/comments?post=105497"}],"version-history":[{"count":0,"href":"https:\/\/ecoshop.ee\/uk\/wp-json\/wp\/v2\/product\/105497\/revisions"}],"wp:featuredmedia":[{"embeddable":true,"href":"https:\/\/ecoshop.ee\/uk\/wp-json\/wp\/v2\/media\/105498"}],"wp:attachment":[{"href":"https:\/\/ecoshop.ee\/uk\/wp-json\/wp\/v2\/media?parent=105497"}],"wp:term":[{"taxonomy":"product_brand","embeddable":true,"href":"https:\/\/ecoshop.ee\/uk\/wp-json\/wp\/v2\/product_brand?post=105497"},{"taxonomy":"product_cat","embeddable":true,"href":"https:\/\/ecoshop.ee\/uk\/wp-json\/wp\/v2\/product_cat?post=105497"},{"taxonomy":"product_tag","embeddable":true,"href":"https:\/\/ecoshop.ee\/uk\/wp-json\/wp\/v2\/product_tag?post=105497"}],"curies":[{"name":"wp","href":"https:\/\/api.w.org\/{rel}","templated":true}]}}