{"id":105509,"date":"2025-04-12T15:04:13","date_gmt":"2025-04-12T13:04:13","guid":{"rendered":"https:\/\/ecoshop.ee\/?post_type=product&#038;p=105509"},"modified":"2025-04-12T15:04:14","modified_gmt":"2025-04-12T13:04:14","slug":"%d0%b5%d1%84%d1%96%d1%80%d0%bd%d0%b0-%d0%be%d0%bb%d1%96%d1%8f-%d1%80%d0%be%d0%b7%d0%bc%d0%b0%d1%80%d0%b8%d0%bd%d1%83-10-%d0%bc%d0%bb","status":"publish","type":"product","link":"https:\/\/ecoshop.ee\/uk\/eeterlikud-olid-ja-aroomiolid\/rosmariini-eeterlik-oli-10ml\/","title":{"rendered":"\u0415\u0444\u0456\u0440\u043d\u0430 \u043e\u043b\u0456\u044f \u0440\u043e\u0437\u043c\u0430\u0440\u0438\u043d\u0443 \u2013 10 \u043c\u043b"},"content":{"rendered":"<p class=\"\" data-start=\"87\" data-end=\"148\"><em data-start=\"124\" data-end=\"148\">\u0420\u043e\u0437\u043c\u0430\u0440\u0438\u043d \u043b\u0456\u043a\u0430\u0440\u0441\u044c\u043a\u0438\u0439<\/em><\/p>\n<p class=\"\" data-start=\"150\" data-end=\"501\">\u0415\u0444\u0456\u0440\u043d\u0443 \u043e\u043b\u0456\u044e \u0440\u043e\u0437\u043c\u0430\u0440\u0438\u043d\u0443 \u043e\u0442\u0440\u0438\u043c\u0443\u044e\u0442\u044c \u043c\u0435\u0442\u043e\u0434\u043e\u043c \u043f\u0430\u0440\u043e\u0432\u043e\u0457 \u0434\u0438\u0441\u0442\u0438\u043b\u044f\u0446\u0456\u0457. <em data-start=\"208\" data-end=\"232\">\u0420\u043e\u0437\u043c\u0430\u0440\u0438\u043d \u043b\u0456\u043a\u0430\u0440\u0441\u044c\u043a\u0438\u0439<\/em> \u0437 \u043a\u0432\u0456\u0442\u0443\u0447\u0438\u0445 \u0432\u0435\u0440\u0445\u0456\u0432\u043e\u043a \u0440\u043e\u0441\u043b\u0438\u043d\u0438. \u0412\u043e\u043d\u0430 \u0432\u0432\u0430\u0436\u0430\u0454\u0442\u044c\u0441\u044f \u0432\u0438\u0449\u043e\u0457 \u044f\u043a\u043e\u0441\u0442\u0456, \u043d\u0456\u0436 \u043e\u043b\u0456\u044f, \u044f\u043a\u0443 \u0442\u0440\u0430\u0434\u0438\u0446\u0456\u0439\u043d\u043e \u0434\u0438\u0441\u0442\u0438\u043b\u044e\u044e\u0442\u044c \u0437 \u043b\u0438\u0441\u0442\u044f \u0442\u0430 \u0441\u0442\u0435\u0431\u0435\u043b. \u0421\u0432\u0456\u0436\u0438\u0439, \u0434\u0435\u0440\u0435\u0432\u043d\u0438\u0439 \u0442\u0430 \u0442\u0440\u0430\u0432&#039;\u044f\u043d\u0438\u0439 \u0430\u0440\u043e\u043c\u0430\u0442 \u0440\u043e\u0437\u043c\u0430\u0440\u0438\u043d\u0443 \u0441\u0442\u0438\u043c\u0443\u043b\u044e\u0454 \u043f\u043e\u0447\u0443\u0442\u0442\u044f, \u043f\u0456\u0434\u0432\u0438\u0449\u0443\u0454 \u043a\u043e\u043d\u0446\u0435\u043d\u0442\u0440\u0430\u0446\u0456\u044e \u0442\u0430 \u0447\u0443\u0434\u043e\u0432\u043e \u0434\u043e\u043f\u043e\u043c\u0430\u0433\u0430\u0454 \u0432\u0456\u0434 \u0432\u0442\u043e\u043c\u0438 \u0442\u0430 \u0440\u043e\u0437\u0443\u043c\u043e\u0432\u043e\u0433\u043e \u0432\u0438\u0441\u043d\u0430\u0436\u0435\u043d\u043d\u044f.<\/p>\n<p class=\"\" data-start=\"503\" data-end=\"788\">\u041e\u043b\u0456\u044f \u0440\u043e\u0437\u043c\u0430\u0440\u0438\u043d\u0443 \u0432\u0438\u043a\u043e\u0440\u0438\u0441\u0442\u043e\u0432\u0443\u0454\u0442\u044c\u0441\u044f \u0434\u043b\u044f \u043f\u043e\u043b\u0435\u0433\u0448\u0435\u043d\u043d\u044f \u0440\u0430\u043d, \u043e\u043f\u0456\u043a\u0456\u0432, \u0437\u0430\u0441\u0442\u0443\u0434\u0438, \u0440\u043e\u0437\u043b\u0430\u0434\u0443 \u0448\u043b\u0443\u043d\u043a\u0443, \u0431\u043e\u043b\u044e \u0432 \u0441\u0443\u0433\u043b\u043e\u0431\u0430\u0445 \u0442\u0430 \u043c&#039;\u044f\u0437\u043e\u0432\u043e\u0457 \u043d\u0430\u043f\u0440\u0443\u0433\u0438. \u0423 \u043c\u0430\u0441\u0430\u0436\u043d\u0438\u0445 \u0441\u0443\u043c\u0456\u0448\u0430\u0445 \u0432\u043e\u043d\u0430 \u0441\u043f\u0440\u0438\u044f\u0454 \u043a\u0440\u043e\u0432\u043e\u043e\u0431\u0456\u0433\u0443 \u0442\u0430 \u0440\u043e\u0437\u0441\u043b\u0430\u0431\u043b\u0435\u043d\u043d\u044e \u043c&#039;\u044f\u0437\u0456\u0432. \u0423 \u0434\u043e\u0433\u043b\u044f\u0434\u0456 \u0437\u0430 \u0432\u043e\u043b\u043e\u0441\u0441\u044f\u043c \u0457\u0457 \u0432\u0438\u043a\u043e\u0440\u0438\u0441\u0442\u043e\u0432\u0443\u044e\u0442\u044c \u0434\u043b\u044f \u0441\u0442\u0438\u043c\u0443\u043b\u044f\u0446\u0456\u0457 \u043a\u0440\u043e\u0432\u043e\u043e\u0431\u0456\u0433\u0443 \u0448\u043a\u0456\u0440\u0438 \u0433\u043e\u043b\u043e\u0432\u0438 \u0442\u0430 \u0441\u0442\u0438\u043c\u0443\u043b\u044f\u0446\u0456\u0457 \u0440\u043e\u0441\u0442\u0443 \u0432\u043e\u043b\u043e\u0441\u0441\u044f.<\/p>\n<ul>\n<li data-start=\"790\" data-end=\"943\">100% \u0447\u0438\u0441\u0442\u0430 \u0435\u0444\u0456\u0440\u043d\u0430 \u043e\u043b\u0456\u044f<\/li>\n<li data-start=\"790\" data-end=\"943\">\u0421\u0442\u0438\u043c\u0443\u043b\u044e\u0454 \u043f\u043e\u0447\u0443\u0442\u0442\u044f \u0442\u0430 \u043f\u043e\u043a\u0440\u0430\u0449\u0443\u0454 \u043a\u043e\u043d\u0446\u0435\u043d\u0442\u0440\u0430\u0446\u0456\u044e<\/li>\n<li data-start=\"790\" data-end=\"943\">\u041f\u0456\u0434\u0442\u0440\u0438\u043c\u0443\u0454 \u043a\u0440\u043e\u0432\u043e\u043e\u0431\u0456\u0433 \u0456 \u0442\u0440\u0430\u0432\u043d\u0443 \u0441\u0438\u0441\u0442\u0435\u043c\u0443<\/li>\n<li data-start=\"790\" data-end=\"943\">\u0421\u043f\u0440\u0438\u044f\u0454 \u0440\u043e\u0441\u0442\u0443 \u0432\u043e\u043b\u043e\u0441\u0441\u044f \u0442\u0430 \u0437\u0434\u043e\u0440\u043e\u0432&#039;\u044e \u0448\u043a\u0456\u0440\u0438 \u0433\u043e\u043b\u043e\u0432\u0438<\/li>\n<li data-start=\"790\" data-end=\"943\">\u0412\u0438\u043a\u043e\u0440\u0438\u0441\u0442\u0430\u043d\u0430 \u0447\u0430\u0441\u0442\u0438\u043d\u0430 \u0440\u043e\u0441\u043b\u0438\u043d\u0438: \u043a\u0432\u0456\u0442\u0443\u0447\u0456 \u0432\u0435\u0440\u0445\u0456\u0432\u043a\u0438<\/li>\n<li data-start=\"790\" data-end=\"943\">\u041c\u0435\u0442\u043e\u0434 \u0435\u043a\u0441\u0442\u0440\u0430\u043a\u0446\u0456\u0457: \u043f\u0430\u0440\u043e\u0432\u0430 \u0434\u0438\u0441\u0442\u0438\u043b\u044f\u0446\u0456\u044f<\/li>\n<li data-start=\"790\" data-end=\"943\">10 \u043c\u043b \u0443 \u0442\u0435\u043c\u043d\u043e\u043c\u0443 \u0441\u043a\u043b\u044f\u043d\u043e\u043c\u0443 \u0444\u043b\u0430\u043a\u043e\u043d\u0456<\/li>\n<\/ul>\n<p class=\"\" data-start=\"1059\" data-end=\"1232\">\u26a0\ufe0f \u0422\u0456\u043b\u044c\u043a\u0438 \u0434\u043b\u044f \u0437\u043e\u0432\u043d\u0456\u0448\u043d\u044c\u043e\u0433\u043e \u0437\u0430\u0441\u0442\u043e\u0441\u0443\u0432\u0430\u043d\u043d\u044f. \u041d\u0435 \u043a\u043e\u0432\u0442\u0430\u0442\u0438. \u041d\u0435 \u0432\u0438\u043a\u043e\u0440\u0438\u0441\u0442\u043e\u0432\u0443\u0432\u0430\u0442\u0438 \u043f\u0456\u0434 \u0447\u0430\u0441 \u0432\u0430\u0433\u0456\u0442\u043d\u043e\u0441\u0442\u0456, \u0432\u0438\u0441\u043e\u043a\u043e\u0433\u043e \u043a\u0440\u043e\u0432&#039;\u044f\u043d\u043e\u0433\u043e \u0442\u0438\u0441\u043a\u0443 \u0430\u0431\u043e \u0435\u043f\u0456\u043b\u0435\u043f\u0441\u0456\u0457. \u0417\u0431\u0435\u0440\u0456\u0433\u0430\u0442\u0438 \u0432 \u043d\u0435\u0434\u043e\u0441\u0442\u0443\u043f\u043d\u043e\u043c\u0443 \u0434\u043b\u044f \u0434\u0456\u0442\u0435\u0439 \u0442\u0430 \u0434\u043e\u043c\u0430\u0448\u043d\u0456\u0445 \u0442\u0432\u0430\u0440\u0438\u043d \u043c\u0456\u0441\u0446\u0456.<\/p>","protected":false},"excerpt":{"rendered":"<p>Rosmarinus Officinalis Rosmariini eeterlik \u00f5li saadakse aurudestilleerimise teel Rosmarinus officinalis taime \u00f5itsevatest ladvikutest. Seda peetakse kvaliteetsemaks kui tavap\u00e4raselt lehtedest ja vartest destilleeritud&hellip;<\/p>","protected":false},"featured_media":105510,"comment_status":"open","ping_status":"closed","template":"","meta":{"wprm-recipe-roundup-name":"","wprm-recipe-roundup-description":""},"product_brand":[],"product_cat":[5754],"product_tag":[5756],"class_list":{"0":"post-105509","1":"product","2":"type-product","3":"status-publish","4":"has-post-thumbnail","6":"product_cat-eeterlikud-olid-ja-aroomiolid","7":"product_tag-eeterlik-oli","9":"first","10":"instock","11":"taxable","12":"shipping-taxable","13":"purchasable","14":"product-type-simple"},"supplier_id":105232,"supplier_sku":"","barcode":"5055796528424","atum_controlled":true,"out_stock_date":null,"out_stock_threshold":null,"inheritable":false,"inbound_stock":0,"stock_on_hold":0,"sold_today":0,"sales_last_days":0,"reserved_stock":0,"customer_returns":0,"warehouse_damage":0,"lost_in_post":0,"other_logs":0,"out_stock_days":0,"lost_sales":0,"has_location":false,"update_date":"2026-03-07T01:16:14","atum_locations":[],"atum_stock_status":"instock","restock_status":false,"low_stock_amount":"","sales_update_date":"2026-03-07T01:16:14","calc_backorders":null,"aioseo_notices":[],"_links":{"self":[{"href":"https:\/\/ecoshop.ee\/uk\/wp-json\/wp\/v2\/product\/105509","targetHints":{"allow":["GET"]}}],"collection":[{"href":"https:\/\/ecoshop.ee\/uk\/wp-json\/wp\/v2\/product"}],"about":[{"href":"https:\/\/ecoshop.ee\/uk\/wp-json\/wp\/v2\/types\/product"}],"replies":[{"embeddable":true,"href":"https:\/\/ecoshop.ee\/uk\/wp-json\/wp\/v2\/comments?post=105509"}],"version-history":[{"count":0,"href":"https:\/\/ecoshop.ee\/uk\/wp-json\/wp\/v2\/product\/105509\/revisions"}],"wp:featuredmedia":[{"embeddable":true,"href":"https:\/\/ecoshop.ee\/uk\/wp-json\/wp\/v2\/media\/105510"}],"wp:attachment":[{"href":"https:\/\/ecoshop.ee\/uk\/wp-json\/wp\/v2\/media?parent=105509"}],"wp:term":[{"taxonomy":"product_brand","embeddable":true,"href":"https:\/\/ecoshop.ee\/uk\/wp-json\/wp\/v2\/product_brand?post=105509"},{"taxonomy":"product_cat","embeddable":true,"href":"https:\/\/ecoshop.ee\/uk\/wp-json\/wp\/v2\/product_cat?post=105509"},{"taxonomy":"product_tag","embeddable":true,"href":"https:\/\/ecoshop.ee\/uk\/wp-json\/wp\/v2\/product_tag?post=105509"}],"curies":[{"name":"wp","href":"https:\/\/api.w.org\/{rel}","templated":true}]}}