{"id":105515,"date":"2025-04-12T15:11:13","date_gmt":"2025-04-12T13:11:13","guid":{"rendered":"https:\/\/ecoshop.ee\/?post_type=product&#038;p=105515"},"modified":"2025-04-12T15:11:15","modified_gmt":"2025-04-12T13:11:15","slug":"%d0%b5%d1%84%d1%96%d1%80%d0%bd%d0%b0-%d0%be%d0%bb%d1%96%d1%8f-%d0%b5%d0%b2%d0%ba%d0%b0%d0%bb%d1%96%d0%bf%d1%82%d0%b0-10-%d0%bc%d0%bb","status":"publish","type":"product","link":"https:\/\/ecoshop.ee\/uk\/eeterlikud-olid-ja-aroomiolid\/eukalupti-eeterlik-oli-10ml\/","title":{"rendered":"\u0415\u0444\u0456\u0440\u043d\u0430 \u043e\u043b\u0456\u044f \u0435\u0432\u043a\u0430\u043b\u0456\u043f\u0442\u0430 \u2013 10 \u043c\u043b"},"content":{"rendered":"<p class=\"\" data-start=\"84\" data-end=\"141\"><em data-start=\"120\" data-end=\"141\">\u0415\u0432\u043a\u0430\u043b\u0456\u043f\u0442 \u043a\u0443\u043b\u044f\u0441\u0442\u0438\u0439<\/em><\/p>\n<p class=\"\" data-start=\"143\" data-end=\"446\">\u0415\u0444\u0456\u0440\u043d\u0443 \u043e\u043b\u0456\u044e \u0435\u0432\u043a\u0430\u043b\u0456\u043f\u0442\u0430 \u043e\u0442\u0440\u0438\u043c\u0443\u044e\u0442\u044c <em data-start=\"175\" data-end=\"196\">\u0415\u0432\u043a\u0430\u043b\u0456\u043f\u0442 \u043a\u0443\u043b\u044f\u0441\u0442\u0438\u0439<\/em> \u041e\u043b\u0456\u044f, \u043e\u0442\u0440\u0438\u043c\u0430\u043d\u0430 \u043f\u0430\u0440\u043e\u044e \u0434\u0438\u0441\u0442\u0438\u043b\u044f\u0446\u0456\u0454\u044e \u0437 \u043b\u0438\u0441\u0442\u044f \u0442\u0430 \u0433\u0456\u043b\u043e\u043a \u0434\u0435\u0440\u0435\u0432\u0430. \u0426\u044f \u0441\u0432\u0456\u0436\u0430 \u0442\u0430 \u0433\u043e\u0441\u0442\u0440\u0430 \u0430\u0440\u043e\u043c\u0430\u0442\u0438\u0447\u043d\u0430 \u043e\u043b\u0456\u044f \u0446\u0456\u043d\u0443\u0454\u0442\u044c\u0441\u044f \u0437\u0430 \u0441\u0432\u043e\u0457 \u0430\u043d\u0442\u0438\u0431\u0430\u043a\u0442\u0435\u0440\u0456\u0430\u043b\u044c\u043d\u0456, \u043e\u0447\u0438\u0449\u0443\u0432\u0430\u043b\u044c\u043d\u0456 \u0442\u0430 \u0437\u043d\u0435\u0431\u043e\u043b\u044e\u0432\u0430\u043b\u044c\u043d\u0456 \u0432\u043b\u0430\u0441\u0442\u0438\u0432\u043e\u0441\u0442\u0456, \u0449\u043e \u0440\u043e\u0431\u0438\u0442\u044c \u0457\u0457 \u0456\u0434\u0435\u0430\u043b\u044c\u043d\u043e\u044e \u0434\u043b\u044f \u043f\u043e\u043b\u0435\u0433\u0448\u0435\u043d\u043d\u044f \u0437\u0430\u0441\u0442\u0443\u0434\u0438 \u0442\u0430 \u0440\u0435\u0441\u043f\u0456\u0440\u0430\u0442\u043e\u0440\u043d\u0438\u0445 \u0437\u0430\u0445\u0432\u043e\u0440\u044e\u0432\u0430\u043d\u044c.<\/p>\n<p class=\"\" data-start=\"448\" data-end=\"735\">\u0415\u0432\u043a\u0430\u043b\u0456\u043f\u0442\u043e\u0432\u0430 \u043e\u043b\u0456\u044f \u0432\u0438\u043a\u043e\u0440\u0438\u0441\u0442\u043e\u0432\u0443\u0454\u0442\u044c\u0441\u044f \u0432 \u0430\u0440\u043e\u043c\u0430\u0442\u0435\u0440\u0430\u043f\u0456\u0457 \u0434\u043b\u044f \u043f\u0456\u0434\u0432\u0438\u0449\u0435\u043d\u043d\u044f \u0436\u0438\u0442\u0442\u0454\u0432\u043e\u0433\u043e \u0442\u043e\u043d\u0443\u0441\u0443 \u0442\u0430 \u043a\u043e\u043d\u0446\u0435\u043d\u0442\u0440\u0430\u0446\u0456\u0457. \u0412\u043e\u043d\u0430 \u0442\u0430\u043a\u043e\u0436 \u0434\u043e\u043f\u043e\u043c\u0430\u0433\u0430\u0454 \u043f\u043e\u043b\u0435\u0433\u0448\u0438\u0442\u0438 \u0431\u0456\u043b\u044c \u0443 \u043c\u2019\u044f\u0437\u0430\u0445 \u0456 \u0441\u0443\u0433\u043b\u043e\u0431\u0430\u0445, \u043e\u043f\u0456\u043a\u0438, \u0440\u0430\u043d\u0438 \u0442\u0430 \u0443\u043a\u0443\u0441\u0438 \u043a\u043e\u043c\u0430\u0445. \u0414\u043e\u0434\u0430\u0432\u0430\u043d\u043d\u044f \u043a\u0456\u043b\u044c\u043a\u043e\u0445 \u043a\u0440\u0430\u043f\u0435\u043b\u044c \u0443 \u0432\u043e\u0434\u0443 \u0434\u043b\u044f \u0432\u0430\u043d\u043d\u0438 \u0430\u0431\u043e \u0434\u0438\u0444\u0443\u0437\u043e\u0440 \u0441\u0442\u0432\u043e\u0440\u044e\u0454 \u0431\u0430\u0434\u044c\u043e\u0440\u0443 \u0442\u0430 \u043e\u0447\u0438\u0449\u0443\u0432\u0430\u043b\u044c\u043d\u0443 \u0430\u0442\u043c\u043e\u0441\u0444\u0435\u0440\u0443 \u2013 \u043e\u0441\u043e\u0431\u043b\u0438\u0432\u043e \u0434\u043e\u0431\u0440\u0435 \u043f\u0456\u0434\u0445\u043e\u0434\u0438\u0442\u044c \u043f\u0456\u0434 \u0447\u0430\u0441 \u043b\u0456\u043a\u0430\u0440\u043d\u044f\u043d\u043e\u0433\u043e.<\/p>\n<ul>\n<li data-start=\"737\" data-end=\"903\">100% \u0447\u0438\u0441\u0442\u0430 \u0435\u0444\u0456\u0440\u043d\u0430 \u043e\u043b\u0456\u044f<\/li>\n<li data-start=\"737\" data-end=\"903\">\u041f\u0456\u0434\u0442\u0440\u0438\u043c\u0443\u0454 \u0434\u0438\u0445\u0430\u043b\u044c\u043d\u0456 \u0448\u043b\u044f\u0445\u0438 \u0442\u0430 \u043f\u043e\u043b\u0435\u0433\u0448\u0443\u0454 \u0441\u0438\u043c\u043f\u0442\u043e\u043c\u0438 \u0437\u0430\u0441\u0442\u0443\u0434\u0438<\/li>\n<li data-start=\"737\" data-end=\"903\">\u041d\u0430\u0442\u0443\u0440\u0430\u043b\u044c\u043d\u0438\u0439 \u0430\u043d\u0442\u0438\u0431\u0430\u043a\u0442\u0435\u0440\u0456\u0430\u043b\u044c\u043d\u0438\u0439 \u0442\u0430 \u043e\u0447\u0438\u0449\u0443\u0432\u0430\u043b\u044c\u043d\u0438\u0439 \u0435\u0444\u0435\u043a\u0442<\/li>\n<li data-start=\"737\" data-end=\"903\">\u0417\u043d\u0456\u043c\u0430\u0454 \u043c&#039;\u044f\u0437\u043e\u0432\u0443 \u043d\u0430\u043f\u0440\u0443\u0433\u0443 \u0442\u0430 \u0443\u043a\u0443\u0441\u0438 \u043a\u043e\u043c\u0430\u0445<\/li>\n<li data-start=\"737\" data-end=\"903\">\u0412\u0438\u043a\u043e\u0440\u0438\u0441\u0442\u0430\u043d\u0430 \u0447\u0430\u0441\u0442\u0438\u043d\u0430 \u0440\u043e\u0441\u043b\u0438\u043d\u0438: \u043b\u0438\u0441\u0442\u044f \u0442\u0430 \u0433\u0456\u043b\u043a\u0438<\/li>\n<li data-start=\"737\" data-end=\"903\">\u041c\u0435\u0442\u043e\u0434 \u0435\u043a\u0441\u0442\u0440\u0430\u043a\u0446\u0456\u0457: \u043f\u0430\u0440\u043e\u0432\u0430 \u0434\u0438\u0441\u0442\u0438\u043b\u044f\u0446\u0456\u044f<\/li>\n<li data-start=\"737\" data-end=\"903\">10 \u043c\u043b \u0443 \u0442\u0435\u043c\u043d\u043e\u043c\u0443 \u0441\u043a\u043b\u044f\u043d\u043e\u043c\u0443 \u0444\u043b\u0430\u043a\u043e\u043d\u0456<\/li>\n<\/ul>\n<p class=\"\" data-start=\"1016\" data-end=\"1185\">\u26a0\ufe0f \u0422\u0456\u043b\u044c\u043a\u0438 \u0434\u043b\u044f \u0437\u043e\u0432\u043d\u0456\u0448\u043d\u044c\u043e\u0433\u043e \u0437\u0430\u0441\u0442\u043e\u0441\u0443\u0432\u0430\u043d\u043d\u044f. \u041d\u0435 \u043a\u043e\u0432\u0442\u0430\u0442\u0438. \u041d\u0435 \u0432\u0438\u043a\u043e\u0440\u0438\u0441\u0442\u043e\u0432\u0443\u0432\u0430\u0442\u0438 \u043f\u0456\u0434 \u0447\u0430\u0441 \u0432\u0430\u0433\u0456\u0442\u043d\u043e\u0441\u0442\u0456 \u0430\u0431\u043e \u0434\u0456\u0442\u044f\u043c \u0432\u0456\u043a\u043e\u043c \u0434\u043e 6 \u0440\u043e\u043a\u0456\u0432. \u0417\u0431\u0435\u0440\u0456\u0433\u0430\u0442\u0438 \u0443 \u043d\u0435\u0434\u043e\u0441\u0442\u0443\u043f\u043d\u043e\u043c\u0443 \u0434\u043b\u044f \u0434\u0456\u0442\u0435\u0439 \u0442\u0430 \u0434\u043e\u043c\u0430\u0448\u043d\u0456\u0445 \u0442\u0432\u0430\u0440\u0438\u043d \u043c\u0456\u0441\u0446\u0456.<\/p>","protected":false},"excerpt":{"rendered":"<p>Eucalyptus Globulus Eukal\u00fcpti eeterlik \u00f5li saadakse Eucalyptus globulus puu lehtedest ja okstest aurudestilleerimise teel. See v\u00e4rske ja teravalt aromaatne \u00f5li on hinnatud&hellip;<\/p>","protected":false},"featured_media":105516,"comment_status":"open","ping_status":"closed","template":"","meta":{"wprm-recipe-roundup-name":"","wprm-recipe-roundup-description":""},"product_brand":[],"product_cat":[5754],"product_tag":[5756],"class_list":{"0":"post-105515","1":"product","2":"type-product","3":"status-publish","4":"has-post-thumbnail","6":"product_cat-eeterlikud-olid-ja-aroomiolid","7":"product_tag-eeterlik-oli","9":"first","10":"instock","11":"taxable","12":"shipping-taxable","13":"purchasable","14":"product-type-simple"},"supplier_id":105232,"supplier_sku":"","barcode":"5055796528400","atum_controlled":true,"out_stock_date":null,"out_stock_threshold":null,"inheritable":false,"inbound_stock":0,"stock_on_hold":0,"sold_today":0,"sales_last_days":0,"reserved_stock":0,"customer_returns":0,"warehouse_damage":0,"lost_in_post":0,"other_logs":0,"out_stock_days":0,"lost_sales":0,"has_location":false,"update_date":"2026-03-07T01:16:14","atum_locations":[],"atum_stock_status":"instock","restock_status":false,"low_stock_amount":"","sales_update_date":"2026-03-07T01:16:14","calc_backorders":null,"aioseo_notices":[],"_links":{"self":[{"href":"https:\/\/ecoshop.ee\/uk\/wp-json\/wp\/v2\/product\/105515","targetHints":{"allow":["GET"]}}],"collection":[{"href":"https:\/\/ecoshop.ee\/uk\/wp-json\/wp\/v2\/product"}],"about":[{"href":"https:\/\/ecoshop.ee\/uk\/wp-json\/wp\/v2\/types\/product"}],"replies":[{"embeddable":true,"href":"https:\/\/ecoshop.ee\/uk\/wp-json\/wp\/v2\/comments?post=105515"}],"version-history":[{"count":0,"href":"https:\/\/ecoshop.ee\/uk\/wp-json\/wp\/v2\/product\/105515\/revisions"}],"wp:featuredmedia":[{"embeddable":true,"href":"https:\/\/ecoshop.ee\/uk\/wp-json\/wp\/v2\/media\/105516"}],"wp:attachment":[{"href":"https:\/\/ecoshop.ee\/uk\/wp-json\/wp\/v2\/media?parent=105515"}],"wp:term":[{"taxonomy":"product_brand","embeddable":true,"href":"https:\/\/ecoshop.ee\/uk\/wp-json\/wp\/v2\/product_brand?post=105515"},{"taxonomy":"product_cat","embeddable":true,"href":"https:\/\/ecoshop.ee\/uk\/wp-json\/wp\/v2\/product_cat?post=105515"},{"taxonomy":"product_tag","embeddable":true,"href":"https:\/\/ecoshop.ee\/uk\/wp-json\/wp\/v2\/product_tag?post=105515"}],"curies":[{"name":"wp","href":"https:\/\/api.w.org\/{rel}","templated":true}]}}