{"id":105521,"date":"2025-04-12T15:34:47","date_gmt":"2025-04-12T13:34:47","guid":{"rendered":"https:\/\/ecoshop.ee\/?post_type=product&#038;p=105521"},"modified":"2026-04-14T22:57:24","modified_gmt":"2026-04-14T19:57:24","slug":"aromatika-%d0%b0%d1%80%d0%be%d0%bc%d0%b0%d1%82%d0%bd%d0%b8%d0%b9-%d0%ba%d0%be%d0%bd%d1%83%d1%81-%d0%b7-%d0%b4%d0%b8%d0%bc%d0%be%d0%bc-%d1%89%d0%be-%d0%bf%d0%b0%d0%b4%d0%b0%d1%94-used-%d0%bb%d0%b0","status":"publish","type":"product","link":"https:\/\/ecoshop.ee\/uk\/viirukid\/aromatika-langeva-suitsuga-viirukikoonused-lavendel\/","title":{"rendered":"Aromatika \u0410\u0440\u043e\u043c\u0430\u0442\u043d\u0438\u0439 \u043a\u043e\u043d\u0443\u0441 \u0437 \u043f\u0430\u0434\u0430\u044e\u0447\u0438\u043c \u0434\u0438\u043c\u043e\u043c used \u2013 \u041b\u0430\u0432\u0430\u043d\u0434\u0430"},"content":{"rendered":"<p class=\"\" data-start=\"176\" data-end=\"450\">\u0410\u0440\u043e\u043c\u0430\u0442\u0438\u0447\u043d\u0456 \u0448\u0438\u0448\u043a\u0438, \u0432\u0438\u0433\u043e\u0442\u043e\u0432\u043b\u0435\u043d\u0456 \u0437 \u043d\u0430\u0442\u0443\u0440\u0430\u043b\u044c\u043d\u0438\u0445 \u0442\u0440\u0430\u0432, \u043e\u043b\u0456\u0439 \u0442\u0430 \u0441\u043c\u043e\u043b, \u0434\u0438\u043c \u044f\u043a\u0438\u0445 \u0432\u0438\u0440\u0438\u0432\u0430\u0454\u0442\u044c\u0441\u044f \u0437\u0456 \u0441\u043f\u0435\u0446\u0456\u0430\u043b\u044c\u043d\u043e\u0433\u043e \u043f\u0430\u043b\u044c\u043d\u0438\u043a\u0430, \u0441\u0442\u0432\u043e\u0440\u044e\u044e\u0447\u0438 \u0432\u0456\u0437\u0443\u0430\u043b\u044c\u043d\u043e \u0447\u0430\u0440\u0456\u0432\u043d\u0443 \u0442\u0430 \u0437\u0430\u0441\u043f\u043e\u043a\u0456\u0439\u043b\u0438\u0432\u0443 \u0430\u0442\u043c\u043e\u0441\u0444\u0435\u0440\u0443. \u0417\u0430\u0441\u043f\u043e\u043a\u0456\u0439\u043b\u0438\u0432\u0438\u0439 \u0430\u0440\u043e\u043c\u0430\u0442 \u043b\u0430\u0432\u0430\u043d\u0434\u0438 \u0456\u0434\u0435\u0430\u043b\u044c\u043d\u043e \u043f\u0456\u0434\u0445\u043e\u0434\u0438\u0442\u044c \u0434\u043b\u044f \u0440\u0435\u043b\u0430\u043a\u0441\u0430\u0446\u0456\u0457, \u043c\u0435\u0434\u0438\u0442\u0430\u0446\u0456\u0457 \u0442\u0430 \u0439\u043e\u0433\u0438.<\/p>\n<p class=\"\" data-start=\"452\" data-end=\"614\">\u041f\u0456\u0434 \u0447\u0430\u0441 \u0433\u043e\u0440\u0456\u043d\u043d\u044f \u0443\u0442\u0432\u043e\u0440\u044e\u0454\u0442\u044c\u0441\u044f \u0434\u0438\u043c, \u044f\u043a\u0438\u0439 \u0432\u0430\u0436\u0447\u0438\u0439 \u0437\u0430 \u043f\u043e\u0432\u0456\u0442\u0440\u044f \u0442\u0430 \u0441\u0442\u0456\u043a\u0430\u0454, \u044f\u043a \u0442\u0443\u043c\u0430\u043d\u043d\u0438\u0439 \u0432\u043e\u0434\u043e\u0441\u043f\u0430\u0434, \u0443 \u043f\u0430\u043b\u044c\u043d\u0438\u043a \u0442\u0430 \u043d\u0430\u0432\u043a\u043e\u043b\u043e \u043d\u044c\u043e\u0433\u043e. \u0426\u0435\u0439 \u0435\u0444\u0435\u043a\u0442 \u0437\u0430\u0431\u0435\u0437\u043f\u0435\u0447\u0443\u0454 \u044f\u043a \u0435\u0441\u0442\u0435\u0442\u0438\u0447\u043d\u0435, \u0442\u0430\u043a \u0456 \u0430\u0440\u043e\u043c\u0430\u0442\u0435\u0440\u0430\u043f\u0435\u0432\u0442\u0438\u0447\u043d\u0435 \u0437\u0430\u0434\u043e\u0432\u043e\u043b\u0435\u043d\u043d\u044f.<\/p>\n<ul>\n<li data-start=\"616\" data-end=\"836\">\u0417\u0430\u0441\u043f\u043e\u043a\u0456\u0439\u043b\u0438\u0432\u0438\u0439 \u0430\u0440\u043e\u043c\u0430\u0442 \u043b\u0430\u0432\u0430\u043d\u0434\u0438<\/li>\n<li data-start=\"616\" data-end=\"836\">\u041f\u0456\u0434\u0445\u043e\u0434\u0438\u0442\u044c \u0434\u043b\u044f \u043c\u0435\u0434\u0438\u0442\u0430\u0446\u0456\u0457, \u0439\u043e\u0433\u0438 \u0442\u0430 \u0440\u0435\u043b\u0430\u043a\u0441\u0430\u0446\u0456\u0457<\/li>\n<li data-start=\"616\" data-end=\"836\">\u0412\u0438\u0433\u043e\u0442\u043e\u0432\u043b\u0435\u043d\u043e \u0437 \u043d\u0430\u0442\u0443\u0440\u0430\u043b\u044c\u043d\u0438\u0445 \u0456\u043d\u0433\u0440\u0435\u0434\u0456\u0454\u043d\u0442\u0456\u0432<\/li>\n<li data-start=\"616\" data-end=\"836\">\u0414\u043b\u044f \u0432\u0438\u043a\u043e\u0440\u0438\u0441\u0442\u0430\u043d\u043d\u044f \u0432 \u043a\u0443\u0440\u0438\u043b\u044c\u043d\u0438\u0446\u044f\u0445 \u0434\u043b\u044f \u043f\u0430\u0445\u043e\u0449\u0456\u0432 \u0437 \u043f\u0430\u0434\u0430\u044e\u0447\u0438\u043c \u0434\u0438\u043c\u043e\u043c<\/li>\n<li data-start=\"616\" data-end=\"836\">\u041a\u0456\u043b\u044c\u043a\u0456\u0441\u0442\u044c \u0432 \u0443\u043f\u0430\u043a\u043e\u0432\u0446\u0456: 10 \u0430\u0440\u043e\u043c\u0430\u0442\u0438\u0447\u043d\u0438\u0445 \u043a\u043e\u043d\u0443\u0441\u0456\u0432<\/li>\n<\/ul>","protected":false},"excerpt":{"rendered":"<p>Looduslikest \u00fcrtidest, \u00f5lidest ja vaikudest valmistatud viirukikoonused, mille suits langeb efektse keerisena spetsiaalse p\u00f5letiga allapoole, luues visuaalselt lummava ja rahustava meeleolu. Lavendli&hellip;<\/p>","protected":false},"featured_media":105522,"comment_status":"open","ping_status":"closed","template":"","meta":{"wprm-recipe-roundup-name":"","wprm-recipe-roundup-description":""},"product_brand":[12007],"product_cat":[5751],"product_tag":[5753],"class_list":{"0":"post-105521","1":"product","2":"type-product","3":"status-publish","4":"has-post-thumbnail","6":"product_brand-aromatika","7":"product_cat-viirukid","8":"product_tag-viiruk","10":"first","11":"instock","12":"taxable","13":"shipping-taxable","14":"purchasable","15":"product-type-simple"},"supplier_id":105232,"supplier_sku":"","barcode":"8902955118934","atum_controlled":true,"out_stock_date":null,"out_stock_threshold":null,"inheritable":false,"inbound_stock":0,"stock_on_hold":0,"sold_today":0,"sales_last_days":0,"reserved_stock":0,"customer_returns":0,"warehouse_damage":0,"lost_in_post":0,"other_logs":0,"out_stock_days":0,"lost_sales":0,"has_location":false,"update_date":"2026-04-14T19:57:25","atum_locations":[],"atum_stock_status":"instock","restock_status":false,"low_stock_amount":"","sales_update_date":"2026-03-07T01:16:14","calc_backorders":null,"aioseo_notices":[],"_links":{"self":[{"href":"https:\/\/ecoshop.ee\/uk\/wp-json\/wp\/v2\/product\/105521","targetHints":{"allow":["GET"]}}],"collection":[{"href":"https:\/\/ecoshop.ee\/uk\/wp-json\/wp\/v2\/product"}],"about":[{"href":"https:\/\/ecoshop.ee\/uk\/wp-json\/wp\/v2\/types\/product"}],"replies":[{"embeddable":true,"href":"https:\/\/ecoshop.ee\/uk\/wp-json\/wp\/v2\/comments?post=105521"}],"version-history":[{"count":0,"href":"https:\/\/ecoshop.ee\/uk\/wp-json\/wp\/v2\/product\/105521\/revisions"}],"wp:featuredmedia":[{"embeddable":true,"href":"https:\/\/ecoshop.ee\/uk\/wp-json\/wp\/v2\/media\/105522"}],"wp:attachment":[{"href":"https:\/\/ecoshop.ee\/uk\/wp-json\/wp\/v2\/media?parent=105521"}],"wp:term":[{"taxonomy":"product_brand","embeddable":true,"href":"https:\/\/ecoshop.ee\/uk\/wp-json\/wp\/v2\/product_brand?post=105521"},{"taxonomy":"product_cat","embeddable":true,"href":"https:\/\/ecoshop.ee\/uk\/wp-json\/wp\/v2\/product_cat?post=105521"},{"taxonomy":"product_tag","embeddable":true,"href":"https:\/\/ecoshop.ee\/uk\/wp-json\/wp\/v2\/product_tag?post=105521"}],"curies":[{"name":"wp","href":"https:\/\/api.w.org\/{rel}","templated":true}]}}