{"id":105530,"date":"2025-04-12T17:43:09","date_gmt":"2025-04-12T15:43:09","guid":{"rendered":"https:\/\/ecoshop.ee\/?post_type=product&#038;p=105530"},"modified":"2025-04-12T17:43:11","modified_gmt":"2025-04-12T15:43:11","slug":"%d0%b0%d1%80%d0%be%d0%bc%d0%b0%d1%82%d0%b8%d0%b7%d0%b0%d1%82%d0%be%d1%80-%d0%b3%d1%96%d0%bc%d0%b0%d0%bb%d0%b0%d0%b9%d1%81%d1%8c%d0%ba%d0%be%d1%97-%d1%81%d0%be%d0%bb%d1%96-%d0%b7-%d0%b5%d1%84%d0%b5","status":"publish","type":"product","link":"https:\/\/ecoshop.ee\/uk\/difuuserid-ja-poletid\/himaalaja-soolaga-aroomi-difuuser-leegiefekt-usb-c\/","title":{"rendered":"\u0410\u0440\u043e\u043c\u0430\u0434\u0438\u0444\u0443\u0437\u043e\u0440 \u0437 \u0433\u0456\u043c\u0430\u043b\u0430\u0439\u0441\u044c\u043a\u043e\u044e \u0441\u0456\u043b\u043b\u044e \u2013 \u0435\u0444\u0435\u043a\u0442 \u043f\u043e\u043b\u0443\u043c&#039;\u044f, USB-C"},"content":{"rendered":"<p class=\"\" data-start=\"164\" data-end=\"349\">\u0410\u0440\u043e\u043c\u0430\u0434\u0438\u0444\u0443\u0437\u043e\u0440, \u0449\u043e \u043f\u043e\u0454\u0434\u043d\u0443\u0454 \u0432\u0456\u0437\u0443\u0430\u043b\u044c\u043d\u0438\u0439 \u0435\u0444\u0435\u043a\u0442 \u043f\u043e\u043b\u0443\u043c&#039;\u044f \u0432\u043e\u0433\u043d\u044e, \u0437\u0430\u0441\u043f\u043e\u043a\u0456\u0439\u043b\u0438\u0432\u043e\u0433\u043e \u0442\u0443\u043c\u0430\u043d\u0443 \u0442\u0430 \u0434\u0456\u044e \u043d\u0430\u0442\u0443\u0440\u0430\u043b\u044c\u043d\u043e\u0457 \u0433\u0456\u043c\u0430\u043b\u0430\u0439\u0441\u044c\u043a\u043e\u0457 \u0441\u043e\u043b\u0456. \u0421\u0442\u0432\u043e\u0440\u0456\u0442\u044c \u043f\u0440\u0438\u0454\u043c\u043d\u0443 \u0442\u0430 \u0433\u0430\u0440\u043c\u043e\u043d\u0456\u0439\u043d\u0443 \u0430\u0442\u043c\u043e\u0441\u0444\u0435\u0440\u0443 \u0443 \u0432\u0430\u0448\u043e\u043c\u0443 \u043f\u0440\u043e\u0441\u0442\u043e\u0440\u0456 \u043b\u0438\u0448\u0435 \u0437\u0430 \u0434\u043e\u043f\u043e\u043c\u043e\u0433\u043e\u044e \u043a\u0456\u043b\u044c\u043a\u043e\u0445 \u043a\u0440\u0430\u043f\u0435\u043b\u044c \u0435\u0444\u0456\u0440\u043d\u043e\u0457 \u043e\u043b\u0456\u0457.<\/p>\n<p class=\"\" data-start=\"351\" data-end=\"588\">\u0423\u043b\u044c\u0442\u0440\u0430\u0437\u0432\u0443\u043a\u043e\u0432\u0430 \u0442\u0435\u0445\u043d\u043e\u043b\u043e\u0433\u0456\u044f \u043c\u0438\u0442\u0442\u0454\u0432\u043e \u0432\u0438\u043f\u0430\u0440\u043e\u0432\u0443\u0454 \u0432\u043e\u0434\u0443 \u0442\u0430 \u043e\u043b\u0456\u044e, \u0441\u0442\u0432\u043e\u0440\u044e\u044e\u0447\u0438 \u043f\u0440\u043e\u0445\u043e\u043b\u043e\u0434\u043d\u0438\u0439 \u0430\u0440\u043e\u043c\u0430\u0442\u043d\u0438\u0439 \u0442\u0443\u043c\u0430\u043d. \u0421\u043e\u043b\u044f\u043d\u0456 \u043a\u0443\u0431\u0438\u043a\u0438, \u0449\u043e \u0432\u0445\u043e\u0434\u044f\u0442\u044c \u0434\u043e \u043a\u043e\u043c\u043f\u043b\u0435\u043a\u0442\u0443, \u043f\u043e\u043a\u0440\u0430\u0449\u0443\u044e\u0442\u044c \u044f\u043a\u0456\u0441\u0442\u044c \u043f\u043e\u0432\u0456\u0442\u0440\u044f \u0442\u0430 \u0434\u043e\u0434\u0430\u044e\u0442\u044c \u043a\u0456\u043c\u043d\u0430\u0442\u0456 \u043f\u0440\u0438\u0440\u043e\u0434\u043d\u043e\u0433\u043e \u0448\u0430\u0440\u043c\u0443. \u0406\u0434\u0435\u0430\u043b\u044c\u043d\u043e \u043f\u0456\u0434\u0445\u043e\u0434\u044f\u0442\u044c \u0434\u043b\u044f \u0432\u0430\u0448\u043e\u0433\u043e \u0434\u043e\u043c\u0443, \u043e\u0444\u0456\u0441\u0443 \u0447\u0438 \u043a\u0443\u0442\u043e\u0447\u043a\u0430 \u0434\u043b\u044f \u043c\u0435\u0434\u0438\u0442\u0430\u0446\u0456\u0457.<\/p>\n<ul>\n<li data-start=\"590\" data-end=\"822\">\u0415\u0444\u0435\u043a\u0442 \u043f\u043e\u043b\u0443\u043c&#039;\u044f \u0442\u0430 \u043d\u0456\u0447\u043d\u0438\u043a<\/li>\n<li data-start=\"590\" data-end=\"822\">\u041c\u0456\u0441\u0442\u043a\u0456\u0441\u0442\u044c: 220 \u043c\u043b<\/li>\n<li data-start=\"590\" data-end=\"822\">\u041f\u0440\u0430\u0446\u044e\u0454 \u0447\u0435\u0440\u0435\u0437 USB-C (\u0434\u043e\u0432\u0436\u0438\u043d\u0430 \u043a\u0430\u0431\u0435\u043b\u044e 100 \u0441\u043c)<\/li>\n<li data-start=\"590\" data-end=\"822\">\u0422\u0430\u0439\u043c\u0435\u0440: 1-3-6 \u0433\u043e\u0434\u0438\u043d<\/li>\n<li data-start=\"590\" data-end=\"822\">\u0420\u043e\u0437\u043c\u0456\u0440\u0438: \u0432\u0438\u0441\u043e\u0442\u0430 12 \u0441\u043c, \u0434\u0456\u0430\u043c\u0435\u0442\u0440 10 \u0441\u043c<\/li>\n<li data-start=\"590\" data-end=\"822\">\u0428\u043c\u0430\u0442\u043e\u0447\u043a\u0438 \u0433\u0456\u043c\u0430\u043b\u0430\u0439\u0441\u044c\u043a\u043e\u0457 \u0441\u043e\u043b\u0456 \u0432 \u043a\u043e\u043c\u043f\u043b\u0435\u043a\u0442\u0456<\/li>\n<\/ul>\n<p class=\"\" data-start=\"824\" data-end=\"875\">\u26a0\ufe0f \u0412\u0438\u043a\u043e\u0440\u0438\u0441\u0442\u043e\u0432\u0443\u0439\u0442\u0435 \u043b\u0438\u0448\u0435 \u0437 \u0435\u0444\u0456\u0440\u043d\u0438\u043c\u0438 \u043e\u043b\u0456\u044f\u043c\u0438, \u0437\u043c\u0456\u0448\u0430\u043d\u0438\u043c\u0438 \u0437 \u0432\u043e\u0434\u043e\u044e!<\/p>","protected":false},"excerpt":{"rendered":"<p>Aroomi difuuser, mis \u00fchendab visuaalse tuleleegi efekti, rahustava udu ja loodusliku Himaalaja soola m\u00f5ju. Loo oma ruumi meeldiv ja tasakaalustav \u00f5hkkond vaid&hellip;<\/p>","protected":false},"featured_media":105533,"comment_status":"open","ping_status":"closed","template":"","meta":{"wprm-recipe-roundup-name":"","wprm-recipe-roundup-description":""},"product_brand":[],"product_cat":[5757],"product_tag":[5758],"class_list":{"0":"post-105530","1":"product","2":"type-product","3":"status-publish","4":"has-post-thumbnail","6":"product_cat-difuuserid-ja-poletid","7":"product_tag-difuuser","9":"first","10":"instock","11":"taxable","12":"shipping-taxable","13":"purchasable","14":"product-type-simple"},"supplier_id":105232,"supplier_sku":"","barcode":"5056368324970","atum_controlled":true,"out_stock_date":null,"out_stock_threshold":null,"inheritable":false,"inbound_stock":0,"stock_on_hold":0,"sold_today":0,"sales_last_days":0,"reserved_stock":0,"customer_returns":0,"warehouse_damage":0,"lost_in_post":0,"other_logs":0,"out_stock_days":0,"lost_sales":0,"has_location":false,"update_date":"2026-03-07T01:16:14","atum_locations":[],"atum_stock_status":"instock","restock_status":false,"low_stock_amount":"","sales_update_date":"2026-03-07T01:16:14","calc_backorders":null,"aioseo_notices":[],"_links":{"self":[{"href":"https:\/\/ecoshop.ee\/uk\/wp-json\/wp\/v2\/product\/105530","targetHints":{"allow":["GET"]}}],"collection":[{"href":"https:\/\/ecoshop.ee\/uk\/wp-json\/wp\/v2\/product"}],"about":[{"href":"https:\/\/ecoshop.ee\/uk\/wp-json\/wp\/v2\/types\/product"}],"replies":[{"embeddable":true,"href":"https:\/\/ecoshop.ee\/uk\/wp-json\/wp\/v2\/comments?post=105530"}],"version-history":[{"count":0,"href":"https:\/\/ecoshop.ee\/uk\/wp-json\/wp\/v2\/product\/105530\/revisions"}],"wp:featuredmedia":[{"embeddable":true,"href":"https:\/\/ecoshop.ee\/uk\/wp-json\/wp\/v2\/media\/105533"}],"wp:attachment":[{"href":"https:\/\/ecoshop.ee\/uk\/wp-json\/wp\/v2\/media?parent=105530"}],"wp:term":[{"taxonomy":"product_brand","embeddable":true,"href":"https:\/\/ecoshop.ee\/uk\/wp-json\/wp\/v2\/product_brand?post=105530"},{"taxonomy":"product_cat","embeddable":true,"href":"https:\/\/ecoshop.ee\/uk\/wp-json\/wp\/v2\/product_cat?post=105530"},{"taxonomy":"product_tag","embeddable":true,"href":"https:\/\/ecoshop.ee\/uk\/wp-json\/wp\/v2\/product_tag?post=105530"}],"curies":[{"name":"wp","href":"https:\/\/api.w.org\/{rel}","templated":true}]}}