{"id":105567,"date":"2025-04-12T19:04:33","date_gmt":"2025-04-12T17:04:33","guid":{"rendered":"https:\/\/ecoshop.ee\/?post_type=product&#038;p=105567"},"modified":"2025-04-12T19:04:34","modified_gmt":"2025-04-12T17:04:34","slug":"%d1%80%d0%b8%d1%82%d1%83%d0%b0%d0%bb%d1%8c%d0%bd%d0%b8%d0%b9-%d1%82%d1%80%d0%b8%d0%bc%d0%b0%d1%87-%d0%b4%d0%bb%d1%8f-%d0%bf%d0%b0%d1%85%d0%be%d1%89%d1%96%d0%b2-%d0%b4%d0%b5%d1%80%d0%b5%d0%b2%d0%be","status":"publish","type":"product","link":"https:\/\/ecoshop.ee\/uk\/difuuserid-ja-poletid\/rituaalne-viirukihoidja-elupuu-11x9-cm\/","title":{"rendered":"\u0420\u0438\u0442\u0443\u0430\u043b\u044c\u043d\u0438\u0439 \u0442\u0440\u0438\u043c\u0430\u0447 \u0434\u043b\u044f \u043f\u0430\u0445\u043e\u0449\u0456\u0432 \u2013 \u0414\u0435\u0440\u0435\u0432\u043e \u0436\u0438\u0442\u0442\u044f (11\u00d79 \u0441\u043c)"},"content":{"rendered":"<p class=\"\" data-start=\"168\" data-end=\"400\">\u0420\u0438\u0442\u0443\u0430\u043b\u044c\u043d\u0430 \u0447\u0430\u0448\u0430 \u0434\u043b\u044f \u043f\u0430\u0445\u043e\u0449\u0456\u0432 \u0440\u0443\u0447\u043d\u043e\u0457 \u0440\u043e\u0431\u043e\u0442\u0438 \u0456\u0437 \u0441\u0438\u043c\u0432\u043e\u043b\u0456\u0447\u043d\u0438\u043c \u0414\u0435\u0440\u0435\u0432\u043e\u043c \u0416\u0438\u0442\u0442\u044f \u0432 \u0446\u0435\u043d\u0442\u0440\u0456 \u2013 \u0441\u0438\u043c\u0432\u043e\u043b\u043e\u043c \u0446\u0438\u043a\u043b\u0443 \u0436\u0438\u0442\u0442\u044f, \u0437\u0440\u043e\u0441\u0442\u0430\u043d\u043d\u044f \u0442\u0430 \u0437\u0432&#039;\u044f\u0437\u043a\u0443. \u0412\u0438\u0433\u043e\u0442\u043e\u0432\u043b\u0435\u043d\u0430 \u0437 \u043d\u0430\u0442\u0443\u0440\u0430\u043b\u044c\u043d\u043e\u0433\u043e \u0434\u0435\u0440\u0435\u0432\u0430 \u043c\u0430\u043d\u0433\u043e, \u0446\u044f \u0447\u0430\u0448\u0430 \u0434\u043b\u044f \u043f\u0430\u0445\u043e\u0449\u0456\u0432 \u0454 \u043c\u0456\u0446\u043d\u043e\u044e, \u043f\u0440\u0438\u0440\u043e\u0434\u043d\u043e\u044e \u0442\u0430 \u043c\u0430\u0454 \u0437\u043c\u0456\u0441\u0442.<\/p>\n<p class=\"\" data-start=\"402\" data-end=\"555\">\u041f\u0440\u043e\u0434\u0443\u043c\u0430\u043d\u0438\u0439 \u0434\u0438\u0437\u0430\u0439\u043d \u0434\u043e\u0437\u0432\u043e\u043b\u044f\u0454 \u0432\u0438\u043a\u043e\u0440\u0438\u0441\u0442\u043e\u0432\u0443\u0432\u0430\u0442\u0438 \u044f\u043a \u043f\u0430\u043b\u0438\u0447\u043a\u0438 \u0434\u043b\u044f \u0430\u0440\u043e\u043c\u0430\u0442\u0456\u0432, \u0442\u0430\u043a \u0456 \u043a\u043e\u043d\u0443\u0441\u0438, \u0449\u043e \u0440\u043e\u0431\u0438\u0442\u044c \u0439\u043e\u0433\u043e \u0443\u043d\u0456\u0432\u0435\u0440\u0441\u0430\u043b\u044c\u043d\u0438\u043c \u0442\u0430 \u043f\u0440\u0438\u0434\u0430\u0442\u043d\u0438\u043c \u0434\u043b\u044f \u0440\u0456\u0437\u043d\u0438\u0445 \u0443\u043f\u043e\u0434\u043e\u0431\u0430\u043d\u044c. \u041d\u0435\u0437\u0430\u043b\u0435\u0436\u043d\u043e \u0432\u0456\u0434 \u0442\u043e\u0433\u043e, \u0447\u0438 \u0432\u0438\u043a\u043e\u0440\u0438\u0441\u0442\u043e\u0432\u0443\u0454\u0442\u044c\u0441\u044f \u0432\u0456\u043d \u0434\u043b\u044f \u043c\u0435\u0434\u0438\u0442\u0430\u0446\u0456\u0457, \u0440\u0438\u0442\u0443\u0430\u043b\u0443 \u0447\u0438 \u043f\u0440\u043e\u0441\u0442\u043e \u0434\u043b\u044f \u0441\u0442\u0432\u043e\u0440\u0435\u043d\u043d\u044f \u043c\u0438\u0440\u043d\u043e\u0433\u043e \u043d\u0430\u0441\u0442\u0440\u043e\u044e, \u0446\u0435\u0439 \u0442\u0440\u0438\u043c\u0430\u0447 \u0434\u043b\u044f \u0430\u0440\u043e\u043c\u0430\u0442\u0456\u0432 \u043f\u0440\u0438\u0432\u043d\u043e\u0441\u0438\u0442\u044c \u0431\u0430\u043b\u0430\u043d\u0441 \u0456 \u0441\u043f\u043e\u043a\u0456\u0439 \u0443 \u043f\u0440\u043e\u0441\u0442\u0456\u0440.<\/p>\n<ul>\n<li data-start=\"557\" data-end=\"769\">\u0412\u0438\u0433\u043e\u0442\u043e\u0432\u043b\u0435\u043d\u043e \u0437 \u043d\u0430\u0442\u0443\u0440\u0430\u043b\u044c\u043d\u043e\u0433\u043e \u0434\u0435\u0440\u0435\u0432\u0430 \u043c\u0430\u043d\u0433\u043e<\/li>\n<li data-start=\"557\" data-end=\"769\">\u0420\u0456\u0437\u044c\u0431\u043b\u0435\u043d\u0438\u0439 \u0441\u0438\u043c\u0432\u043e\u043b \u0414\u0435\u0440\u0435\u0432\u0430 \u0436\u0438\u0442\u0442\u044f \u2013 \u0441\u0438\u043c\u0432\u043e\u043b \u0436\u0438\u0442\u0442\u044f \u0442\u0430 \u0437\u0440\u043e\u0441\u0442\u0430\u043d\u043d\u044f<\/li>\n<li data-start=\"557\" data-end=\"769\">\u0412\u043c\u0456\u0449\u0443\u0454 \u0434\u0432\u0456 \u0430\u0440\u043e\u043c\u0430\u0442\u0438\u0447\u043d\u0456 \u043f\u0430\u043b\u0438\u0447\u043a\u0438 \u0442\u0430 \u043e\u0434\u0438\u043d \u043a\u043e\u043d\u0443\u0441<\/li>\n<li data-start=\"557\" data-end=\"769\">\u0420\u043e\u0437\u043c\u0456\u0440\u0438: \u043f\u0440\u0438\u0431\u043b\u0438\u0437\u043d\u043e 11 \u00d7 9 \u0441\u043c<\/li>\n<li data-start=\"557\" data-end=\"769\">\u041f\u0440\u0430\u043a\u0442\u0438\u0447\u043d\u0438\u0439 \u0442\u0430 \u0434\u0435\u043a\u043e\u0440\u0430\u0442\u0438\u0432\u043d\u0438\u0439 \u2013 \u0456\u0434\u0435\u0430\u043b\u044c\u043d\u0438\u0439 \u043f\u043e\u0434\u0430\u0440\u0443\u043d\u043e\u043a<\/li>\n<\/ul>","protected":false},"excerpt":{"rendered":"<p>K\u00e4sitsi valmistatud rituaalne viirukihoidja, mille keskmes seisab s\u00fcmboolne Elupuu \u2013 elu ringk\u00e4igu, kasvu ja \u00fchenduse t\u00e4his. See naturaalsest mangopuidust valmistatud viirukikauss on&hellip;<\/p>","protected":false},"featured_media":105571,"comment_status":"open","ping_status":"closed","template":"","meta":{"wprm-recipe-roundup-name":"","wprm-recipe-roundup-description":""},"product_brand":[],"product_cat":[5757],"product_tag":[5760],"class_list":{"0":"post-105567","1":"product","2":"type-product","3":"status-publish","4":"has-post-thumbnail","6":"product_cat-difuuserid-ja-poletid","7":"product_tag-viirukihoidja","9":"first","10":"instock","11":"taxable","12":"shipping-taxable","13":"purchasable","14":"product-type-simple"},"supplier_id":105232,"supplier_sku":"","barcode":"5056368340017","atum_controlled":true,"out_stock_date":null,"out_stock_threshold":null,"inheritable":false,"inbound_stock":0,"stock_on_hold":0,"sold_today":0,"sales_last_days":0,"reserved_stock":0,"customer_returns":0,"warehouse_damage":0,"lost_in_post":0,"other_logs":0,"out_stock_days":0,"lost_sales":0,"has_location":false,"update_date":"2026-03-07T01:16:15","atum_locations":[],"atum_stock_status":"instock","restock_status":false,"low_stock_amount":"","sales_update_date":"2026-03-07T01:16:15","calc_backorders":null,"aioseo_notices":[],"_links":{"self":[{"href":"https:\/\/ecoshop.ee\/uk\/wp-json\/wp\/v2\/product\/105567","targetHints":{"allow":["GET"]}}],"collection":[{"href":"https:\/\/ecoshop.ee\/uk\/wp-json\/wp\/v2\/product"}],"about":[{"href":"https:\/\/ecoshop.ee\/uk\/wp-json\/wp\/v2\/types\/product"}],"replies":[{"embeddable":true,"href":"https:\/\/ecoshop.ee\/uk\/wp-json\/wp\/v2\/comments?post=105567"}],"version-history":[{"count":0,"href":"https:\/\/ecoshop.ee\/uk\/wp-json\/wp\/v2\/product\/105567\/revisions"}],"wp:featuredmedia":[{"embeddable":true,"href":"https:\/\/ecoshop.ee\/uk\/wp-json\/wp\/v2\/media\/105571"}],"wp:attachment":[{"href":"https:\/\/ecoshop.ee\/uk\/wp-json\/wp\/v2\/media?parent=105567"}],"wp:term":[{"taxonomy":"product_brand","embeddable":true,"href":"https:\/\/ecoshop.ee\/uk\/wp-json\/wp\/v2\/product_brand?post=105567"},{"taxonomy":"product_cat","embeddable":true,"href":"https:\/\/ecoshop.ee\/uk\/wp-json\/wp\/v2\/product_cat?post=105567"},{"taxonomy":"product_tag","embeddable":true,"href":"https:\/\/ecoshop.ee\/uk\/wp-json\/wp\/v2\/product_tag?post=105567"}],"curies":[{"name":"wp","href":"https:\/\/api.w.org\/{rel}","templated":true}]}}