{"id":105578,"date":"2025-04-12T19:23:54","date_gmt":"2025-04-12T17:23:54","guid":{"rendered":"https:\/\/ecoshop.ee\/?post_type=product&#038;p=105578"},"modified":"2025-04-12T19:23:55","modified_gmt":"2025-04-12T17:23:55","slug":"%d0%bc%d1%96%d0%bd%d1%96-%d0%bf%d0%b0%d0%bb%d0%b8%d1%87%d0%ba%d0%b0-%d0%b0%d1%80%d0%be%d0%bc%d0%b0%d1%82%d1%83-magi-%d0%b7-%d0%bf%d0%b0%d0%b4%d0%b0%d1%8e%d1%87%d0%b8%d0%bc-%d0%b4%d0%b8%d0%bc%d0%be","status":"publish","type":"product","link":"https:\/\/ecoshop.ee\/uk\/difuuserid-ja-poletid\/langeva-suitsuga-viirukipoleti-mini-magi\/","title":{"rendered":"\u041f\u0430\u043b\u044c\u043d\u0438\u043a \u0434\u043b\u044f \u043f\u0430\u0445\u043e\u0449\u0456\u0432 \u0437 \u0434\u0438\u043c\u043e\u043c, \u0449\u043e \u043f\u0430\u0434\u0430\u0454 \u2013 Mini M\u00e4gi"},"content":{"rendered":"<p class=\"\" data-start=\"131\" data-end=\"339\">\u0417\u043d\u0430\u0439\u0434\u0456\u0442\u044c \u0441\u043f\u043e\u043a\u0456\u0439 \u0456 \u0440\u0456\u0432\u043d\u043e\u0432\u0430\u0433\u0443 \u0432 \u043c\u0456\u043d\u0456\u0430\u0442\u044e\u0440\u0456. \u0426\u044f \u043a\u043e\u043c\u043f\u0430\u043a\u0442\u043d\u0430 \u043f\u0430\u043b\u044c\u043d\u0438\u043a \u0434\u043b\u044f \u043a\u0443\u0440\u0456\u043d\u043d\u044f \u0441\u0442\u0432\u043e\u0440\u044e\u0454 \u0432\u0440\u0430\u0436\u0430\u044e\u0447\u0438\u0439 \u0432\u0456\u0437\u0443\u0430\u043b\u044c\u043d\u0438\u0439 \u0435\u0444\u0435\u043a\u0442, \u043a\u043e\u043b\u0438 \u0434\u0438\u043c \u043f\u043e\u0432\u0456\u043b\u044c\u043d\u043e \u0441\u0442\u0456\u043a\u0430\u0454 \u0441\u0445\u0438\u043b\u0430\u043c\u0438 \u043d\u0435\u0432\u0435\u043b\u0438\u043a\u043e\u0457 \u0433\u043e\u0440\u0438, \u0443\u0442\u0432\u043e\u0440\u044e\u044e\u0447\u0438 \u043c\u2019\u044f\u043a\u0456 \u0437\u0430\u0432\u0438\u0442\u043a\u0438 \u0442\u0430 \u0445\u043c\u0430\u0440\u0438 \u0442\u0443\u043c\u0430\u043d\u0443.<\/p>\n<p class=\"\" data-start=\"341\" data-end=\"478\">\u0406\u0434\u0435\u0430\u043b\u044c\u043d\u043e \u043f\u0456\u0434\u0445\u043e\u0434\u0438\u0442\u044c \u0434\u043b\u044f \u043d\u0435\u0432\u0435\u043b\u0438\u043a\u0438\u0445 \u043f\u0440\u0438\u043c\u0456\u0449\u0435\u043d\u044c, \u043d\u0430 \u0441\u0442\u043e\u043b\u0456 \u0447\u0438 \u0432\u0456\u0432\u0442\u0430\u0440\u0456 \u2013 Mini M\u00e4gi \u043c\u0438\u0442\u0442\u0454\u0432\u043e \u043f\u0435\u0440\u0435\u043d\u0435\u0441\u0435 \u0432\u0430\u0441 \u043d\u0430 \u043b\u043e\u043d\u043e \u043f\u0440\u0438\u0440\u043e\u0434\u0438 \u0442\u0430 \u0434\u043e\u043f\u043e\u043c\u043e\u0436\u0435 \u0441\u0442\u0432\u043e\u0440\u0438\u0442\u0438 \u0437\u0430\u0441\u043f\u043e\u043a\u0456\u0439\u043b\u0438\u0432\u0443 \u0430\u0442\u043c\u043e\u0441\u0444\u0435\u0440\u0443.<\/p>\n<ul>\n<li data-start=\"480\" data-end=\"670\">\u041c\u0456\u043d\u0456\u0430\u0442\u044e\u0440\u043d\u0438\u0439 \u0434\u0438\u0437\u0430\u0439\u043d \u2013 \u0456\u0434\u0435\u0430\u043b\u044c\u043d\u043e \u043f\u0456\u0434\u0445\u043e\u0434\u0438\u0442\u044c \u0434\u043b\u044f \u043d\u0435\u0432\u0435\u043b\u0438\u043a\u0438\u0445 \u043f\u0440\u0438\u043c\u0456\u0449\u0435\u043d\u044c<\/li>\n<li data-start=\"480\" data-end=\"670\">\u0414\u0438\u043c \u043b\u043b\u0454\u0442\u044c\u0441\u044f, \u044f\u043a \u0442\u0443\u043c\u0430\u043d, \u043f\u043e \u0441\u0445\u0438\u043b\u0430\u0445 \u043f\u0430\u0433\u043e\u0440\u0431\u0456\u0432<\/li>\n<li data-start=\"480\" data-end=\"670\">\u0412\u0456\u0437\u0443\u0430\u043b\u044c\u043d\u043e \u0437\u0430\u0445\u043e\u043f\u043b\u044e\u0454 \u0442\u0430 \u0437\u0430\u0441\u043f\u043e\u043a\u043e\u044e\u0454 \u043f\u043e\u0447\u0443\u0442\u0442\u044f<\/li>\n<\/ul>\n<p class=\"\" data-start=\"672\" data-end=\"745\">\u26a0\ufe0f \u0429\u043e\u0431 \u0434\u043e\u0441\u044f\u0433\u0442\u0438 \u0435\u0444\u0435\u043a\u0442\u0443 \u043f\u0430\u0434\u0430\u044e\u0447\u043e\u0433\u043e \u0434\u0438\u043c\u0443, \u0432\u0438\u043a\u043e\u0440\u0438\u0441\u0442\u043e\u0432\u0443\u0439\u0442\u0435 \u043b\u0438\u0448\u0435 \u0441\u043f\u0435\u0446\u0456\u0430\u043b\u044c\u043d\u0456 \u043a\u043e\u043d\u0443\u0441\u0438 \u0437 \u043f\u0430\u0445\u043e\u0449\u0430\u043c\u0438, \u0449\u043e \u043f\u0430\u0434\u0430\u044e\u0442\u044c!<\/p>","protected":false},"excerpt":{"rendered":"<p>Leia rahu ja tasakaal miniatuurses vormis. See kompaktne viirukip\u00f5leti loob silmapaistva visuaalse efekti \u2013 suits voolab aeglaselt m\u00f6\u00f6da v\u00e4ikese m\u00e4e n\u00f5lvu allapoole,&hellip;<\/p>","protected":false},"featured_media":105581,"comment_status":"open","ping_status":"closed","template":"","meta":{"wprm-recipe-roundup-name":"","wprm-recipe-roundup-description":""},"product_brand":[],"product_cat":[5757],"product_tag":[5760],"class_list":{"0":"post-105578","1":"product","2":"type-product","3":"status-publish","4":"has-post-thumbnail","6":"product_cat-difuuserid-ja-poletid","7":"product_tag-viirukihoidja","9":"first","10":"instock","11":"taxable","12":"shipping-taxable","13":"purchasable","14":"product-type-simple"},"supplier_id":105232,"supplier_sku":"","barcode":"5056368336881","atum_controlled":true,"out_stock_date":null,"out_stock_threshold":null,"inheritable":false,"inbound_stock":0,"stock_on_hold":0,"sold_today":0,"sales_last_days":0,"reserved_stock":0,"customer_returns":0,"warehouse_damage":0,"lost_in_post":0,"other_logs":0,"out_stock_days":0,"lost_sales":0,"has_location":false,"update_date":"2026-03-07T01:16:15","atum_locations":[],"atum_stock_status":"instock","restock_status":false,"low_stock_amount":"","sales_update_date":"2026-03-07T01:16:15","calc_backorders":null,"aioseo_notices":[],"_links":{"self":[{"href":"https:\/\/ecoshop.ee\/uk\/wp-json\/wp\/v2\/product\/105578","targetHints":{"allow":["GET"]}}],"collection":[{"href":"https:\/\/ecoshop.ee\/uk\/wp-json\/wp\/v2\/product"}],"about":[{"href":"https:\/\/ecoshop.ee\/uk\/wp-json\/wp\/v2\/types\/product"}],"replies":[{"embeddable":true,"href":"https:\/\/ecoshop.ee\/uk\/wp-json\/wp\/v2\/comments?post=105578"}],"version-history":[{"count":0,"href":"https:\/\/ecoshop.ee\/uk\/wp-json\/wp\/v2\/product\/105578\/revisions"}],"wp:featuredmedia":[{"embeddable":true,"href":"https:\/\/ecoshop.ee\/uk\/wp-json\/wp\/v2\/media\/105581"}],"wp:attachment":[{"href":"https:\/\/ecoshop.ee\/uk\/wp-json\/wp\/v2\/media?parent=105578"}],"wp:term":[{"taxonomy":"product_brand","embeddable":true,"href":"https:\/\/ecoshop.ee\/uk\/wp-json\/wp\/v2\/product_brand?post=105578"},{"taxonomy":"product_cat","embeddable":true,"href":"https:\/\/ecoshop.ee\/uk\/wp-json\/wp\/v2\/product_cat?post=105578"},{"taxonomy":"product_tag","embeddable":true,"href":"https:\/\/ecoshop.ee\/uk\/wp-json\/wp\/v2\/product_tag?post=105578"}],"curies":[{"name":"wp","href":"https:\/\/api.w.org\/{rel}","templated":true}]}}