{"id":105703,"date":"2025-04-27T18:48:19","date_gmt":"2025-04-27T15:48:19","guid":{"rendered":"https:\/\/ecoshop.ee\/?post_type=product&#038;p=105703"},"modified":"2025-12-25T19:07:50","modified_gmt":"2025-12-25T16:07:50","slug":"%d0%b2%d0%b5%d0%b3%d0%b0%d0%bd%d1%81%d1%8c%d0%ba%d1%96-%d1%86%d1%83%d0%ba%d0%b5%d1%80%d0%ba%d0%b8-katjes-sour-175%d0%b3","status":"publish","type":"product","link":"https:\/\/ecoshop.ee\/uk\/kommid\/katjes-hapud-vegan-kummikommid-175g\/","title":{"rendered":"\u0412\u0435\u0433\u0430\u043d\u0441\u044c\u043a\u0456 \u0446\u0443\u043a\u0435\u0440\u043a\u0438 Katjes Sour, 175\u0433"},"content":{"rendered":"<p class=\"\" data-start=\"135\" data-end=\"556\">\u0421\u0430\u043b\u0430\u0442\u043d\u0456 \u0446\u0443\u043a\u0435\u0440\u043a\u0438 Katjes Wonderland \u043f\u0435\u0440\u0435\u043d\u0435\u0441\u0443\u0442\u044c \u0432\u0430\u0441 \u0443 \u0447\u0430\u0440\u0456\u0432\u043d\u0438\u0439 \u0441\u0432\u0456\u0442, \u0434\u0435 \u0441\u043e\u043b\u043e\u0434\u043a\u0435 \u0442\u0430 \u043a\u0438\u0441\u043b\u0435 \u0441\u0442\u0432\u043e\u0440\u044e\u044e\u0442\u044c \u0456\u0434\u0435\u0430\u043b\u044c\u043d\u0438\u0439 \u0431\u0430\u043b\u0430\u043d\u0441. \u0423 \u043f&#039;\u044f\u0442\u0438 \u0440\u0456\u0437\u043d\u0438\u0445 \u043a\u043e\u043b\u044c\u043e\u0440\u0430\u0445 \u0442\u0430 \u0441\u043c\u0430\u043a\u0430\u0445 (\u0447\u043e\u0440\u043d\u0430 \u0441\u043c\u043e\u0440\u043e\u0434\u0438\u043d\u0430, \u043f\u0435\u0440\u0441\u0438\u043a, \u043c\u0430\u043b\u0438\u043d\u0430, \u043b\u0430\u0439\u043c \u0442\u0430 \u0447\u0435\u0440\u0432\u043e\u043d\u0438\u0439 \u0430\u043f\u0435\u043b\u044c\u0441\u0438\u043d) \u0432\u0435\u0433\u0430\u043d\u0441\u044c\u043a\u0456 \u0436\u0443\u0432\u0430\u043b\u044c\u043d\u0456 \u0446\u0443\u043a\u0435\u0440\u043a\u0438 \u043f\u0440\u043e\u043f\u043e\u043d\u0443\u044e\u0442\u044c \u0441\u043f\u0440\u0430\u0432\u0436\u043d\u0454 \u0444\u0440\u0443\u043a\u0442\u043e\u0432\u0435 \u0437\u0430\u0434\u043e\u0432\u043e\u043b\u0435\u043d\u043d\u044f. 100% \u0432\u0435\u0433\u0430\u043d\u0441\u044c\u043a\u0456, \u0431\u0435\u0437 \u043f\u0430\u043b\u044c\u043c\u043e\u0432\u043e\u0457 \u043e\u043b\u0456\u0457, \u0431\u0435\u0437 \u0442\u0432\u0430\u0440\u0438\u043d\u043d\u043e\u0433\u043e \u0436\u0435\u043b\u0430\u0442\u0438\u043d\u0443 \u0442\u0430 \u0431\u0435\u0437 \u0448\u0442\u0443\u0447\u043d\u0438\u0445 \u0430\u0440\u043e\u043c\u0430\u0442\u0438\u0437\u0430\u0442\u043e\u0440\u0456\u0432. \u0417\u0456\u0440\u043a\u0438 \u0432\u0435\u0433\u0430\u043d\u0441\u044c\u043a\u043e\u0457 \u0440\u043e\u0434\u0438\u043d\u0438 Katjes, \u0442\u0430\u043a\u0456 \u044f\u043a \u0422\u0440\u043e\u043f\u0456\u0447\u043d\u0456 \u0444\u0440\u0443\u043a\u0442\u0438 \u0442\u0430 \u041a\u043e\u0442\u044f\u0447\u0456 \u043b\u0430\u043f\u043a\u0438, \u0442\u0435\u043f\u0435\u0440 \u043e\u0442\u0440\u0438\u043c\u0443\u044e\u0442\u044c \u0433\u0456\u0434\u043d\u0435 \u0434\u043e\u043f\u043e\u0432\u043d\u0435\u043d\u043d\u044f!<\/p>\n<ul data-start=\"558\" data-end=\"651\">\n<li class=\"\" data-start=\"558\" data-end=\"572\">\n<p class=\"\" data-start=\"560\" data-end=\"572\">100% \u0432\u0435\u0433\u0430\u043d\u0441\u044c\u043a\u0438\u0439<\/p>\n<\/li>\n<li class=\"\" data-start=\"573\" data-end=\"592\">\n<p class=\"\" data-start=\"575\" data-end=\"592\">\u0411\u0435\u0437 \u043f\u0430\u043b\u044c\u043c\u043e\u0432\u043e\u0457 \u043e\u043b\u0456\u0457<\/p>\n<\/li>\n<li class=\"\" data-start=\"573\" data-end=\"592\">\n<p class=\"\" data-start=\"575\" data-end=\"592\">\u0411\u0435\u0437 \u0442\u0432\u0430\u0440\u0438\u043d\u043d\u043e\u0433\u043e \u0436\u0435\u043b\u0430\u0442\u0438\u043d\u0443<\/p>\n<\/li>\n<li class=\"\" data-start=\"621\" data-end=\"651\">\n<p class=\"\" data-start=\"623\" data-end=\"651\">\u0411\u0435\u0437 \u0448\u0442\u0443\u0447\u043d\u0438\u0445 \u0430\u0440\u043e\u043c\u0430\u0442\u0438\u0437\u0430\u0442\u043e\u0440\u0456\u0432<\/p>\n<\/li>\n<\/ul>","protected":false},"excerpt":{"rendered":"<p>Katjes Wonderland Sour viib sind v\u00f5lumaailma, kus magus ja hapu loovad t\u00e4iusliku tasakaalu. Viies erinevas v\u00e4rvitoonis ja maitses (musts\u00f5star, virsik, vaarikas, laim&hellip;<\/p>","protected":false},"featured_media":105704,"comment_status":"open","ping_status":"closed","template":"","meta":{"wprm-recipe-roundup-name":"","wprm-recipe-roundup-description":""},"product_brand":[12006],"product_cat":[160],"product_tag":[316],"class_list":{"0":"post-105703","1":"product","2":"type-product","3":"status-publish","4":"has-post-thumbnail","6":"product_brand-katjes","7":"product_cat-kommid","8":"product_tag-kummikommid","9":"j79_wcxd_expiry_type-best-before","11":"first","12":"outofstock","13":"taxable","14":"shipping-taxable","15":"purchasable","16":"product-type-simple"},"supplier_id":9137,"supplier_sku":"","barcode":"4037400344782","atum_controlled":true,"out_stock_date":"2025-11-21 08:14:24","out_stock_threshold":null,"inheritable":false,"inbound_stock":0,"stock_on_hold":0,"sold_today":0,"sales_last_days":0,"reserved_stock":0,"customer_returns":0,"warehouse_damage":0,"lost_in_post":0,"other_logs":0,"out_stock_days":105,"lost_sales":34,"has_location":false,"update_date":"2026-03-07T01:16:07","atum_locations":[],"atum_stock_status":"outofstock","restock_status":false,"low_stock_amount":"","sales_update_date":"2026-03-07T01:16:07","calc_backorders":null,"aioseo_notices":[],"_links":{"self":[{"href":"https:\/\/ecoshop.ee\/uk\/wp-json\/wp\/v2\/product\/105703","targetHints":{"allow":["GET"]}}],"collection":[{"href":"https:\/\/ecoshop.ee\/uk\/wp-json\/wp\/v2\/product"}],"about":[{"href":"https:\/\/ecoshop.ee\/uk\/wp-json\/wp\/v2\/types\/product"}],"replies":[{"embeddable":true,"href":"https:\/\/ecoshop.ee\/uk\/wp-json\/wp\/v2\/comments?post=105703"}],"version-history":[{"count":0,"href":"https:\/\/ecoshop.ee\/uk\/wp-json\/wp\/v2\/product\/105703\/revisions"}],"wp:featuredmedia":[{"embeddable":true,"href":"https:\/\/ecoshop.ee\/uk\/wp-json\/wp\/v2\/media\/105704"}],"wp:attachment":[{"href":"https:\/\/ecoshop.ee\/uk\/wp-json\/wp\/v2\/media?parent=105703"}],"wp:term":[{"taxonomy":"product_brand","embeddable":true,"href":"https:\/\/ecoshop.ee\/uk\/wp-json\/wp\/v2\/product_brand?post=105703"},{"taxonomy":"product_cat","embeddable":true,"href":"https:\/\/ecoshop.ee\/uk\/wp-json\/wp\/v2\/product_cat?post=105703"},{"taxonomy":"product_tag","embeddable":true,"href":"https:\/\/ecoshop.ee\/uk\/wp-json\/wp\/v2\/product_tag?post=105703"}],"curies":[{"name":"wp","href":"https:\/\/api.w.org\/{rel}","templated":true}]}}