{"id":105719,"date":"2025-04-27T19:52:36","date_gmt":"2025-04-27T16:52:36","guid":{"rendered":"https:\/\/ecoshop.ee\/?post_type=product&#038;p=105719"},"modified":"2025-12-25T19:04:33","modified_gmt":"2025-12-25T16:04:33","slug":"%d0%be%d1%80%d0%b3%d0%b0%d0%bd%d1%96%d1%87%d0%bd%d0%b8%d0%b9-%d1%88%d0%be%d0%ba%d0%be%d0%bb%d0%b0%d0%b4%d0%bd%d0%b8%d0%b9-%d0%b1%d0%b0%d1%82%d0%be%d0%bd%d1%87%d0%b8%d0%ba-vantastic-%d0%b7%d1%96-%d1%81","status":"publish","type":"product","link":"https:\/\/ecoshop.ee\/uk\/sokolaadid\/vantastic-mandlimaitseline-sokolaadibatoon-mahe-40g\/","title":{"rendered":"\u0428\u043e\u043a\u043e\u043b\u0430\u0434\u043d\u0438\u0439 \u0431\u0430\u0442\u043e\u043d\u0447\u0438\u043a Vantastic \u0437\u0456 \u0441\u043c\u0430\u043a\u043e\u043c \u043c\u0438\u0433\u0434\u0430\u043b\u044e, \u043e\u0440\u0433\u0430\u043d\u0456\u0447\u043d\u0438\u0439, 40 \u0433"},"content":{"rendered":"<p class=\"\" data-start=\"149\" data-end=\"488\">\u0428\u043e\u043a\u043e\u043b\u0430\u0434\u043d\u0438\u0439 \u0431\u0430\u0442\u043e\u043d\u0447\u0438\u043a Vantastic Almond \u043f\u043e\u0454\u0434\u043d\u0443\u0454 \u0432 \u0441\u043e\u0431\u0456 \u0432\u0435\u0440\u0448\u043a\u043e\u0432\u0438\u0439 \u043c\u0438\u0433\u0434\u0430\u043b\u0435\u0432\u0438\u0439 \u043a\u0440\u0435\u043c \u0456\u0437 \u0448\u043e\u043a\u043e\u043b\u0430\u0434\u043d\u043e\u044e \u0433\u043b\u0430\u0437\u0443\u0440&#039;\u044e, \u043f\u0440\u043e\u043f\u043e\u043d\u0443\u044e\u0447\u0438 \u0441\u043c\u0430\u043a \u043a\u043b\u0430\u0441\u0438\u0447\u043d\u043e\u0433\u043e \u043c\u0438\u0433\u0434\u0430\u043b\u0435\u0432\u043e\u0433\u043e \u0431\u0430\u0442\u043e\u043d\u0447\u0438\u043a\u0430 \u0432 \u0430\u0431\u0441\u043e\u043b\u044e\u0442\u043d\u043e \u043d\u043e\u0432\u0456\u0439, \u043f\u043e\u043a\u0440\u0430\u0449\u0435\u043d\u0456\u0439 \u0432\u0435\u0433\u0430\u043d\u0441\u044c\u043a\u0456\u0439 \u0432\u0435\u0440\u0441\u0456\u0457. \u0426\u0456 \u043e\u0440\u0433\u0430\u043d\u0456\u0447\u043d\u0456 \u043b\u0430\u0441\u043e\u0449\u0456 \u0431\u0435\u0437 \u043f\u0430\u043b\u044c\u043c\u043e\u0432\u043e\u0457 \u043e\u043b\u0456\u0457 \u0456\u0434\u0435\u0430\u043b\u044c\u043d\u043e \u043f\u0456\u0434\u0445\u043e\u0434\u044f\u0442\u044c \u0434\u043b\u044f \u0448\u0432\u0438\u0434\u043a\u043e\u0433\u043e \u043f\u0435\u0440\u0435\u043a\u0443\u0441\u0443 \u0432 \u0434\u043e\u0440\u043e\u0437\u0456. \u0421\u043f\u0440\u0430\u0432\u0436\u043d\u0456 \u043b\u0430\u0441\u043e\u0449\u0456 \u0431\u0435\u0437 \u0456\u043d\u0433\u0440\u0435\u0434\u0456\u0454\u043d\u0442\u0456\u0432 \u0442\u0432\u0430\u0440\u0438\u043d\u043d\u043e\u0433\u043e \u043f\u043e\u0445\u043e\u0434\u0436\u0435\u043d\u043d\u044f!<\/p>\n<ul data-start=\"490\" data-end=\"580\">\n<li class=\"\" data-start=\"490\" data-end=\"528\">\n<p class=\"\" data-start=\"492\" data-end=\"528\">\u0412\u0435\u0433\u0430\u043d\u0441\u044c\u043a\u0430 \u0430\u043b\u044c\u0442\u0435\u0440\u043d\u0430\u0442\u0438\u0432\u0430 \u0448\u043e\u043a\u043e\u043b\u0430\u0434\u043d\u0438\u043c \u0431\u0430\u0442\u043e\u043d\u0447\u0438\u043a\u0430\u043c<\/p>\n<\/li>\n<li class=\"\" data-start=\"529\" data-end=\"553\">\n<p class=\"\" data-start=\"531\" data-end=\"553\">\u041e\u0440\u0433\u0430\u043d\u0456\u0447\u043d\u0438\u0439 \u0442\u0430 \u0431\u0435\u0437 \u043f\u0430\u043b\u044c\u043c\u043e\u0432\u043e\u0457 \u043e\u043b\u0456\u0457<\/p>\n<\/li>\n<li class=\"\" data-start=\"554\" data-end=\"580\">\n<p class=\"\" data-start=\"556\" data-end=\"580\">\u0406\u0434\u0435\u0430\u043b\u044c\u043d\u043e \u043f\u0456\u0434\u0445\u043e\u0434\u0438\u0442\u044c \u0434\u043b\u044f \u0442\u043e\u0433\u043e, \u0449\u043e\u0431 \u0432\u0437\u044f\u0442\u0438 \u0437 \u0441\u043e\u0431\u043e\u044e<\/p>\n<\/li>\n<\/ul>","protected":false},"excerpt":{"rendered":"<p>Vantastic mandlimaitseline \u0161okolaadibatoon \u00fchendab maheda mandlikreemi ja \u0161okolaadiglasuuri, pakkudes klassikalise mandlibatooni maitset t\u00e4iesti uues, t\u00e4iustatud veganversioonis. See mahe ja palmi\u00f5livaba maiuspala sobib&hellip;<\/p>","protected":false},"featured_media":105720,"comment_status":"open","ping_status":"closed","template":"","meta":{"wprm-recipe-roundup-name":"","wprm-recipe-roundup-description":""},"product_brand":[12022],"product_cat":[141,303],"product_tag":[297,5779,142],"class_list":{"0":"post-105719","1":"product","2":"type-product","3":"status-publish","4":"has-post-thumbnail","6":"product_brand-vantastic","7":"product_cat-sokolaadid","8":"product_cat-mahetooted","9":"product_tag-mahe","10":"product_tag-mandel","11":"product_tag-sokolaad","12":"j79_wcxd_expiry_type-best-before","14":"first","15":"instock","16":"taxable","17":"shipping-taxable","18":"purchasable","19":"product-type-simple"},"supplier_id":9137,"supplier_sku":"","barcode":"4260661092189","atum_controlled":true,"out_stock_date":null,"out_stock_threshold":null,"inheritable":false,"inbound_stock":0,"stock_on_hold":0,"sold_today":0,"sales_last_days":0,"reserved_stock":0,"customer_returns":0,"warehouse_damage":0,"lost_in_post":0,"other_logs":0,"out_stock_days":0,"lost_sales":0,"has_location":false,"update_date":"2026-03-23T16:05:57","atum_locations":[],"atum_stock_status":"instock","restock_status":false,"low_stock_amount":"","sales_update_date":"2026-03-23T16:05:57","calc_backorders":null,"aioseo_notices":[],"_links":{"self":[{"href":"https:\/\/ecoshop.ee\/uk\/wp-json\/wp\/v2\/product\/105719","targetHints":{"allow":["GET"]}}],"collection":[{"href":"https:\/\/ecoshop.ee\/uk\/wp-json\/wp\/v2\/product"}],"about":[{"href":"https:\/\/ecoshop.ee\/uk\/wp-json\/wp\/v2\/types\/product"}],"replies":[{"embeddable":true,"href":"https:\/\/ecoshop.ee\/uk\/wp-json\/wp\/v2\/comments?post=105719"}],"version-history":[{"count":0,"href":"https:\/\/ecoshop.ee\/uk\/wp-json\/wp\/v2\/product\/105719\/revisions"}],"wp:featuredmedia":[{"embeddable":true,"href":"https:\/\/ecoshop.ee\/uk\/wp-json\/wp\/v2\/media\/105720"}],"wp:attachment":[{"href":"https:\/\/ecoshop.ee\/uk\/wp-json\/wp\/v2\/media?parent=105719"}],"wp:term":[{"taxonomy":"product_brand","embeddable":true,"href":"https:\/\/ecoshop.ee\/uk\/wp-json\/wp\/v2\/product_brand?post=105719"},{"taxonomy":"product_cat","embeddable":true,"href":"https:\/\/ecoshop.ee\/uk\/wp-json\/wp\/v2\/product_cat?post=105719"},{"taxonomy":"product_tag","embeddable":true,"href":"https:\/\/ecoshop.ee\/uk\/wp-json\/wp\/v2\/product_tag?post=105719"}],"curies":[{"name":"wp","href":"https:\/\/api.w.org\/{rel}","templated":true}]}}