{"id":105726,"date":"2025-04-27T22:58:22","date_gmt":"2025-04-27T19:58:22","guid":{"rendered":"https:\/\/ecoshop.ee\/?post_type=product&#038;p=105726"},"modified":"2026-03-13T01:02:56","modified_gmt":"2026-03-12T22:02:56","slug":"%d0%be%d1%80%d0%b3%d0%b0%d0%bd%d1%96%d1%87%d0%bd%d0%b8%d0%b9-%d1%88%d0%be%d0%ba%d0%be%d0%bb%d0%b0%d0%b4-ichoc-%d0%b7%d1%96-%d1%81%d0%bc%d0%b0%d0%ba%d0%be%d0%bc-%d0%b1%d1%83%d0%bb%d0%be%d1%87%d0%ba","status":"publish","type":"product","link":"https:\/\/ecoshop.ee\/uk\/sokolaadid\/ichoc-kaneelisaia-maitsega-sokolaad-mahe-80g\/","title":{"rendered":"\u0428\u043e\u043a\u043e\u043b\u0430\u0434 iChoc \u0437\u0456 \u0441\u043c\u0430\u043a\u043e\u043c \u0431\u0443\u043b\u043e\u0447\u043a\u0438 \u0437 \u043a\u043e\u0440\u0438\u0446\u0435\u044e, \u043e\u0440\u0433\u0430\u043d\u0456\u0447\u043d\u0438\u0439, 80 \u0433"},"content":{"rendered":"<p>\u0428\u043e\u043a\u043e\u043b\u0430\u0434\u043d\u0430 \u0431\u0443\u043b\u043e\u0447\u043a\u0430 \u0437 \u043a\u043e\u0440\u0438\u0446\u0435\u044e iChoc \u043f\u043e\u0454\u0434\u043d\u0443\u0454 \u0432 \u0441\u043e\u0431\u0456 \u0432\u0435\u0440\u0448\u043a\u043e\u0432\u0438\u0439 \u043e\u0440\u0433\u0430\u043d\u0456\u0447\u043d\u0438\u0439 \u0448\u043e\u043a\u043e\u043b\u0430\u0434 \u0442\u0430 \u0447\u0430\u0440\u0456\u0432\u043d\u0438\u0439 \u0441\u043c\u0430\u043a \u0434\u043e\u043c\u0430\u0448\u043d\u044c\u043e\u0457 \u0431\u0443\u043b\u043e\u0447\u043a\u0438 \u0437 \u043a\u043e\u0440\u0438\u0446\u0435\u044e. \u0421\u043f\u0440\u0430\u0432\u0434\u0456 \u0441\u043c\u0430\u0447\u043d\u0438\u0439 \u0434\u043e\u0441\u0432\u0456\u0434 \u0434\u043b\u044f \u0442\u0438\u0445, \u0445\u0442\u043e \u043b\u044e\u0431\u0438\u0442\u044c \u0441\u043e\u043b\u043e\u0434\u043a\u0435 \u0442\u0430 \u043f\u0440\u044f\u043d\u0435 \u043f\u043e\u0454\u0434\u043d\u0430\u043d\u043d\u044f. 100% \u043d\u0430 \u0440\u043e\u0441\u043b\u0438\u043d\u043d\u0456\u0439 \u043e\u0441\u043d\u043e\u0432\u0456, \u0431\u0435\u0437 \u043f\u0430\u043b\u044c\u043c\u043e\u0432\u043e\u0457 \u043e\u043b\u0456\u0457 \u0442\u0430 \u0432\u0438\u0433\u043e\u0442\u043e\u0432\u043b\u0435\u043d\u0430 \u0437 \u0440\u0435\u0442\u0435\u043b\u044c\u043d\u043e \u0432\u0456\u0434\u0456\u0431\u0440\u0430\u043d\u0438\u0445 \u043e\u0440\u0433\u0430\u043d\u0456\u0447\u043d\u0438\u0445 \u0456\u043d\u0433\u0440\u0435\u0434\u0456\u0454\u043d\u0442\u0456\u0432 \u2013 \u0456\u0434\u0435\u0430\u043b\u044c\u043d\u0456 \u043b\u0430\u0441\u043e\u0449\u0456 \u0434\u043b\u044f \u043a\u043e\u0436\u043d\u043e\u0457 \u043c\u0438\u0442\u0456!<\/p>","protected":false},"excerpt":{"rendered":"<p>iChoc kaneelisaia maitsega \u0161okolaad toob kokku kreemja mahe\u0161okolaadi ja koduse kaneelirulli v\u00f5luva maitse. T\u00f5eliselt maitsek\u00fcllane elamus neile, kes armastavad magusaid ja v\u00fcrtsikaid&hellip;<\/p>","protected":false},"featured_media":105728,"comment_status":"open","ping_status":"closed","template":"","meta":{"wprm-recipe-roundup-name":"","wprm-recipe-roundup-description":""},"product_brand":[12028],"product_cat":[141,303],"product_tag":[297,142],"class_list":{"0":"post-105726","1":"product","2":"type-product","3":"status-publish","4":"has-post-thumbnail","6":"product_brand-ichoc","7":"product_cat-sokolaadid","8":"product_cat-mahetooted","9":"product_tag-mahe","10":"product_tag-sokolaad","11":"j79_wcxd_expiry_type-best-before","13":"first","14":"instock","15":"taxable","16":"shipping-taxable","17":"purchasable","18":"product-type-simple"},"supplier_id":390160,"supplier_sku":"","barcode":"4044889004878","atum_controlled":true,"out_stock_date":null,"out_stock_threshold":null,"inheritable":false,"inbound_stock":0,"stock_on_hold":0,"sold_today":0,"sales_last_days":0,"reserved_stock":0,"customer_returns":0,"warehouse_damage":0,"lost_in_post":0,"other_logs":0,"out_stock_days":0,"lost_sales":0,"has_location":false,"update_date":"2026-03-23T16:05:57","atum_locations":[],"atum_stock_status":"instock","restock_status":false,"low_stock_amount":"","sales_update_date":"2026-03-23T16:05:57","calc_backorders":null,"aioseo_notices":[],"_links":{"self":[{"href":"https:\/\/ecoshop.ee\/uk\/wp-json\/wp\/v2\/product\/105726","targetHints":{"allow":["GET"]}}],"collection":[{"href":"https:\/\/ecoshop.ee\/uk\/wp-json\/wp\/v2\/product"}],"about":[{"href":"https:\/\/ecoshop.ee\/uk\/wp-json\/wp\/v2\/types\/product"}],"replies":[{"embeddable":true,"href":"https:\/\/ecoshop.ee\/uk\/wp-json\/wp\/v2\/comments?post=105726"}],"version-history":[{"count":0,"href":"https:\/\/ecoshop.ee\/uk\/wp-json\/wp\/v2\/product\/105726\/revisions"}],"wp:featuredmedia":[{"embeddable":true,"href":"https:\/\/ecoshop.ee\/uk\/wp-json\/wp\/v2\/media\/105728"}],"wp:attachment":[{"href":"https:\/\/ecoshop.ee\/uk\/wp-json\/wp\/v2\/media?parent=105726"}],"wp:term":[{"taxonomy":"product_brand","embeddable":true,"href":"https:\/\/ecoshop.ee\/uk\/wp-json\/wp\/v2\/product_brand?post=105726"},{"taxonomy":"product_cat","embeddable":true,"href":"https:\/\/ecoshop.ee\/uk\/wp-json\/wp\/v2\/product_cat?post=105726"},{"taxonomy":"product_tag","embeddable":true,"href":"https:\/\/ecoshop.ee\/uk\/wp-json\/wp\/v2\/product_tag?post=105726"}],"curies":[{"name":"wp","href":"https:\/\/api.w.org\/{rel}","templated":true}]}}