{"id":105730,"date":"2025-04-27T23:10:09","date_gmt":"2025-04-27T20:10:09","guid":{"rendered":"https:\/\/ecoshop.ee\/?post_type=product&#038;p=105730"},"modified":"2026-05-04T11:29:13","modified_gmt":"2026-05-04T08:29:13","slug":"ichoc-%d0%ba%d0%bb%d0%b0%d1%81%d0%b8%d1%87%d0%bd%d0%b8%d0%b9-%d0%b2%d0%b5%d0%b3%d0%b0%d0%bd%d1%81%d1%8c%d0%ba%d0%b8%d0%b9-%d0%bc%d0%be%d0%bb%d0%be%d1%87%d0%bd%d0%b8%d0%b9-%d1%88%d0%be%d0%ba%d0%be","status":"publish","type":"product","link":"https:\/\/ecoshop.ee\/uk\/sokolaadid\/ichoc-klassikaline-vegan-piimasokolaad-mahe-80g\/","title":{"rendered":"iChoc \u043a\u043b\u0430\u0441\u0438\u0447\u043d\u0438\u0439 \u0432\u0435\u0433\u0430\u043d\u0441\u044c\u043a\u0438\u0439 \u043c\u043e\u043b\u043e\u0447\u043d\u0438\u0439 \u0448\u043e\u043a\u043e\u043b\u0430\u0434, \u043e\u0440\u0433\u0430\u043d\u0456\u0447\u043d\u0438\u0439, 80 \u0433"},"content":{"rendered":"<p class=\"\" data-start=\"141\" data-end=\"464\">\u041a\u043b\u0430\u0441\u0438\u0447\u043d\u0438\u0439 \u0432\u0435\u0433\u0430\u043d\u0441\u044c\u043a\u0438\u0439 \u043c\u043e\u043b\u043e\u0447\u043d\u0438\u0439 \u0448\u043e\u043a\u043e\u043b\u0430\u0434 iChoc \u043f\u0440\u043e\u043f\u043e\u043d\u0443\u0454 \u0448\u043e\u0432\u043a\u043e\u0432\u0438\u0441\u0442\u0438\u0439, \u0432\u0435\u0440\u0448\u043a\u043e\u0432\u0438\u0439 \u0441\u043c\u0430\u043a \u043d\u0430 \u043e\u0441\u043d\u043e\u0432\u0456 \u043a\u0430\u043a\u0430\u043e-\u043c\u0430\u0441\u043b\u0430 \u0442\u0430 \u043c\u0438\u0433\u0434\u0430\u043b\u0435\u0432\u043e\u0457 \u043e\u043b\u0456\u0457. \u0420\u043e\u0441\u043b\u0438\u043d\u043d\u0430 \u043b\u0430\u0441\u043e\u0449\u0430, \u044f\u043a\u0430 \u0434\u043e\u0432\u043e\u0434\u0438\u0442\u044c, \u0449\u043e \u0432\u0435\u0433\u0430\u043d\u0441\u044c\u043a\u0438\u0439 \u0448\u043e\u043a\u043e\u043b\u0430\u0434 \u043c\u043e\u0436\u0435 \u0431\u0443\u0442\u0438 \u0442\u0430\u043a\u0438\u043c \u0436\u0435 \u043f\u0440\u0438\u0454\u043c\u043d\u0438\u043c, \u044f\u043a \u0456 \u043a\u043b\u0430\u0441\u0438\u0447\u043d\u0438\u0439 \u043c\u043e\u043b\u043e\u0447\u043d\u0438\u0439 \u0448\u043e\u043a\u043e\u043b\u0430\u0434. \u0412\u0438\u0433\u043e\u0442\u043e\u0432\u043b\u0435\u043d\u0438\u0439 \u043b\u0438\u0448\u0435 \u0437 \u043e\u0440\u0433\u0430\u043d\u0456\u0447\u043d\u0438\u0445 \u0456\u043d\u0433\u0440\u0435\u0434\u0456\u0454\u043d\u0442\u0456\u0432, \u0431\u0435\u0437 \u043f\u0430\u043b\u044c\u043c\u043e\u0432\u043e\u0457 \u043e\u043b\u0456\u0457 \u0442\u0430 \u0443\u043f\u0430\u043a\u043e\u0432\u0430\u043d\u0438\u0439 \u0443 \u0443\u043f\u0430\u043a\u043e\u0432\u043a\u0443 \u0431\u0435\u0437 \u043f\u043b\u0430\u0441\u0442\u0438\u043a\u0443, \u044f\u043a\u0443 \u043c\u043e\u0436\u043d\u0430 \u043a\u043e\u043c\u043f\u043e\u0441\u0442\u0443\u0432\u0430\u0442\u0438 \u0432 \u0434\u043e\u043c\u0430\u0448\u043d\u0456\u0445 \u0443\u043c\u043e\u0432\u0430\u0445.<\/p>\n<ul data-start=\"466\" data-end=\"561\">\n<li class=\"\" data-start=\"466\" data-end=\"498\">\n<p class=\"\" data-start=\"468\" data-end=\"498\">\u0412\u0438\u0433\u043e\u0442\u043e\u0432\u043b\u0435\u043d\u043e \u0437 \u0440\u043e\u0441\u043b\u0438\u043d\u043d\u0438\u0445 \u0456\u043d\u0433\u0440\u0435\u0434\u0456\u0454\u043d\u0442\u0456\u0432<\/p>\n<\/li>\n<li class=\"\" data-start=\"499\" data-end=\"523\">\n<p class=\"\" data-start=\"501\" data-end=\"523\">\u041e\u0440\u0433\u0430\u043d\u0456\u0447\u043d\u0438\u0439 \u0442\u0430 \u0431\u0435\u0437 \u043f\u0430\u043b\u044c\u043c\u043e\u0432\u043e\u0457 \u043e\u043b\u0456\u0457<\/p>\n<\/li>\n<li class=\"\" data-start=\"524\" data-end=\"561\">\n<p class=\"\" data-start=\"526\" data-end=\"561\">\u0415\u043a\u043e\u043b\u043e\u0433\u0456\u0447\u043d\u043e \u0447\u0438\u0441\u0442\u0430 \u0443\u043f\u0430\u043a\u043e\u0432\u043a\u0430 \u0431\u0435\u0437 \u043f\u043b\u0430\u0441\u0442\u0438\u043a\u0443<\/p>\n<\/li>\n<\/ul>","protected":false},"excerpt":{"rendered":"<p>iChoc klassikaline vegan piima\u0161okolaad pakub siidiselt kreemjat maitseelamust kakaov\u00f5i ja mandli\u00f5li baasil. Taimselt valmistatud maius, mis t\u00f5estab, et vegan\u0161okolaad v\u00f5ib olla sama&hellip;<\/p>","protected":false},"featured_media":105733,"comment_status":"open","ping_status":"closed","template":"","meta":{"wprm-recipe-roundup-name":"","wprm-recipe-roundup-description":""},"product_brand":[12028],"product_cat":[141,303],"product_tag":[297,142],"class_list":{"0":"post-105730","1":"product","2":"type-product","3":"status-publish","4":"has-post-thumbnail","6":"product_brand-ichoc","7":"product_cat-sokolaadid","8":"product_cat-mahetooted","9":"product_tag-mahe","10":"product_tag-sokolaad","11":"j79_wcxd_expiry_type-best-before","13":"first","14":"instock","15":"taxable","16":"shipping-taxable","17":"purchasable","18":"product-type-simple"},"supplier_id":390160,"supplier_sku":"","barcode":"4044889004595","atum_controlled":true,"out_stock_date":null,"out_stock_threshold":null,"inheritable":false,"inbound_stock":0,"stock_on_hold":0,"sold_today":0,"sales_last_days":1,"reserved_stock":0,"customer_returns":0,"warehouse_damage":0,"lost_in_post":0,"other_logs":0,"out_stock_days":0,"lost_sales":0,"has_location":false,"update_date":"2026-05-07T14:39:18","atum_locations":[],"atum_stock_status":"instock","restock_status":false,"low_stock_amount":"","sales_update_date":"2026-05-07T14:39:18","calc_backorders":null,"aioseo_notices":[],"_links":{"self":[{"href":"https:\/\/ecoshop.ee\/uk\/wp-json\/wp\/v2\/product\/105730","targetHints":{"allow":["GET"]}}],"collection":[{"href":"https:\/\/ecoshop.ee\/uk\/wp-json\/wp\/v2\/product"}],"about":[{"href":"https:\/\/ecoshop.ee\/uk\/wp-json\/wp\/v2\/types\/product"}],"replies":[{"embeddable":true,"href":"https:\/\/ecoshop.ee\/uk\/wp-json\/wp\/v2\/comments?post=105730"}],"version-history":[{"count":0,"href":"https:\/\/ecoshop.ee\/uk\/wp-json\/wp\/v2\/product\/105730\/revisions"}],"wp:featuredmedia":[{"embeddable":true,"href":"https:\/\/ecoshop.ee\/uk\/wp-json\/wp\/v2\/media\/105733"}],"wp:attachment":[{"href":"https:\/\/ecoshop.ee\/uk\/wp-json\/wp\/v2\/media?parent=105730"}],"wp:term":[{"taxonomy":"product_brand","embeddable":true,"href":"https:\/\/ecoshop.ee\/uk\/wp-json\/wp\/v2\/product_brand?post=105730"},{"taxonomy":"product_cat","embeddable":true,"href":"https:\/\/ecoshop.ee\/uk\/wp-json\/wp\/v2\/product_cat?post=105730"},{"taxonomy":"product_tag","embeddable":true,"href":"https:\/\/ecoshop.ee\/uk\/wp-json\/wp\/v2\/product_tag?post=105730"}],"curies":[{"name":"wp","href":"https:\/\/api.w.org\/{rel}","templated":true}]}}