{"id":105795,"date":"2025-05-01T01:09:06","date_gmt":"2025-04-30T22:09:06","guid":{"rendered":"https:\/\/ecoshop.ee\/?post_type=product&#038;p=105795"},"modified":"2025-12-25T19:02:46","modified_gmt":"2025-12-25T16:02:46","slug":"%d0%b2%d0%b5%d0%b3%d0%b0%d0%bd%d1%81%d1%8c%d0%ba%d0%b8%d0%b9-%d1%81%d1%83%d1%85%d0%b8%d0%b9-%d0%ba%d0%be%d1%80%d0%bc-%d0%b4%d0%bb%d1%8f-%d0%b4%d0%be%d1%80%d0%be%d1%81%d0%bb%d0%b8%d1%85-%d1%81%d0%be-3","status":"publish","type":"product","link":"https:\/\/ecoshop.ee\/uk\/lemmikloomatoit\/vegan-margtoit-taiskasvanud-koerale-korvits-ja-bataat-400g\/","title":{"rendered":"\u0412\u0435\u0433\u0430\u043d\u0441\u044c\u043a\u0438\u0439 \u0432\u043e\u043b\u043e\u0433\u0438\u0439 \u043a\u043e\u0440\u043c \u0434\u043b\u044f \u0434\u043e\u0440\u043e\u0441\u043b\u0438\u0445 \u0441\u043e\u0431\u0430\u043a, \u0433\u0430\u0440\u0431\u0443\u0437 \u0442\u0430 \u0441\u043e\u043b\u043e\u0434\u043a\u0430 \u043a\u0430\u0440\u0442\u043e\u043f\u043b\u044f, 400 \u0433"},"content":{"rendered":"<p class=\"\" data-start=\"282\" data-end=\"662\">Ami \u2013 \u0446\u0435 \u0441\u043e\u043a\u043e\u0432\u0438\u0442\u0438\u0439 \u0432\u043e\u043b\u043e\u0433\u0438\u0439 \u043a\u043e\u0440\u043c \u043d\u0430 \u0440\u043e\u0441\u043b\u0438\u043d\u043d\u0456\u0439 \u043e\u0441\u043d\u043e\u0432\u0456 \u0434\u043b\u044f \u0434\u043e\u0440\u043e\u0441\u043b\u0438\u0445 \u0441\u043e\u0431\u0430\u043a \u0443\u0441\u0456\u0445 \u0440\u043e\u0437\u043c\u0456\u0440\u0456\u0432 \u0442\u0430 \u043f\u043e\u0440\u0456\u0434. \u0423 \u0446\u0456\u0439 \u0432\u0435\u0440\u0441\u0456\u0457 \u0432\u0456\u043d \u043c\u0430\u0454 \u0441\u043c\u0430\u043a \u0433\u0430\u0440\u0431\u0443\u0437\u0430 \u0442\u0430 \u0441\u043e\u043b\u043e\u0434\u043a\u043e\u0457 \u043a\u0430\u0440\u0442\u043e\u043f\u043b\u0456 \u2013 \u043c\u2019\u044f\u043a\u0435, \u043d\u0430\u0441\u0438\u0447\u0435\u043d\u0435 \u043f\u043e\u0454\u0434\u043d\u0430\u043d\u043d\u044f \u043e\u0432\u043e\u0447\u0456\u0432, \u044f\u043a\u0435 \u043f\u043e\u0434\u043e\u0431\u0430\u0454\u0442\u044c\u0441\u044f \u0431\u0430\u0433\u0430\u0442\u044c\u043e\u043c \u0441\u043e\u0431\u0430\u043a\u0430\u043c. \u0426\u0435\u0439 \u043a\u043e\u0440\u043c \u043d\u0435 \u043c\u0456\u0441\u0442\u0438\u0442\u044c \u043c\u2019\u044f\u0441\u0430, \u0430\u043b\u0435 \u043f\u0440\u043e\u043f\u043e\u043d\u0443\u0454 \u0431\u0430\u0433\u0430\u0442\u0438\u0439 \u043d\u0430 \u0440\u043e\u0441\u043b\u0438\u043d\u043d\u0456 \u0456\u043d\u0433\u0440\u0435\u0434\u0456\u0454\u043d\u0442\u0438 \u0441\u043c\u0430\u043a, \u0449\u043e \u0454 \u043f\u0440\u0438\u0454\u043c\u043d\u043e\u044e \u0437\u043c\u0456\u043d\u043e\u044e \u0432\u0456\u0434 \u0442\u0440\u0430\u0434\u0438\u0446\u0456\u0439\u043d\u0438\u0445 \u043a\u043e\u0440\u043c\u0456\u0432 \u0434\u043b\u044f \u0441\u043e\u0431\u0430\u043a.<\/p>\n<p class=\"\" data-start=\"664\" data-end=\"891\">\u0406\u0434\u0435\u0430\u043b\u044c\u043d\u043e \u043f\u0456\u0434\u0445\u043e\u0434\u0438\u0442\u044c \u0434\u043b\u044f \u0441\u043e\u0431\u0430\u043a, \u044f\u043a\u0438\u043c \u043f\u043e\u0434\u043e\u0431\u0430\u0454\u0442\u044c\u0441\u044f \u0442\u0435\u043a\u0441\u0442\u0443\u0440\u0430 \u0432\u043e\u043b\u043e\u0433\u043e\u0433\u043e \u043a\u043e\u0440\u043c\u0443, \u0442\u0430 \u0434\u043b\u044f \u0432\u043b\u0430\u0441\u043d\u0438\u043a\u0456\u0432, \u044f\u043a\u0456 \u0445\u043e\u0447\u0443\u0442\u044c \u0437\u0430\u0431\u0435\u0437\u043f\u0435\u0447\u0438\u0442\u0438 \u0431\u0456\u043b\u044c\u0448 \u0443\u0441\u0432\u0456\u0434\u043e\u043c\u043b\u0435\u043d\u0435 \u0430\u0431\u043e \u0440\u0456\u0437\u043d\u043e\u043c\u0430\u043d\u0456\u0442\u043d\u0435 \u0445\u0430\u0440\u0447\u0443\u0432\u0430\u043d\u043d\u044f. \u0412\u0435\u0433\u0430\u043d\u0441\u044c\u043a\u0438\u0439 \u0432\u043e\u043b\u043e\u0433\u0456 \u043a\u043e\u0440\u043c\u0438 Ami \u0442\u0430\u043a\u043e\u0436 \u043f\u0456\u0434\u0445\u043e\u0434\u044f\u0442\u044c \u0434\u043b\u044f \u0441\u043e\u0431\u0430\u043a \u0437 \u0447\u0443\u0442\u043b\u0438\u0432\u0438\u043c \u0442\u0440\u0430\u0432\u043b\u0435\u043d\u043d\u044f\u043c \u0430\u0431\u043e \u0445\u0430\u0440\u0447\u043e\u0432\u043e\u044e \u0430\u043b\u0435\u0440\u0433\u0456\u0454\u044e.<\/p>\n<ul data-start=\"669\" data-end=\"867\">\n<li class=\"\" data-start=\"669\" data-end=\"709\">\n<p class=\"\" data-start=\"671\" data-end=\"709\">\u0412\u0435\u0433\u0430\u043d\u0441\u044c\u043a\u0438\u0439 \u0432\u043e\u043b\u043e\u0433\u0438\u0439 \u043a\u043e\u0440\u043c \u0434\u043b\u044f \u0434\u043e\u0440\u043e\u0441\u043b\u0438\u0445 \u0441\u043e\u0431\u0430\u043a<\/p>\n<\/li>\n<li class=\"\" data-start=\"710\" data-end=\"753\">\n<p class=\"\" data-start=\"712\" data-end=\"753\">\u0411\u0435\u0437 \u043c&#039;\u044f\u0441\u0430, \u043f\u0440\u0438\u0433\u043e\u0442\u043e\u0432\u0430\u043d\u043e \u0437 \u043e\u0432\u043e\u0447\u0456\u0432<\/p>\n<\/li>\n<li class=\"\" data-start=\"754\" data-end=\"801\">\n<p class=\"\" data-start=\"756\" data-end=\"801\">\u0427\u0443\u0434\u043e\u0432\u043e \u043f\u0456\u0434\u0445\u043e\u0434\u0438\u0442\u044c \u0434\u043b\u044f \u0440\u0456\u0437\u043d\u043e\u043c\u0430\u043d\u0456\u0442\u043d\u043e\u0441\u0442\u0456 \u0430\u0431\u043e \u0449\u043e\u0434\u0435\u043d\u043d\u043e\u0433\u043e \u043f\u0440\u0438\u0439\u043e\u043c\u0443 \u0457\u0436\u0456<\/p>\n<\/li>\n<li class=\"\" data-start=\"802\" data-end=\"837\">\n<p class=\"\" data-start=\"804\" data-end=\"837\">\u0421\u043c\u0430\u0447\u043d\u0456, \u0441\u043e\u043a\u043e\u0432\u0438\u0442\u0456 \u0442\u0430 \u0440\u0456\u0437\u043d\u043e\u043c\u0430\u043d\u0456\u0442\u043d\u0456<\/p>\n<\/li>\n<li class=\"\" data-start=\"838\" data-end=\"867\">\n<p class=\"\" data-start=\"840\" data-end=\"867\">\u0414\u043e\u0441\u0442\u0443\u043f\u043d\u0438\u0439 \u0443 \u043a\u0456\u043b\u044c\u043a\u043e\u0445 \u0441\u043c\u0430\u043a\u0430\u0445<\/p>\n<\/li>\n<\/ul>\n<p>&nbsp;<\/p>\n<p class=\"\" data-start=\"82\" data-end=\"337\"><strong data-start=\"82\" data-end=\"122\">\u0425\u0430\u0440\u0447\u043e\u0432\u0456 \u0434\u043e\u0431\u0430\u0432\u043a\u0438 (\u043d\u0430 1 \u043a\u0433):<\/strong><br data-start=\"122\" data-end=\"125\" \/>\u0412\u0456\u0442\u0430\u043c\u0456\u043d \u0410 3214 \u041c\u041e, \u0432\u0456\u0442\u0430\u043c\u0456\u043d D3 242 \u041c\u041e, \u0446\u0438\u043d\u043a (\u0441\u0443\u043b\u044c\u0444\u0430\u0442 \u0446\u0438\u043d\u043a\u0443, \u043c\u043e\u043d\u043e\u0433\u0456\u0434\u0440\u0430\u0442) 35,7 \u043c\u0433, \u043c\u0430\u0440\u0433\u0430\u043d\u0435\u0446\u044c (\u0441\u0443\u043b\u044c\u0444\u0430\u0442 \u043c\u0430\u0440\u0433\u0430\u043d\u0446\u044e, \u043c\u043e\u043d\u043e\u0433\u0456\u0434\u0440\u0430\u0442) 2 \u043c\u0433, \u043c\u0456\u0434\u044c (\u0441\u0443\u043b\u044c\u0444\u0430\u0442 \u043c\u0456\u0434\u0456(II), \u043f\u0435\u043d\u0442\u0430\u0433\u0456\u0434\u0440\u0430\u0442) 1,43 \u043c\u0433, \u0439\u043e\u0434 (\u0439\u043e\u0434\u0430\u0442 \u043a\u0430\u043b\u044c\u0446\u0456\u044e, \u0431\u0435\u0437\u0432\u043e\u0434\u043d\u0438\u0439) 1,07 \u043c\u0433.<\/p>\n<p class=\"\" data-start=\"339\" data-end=\"540\"><strong data-start=\"339\" data-end=\"359\">\u0420\u0435\u043a\u043e\u043c\u0435\u043d\u0434\u0430\u0446\u0456\u0457 \u0449\u043e\u0434\u043e \u0433\u043e\u0434\u0443\u0432\u0430\u043d\u043d\u044f:<\/strong><br data-start=\"359\" data-end=\"362\" \/>\u0414\u043e\u0442\u0440\u0438\u043c\u0443\u0439\u0442\u0435\u0441\u044c \u0456\u043d\u0441\u0442\u0440\u0443\u043a\u0446\u0456\u0439 \u043d\u0430 \u0431\u0430\u043b\u043e\u043d\u0447\u0438\u043a\u0443.<br data-start=\"398\" data-end=\"401\" \/>(\u0417\u043d\u0430\u0447\u0435\u043d\u043d\u044f used \u0454 \u043f\u0440\u0438\u0431\u043b\u0438\u0437\u043d\u0438\u043c\u0438 \u0442\u0430 \u043f\u043e\u0432\u0438\u043d\u043d\u0456 \u0431\u0443\u0442\u0438 \u0441\u043a\u043e\u0440\u0438\u0433\u043e\u0432\u0430\u043d\u0456 \u0432\u0456\u0434\u043f\u043e\u0432\u0456\u0434\u043d\u043e \u0434\u043e \u0456\u043d\u0434\u0438\u0432\u0456\u0434\u0443\u0430\u043b\u044c\u043d\u0438\u0445 \u043f\u043e\u0442\u0440\u0435\u0431 \u0441\u043e\u0431\u0430\u043a\u0438, \u0442\u0430\u043a\u0438\u0445 \u044f\u043a \u0430\u043a\u0442\u0438\u0432\u043d\u0456\u0441\u0442\u044c, \u043f\u043e\u0440\u043e\u0434\u0430, \u043c\u0435\u0442\u0430\u0431\u043e\u043b\u0456\u0437\u043c, \u043f\u043e\u0440\u0430 \u0440\u043e\u043a\u0443 \u0442\u043e\u0449\u043e)<\/p>","protected":false},"excerpt":{"rendered":"<p>Ami on mahlane ja k\u00f6\u00f6giviljap\u00f5hine m\u00e4rgtoit t\u00e4iskasvanud koertele igas suuruses ja t\u00f5us. Antud variandis toob see maitseelamuse k\u00f5rvitsast ja bataadist \u2013 pehmest,&hellip;<\/p>","protected":false},"featured_media":105796,"comment_status":"open","ping_status":"closed","template":"","meta":{"wprm-recipe-roundup-name":"","wprm-recipe-roundup-description":""},"product_brand":[],"product_cat":[5784],"product_tag":[5785],"class_list":{"0":"post-105795","1":"product","2":"type-product","3":"status-publish","4":"has-post-thumbnail","6":"product_cat-lemmikloomatoit","7":"product_tag-koeratoit","8":"j79_wcxd_expiry_type-best-before","10":"first","11":"instock","12":"taxable","13":"shipping-taxable","14":"purchasable","15":"product-type-simple"},"supplier_id":9137,"supplier_sku":"","barcode":"8032573040703","atum_controlled":true,"out_stock_date":null,"out_stock_threshold":null,"inheritable":false,"inbound_stock":0,"stock_on_hold":0,"sold_today":0,"sales_last_days":0,"reserved_stock":0,"customer_returns":0,"warehouse_damage":0,"lost_in_post":0,"other_logs":0,"out_stock_days":0,"lost_sales":0,"has_location":false,"update_date":"2026-03-07T01:16:08","atum_locations":[],"atum_stock_status":"instock","restock_status":false,"low_stock_amount":"","sales_update_date":"2026-03-07T01:16:08","calc_backorders":null,"aioseo_notices":[],"_links":{"self":[{"href":"https:\/\/ecoshop.ee\/uk\/wp-json\/wp\/v2\/product\/105795","targetHints":{"allow":["GET"]}}],"collection":[{"href":"https:\/\/ecoshop.ee\/uk\/wp-json\/wp\/v2\/product"}],"about":[{"href":"https:\/\/ecoshop.ee\/uk\/wp-json\/wp\/v2\/types\/product"}],"replies":[{"embeddable":true,"href":"https:\/\/ecoshop.ee\/uk\/wp-json\/wp\/v2\/comments?post=105795"}],"version-history":[{"count":0,"href":"https:\/\/ecoshop.ee\/uk\/wp-json\/wp\/v2\/product\/105795\/revisions"}],"wp:featuredmedia":[{"embeddable":true,"href":"https:\/\/ecoshop.ee\/uk\/wp-json\/wp\/v2\/media\/105796"}],"wp:attachment":[{"href":"https:\/\/ecoshop.ee\/uk\/wp-json\/wp\/v2\/media?parent=105795"}],"wp:term":[{"taxonomy":"product_brand","embeddable":true,"href":"https:\/\/ecoshop.ee\/uk\/wp-json\/wp\/v2\/product_brand?post=105795"},{"taxonomy":"product_cat","embeddable":true,"href":"https:\/\/ecoshop.ee\/uk\/wp-json\/wp\/v2\/product_cat?post=105795"},{"taxonomy":"product_tag","embeddable":true,"href":"https:\/\/ecoshop.ee\/uk\/wp-json\/wp\/v2\/product_tag?post=105795"}],"curies":[{"name":"wp","href":"https:\/\/api.w.org\/{rel}","templated":true}]}}