{"id":106015,"date":"2025-05-22T00:00:26","date_gmt":"2025-05-21T21:00:26","guid":{"rendered":"https:\/\/ecoshop.ee\/?post_type=product&#038;p=106015"},"modified":"2026-05-08T21:56:50","modified_gmt":"2026-05-08T18:56:50","slug":"%d0%be%d1%80%d0%b3%d0%b0%d0%bd%d1%96%d1%87%d0%bd%d0%b8%d0%b9-%d0%b2%d0%b0%d1%84%d0%b5%d0%bb%d1%8c%d0%bd%d0%b8%d0%b9-%d0%b1%d0%b0%d1%82%d0%be%d0%bd%d1%87%d0%b8%d0%ba-%d0%b7-%d1%84%d1%83%d0%bd%d0%b4","status":"publish","type":"product","link":"https:\/\/ecoshop.ee\/uk\/vahvlid-ja-kupsised\/bettr-sarapuupahklikreemiga-vahvlibatoon-mahe-33g\/","title":{"rendered":"\u0412\u0430\u0444\u0435\u043b\u044c\u043d\u0438\u0439 \u0431\u0430\u0442\u043e\u043d\u0447\u0438\u043a Bett&#039;r \u0437 \u0444\u0443\u043d\u0434\u0443\u043a\u043e\u043c \u0442\u0430 \u043a\u0440\u0435\u043c\u043e\u043c, \u043e\u0440\u0433\u0430\u043d\u0456\u0447\u043d\u0438\u0439, 33 \u0433"},"content":{"rendered":"<p class=\"\" data-start=\"118\" data-end=\"345\">\u0412\u0456\u0434\u043a\u0440\u0438\u0439\u0442\u0435 \u0434\u043b\u044f \u0441\u0435\u0431\u0435 \u0432\u0438\u0448\u0443\u043a\u0430\u043d\u0456 \u043b\u0430\u0441\u043e\u0449\u0456, \u0449\u043e \u043f\u043e\u0454\u0434\u043d\u0443\u044e\u0442\u044c \u0445\u0440\u0443\u0441\u0442\u043a\u0443 \u0432\u0430\u0444\u043b\u044e, \u0441\u043c\u0430\u0447\u043d\u0438\u0439 \u043a\u0440\u0435\u043c \u0437 \u0444\u0443\u043d\u0434\u0443\u043a\u0430 \u0442\u0430 \u043e\u043a\u0441\u0430\u043c\u0438\u0442\u043e\u0432\u0443 \u043a\u0430\u043a\u0430\u043e-\u043f\u0430\u043d\u0456\u0440\u043e\u0432\u043a\u0443. Bett&#039;r \u0432\u0438\u0432\u043e\u0434\u0438\u0442\u044c \u043a\u043b\u0430\u0441\u0438\u0447\u043d\u0438\u0439 \u0444\u0430\u0432\u043e\u0440\u0438\u0442 \u043d\u0430 \u043d\u043e\u0432\u0438\u0439 \u0440\u0456\u0432\u0435\u043d\u044c \u2014 \u0441\u0432\u0456\u0434\u043e\u043c\u0438\u0439 \u0432\u0438\u0431\u0456\u0440, \u044f\u043a\u0438\u0439 \u043d\u0435 \u0439\u0434\u0435 \u043d\u0430 \u043a\u043e\u043c\u043f\u0440\u043e\u043c\u0456\u0441\u0438 \u0449\u043e\u0434\u043e \u0441\u043c\u0430\u043a\u0443 \u0447\u0438 \u0441\u043a\u043b\u0430\u0434\u0443.<\/p>\n<p class=\"\" data-start=\"347\" data-end=\"562\">\u0426\u044f \u0440\u043e\u0437\u043a\u0456\u0448\u043d\u0430 \u0437\u0430\u043a\u0443\u0441\u043a\u0430 \u043f\u043e\u0454\u0434\u043d\u0443\u0454 \u0432 \u0441\u043e\u0431\u0456 \u0441\u043f\u0440\u0430\u0432\u0436\u043d\u0454 \u0437\u0430\u0434\u043e\u0432\u043e\u043b\u0435\u043d\u043d\u044f \u0437 \u0447\u0438\u0441\u0442\u0438\u043c\u0438 \u043d\u0430\u0442\u0443\u0440\u0430\u043b\u044c\u043d\u0438\u043c\u0438 \u0456\u043d\u0433\u0440\u0435\u0434\u0456\u0454\u043d\u0442\u0430\u043c\u0438. \u041a\u043e\u0436\u043d\u0430 \u0443\u043f\u0430\u043a\u043e\u0432\u043a\u0430 \u043c\u0456\u0441\u0442\u0438\u0442\u044c \u0434\u0432\u0456 \u0442\u043e\u043d\u043a\u0456 \u0432\u0430\u0444\u043b\u0456, \u044f\u043a\u0456 \u0442\u0430\u043d\u0443\u0442\u044c \u0443 \u0440\u043e\u0442\u0456 \u0442\u0430 \u0434\u0430\u0440\u0443\u044e\u0442\u044c \u043d\u0435\u0437\u0430\u0431\u0443\u0442\u043d\u0454 \u0437\u0430\u0434\u043e\u0432\u043e\u043b\u0435\u043d\u043d\u044f \u2013 \u0456\u0434\u0435\u0430\u043b\u044c\u043d\u043e \u043f\u0456\u0434\u0445\u043e\u0434\u044f\u0442\u044c \u0434\u043b\u044f \u0442\u043e\u0433\u043e, \u0449\u043e\u0431 \u043f\u0440\u043e\u0432\u0435\u0441\u0442\u0438 \u043c\u0438\u0442\u044c \u043d\u0430\u043e\u0434\u0438\u043d\u0446\u0456 \u0437 \u0441\u043e\u0431\u043e\u044e \u0430\u0431\u043e \u0436 \u043f\u043e\u0434\u0456\u043b\u0438\u0442\u0438\u0441\u044f.<\/p>\n<ul>\n<li data-start=\"347\" data-end=\"562\">\u041e\u0440\u0433\u0430\u043d\u0456\u0447\u043d\u0438\u0439<\/li>\n<li data-start=\"347\" data-end=\"562\">\u0412\u0435\u0433\u0430\u043d\u0441\u044c\u043a\u0438\u0439<\/li>\n<li data-start=\"347\" data-end=\"562\">\u0411\u0435\u0437 \u043f\u0430\u043b\u044c\u043c\u043e\u0432\u043e\u0457 \u043e\u043b\u0456\u0457<\/li>\n<li data-start=\"347\" data-end=\"562\">\u0411\u0435\u0437 \u0440\u0430\u0444\u0456\u043d\u043e\u0432\u0430\u043d\u043e\u0433\u043e \u0446\u0443\u043a\u0440\u0443<\/li>\n<\/ul>","protected":false},"excerpt":{"rendered":"<p>Avasta peenetundeline maius, kus kohtuvad kr\u00f5be vahvel, h\u00f5rk sarapuup\u00e4hklikreem ja sametine kakaokate. Bett\u2019r toob klassikalise lemmiku uuele tasemele \u2013 teadliku valiku, mis&hellip;<\/p>","protected":false},"featured_media":106016,"comment_status":"open","ping_status":"closed","template":"","meta":{"wprm-recipe-roundup-name":"","wprm-recipe-roundup-description":""},"product_brand":[11995],"product_cat":[160,148],"product_tag":[5829,149],"class_list":{"0":"post-106015","1":"product","2":"type-product","3":"status-publish","4":"has-post-thumbnail","6":"product_brand-bettr","7":"product_cat-kommid","8":"product_cat-vahvlid-ja-kupsised","9":"product_tag-vahvlibatoon","10":"product_tag-vahvlid","11":"j79_wcxd_expiry_type-best-before","13":"first","14":"instock","15":"taxable","16":"shipping-taxable","17":"purchasable","18":"product-type-simple"},"supplier_id":9165,"supplier_sku":"","barcode":"3800233783063","atum_controlled":true,"out_stock_date":null,"out_stock_threshold":null,"inheritable":false,"inbound_stock":0,"stock_on_hold":0,"sold_today":2,"sales_last_days":10,"reserved_stock":0,"customer_returns":0,"warehouse_damage":0,"lost_in_post":0,"other_logs":0,"out_stock_days":0,"lost_sales":0,"has_location":false,"update_date":"2026-05-08T18:56:51","atum_locations":[],"atum_stock_status":"instock","restock_status":false,"low_stock_amount":"","sales_update_date":"2026-05-07T18:22:37","calc_backorders":null,"aioseo_notices":[],"_links":{"self":[{"href":"https:\/\/ecoshop.ee\/uk\/wp-json\/wp\/v2\/product\/106015","targetHints":{"allow":["GET"]}}],"collection":[{"href":"https:\/\/ecoshop.ee\/uk\/wp-json\/wp\/v2\/product"}],"about":[{"href":"https:\/\/ecoshop.ee\/uk\/wp-json\/wp\/v2\/types\/product"}],"replies":[{"embeddable":true,"href":"https:\/\/ecoshop.ee\/uk\/wp-json\/wp\/v2\/comments?post=106015"}],"version-history":[{"count":2,"href":"https:\/\/ecoshop.ee\/uk\/wp-json\/wp\/v2\/product\/106015\/revisions"}],"predecessor-version":[{"id":396149,"href":"https:\/\/ecoshop.ee\/uk\/wp-json\/wp\/v2\/product\/106015\/revisions\/396149"}],"wp:featuredmedia":[{"embeddable":true,"href":"https:\/\/ecoshop.ee\/uk\/wp-json\/wp\/v2\/media\/106016"}],"wp:attachment":[{"href":"https:\/\/ecoshop.ee\/uk\/wp-json\/wp\/v2\/media?parent=106015"}],"wp:term":[{"taxonomy":"product_brand","embeddable":true,"href":"https:\/\/ecoshop.ee\/uk\/wp-json\/wp\/v2\/product_brand?post=106015"},{"taxonomy":"product_cat","embeddable":true,"href":"https:\/\/ecoshop.ee\/uk\/wp-json\/wp\/v2\/product_cat?post=106015"},{"taxonomy":"product_tag","embeddable":true,"href":"https:\/\/ecoshop.ee\/uk\/wp-json\/wp\/v2\/product_tag?post=106015"}],"curies":[{"name":"wp","href":"https:\/\/api.w.org\/{rel}","templated":true}]}}