{"id":106037,"date":"2025-05-22T23:31:43","date_gmt":"2025-05-22T20:31:43","guid":{"rendered":"https:\/\/ecoshop.ee\/?post_type=product&#038;p=106037"},"modified":"2026-05-08T22:19:24","modified_gmt":"2026-05-08T19:19:24","slug":"%d1%84%d1%80%d1%83%d0%ba%d1%82%d0%be%d0%b2%d1%96-%d0%ba%d1%83%d0%bb%d1%8c%d0%ba%d0%b8-bettr-%d0%b7-%d1%84%d1%96%d1%81%d1%82%d0%b0%d1%88%d0%ba%d0%be%d0%b2%d0%be%d1%8e-%d0%bd%d0%b0%d1%87%d0%b8%d0%bd","status":"publish","type":"product","link":"https:\/\/ecoshop.ee\/uk\/kommid\/bettr-puuviljapallid-pistaatsiataidisega-mahe-45g\/","title":{"rendered":"\u0424\u0440\u0443\u043a\u0442\u043e\u0432\u0456 \u043a\u0443\u043b\u044c\u043a\u0438 Bett&#039;r \u0437 \u0444\u0456\u0441\u0442\u0430\u0448\u043a\u043e\u0432\u043e\u044e \u043d\u0430\u0447\u0438\u043d\u043a\u043e\u044e, \u043e\u0440\u0433\u0430\u043d\u0456\u0447\u043d\u0456, 45 \u0433"},"content":{"rendered":"<p data-start=\"62\" data-end=\"232\">\u041d\u0430\u0441\u043e\u043b\u043e\u0434\u0436\u0443\u0439\u0442\u0435\u0441\u044c \u0442\u0430 \u0434\u0456\u043b\u0456\u0442\u044c\u0441\u044f \u043d\u043e\u0432\u0438\u043c \u0432\u0438\u0434\u043e\u043c \u0435\u043d\u0435\u0440\u0433\u0456\u0457! \u041e\u0440\u0433\u0430\u043d\u0456\u0447\u043d\u0456, \u0432\u0435\u0433\u0430\u043d\u0441\u044c\u043a\u0456 \u0442\u0430 \u0431\u0435\u0437\u0433\u043b\u044e\u0442\u0435\u043d\u043e\u0432\u0456 \u0444\u0440\u0443\u043a\u0442\u043e\u0432\u0456 \u043a\u0443\u043b\u044c\u043a\u0438 Bett&#039;r \u043d\u0430\u043f\u043e\u0432\u043d\u0435\u043d\u0456 \u043c\u2019\u044f\u043a\u043e\u044e \u0444\u0456\u0441\u0442\u0430\u0448\u043a\u043e\u0432\u043e\u044e \u043d\u0430\u0447\u0438\u043d\u043a\u043e\u044e, \u0449\u043e \u0434\u0430\u0440\u0443\u0454 \u043f\u0440\u0438\u0454\u043c\u043d\u0438\u0439 \u0441\u043c\u0430\u043a \u0443 \u043a\u043e\u0436\u043d\u043e\u043c\u0443 \u0448\u043c\u0430\u0442\u043e\u0447\u043a\u0443.<\/p>\n<ul>\n<li>\u041e\u0440\u0433\u0430\u043d\u0456\u0447\u043d\u0438\u0439<\/li>\n<li>\u0412\u0435\u0433\u0430\u043d\u0441\u044c\u043a\u0438\u0439<\/li>\n<li>\u0411\u0435\u0437 \u0433\u043b\u044e\u0442\u0435\u043d\u0443<\/li>\n<\/ul>\n<p data-start=\"274\" data-end=\"394\" data-is-last-node=\"\" data-is-only-node=\"\">\u0406\u0434\u0435\u0430\u043b\u044c\u043d\u0438\u0439 \u043f\u0435\u0440\u0435\u043a\u0443\u0441 \u043d\u0430 \u0445\u043e\u0434\u0443 \u0430\u0431\u043e \u044f\u043a \u043a\u043e\u0440\u0438\u0441\u043d\u0435 \u0447\u0430\u0441\u0442\u0443\u0432\u0430\u043d\u043d\u044f \u2013 \u0442\u0440\u0438 \u043a\u0443\u043b\u044c\u043a\u0438 \u0432 \u043a\u043e\u043c\u043f\u0430\u043a\u0442\u043d\u0456\u0439 \u0443\u043f\u0430\u043a\u043e\u0432\u0446\u0456, \u044f\u043a\u0438\u043c\u0438 \u0447\u0443\u0434\u043e\u0432\u043e \u0434\u0456\u043b\u0438\u0442\u0438\u0441\u044f!<\/p>","protected":false},"excerpt":{"rendered":"<p>Naudi ja jaga uutmoodi energiat! Bett\u2019r mahedad, vegan ja gluteenivabad puuviljapallid on t\u00e4idetud pehme pistaatsiat\u00e4idisega, pakkudes m\u00f5nusat maitsekogemust igas ampsus. Mahe Vegan&hellip;<\/p>","protected":false},"featured_media":106038,"comment_status":"open","ping_status":"closed","template":"","meta":{"wprm-recipe-roundup-name":"","wprm-recipe-roundup-description":""},"product_brand":[11995],"product_cat":[160,302],"product_tag":[],"class_list":{"0":"post-106037","1":"product","2":"type-product","3":"status-publish","4":"has-post-thumbnail","6":"product_brand-bettr","7":"product_cat-kommid","8":"product_cat-gluteenivaba","9":"j79_wcxd_expiry_type-expiry-date","11":"first","12":"instock","13":"taxable","14":"shipping-taxable","15":"purchasable","16":"product-type-simple"},"supplier_id":9165,"supplier_sku":"","barcode":"3800233782363","atum_controlled":true,"out_stock_date":null,"out_stock_threshold":null,"inheritable":false,"inbound_stock":0,"stock_on_hold":0,"sold_today":0,"sales_last_days":0,"reserved_stock":0,"customer_returns":0,"warehouse_damage":0,"lost_in_post":0,"other_logs":0,"out_stock_days":16,"lost_sales":5,"has_location":false,"update_date":"2026-05-08T19:19:25","atum_locations":[],"atum_stock_status":"instock","restock_status":false,"low_stock_amount":"","sales_update_date":"2026-04-06T20:01:11","calc_backorders":null,"aioseo_notices":[],"_links":{"self":[{"href":"https:\/\/ecoshop.ee\/uk\/wp-json\/wp\/v2\/product\/106037","targetHints":{"allow":["GET"]}}],"collection":[{"href":"https:\/\/ecoshop.ee\/uk\/wp-json\/wp\/v2\/product"}],"about":[{"href":"https:\/\/ecoshop.ee\/uk\/wp-json\/wp\/v2\/types\/product"}],"replies":[{"embeddable":true,"href":"https:\/\/ecoshop.ee\/uk\/wp-json\/wp\/v2\/comments?post=106037"}],"version-history":[{"count":2,"href":"https:\/\/ecoshop.ee\/uk\/wp-json\/wp\/v2\/product\/106037\/revisions"}],"predecessor-version":[{"id":396158,"href":"https:\/\/ecoshop.ee\/uk\/wp-json\/wp\/v2\/product\/106037\/revisions\/396158"}],"wp:featuredmedia":[{"embeddable":true,"href":"https:\/\/ecoshop.ee\/uk\/wp-json\/wp\/v2\/media\/106038"}],"wp:attachment":[{"href":"https:\/\/ecoshop.ee\/uk\/wp-json\/wp\/v2\/media?parent=106037"}],"wp:term":[{"taxonomy":"product_brand","embeddable":true,"href":"https:\/\/ecoshop.ee\/uk\/wp-json\/wp\/v2\/product_brand?post=106037"},{"taxonomy":"product_cat","embeddable":true,"href":"https:\/\/ecoshop.ee\/uk\/wp-json\/wp\/v2\/product_cat?post=106037"},{"taxonomy":"product_tag","embeddable":true,"href":"https:\/\/ecoshop.ee\/uk\/wp-json\/wp\/v2\/product_tag?post=106037"}],"curies":[{"name":"wp","href":"https:\/\/api.w.org\/{rel}","templated":true}]}}