{"id":134160,"date":"2025-07-22T12:45:38","date_gmt":"2025-07-22T09:45:38","guid":{"rendered":"https:\/\/ecoshop.ee\/maaratlemata\/kuttepuude-rest-40x30x80-cm-kulmvaltsitud-teras-2\/"},"modified":"2026-04-19T15:20:42","modified_gmt":"2026-04-19T12:20:42","slug":"%d1%80%d0%b5%d1%88%d1%96%d1%82%d0%ba%d0%b0-%d0%b4%d0%bb%d1%8f-%d0%b4%d1%80%d0%be%d0%b2-40x30x80-%d1%81%d0%bc-%d0%ba%d1%83%d1%82%d0%be%d0%b2%d0%b0-%d0%bf%d1%80%d0%be%d0%ba%d0%b0%d1%82%d0%b0%d0%bd-3","status":"publish","type":"product","link":"https:\/\/ecoshop.ee\/uk\/kaminapuude-alused\/kuttepuude-rest-40x30x80-cm-kulmvaltsitud-teras-2\/","title":{"rendered":"\u0421\u0442\u0456\u0439\u043a\u0430 \u0434\u043b\u044f \u0434\u0440\u043e\u0432, 40 x 30 x 80 \u0441\u043c, \u0445\u043e\u043b\u043e\u0434\u043d\u043e\u043a\u0430\u0442\u0430\u043d\u0430 \u0441\u0442\u0430\u043b\u044c"},"content":{"rendered":"<p>\u0422\u0440\u0438\u043c\u0430\u0439\u0442\u0435 \u0441\u0432\u043e\u0457 \u0434\u0440\u043e\u0432\u0430 \u0432\u043f\u043e\u0440\u044f\u0434\u043a\u043e\u0432\u0430\u043d\u0438\u043c\u0438 \u0442\u0430 \u043b\u0435\u0433\u043a\u043e\u0434\u043e\u0441\u0442\u0443\u043f\u043d\u0438\u043c\u0438 \u0437\u0430 \u0434\u043e\u043f\u043e\u043c\u043e\u0433\u043e\u044e \u0446\u0456\u0454\u0457 \u043c\u0456\u0446\u043d\u043e\u0457 \u0442\u0430 \u0441\u0442\u0430\u0431\u0456\u043b\u044c\u043d\u043e\u0457 \u043f\u0456\u0434\u0441\u0442\u0430\u0432\u043a\u0438 \u0434\u043b\u044f \u0434\u0440\u043e\u0432!<\/p>\n<\/p>\n<ul>\n<li>\u041c\u0456\u0446\u043d\u0430 \u0442\u0430 \u0441\u0442\u0430\u0431\u0456\u043b\u044c\u043d\u0430: \u0425\u043e\u043b\u043e\u0434\u043d\u043e\u043a\u0430\u0442\u0430\u043d\u0430 \u0441\u0442\u0430\u043b\u044c \u2013 \u0446\u0435 \u0442\u0438\u043f \u043d\u0438\u0437\u044c\u043a\u043e\u0432\u0443\u0433\u043b\u0435\u0446\u0435\u0432\u043e\u0457 \u0441\u0442\u0430\u043b\u0456, \u0449\u043e \u0432\u0438\u0440\u043e\u0431\u043b\u044f\u0454\u0442\u044c\u0441\u044f \u043c\u0435\u0442\u043e\u0434\u043e\u043c \u201c\u0445\u043e\u043b\u043e\u0434\u043d\u043e\u0433\u043e \u043f\u0440\u043e\u043a\u0430\u0442\u0443\u201d \u0442\u0430 \u043e\u0431\u0440\u043e\u0431\u043b\u044f\u0454\u0442\u044c\u0441\u044f \u043c\u0430\u0439\u0436\u0435 \u043f\u0440\u0438 \u043a\u0456\u043c\u043d\u0430\u0442\u043d\u0456\u0439 \u0442\u0435\u043c\u043f\u0435\u0440\u0430\u0442\u0443\u0440\u0456. \u0425\u043e\u043b\u043e\u0434\u043d\u043e\u043a\u0430\u0442\u0430\u043d\u0430 \u0441\u0442\u0430\u043b\u044c \u043c\u0430\u0454 \u0433\u043b\u0430\u0434\u0448\u0443 \u043f\u043e\u0432\u0435\u0440\u0445\u043d\u044e, \u0432\u0438\u0449\u0443 \u043c\u0456\u0446\u043d\u0456\u0441\u0442\u044c \u0442\u0430 \u0432\u0438\u0449\u0443 \u0442\u043e\u0447\u043d\u0456\u0441\u0442\u044c.<\/li>\n<li>\u0412\u0435\u043b\u0438\u043a\u0430 \u043c\u0456\u0441\u0442\u043a\u0456\u0441\u0442\u044c: \u0426\u044f \u0434\u0440\u043e\u0432&#039;\u044f\u043d\u0430 \u043f\u0456\u0434\u0441\u0442\u0430\u0432\u043a\u0430 \u043c\u0430\u0454 \u0432\u0435\u043b\u0438\u043a\u0443 \u043c\u0456\u0441\u0442\u043a\u0456\u0441\u0442\u044c, \u0449\u043e \u0437\u0430\u0431\u0435\u0437\u043f\u0435\u0447\u0443\u0454 \u0434\u043e\u0441\u0442\u0430\u0442\u043d\u044c\u043e \u043c\u0456\u0441\u0446\u044f \u0434\u043b\u044f \u0437\u0431\u0435\u0440\u0456\u0433\u0430\u043d\u043d\u044f \u043f\u043e\u043b\u0456\u043d, \u0449\u043e\u0431 \u0432\u0438 \u043c\u043e\u0433\u043b\u0438 \u043f\u043e\u043f\u043e\u0432\u043d\u044e\u0432\u0430\u0442\u0438 \u0432\u043e\u0433\u043e\u043d\u044c, \u0433\u0430\u0440\u0430\u043d\u0442\u0443\u044e\u0447\u0438 \u0442\u0435\u043f\u043b\u043e \u043f\u0440\u043e\u0442\u044f\u0433\u043e\u043c \u0443\u0441\u0456\u0454\u0457 \u0437\u0438\u043c\u0438.<\/li>\n<li>\u041f\u0456\u0441\u043b\u044f\u0441\u0443\u0448\u0443\u0432\u0430\u043d\u043d\u044f: \u0422\u0440\u0438\u043c\u0430\u0447 \u0434\u043b\u044f \u0434\u0440\u043e\u0432 \u043d\u0435 \u043f\u0456\u0434\u043d\u0456\u043c\u0430\u0454 \u043a\u043e\u043b\u043e\u0434\u0438 \u043d\u0430\u0434 \u0437\u0435\u043c\u043b\u0435\u044e, \u0437\u0430\u0431\u0435\u0437\u043f\u0435\u0447\u0443\u044e\u0447\u0438 \u043a\u0440\u0430\u0449\u0443 \u0446\u0438\u0440\u043a\u0443\u043b\u044f\u0446\u0456\u044e \u043f\u043e\u0432\u0456\u0442\u0440\u044f, \u0437\u0430\u043f\u043e\u0431\u0456\u0433\u0430\u044e\u0447\u0438 \u0433\u043d\u0438\u0442\u0442\u044e \u0434\u0435\u0440\u0435\u0432\u0438\u043d\u0438 \u0442\u0430 \u0432\u043e\u0434\u043d\u043e\u0447\u0430\u0441 \u0434\u043e\u0434\u0430\u0442\u043a\u043e\u0432\u043e \u0441\u0443\u0448\u0430\u0442\u044c \u0434\u0440\u043e\u0432\u0430.<\/li>\n<li>\u041f\u0440\u0438\u0432\u0430\u0431\u043b\u0438\u0432\u0438\u0439 \u0434\u0438\u0437\u0430\u0439\u043d: \u0417\u0430\u0432\u0434\u044f\u043a\u0438 \u0443\u043d\u0456\u043a\u0430\u043b\u044c\u043d\u043e\u043c\u0443 \u0442\u0430 \u0441\u0442\u0438\u043b\u044c\u043d\u043e\u043c\u0443 \u0437\u043e\u0432\u043d\u0456\u0448\u043d\u044c\u043e\u043c\u0443 \u0432\u0438\u0433\u043b\u044f\u0434\u0443, \u0442\u0440\u0438\u043c\u0430\u0447 \u0434\u043b\u044f \u043a\u0430\u043c\u0456\u043d\u043d\u0438\u0445 \u043f\u043e\u043b\u043e\u0432 \u043f\u043e\u0454\u0434\u043d\u0443\u0454 \u0444\u0443\u043d\u043a\u0446\u0456\u043e\u043d\u0430\u043b\u044c\u043d\u0456\u0441\u0442\u044c \u0437 \u0435\u0441\u0442\u0435\u0442\u0438\u0447\u043d\u043e\u044e \u043f\u0440\u0438\u0432\u0430\u0431\u043b\u0438\u0432\u0456\u0441\u0442\u044e, \u043f\u0456\u0434\u043a\u0440\u0435\u0441\u043b\u044e\u044e\u0447\u0438 \u0435\u043b\u0435\u0433\u0430\u043d\u0442\u043d\u0456\u0441\u0442\u044c \u0432\u0430\u0448\u043e\u0433\u043e \u0456\u043d\u0442\u0435\u0440&#039;\u0454\u0440\u0443, \u0437\u0431\u0435\u0440\u0456\u0433\u0430\u044e\u0447\u0438 \u0432\u0430\u0448\u0456 \u043f\u043e\u043b\u0456\u043d\u0430 \u0430\u043a\u0443\u0440\u0430\u0442\u043d\u043e \u043e\u0440\u0433\u0430\u043d\u0456\u0437\u043e\u0432\u0430\u043d\u0438\u043c\u0438.<\/li>\n<\/ul>\n<ul>\n<li>\u041a\u043e\u043b\u0456\u0440: \u0430\u043d\u0442\u0440\u0430\u0446\u0438\u0442\u043e\u0432\u043e-\u0441\u0456\u0440\u0438\u0439<\/li>\n<li>\u041c\u0430\u0442\u0435\u0440\u0456\u0430\u043b: \u0445\u043e\u043b\u043e\u0434\u043d\u043e\u043a\u0430\u0442\u0430\u043d\u0430 \u0441\u0442\u0430\u043b\u044c<\/li>\n<li>\u0420\u043e\u0437\u043c\u0456\u0440\u0438: 40 x 30 x 80 \u0441\u043c (\u0414 x \u0428 x \u0412)<\/li>\n<li>\u041c\u0430\u043a\u0441\u0438\u043c\u0430\u043b\u044c\u043d\u0435 \u043d\u0430\u0432\u0430\u043d\u0442\u0430\u0436\u0435\u043d\u043d\u044f (\u0437\u0430\u0433\u0430\u043b\u044c\u043d\u0435): 30 \u043a\u0433<\/li>\n<li>\u041f\u043e\u0442\u0440\u0456\u0431\u043d\u0430 \u0437\u0431\u0456\u0440\u043a\u0430: \u0442\u0430\u043a<\/li>\n<\/ul>","protected":false},"excerpt":{"rendered":"<p>Selle tugeva ja stabiilse k\u00fcttepuuriiuliga hoidke oma palgid korras ja lihtsalt juurdep\u00e4\u00e4setavad! Tugev ja stabiilne: k\u00fclmvaltsitud teras on madala s\u00fcsinikusisaldusega terase t\u00fc\u00fcp,&hellip;<\/p>","protected":false},"featured_media":134149,"comment_status":"open","ping_status":"closed","template":"","meta":{"wprm-recipe-roundup-name":"","wprm-recipe-roundup-description":""},"product_brand":[],"product_cat":[3670],"product_tag":[561,4038,4049,536,540],"class_list":{"0":"post-134160","1":"product","2":"type-product","3":"status-publish","4":"has-post-thumbnail","6":"product_cat-kaminapuude-alused","7":"product_tag-antratsiithall","8":"product_tag-kamina-ja-ahjutarvikud","9":"product_tag-kaminapuude-alused","10":"product_tag-kodu-ja-aed","11":"product_tag-parcel","12":"pa_brand-vidaxl","14":"first","15":"instock","16":"taxable","17":"shipping-taxable","18":"purchasable","19":"product-type-simple"},"supplier_id":null,"supplier_sku":"","barcode":null,"atum_controlled":false,"out_stock_date":null,"out_stock_threshold":null,"inheritable":false,"inbound_stock":null,"stock_on_hold":0,"sold_today":0,"sales_last_days":0,"reserved_stock":null,"customer_returns":null,"warehouse_damage":null,"lost_in_post":null,"other_logs":null,"out_stock_days":0,"lost_sales":0,"has_location":null,"update_date":"2026-04-19T12:20:43","atum_locations":[],"atum_stock_status":"instock","restock_status":false,"low_stock_amount":"","sales_update_date":"2026-03-07T01:16:15","calc_backorders":null,"aioseo_notices":[],"_links":{"self":[{"href":"https:\/\/ecoshop.ee\/uk\/wp-json\/wp\/v2\/product\/134160","targetHints":{"allow":["GET"]}}],"collection":[{"href":"https:\/\/ecoshop.ee\/uk\/wp-json\/wp\/v2\/product"}],"about":[{"href":"https:\/\/ecoshop.ee\/uk\/wp-json\/wp\/v2\/types\/product"}],"replies":[{"embeddable":true,"href":"https:\/\/ecoshop.ee\/uk\/wp-json\/wp\/v2\/comments?post=134160"}],"version-history":[{"count":0,"href":"https:\/\/ecoshop.ee\/uk\/wp-json\/wp\/v2\/product\/134160\/revisions"}],"wp:featuredmedia":[{"embeddable":true,"href":"https:\/\/ecoshop.ee\/uk\/wp-json\/wp\/v2\/media\/134149"}],"wp:attachment":[{"href":"https:\/\/ecoshop.ee\/uk\/wp-json\/wp\/v2\/media?parent=134160"}],"wp:term":[{"taxonomy":"product_brand","embeddable":true,"href":"https:\/\/ecoshop.ee\/uk\/wp-json\/wp\/v2\/product_brand?post=134160"},{"taxonomy":"product_cat","embeddable":true,"href":"https:\/\/ecoshop.ee\/uk\/wp-json\/wp\/v2\/product_cat?post=134160"},{"taxonomy":"product_tag","embeddable":true,"href":"https:\/\/ecoshop.ee\/uk\/wp-json\/wp\/v2\/product_tag?post=134160"}],"curies":[{"name":"wp","href":"https:\/\/api.w.org\/{rel}","templated":true}]}}