{"id":134544,"date":"2025-07-22T12:55:01","date_gmt":"2025-07-22T09:55:01","guid":{"rendered":"https:\/\/ecoshop.ee\/maaratlemata\/kuttepuude-riiul-40x30x80-cm-ilmastikukindel-teras-3\/"},"modified":"2026-05-15T09:23:04","modified_gmt":"2026-05-15T06:23:04","slug":"%d0%bf%d0%be%d0%bb%d0%b8%d1%86%d1%8f-%d0%b4%d0%bb%d1%8f-%d0%b4%d1%80%d0%be%d0%b2-40x30x80-%d1%81%d0%bc-%d1%81%d1%82%d1%96%d0%b9%d0%ba%d0%b0-%d0%b4%d0%be-%d0%b0%d1%82%d0%bc%d0%be%d1%81%d1%84%d0%b5","status":"publish","type":"product","link":"https:\/\/ecoshop.ee\/uk\/kaminapuude-alused\/kuttepuude-riiul-40x30x80-cm-ilmastikukindel-teras-3\/","title":{"rendered":"\u0421\u0442\u0456\u0439\u043a\u0430 \u0434\u043b\u044f \u0434\u0440\u043e\u0432 40 x 30 x 80 \u0441\u043c, \u0441\u0442\u0456\u0439\u043a\u0430 \u0434\u043e \u0430\u0442\u043c\u043e\u0441\u0444\u0435\u0440\u043d\u0438\u0445 \u0432\u043f\u043b\u0438\u0432\u0456\u0432 \u0441\u0442\u0430\u043b\u044c"},"content":{"rendered":"<p>\u0422\u0440\u0438\u043c\u0430\u0439\u0442\u0435 \u0441\u0432\u043e\u0457 \u0434\u0440\u043e\u0432\u0430 \u0432\u043f\u043e\u0440\u044f\u0434\u043a\u043e\u0432\u0430\u043d\u0438\u043c\u0438 \u0442\u0430 \u043b\u0435\u0433\u043a\u043e\u0434\u043e\u0441\u0442\u0443\u043f\u043d\u0438\u043c\u0438 \u0437\u0430 \u0434\u043e\u043f\u043e\u043c\u043e\u0433\u043e\u044e \u0446\u0456\u0454\u0457 \u043c\u0456\u0446\u043d\u043e\u0457 \u0442\u0430 \u0441\u0442\u0430\u0431\u0456\u043b\u044c\u043d\u043e\u0457 \u043f\u0456\u0434\u0441\u0442\u0430\u0432\u043a\u0438 \u0434\u043b\u044f \u0434\u0440\u043e\u0432!<\/p>\n<\/p>\n<ul>\n<li>\u041c\u0456\u0446\u043d\u0438\u0439 \u043c\u0430\u0442\u0435\u0440\u0456\u0430\u043b: \u0412\u0438\u0432\u0456\u0442\u0440\u044e\u0432\u0430\u043b\u044c\u043d\u0430 \u0441\u0442\u0430\u043b\u044c \u0437\u0430 \u0441\u0432\u043e\u0454\u044e \u0441\u0443\u0442\u0442\u044e \u0454 \u0430\u043d\u0442\u0438\u043a\u043e\u0440\u043e\u0437\u0456\u0439\u043d\u043e\u044e. \u041f\u0440\u0438 \u043f\u0435\u0440\u0448\u043e\u043c\u0443 \u0432\u043f\u043b\u0438\u0432\u0456 \u0430\u0442\u043c\u043e\u0441\u0444\u0435\u0440\u043d\u0438\u0445 \u0443\u043c\u043e\u0432 \u0432\u043e\u043d\u0430 \u0443\u0442\u0432\u043e\u0440\u044e\u0454 \u0456\u0440\u0436\u0430\u0432\u0438\u0439 \u0437\u0430\u0445\u0438\u0441\u043d\u0438\u0439 \u0448\u0430\u0440 \u0432\u0456\u0434 \u043a\u043e\u0440\u043e\u0437\u0456\u0457. \u0422\u043e\u043c\u0443 \u0432\u0430\u043c \u043d\u0435 \u043f\u043e\u0442\u0440\u0456\u0431\u043d\u043e \u0457\u0457 \u0444\u0430\u0440\u0431\u0443\u0432\u0430\u0442\u0438. \u0426\u0435 \u0434\u043e\u043f\u043e\u043c\u0430\u0433\u0430\u0454 \u0437\u0430\u043e\u0449\u0430\u0434\u0438\u0442\u0438 \u043d\u0430 \u0432\u0438\u0442\u0440\u0430\u0442\u0430\u0445 \u043d\u0430 \u043e\u0431\u0441\u043b\u0443\u0433\u043e\u0432\u0443\u0432\u0430\u043d\u043d\u044f \u0442\u0430 \u0440\u0435\u043c\u043e\u043d\u0442. \u0425\u0430\u0440\u0430\u043a\u0442\u0435\u0440\u043d\u0438\u0439 \u043a\u043e\u0440\u0438\u0447\u043d\u0435\u0432\u0438\u0439 \u043a\u043e\u043b\u0456\u0440 \u0432\u0438\u0432\u0456\u0442\u0440\u044e\u0432\u0430\u043b\u044c\u043d\u043e\u0457 \u0441\u0442\u0430\u043b\u0456, \u0431\u0435\u0437\u0443\u043c\u043e\u0432\u043d\u043e, \u043f\u0440\u0438\u0432\u0435\u0440\u0442\u0430\u0454 \u0443\u0432\u0430\u0433\u0443. \u0417\u0440\u0435\u0448\u0442\u043e\u044e, \u0432\u0438\u0432\u0456\u0442\u0440\u044e\u0432\u0430\u043b\u044c\u043d\u0430 \u0441\u0442\u0430\u043b\u044c \u043d\u0430\u0434\u0437\u0432\u0438\u0447\u0430\u0439\u043d\u043e \u043c\u0456\u0446\u043d\u0430 \u0442\u0430 \u0432\u0438\u0442\u0440\u0438\u043c\u0443\u0454 \u0432\u0438\u043f\u0440\u043e\u0431\u0443\u0432\u0430\u043d\u043d\u044f \u0447\u0430\u0441\u043e\u043c.<\/li>\n<li>\u0412\u0435\u043b\u0438\u043a\u0430 \u043c\u0456\u0441\u0442\u043a\u0456\u0441\u0442\u044c: \u0426\u044f \u0434\u0440\u043e\u0432&#039;\u044f\u043d\u0430 \u043f\u0456\u0434\u0441\u0442\u0430\u0432\u043a\u0430 \u043c\u0430\u0454 \u0432\u0435\u043b\u0438\u043a\u0443 \u043c\u0456\u0441\u0442\u043a\u0456\u0441\u0442\u044c, \u0449\u043e \u0437\u0430\u0431\u0435\u0437\u043f\u0435\u0447\u0443\u0454 \u0434\u043e\u0441\u0442\u0430\u0442\u043d\u044c\u043e \u043c\u0456\u0441\u0446\u044f \u0434\u043b\u044f \u0437\u0431\u0435\u0440\u0456\u0433\u0430\u043d\u043d\u044f \u043f\u043e\u043b\u0456\u043d, \u0449\u043e\u0431 \u0432\u0438 \u043c\u043e\u0433\u043b\u0438 \u043f\u043e\u043f\u043e\u0432\u043d\u044e\u0432\u0430\u0442\u0438 \u0432\u043e\u0433\u043e\u043d\u044c, \u0433\u0430\u0440\u0430\u043d\u0442\u0443\u044e\u0447\u0438 \u0442\u0435\u043f\u043b\u043e \u043f\u0440\u043e\u0442\u044f\u0433\u043e\u043c \u0443\u0441\u0456\u0454\u0457 \u0437\u0438\u043c\u0438.<\/li>\n<li>\u041f\u0456\u0441\u043b\u044f\u0441\u0443\u0448\u0443\u0432\u0430\u043d\u043d\u044f: \u0422\u0440\u0438\u043c\u0430\u0447 \u0434\u043b\u044f \u0434\u0440\u043e\u0432 \u043d\u0435 \u043f\u0456\u0434\u043d\u0456\u043c\u0430\u0454 \u043a\u043e\u043b\u043e\u0434\u0438 \u043d\u0430\u0434 \u0437\u0435\u043c\u043b\u0435\u044e, \u0437\u0430\u0431\u0435\u0437\u043f\u0435\u0447\u0443\u044e\u0447\u0438 \u043a\u0440\u0430\u0449\u0443 \u0446\u0438\u0440\u043a\u0443\u043b\u044f\u0446\u0456\u044e \u043f\u043e\u0432\u0456\u0442\u0440\u044f, \u0437\u0430\u043f\u043e\u0431\u0456\u0433\u0430\u044e\u0447\u0438 \u0433\u043d\u0438\u0442\u0442\u044e \u0434\u0435\u0440\u0435\u0432\u0438\u043d\u0438 \u0442\u0430 \u0432\u043e\u0434\u043d\u043e\u0447\u0430\u0441 \u0434\u043e\u0434\u0430\u0442\u043a\u043e\u0432\u043e \u0441\u0443\u0448\u0430\u0442\u044c \u0434\u0440\u043e\u0432\u0430.<\/li>\n<li>\u041f\u0440\u0438\u0432\u0430\u0431\u043b\u0438\u0432\u0438\u0439 \u0434\u0438\u0437\u0430\u0439\u043d: \u0417\u0430\u0432\u0434\u044f\u043a\u0438 \u0443\u043d\u0456\u043a\u0430\u043b\u044c\u043d\u043e\u043c\u0443 \u0442\u0430 \u0441\u0442\u0438\u043b\u044c\u043d\u043e\u043c\u0443 \u0437\u043e\u0432\u043d\u0456\u0448\u043d\u044c\u043e\u043c\u0443 \u0432\u0438\u0433\u043b\u044f\u0434\u0443, \u0442\u0440\u0438\u043c\u0430\u0447 \u0434\u043b\u044f \u043a\u0430\u043c\u0456\u043d\u043d\u0438\u0445 \u043f\u043e\u043b\u043e\u0432 \u043f\u043e\u0454\u0434\u043d\u0443\u0454 \u0444\u0443\u043d\u043a\u0446\u0456\u043e\u043d\u0430\u043b\u044c\u043d\u0456\u0441\u0442\u044c \u0437 \u0435\u0441\u0442\u0435\u0442\u0438\u0447\u043d\u043e\u044e \u043f\u0440\u0438\u0432\u0430\u0431\u043b\u0438\u0432\u0456\u0441\u0442\u044e, \u043f\u0456\u0434\u043a\u0440\u0435\u0441\u043b\u044e\u044e\u0447\u0438 \u0435\u043b\u0435\u0433\u0430\u043d\u0442\u043d\u0456\u0441\u0442\u044c \u0432\u0430\u0448\u043e\u0433\u043e \u0456\u043d\u0442\u0435\u0440&#039;\u0454\u0440\u0443, \u0437\u0431\u0435\u0440\u0456\u0433\u0430\u044e\u0447\u0438 \u0432\u0430\u0448\u0456 \u043f\u043e\u043b\u0456\u043d\u0430 \u0430\u043a\u0443\u0440\u0430\u0442\u043d\u043e \u043e\u0440\u0433\u0430\u043d\u0456\u0437\u043e\u0432\u0430\u043d\u0438\u043c\u0438.<\/li>\n<\/ul>\n<p>\u041f\u0440\u0438\u0454\u043c\u043d\u043e \u0446\u0435 \u0447\u0443\u0442\u0438:<\/p>\n<ul>\n<li>\u0412\u0438\u0440\u0456\u0431 \u0449\u0435 \u043d\u0435 \u0456\u0440\u0436\u0430\u0432\u0438\u0439 \u0456 \u043d\u0430 \u043c\u043e\u043c\u0435\u043d\u0442 \u043e\u0442\u0440\u0438\u043c\u0430\u043d\u043d\u044f \u043c\u0430\u0442\u0438\u043c\u0435 \u0437\u0432\u0438\u0447\u0430\u0439\u043d\u0438\u0439 \u043a\u043e\u043b\u0456\u0440 \u043c\u0435\u0442\u0430\u043b\u0443, \u0430\u043b\u0435 \u0437 \u0447\u0430\u0441\u043e\u043c \u043d\u0430 \u043d\u044c\u043e\u043c\u0443 \u0437\u2019\u044f\u0432\u0438\u0442\u044c\u0441\u044f \u0456\u0440\u0436\u0430. \u0429\u043e\u0431 \u043f\u0440\u0438\u0448\u0432\u0438\u0434\u0448\u0438\u0442\u0438 \u043f\u0440\u043e\u0446\u0435\u0441 \u0456\u0440\u0436\u0430\u0432\u0456\u043d\u043d\u044f, \u0439\u043e\u0433\u043e \u043c\u043e\u0436\u043d\u0430 \u043e\u0431\u043f\u0440\u0438\u0441\u043a\u0430\u0442\u0438 \u043c\u0438\u043b\u044c\u043d\u043e\u044e \u0442\u0430 \u0441\u043e\u043b\u043e\u043d\u043e\u044e \u0432\u043e\u0434\u043e\u044e. \u0423\u043d\u0438\u043a\u0430\u0439\u0442\u0435 \u043a\u043e\u043d\u0442\u0430\u043a\u0442\u0443 \u0437 \u0443\u0442\u0432\u043e\u0440\u0435\u043d\u0438\u043c \u0448\u0430\u0440\u043e\u043c \u0456\u0440\u0436\u0456, \u0449\u043e\u0431 \u0437\u0430\u0445\u0438\u0441\u0442\u0438\u0442\u0438 \u043e\u0434\u044f\u0433 \u0432\u0456\u0434 \u043f\u043b\u044f\u043c.<\/li>\n<\/ul>\n<ul>\n<li>\u041c\u0430\u0442\u0435\u0440\u0456\u0430\u043b: \u0430\u0442\u043c\u043e\u0441\u0444\u0435\u0440\u043e\u0441\u0442\u0456\u0439\u043a\u0430 \u0441\u0442\u0430\u043b\u044c<\/li>\n<li>\u0420\u043e\u0437\u043c\u0456\u0440\u0438: 40 x 30 x 80 \u0441\u043c (\u0414 x \u0428 x \u0412)<\/li>\n<li>\u041c\u0430\u043a\u0441\u0438\u043c\u0430\u043b\u044c\u043d\u0435 \u043d\u0430\u0432\u0430\u043d\u0442\u0430\u0436\u0435\u043d\u043d\u044f (\u0437\u0430\u0433\u0430\u043b\u044c\u043d\u0435): 30 \u043a\u0433<\/li>\n<li>\u041f\u043e\u0442\u0440\u0456\u0431\u043d\u0430 \u0437\u0431\u0456\u0440\u043a\u0430: \u0442\u0430\u043a<\/li>\n<\/ul>","protected":false},"excerpt":{"rendered":"<p>Selle tugeva ja stabiilse k\u00fcttepuuriiuliga hoidke oma palgid korras ja lihtsalt juurdep\u00e4\u00e4setavad! Vastupidav materjal: ilmastikukindel teras on oma olemuselt korrosioonivastane. Esmakordsel atmosf\u00e4\u00e4ritingimustega&hellip;<\/p>","protected":false},"featured_media":134532,"comment_status":"open","ping_status":"closed","template":"","meta":{"wprm-recipe-roundup-name":"","wprm-recipe-roundup-description":""},"product_brand":[],"product_cat":[3670],"product_tag":[1885,4038,4049,536,540],"class_list":{"0":"post-134544","1":"product","2":"type-product","3":"status-publish","4":"has-post-thumbnail","6":"product_cat-kaminapuude-alused","7":"product_tag-hobedane","8":"product_tag-kamina-ja-ahjutarvikud","9":"product_tag-kaminapuude-alused","10":"product_tag-kodu-ja-aed","11":"product_tag-parcel","13":"first","14":"instock","15":"taxable","16":"shipping-taxable","17":"purchasable","18":"product-type-simple"},"supplier_id":null,"supplier_sku":"","barcode":null,"atum_controlled":false,"out_stock_date":null,"out_stock_threshold":null,"inheritable":false,"inbound_stock":null,"stock_on_hold":0,"sold_today":0,"sales_last_days":0,"reserved_stock":null,"customer_returns":null,"warehouse_damage":null,"lost_in_post":null,"other_logs":null,"out_stock_days":0,"lost_sales":0,"has_location":null,"update_date":"2026-05-15T06:23:05","atum_locations":[],"atum_stock_status":"instock","restock_status":false,"low_stock_amount":"","sales_update_date":"2026-03-07T01:12:34","calc_backorders":null,"aioseo_notices":[],"_links":{"self":[{"href":"https:\/\/ecoshop.ee\/uk\/wp-json\/wp\/v2\/product\/134544","targetHints":{"allow":["GET"]}}],"collection":[{"href":"https:\/\/ecoshop.ee\/uk\/wp-json\/wp\/v2\/product"}],"about":[{"href":"https:\/\/ecoshop.ee\/uk\/wp-json\/wp\/v2\/types\/product"}],"replies":[{"embeddable":true,"href":"https:\/\/ecoshop.ee\/uk\/wp-json\/wp\/v2\/comments?post=134544"}],"version-history":[{"count":0,"href":"https:\/\/ecoshop.ee\/uk\/wp-json\/wp\/v2\/product\/134544\/revisions"}],"wp:featuredmedia":[{"embeddable":true,"href":"https:\/\/ecoshop.ee\/uk\/wp-json\/wp\/v2\/media\/134532"}],"wp:attachment":[{"href":"https:\/\/ecoshop.ee\/uk\/wp-json\/wp\/v2\/media?parent=134544"}],"wp:term":[{"taxonomy":"product_brand","embeddable":true,"href":"https:\/\/ecoshop.ee\/uk\/wp-json\/wp\/v2\/product_brand?post=134544"},{"taxonomy":"product_cat","embeddable":true,"href":"https:\/\/ecoshop.ee\/uk\/wp-json\/wp\/v2\/product_cat?post=134544"},{"taxonomy":"product_tag","embeddable":true,"href":"https:\/\/ecoshop.ee\/uk\/wp-json\/wp\/v2\/product_tag?post=134544"}],"curies":[{"name":"wp","href":"https:\/\/api.w.org\/{rel}","templated":true}]}}