{"id":245708,"date":"2025-10-05T13:58:39","date_gmt":"2025-10-05T10:58:39","guid":{"rendered":"https:\/\/ecoshop.ee\/?post_type=product&#038;p=245708"},"modified":"2026-02-19T21:21:14","modified_gmt":"2026-02-19T18:21:14","slug":"%d0%ba%d0%b8%d1%81%d0%bb%d1%96-%d0%bf%d0%be%d0%bb%d1%83%d0%bd%d0%b8%d1%87%d0%bd%d1%96-%d0%b6%d1%83%d0%b2%d0%b0%d0%bb%d1%8c%d0%bd%d1%96-%d1%86%d1%83%d0%ba%d0%b5%d1%80%d0%ba%d0%b8-150-%d0%b3","status":"publish","type":"product","link":"https:\/\/ecoshop.ee\/uk\/kommid\/hapud-maasika-kummikommid-150g\/","title":{"rendered":"\u0416\u0443\u0432\u0430\u043b\u044c\u043d\u0456 \u0446\u0443\u043a\u0435\u0440\u043a\u0438 \u0437 \u043a\u0438\u0441\u043b\u043e\u044e \u043f\u043e\u043b\u0443\u043d\u0438\u0446\u0435\u044e, 150 \u0433"},"content":{"rendered":"<p data-start=\"34\" data-end=\"279\">\u041d\u0435\u0439\u043c\u043e\u0432\u0456\u0440\u043d\u043e \u043a\u0438\u0441\u043b\u0456 \u0442\u0430 \u0441\u043e\u043b\u043e\u0434\u043a\u0456 \u0436\u0443\u0432\u0430\u043b\u044c\u043d\u0456 \u0446\u0443\u043a\u0435\u0440\u043a\u0438 Troll \u0437 \u043f\u043e\u043b\u0443\u043d\u0438\u0446\u0435\u044e \u0437\u043c\u0443\u0441\u044f\u0442\u044c \u0432\u0430\u0448\u0456 \u043c&#039;\u044f\u0437\u0438 \u043e\u0431\u043b\u0438\u0447\u0447\u044f \u043f\u0440\u0430\u0446\u044e\u0432\u0430\u0442\u0438 \u0442\u0430 \u0432\u0438\u043a\u043b\u0438\u0447\u0443\u0442\u044c \u043f\u043e\u0441\u043c\u0456\u0448\u043a\u0443 \u043d\u0430 \u0433\u0443\u0431\u0430\u0445! \u0426\u0456 \u0436\u0443\u0432\u0430\u043b\u044c\u043d\u0456 \u0446\u0443\u043a\u0435\u0440\u043a\u0438 \u043f\u043e\u0454\u0434\u043d\u0443\u044e\u0442\u044c \u043a\u0438\u0441\u043b\u0435 \u0442\u0430 \u0441\u043e\u043b\u043e\u0434\u043a\u0435 \u0432 \u0456\u0434\u0435\u0430\u043b\u044c\u043d\u043e\u043c\u0443 \u0431\u0430\u043b\u0430\u043d\u0441\u0456 \u0442\u0430 \u0434\u0430\u0440\u0443\u044e\u0442\u044c \u0441\u043f\u0440\u0430\u0432\u0436\u043d\u0456 \u0441\u043c\u0430\u043a\u043e\u0432\u0456 \u0432\u0440\u0430\u0436\u0435\u043d\u043d\u044f \u044f\u043a \u0434\u043e\u0440\u043e\u0441\u043b\u0438\u043c, \u0442\u0430\u043a \u0456 \u0434\u0456\u0442\u044f\u043c.<\/p>\n<p data-start=\"281\" data-end=\"379\" data-is-last-node=\"\" data-is-only-node=\"\"><strong data-start=\"281\" data-end=\"286\">\u2022<\/strong> \u041d\u0430\u0441\u0438\u0447\u0435\u043d\u0438\u0439 \u0441\u043c\u0430\u043a \u043f\u043e\u043b\u0443\u043d\u0438\u0446\u0456<br data-start=\"312\" data-end=\"315\" \/><strong data-start=\"315\" data-end=\"320\" data-is-only-node=\"\">\u2022<\/strong> \u041f\u0440\u0438\u0454\u043c\u043d\u043e \u043a\u0438\u0441\u043b\u0430 \u0446\u0443\u043a\u0440\u043e\u0432\u0430 \u0433\u043b\u0430\u0437\u0443\u0440<br data-start=\"345\" data-end=\"348\" \/><strong data-start=\"348\" data-end=\"353\">\u2022<\/strong> \u0426\u0456\u043a\u0430\u0432\u0456 \u0447\u0430\u0441\u0442\u0443\u0432\u0430\u043d\u043d\u044f \u0434\u043b\u044f \u0431\u0443\u0434\u044c-\u044f\u043a\u043e\u0457 \u043d\u0430\u0433\u043e\u0434\u0438<br \/>\n<strong data-start=\"348\" data-end=\"353\">\u2022<\/strong> \u0417 \u0440\u043e\u0441\u043b\u0438\u043d\u043d\u0438\u0445 \u0456\u043d\u0433\u0440\u0435\u0434\u0456\u0454\u043d\u0442\u0456\u0432<\/p>","protected":false},"excerpt":{"rendered":"<p>Vahvalt hapud ja magusad Trolli maasika kummikommid panevad n\u00e4olihased t\u00f6\u00f6le ja toovad naeratuse huulile! Need n\u00e4rimiskommid \u00fchendavad hapu ja magusa ideaalses tasakaalus&hellip;<\/p>","protected":false},"featured_media":245709,"comment_status":"open","ping_status":"closed","template":"","meta":{"wprm-recipe-roundup-name":"","wprm-recipe-roundup-description":""},"product_brand":[],"product_cat":[160],"product_tag":[159,316],"class_list":{"0":"post-245708","1":"product","2":"type-product","3":"status-publish","4":"has-post-thumbnail","6":"product_cat-kommid","7":"product_tag-kommid","8":"product_tag-kummikommid","9":"j79_wcxd_expiry_type-best-before","11":"first","12":"instock","13":"taxable","14":"shipping-taxable","15":"purchasable","16":"product-type-simple"},"supplier_id":9158,"supplier_sku":"","barcode":"4000512463801","atum_controlled":true,"out_stock_date":null,"out_stock_threshold":null,"inheritable":false,"inbound_stock":0,"stock_on_hold":0,"sold_today":0,"sales_last_days":0,"reserved_stock":0,"customer_returns":0,"warehouse_damage":0,"lost_in_post":0,"other_logs":0,"out_stock_days":0,"lost_sales":0,"has_location":false,"update_date":"2026-03-07T01:16:02","atum_locations":[],"atum_stock_status":"instock","restock_status":false,"low_stock_amount":"","sales_update_date":"2026-03-07T01:16:02","calc_backorders":null,"aioseo_notices":[],"_links":{"self":[{"href":"https:\/\/ecoshop.ee\/uk\/wp-json\/wp\/v2\/product\/245708","targetHints":{"allow":["GET"]}}],"collection":[{"href":"https:\/\/ecoshop.ee\/uk\/wp-json\/wp\/v2\/product"}],"about":[{"href":"https:\/\/ecoshop.ee\/uk\/wp-json\/wp\/v2\/types\/product"}],"replies":[{"embeddable":true,"href":"https:\/\/ecoshop.ee\/uk\/wp-json\/wp\/v2\/comments?post=245708"}],"version-history":[{"count":0,"href":"https:\/\/ecoshop.ee\/uk\/wp-json\/wp\/v2\/product\/245708\/revisions"}],"wp:featuredmedia":[{"embeddable":true,"href":"https:\/\/ecoshop.ee\/uk\/wp-json\/wp\/v2\/media\/245709"}],"wp:attachment":[{"href":"https:\/\/ecoshop.ee\/uk\/wp-json\/wp\/v2\/media?parent=245708"}],"wp:term":[{"taxonomy":"product_brand","embeddable":true,"href":"https:\/\/ecoshop.ee\/uk\/wp-json\/wp\/v2\/product_brand?post=245708"},{"taxonomy":"product_cat","embeddable":true,"href":"https:\/\/ecoshop.ee\/uk\/wp-json\/wp\/v2\/product_cat?post=245708"},{"taxonomy":"product_tag","embeddable":true,"href":"https:\/\/ecoshop.ee\/uk\/wp-json\/wp\/v2\/product_tag?post=245708"}],"curies":[{"name":"wp","href":"https:\/\/api.w.org\/{rel}","templated":true}]}}