{"id":245757,"date":"2025-10-08T22:23:43","date_gmt":"2025-10-08T19:23:43","guid":{"rendered":"https:\/\/ecoshop.ee\/?post_type=product&#038;p=245757"},"modified":"2026-05-08T20:31:03","modified_gmt":"2026-05-08T17:31:03","slug":"%d1%87%d0%b0%d1%88%d0%b5%d1%87%d0%ba%d0%b8-%d0%b0%d1%80%d0%b0%d1%85%d1%96%d1%81%d0%be%d0%b2%d0%be%d1%97-%d0%bf%d0%b0%d1%81%d1%82%d0%b8-%d0%b7-%d1%81%d0%be%d0%bb%d0%be%d0%bd%d0%be%d1%8e-%d0%ba%d0%b0","status":"publish","type":"product","link":"https:\/\/ecoshop.ee\/uk\/kommid\/naughty-nuts-soolakaramelli-taidisega-pahklivoikausid-39g\/","title":{"rendered":"\u0427\u0430\u0448\u0435\u0447\u043a\u0438 \u0437 \u0430\u0440\u0430\u0445\u0456\u0441\u043e\u0432\u043e\u044e \u043f\u0430\u0441\u0442\u043e\u044e Naughty Nuts \u0437 \u0441\u043e\u043b\u043e\u043d\u043e\u044e \u043a\u0430\u0440\u0430\u043c\u0435\u043b\u043b\u044e, 39 \u0433"},"content":{"rendered":"<p data-start=\"56\" data-end=\"242\">\u0421\u043f\u0440\u0430\u0432\u0436\u043d\u044f \u043d\u0430\u0441\u043e\u043b\u043e\u0434\u0430 \u2013 \u043c\u2019\u044f\u043a\u0456 \u0442\u0430 \u043a\u0440\u0435\u043c\u043e\u0432\u0456 \u0446\u0443\u043a\u0435\u0440\u043a\u0438 \u0437 \u0430\u0440\u0430\u0445\u0456\u0441\u043e\u0432\u043e\u0457 \u043f\u0430\u0441\u0442\u0438 \u0437 \u043d\u0430\u0447\u0438\u043d\u043a\u043e\u044e \u0456\u0437 \u0441\u043e\u043b\u043e\u043d\u043e\u0457 \u043a\u0430\u0440\u0430\u043c\u0435\u043b\u0456, \u044f\u043a\u0456 \u0442\u0430\u043d\u0443\u0442\u044c \u0443 \u0440\u043e\u0442\u0456 \u0442\u0430 \u0434\u0430\u0440\u0443\u044e\u0442\u044c \u0456\u0434\u0435\u0430\u043b\u044c\u043d\u0443 \u0433\u0430\u0440\u043c\u043e\u043d\u0456\u044e \u0441\u043e\u043b\u043e\u0434\u043a\u043e\u0433\u043e \u0442\u0430 \u0441\u043e\u043b\u043e\u043d\u043e\u0433\u043e. \u041a\u043e\u0436\u0435\u043d \u0448\u043c\u0430\u0442\u043e\u0447\u043e\u043a \u2013 \u0446\u0435 \u044f\u043a \u043c\u0430\u043b\u0435\u043d\u044c\u043a\u0430 \u043c\u0438\u0442\u044c \u0431\u043b\u0430\u0436\u0435\u043d\u0441\u0442\u0432\u0430.<\/p>\n<p data-start=\"244\" data-end=\"460\">\u0412\u0438\u0433\u043e\u0442\u043e\u0432\u043b\u0435\u043d\u043e \u043b\u0438\u0448\u0435 \u0437 \u043d\u0430\u0439\u043a\u0440\u0430\u0449\u0438\u0445 \u0456\u043d\u0433\u0440\u0435\u0434\u0456\u0454\u043d\u0442\u0456\u0432 \u2013 \u0431\u0435\u0437 \u043f\u0430\u043b\u044c\u043c\u043e\u0432\u043e\u0457 \u043e\u043b\u0456\u0457, \u0431\u0435\u0437 \u043f\u0440\u043e\u043c\u0438\u0441\u043b\u043e\u0432\u043e\u0433\u043e \u0446\u0443\u043a\u0440\u0443 \u0442\u0430 \u043f\u043e\u0432\u043d\u0456\u0441\u0442\u044e \u0432\u0435\u0433\u0430\u043d\u0441\u044c\u043a\u0435. <strong data-start=\"352\" data-end=\"373\">44% \u043c\u0435\u043d\u0448\u0435 \u0446\u0443\u043a\u0440\u0443<\/strong> \u043d\u0456\u0436 \u0437\u0432\u0438\u0447\u0430\u0439\u043d\u0456 \u0446\u0443\u043a\u0435\u0440\u043a\u0438 \u0437 \u0430\u0440\u0430\u0445\u0456\u0441\u043e\u0432\u043e\u0457 \u043f\u0430\u0441\u0442\u0438, \u0430\u043b\u0435 \u0441\u043c\u0430\u043a \u0449\u0435 \u043d\u0430\u0441\u0438\u0447\u0435\u043d\u0456\u0448\u0438\u0439 \u0456 \u043f\u0440\u0438\u0454\u043c\u043d\u0456\u0448\u0438\u0439.<\/p>\n<p data-start=\"462\" data-end=\"569\" data-is-last-node=\"\" data-is-only-node=\"\">Naughty Nuts \u0434\u0430\u0440\u0443\u0454 \u0432\u0430\u043c \u043a\u0430\u0440\u0430\u043c\u0435\u043b\u044c\u043d\u043e-\u0432\u0435\u0440\u0448\u043a\u043e\u0432\u0438\u0439 \u0441\u043e\u043d, \u044f\u043a\u0438\u0439 \u0437\u043c\u0443\u0448\u0443\u0432\u0430\u0442\u0438\u043c\u0435 \u0432\u0430\u0441 \u043f\u043e\u0441\u043c\u0456\u0445\u0430\u0442\u0438\u0441\u044f \u0449\u043e\u0440\u0430\u0437\u0443, \u043a\u043e\u043b\u0438 \u0432\u0438 \u0432\u0456\u0434\u043a\u0440\u0438\u0432\u0430\u0442\u0438\u043c\u0435\u0442\u0435 \u0443\u043f\u0430\u043a\u043e\u0432\u043a\u0443.<\/p>","protected":false},"excerpt":{"rendered":"<p>T\u00f5eline nauding \u2013 pehme ja kreemine soolakaramellit\u00e4idisega maap\u00e4hkliv\u00f5ikomm, mis sulab suus ja toob esile magusa ning soolase t\u00e4iusliku harmoonia. Iga amps on&hellip;<\/p>","protected":false},"featured_media":245758,"comment_status":"open","ping_status":"closed","template":"","meta":{"wprm-recipe-roundup-name":"","wprm-recipe-roundup-description":""},"product_brand":[12000],"product_cat":[160],"product_tag":[288],"class_list":{"0":"post-245757","1":"product","2":"type-product","3":"status-publish","4":"has-post-thumbnail","6":"product_brand-naughty-nuts","7":"product_cat-kommid","8":"product_tag-pahklivoikausid","9":"j79_wcxd_expiry_type-expiry-date","11":"first","12":"instock","13":"taxable","14":"shipping-taxable","15":"purchasable","16":"product-type-simple"},"supplier_id":9165,"supplier_sku":"","barcode":"4260737541627","atum_controlled":true,"out_stock_date":null,"out_stock_threshold":null,"inheritable":false,"inbound_stock":0,"stock_on_hold":0,"sold_today":0,"sales_last_days":0,"reserved_stock":0,"customer_returns":0,"warehouse_damage":0,"lost_in_post":0,"other_logs":0,"out_stock_days":170,"lost_sales":798,"has_location":false,"update_date":"2026-05-08T17:31:04","atum_locations":[],"atum_stock_status":"instock","restock_status":false,"low_stock_amount":"","sales_update_date":"2026-04-06T20:01:11","calc_backorders":null,"aioseo_notices":[],"_links":{"self":[{"href":"https:\/\/ecoshop.ee\/uk\/wp-json\/wp\/v2\/product\/245757","targetHints":{"allow":["GET"]}}],"collection":[{"href":"https:\/\/ecoshop.ee\/uk\/wp-json\/wp\/v2\/product"}],"about":[{"href":"https:\/\/ecoshop.ee\/uk\/wp-json\/wp\/v2\/types\/product"}],"replies":[{"embeddable":true,"href":"https:\/\/ecoshop.ee\/uk\/wp-json\/wp\/v2\/comments?post=245757"}],"version-history":[{"count":1,"href":"https:\/\/ecoshop.ee\/uk\/wp-json\/wp\/v2\/product\/245757\/revisions"}],"predecessor-version":[{"id":396131,"href":"https:\/\/ecoshop.ee\/uk\/wp-json\/wp\/v2\/product\/245757\/revisions\/396131"}],"wp:featuredmedia":[{"embeddable":true,"href":"https:\/\/ecoshop.ee\/uk\/wp-json\/wp\/v2\/media\/245758"}],"wp:attachment":[{"href":"https:\/\/ecoshop.ee\/uk\/wp-json\/wp\/v2\/media?parent=245757"}],"wp:term":[{"taxonomy":"product_brand","embeddable":true,"href":"https:\/\/ecoshop.ee\/uk\/wp-json\/wp\/v2\/product_brand?post=245757"},{"taxonomy":"product_cat","embeddable":true,"href":"https:\/\/ecoshop.ee\/uk\/wp-json\/wp\/v2\/product_cat?post=245757"},{"taxonomy":"product_tag","embeddable":true,"href":"https:\/\/ecoshop.ee\/uk\/wp-json\/wp\/v2\/product_tag?post=245757"}],"curies":[{"name":"wp","href":"https:\/\/api.w.org\/{rel}","templated":true}]}}