{"id":245765,"date":"2025-10-08T22:48:14","date_gmt":"2025-10-08T19:48:14","guid":{"rendered":"https:\/\/ecoshop.ee\/?post_type=product&#038;p=245765"},"modified":"2026-05-08T20:34:39","modified_gmt":"2026-05-08T17:34:39","slug":"%d0%bc%d0%b8%d1%81%d0%ba%d0%b8-%d0%b7-%d0%b3%d0%be%d1%80%d1%96%d1%85%d0%be%d0%b2%d0%b8%d0%bc-%d0%bc%d0%b0%d1%81%d0%bb%d0%be%d0%bc-%d1%82%d0%b0-%d0%bf%d0%be%d0%bb%d1%83%d0%bd%d0%b8%d1%86%d0%b5%d1%8e-be","status":"publish","type":"product","link":"https:\/\/ecoshop.ee\/uk\/kommid\/bettr-maasika-taidisega-pahklivoikausid-39g\/","title":{"rendered":"\u0427\u0430\u0448\u0456 \u0437 \u0433\u043e\u0440\u0456\u0445\u043e\u0432\u043e\u044e \u043f\u0430\u0441\u0442\u043e\u044e \u0437 \u043d\u0430\u0447\u0438\u043d\u043a\u043e\u044e \u0437 \u043f\u043e\u043b\u0443\u043d\u0438\u0446\u0456 Bett&#039;r, 39 \u0433"},"content":{"rendered":"<p data-start=\"53\" data-end=\"258\">\u0412\u0456\u0434\u043a\u0440\u0438\u0439\u0442\u0435 \u0434\u043b\u044f \u0441\u0435\u0431\u0435 \u0441\u043e\u043b\u043e\u0434\u043a\u0443 \u043b\u0456\u0442\u043d\u044e \u043c\u0440\u0456\u044e \u2013 \u043d\u0430\u0441\u0438\u0447\u0435\u043d\u0438\u0439 \u0442\u0435\u043c\u043d\u0438\u0439 \u0448\u043e\u043a\u043e\u043b\u0430\u0434 \u043f\u0440\u0438\u0445\u043e\u0432\u0443\u0454 \u043d\u0456\u0436\u043d\u0438\u0439 \u0442\u0430 \u043e\u043a\u0441\u0430\u043c\u0438\u0442\u043e\u0432\u0438\u0439 \u043f\u043e\u043b\u0443\u043d\u0438\u0447\u043d\u0438\u0439 \u043a\u0440\u0435\u043c, \u044f\u043a\u0438\u0439 \u043f\u0440\u0438\u043d\u043e\u0441\u0438\u0442\u044c \u0441\u0432\u0456\u0436\u0456\u0441\u0442\u044c \u0442\u0430 \u0440\u0430\u0434\u0456\u0441\u0442\u044c \u043a\u043e\u0436\u043d\u043e\u043c\u0443 \u0448\u043c\u0430\u0442\u043e\u0447\u043a\u0443. \u0406\u0434\u0435\u0430\u043b\u044c\u043d\u0438\u0439 \u0431\u0430\u043b\u0430\u043d\u0441 \u044f\u0433\u0456\u0434\u043d\u043e\u0457 \u043c\u2019\u044f\u043a\u043e\u0441\u0442\u0456 \u0442\u0430 \u0448\u043e\u043a\u043e\u043b\u0430\u0434\u043d\u043e\u0433\u043e \u0437\u0430\u0434\u043e\u0432\u043e\u043b\u0435\u043d\u043d\u044f.<\/p>\n<p data-start=\"260\" data-end=\"389\">\u0412\u0438\u0433\u043e\u0442\u043e\u0432\u043b\u0435\u043d\u043e \u043b\u0438\u0448\u0435 \u0437 \u043d\u0430\u0439\u043a\u0440\u0430\u0449\u0438\u0445 \u043d\u0430\u0442\u0443\u0440\u0430\u043b\u044c\u043d\u0438\u0445 \u0456\u043d\u0433\u0440\u0435\u0434\u0456\u0454\u043d\u0442\u0456\u0432 \u2013 <strong data-start=\"320\" data-end=\"387\">100% \u043e\u0440\u0433\u0430\u043d\u0456\u0447\u043d\u0438\u0439, \u0432\u0435\u0433\u0430\u043d\u0441\u044c\u043a\u0438\u0439, \u0431\u0435\u0437 \u043f\u0430\u043b\u044c\u043c\u043e\u0432\u043e\u0457 \u043e\u043b\u0456\u0457 \u0442\u0430 \u043f\u0456\u0434\u0441\u043e\u043b\u043e\u0434\u0436\u0435\u043d\u0438\u0439 \u043a\u043e\u043a\u043e\u0441\u043e\u0432\u0438\u043c \u0446\u0443\u043a\u0440\u043e\u043c.<\/strong><\/p>\n<p data-start=\"391\" data-end=\"482\" data-is-last-node=\"\" data-is-only-node=\"\">\u0426\u0435 \u043c\u043e\u043c\u0435\u043d\u0442, \u043a\u043e\u043b\u0438 \u0448\u043e\u043a\u043e\u043b\u0430\u0434 \u0456 \u043f\u043e\u043b\u0443\u043d\u0438\u0446\u044f \u0437\u0443\u0441\u0442\u0440\u0456\u0447\u0430\u044e\u0442\u044c\u0441\u044f \u2014 \u0430\u0432\u0442\u0435\u043d\u0442\u0438\u0447\u043d\u043e, \u0447\u0438\u0441\u0442\u043e \u0442\u0430 \u043f\u0440\u043e\u0441\u0442\u043e, \u0443 \u0441\u0442\u0438\u043b\u0456 Bett&#039;r.<\/p>","protected":false},"excerpt":{"rendered":"<p>Avasta suvine magus unelm \u2013 rikkalik tume \u0161okolaad peidab endas \u00f5rna ja sametist maasikakreemi, mis toob igasse ampsu v\u00e4rskuse ja r\u00f5\u00f5mu. T\u00e4iuslik&hellip;<\/p>","protected":false},"featured_media":245766,"comment_status":"open","ping_status":"closed","template":"","meta":{"wprm-recipe-roundup-name":"","wprm-recipe-roundup-description":""},"product_brand":[11995],"product_cat":[160],"product_tag":[288],"class_list":{"0":"post-245765","1":"product","2":"type-product","3":"status-publish","4":"has-post-thumbnail","6":"product_brand-bettr","7":"product_cat-kommid","8":"product_tag-pahklivoikausid","9":"j79_wcxd_expiry_type-expiry-date","11":"first","12":"instock","13":"taxable","14":"shipping-taxable","15":"purchasable","16":"product-type-simple"},"supplier_id":9165,"supplier_sku":"","barcode":"3800233782929","atum_controlled":true,"out_stock_date":null,"out_stock_threshold":null,"inheritable":false,"inbound_stock":0,"stock_on_hold":0,"sold_today":0,"sales_last_days":0,"reserved_stock":0,"customer_returns":0,"warehouse_damage":0,"lost_in_post":0,"other_logs":0,"out_stock_days":169,"lost_sales":794,"has_location":false,"update_date":"2026-05-08T17:34:40","atum_locations":[],"atum_stock_status":"instock","restock_status":false,"low_stock_amount":"","sales_update_date":"2026-04-06T20:01:11","calc_backorders":null,"aioseo_notices":[],"_links":{"self":[{"href":"https:\/\/ecoshop.ee\/uk\/wp-json\/wp\/v2\/product\/245765","targetHints":{"allow":["GET"]}}],"collection":[{"href":"https:\/\/ecoshop.ee\/uk\/wp-json\/wp\/v2\/product"}],"about":[{"href":"https:\/\/ecoshop.ee\/uk\/wp-json\/wp\/v2\/types\/product"}],"replies":[{"embeddable":true,"href":"https:\/\/ecoshop.ee\/uk\/wp-json\/wp\/v2\/comments?post=245765"}],"version-history":[{"count":2,"href":"https:\/\/ecoshop.ee\/uk\/wp-json\/wp\/v2\/product\/245765\/revisions"}],"predecessor-version":[{"id":396134,"href":"https:\/\/ecoshop.ee\/uk\/wp-json\/wp\/v2\/product\/245765\/revisions\/396134"}],"wp:featuredmedia":[{"embeddable":true,"href":"https:\/\/ecoshop.ee\/uk\/wp-json\/wp\/v2\/media\/245766"}],"wp:attachment":[{"href":"https:\/\/ecoshop.ee\/uk\/wp-json\/wp\/v2\/media?parent=245765"}],"wp:term":[{"taxonomy":"product_brand","embeddable":true,"href":"https:\/\/ecoshop.ee\/uk\/wp-json\/wp\/v2\/product_brand?post=245765"},{"taxonomy":"product_cat","embeddable":true,"href":"https:\/\/ecoshop.ee\/uk\/wp-json\/wp\/v2\/product_cat?post=245765"},{"taxonomy":"product_tag","embeddable":true,"href":"https:\/\/ecoshop.ee\/uk\/wp-json\/wp\/v2\/product_tag?post=245765"}],"curies":[{"name":"wp","href":"https:\/\/api.w.org\/{rel}","templated":true}]}}