{"id":245771,"date":"2025-10-08T23:19:39","date_gmt":"2025-10-08T20:19:39","guid":{"rendered":"https:\/\/ecoshop.ee\/?post_type=product&#038;p=245771"},"modified":"2026-05-07T10:11:17","modified_gmt":"2026-05-07T07:11:17","slug":"%d1%88%d0%be%d0%ba%d0%be%d0%bb%d0%b0%d0%b4%d0%bd%d0%b8%d0%b9-%d0%bc%d0%b8%d0%b3%d0%b4%d0%b0%d0%bb%d1%8c-bettr-%d0%be%d1%80%d0%b3%d0%b0%d0%bd%d1%96%d1%87%d0%bd%d0%b8%d0%b9-40-%d0%b3","status":"publish","type":"product","link":"https:\/\/ecoshop.ee\/uk\/kommid\/bettr-sokolaadiga-mandlid-mahe-40g\/","title":{"rendered":"\u0428\u043e\u043a\u043e\u043b\u0430\u0434\u043d\u0438\u0439 \u043c\u0438\u0433\u0434\u0430\u043b\u044c Bett&#039;r, \u043e\u0440\u0433\u0430\u043d\u0456\u0447\u043d\u0438\u0439, 40 \u0433"},"content":{"rendered":"<p data-start=\"45\" data-end=\"326\">\u041d\u0430\u0441\u043e\u043b\u043e\u0434\u0436\u0443\u0439\u0442\u0435\u0441\u044c \u0441\u043f\u0440\u0430\u0432\u0436\u043d\u044c\u043e\u044e \u0433\u0430\u0440\u043c\u043e\u043d\u0456\u0454\u044e \u0441\u043c\u0430\u043a\u0456\u0432 \u2013 \u0448\u043e\u0432\u043a\u043e\u0432\u0438\u0441\u0442\u0438\u0439 \u0442\u0435\u043c\u043d\u0438\u0439 \u0448\u043e\u043a\u043e\u043b\u0430\u0434 \u043e\u0442\u043e\u0447\u0443\u0454 \u0445\u0440\u0443\u0441\u0442\u043a\u0438\u0439 \u043e\u0440\u0433\u0430\u043d\u0456\u0447\u043d\u0438\u0439 \u043c\u0438\u0433\u0434\u0430\u043b\u044c, \u0441\u0442\u0432\u043e\u0440\u044e\u044e\u0447\u0438 \u0432\u0438\u0448\u0443\u043a\u0430\u043d\u0456, \u0430\u043b\u0435 \u0432\u043e\u0434\u043d\u043e\u0447\u0430\u0441 \u0437\u0430\u0442\u0438\u0448\u043d\u0456 \u043b\u0430\u0441\u043e\u0449\u0456 \u0434\u043b\u044f \u0431\u0443\u0434\u044c-\u044f\u043a\u043e\u0457 \u043c\u0438\u0442\u0456. \u0428\u043e\u043a\u043e\u043b\u0430\u0434\u043d\u0456 \u043c\u0438\u0433\u0434\u0430\u043b\u0456 Bett&#039;r \u043f\u043e\u0454\u0434\u043d\u0443\u044e\u0442\u044c \u0432\u0438\u0441\u043e\u043a\u043e\u044f\u043a\u0456\u0441\u043d\u0435 \u043a\u0430\u043a\u0430\u043e \u0442\u0430 \u0440\u0435\u0442\u0435\u043b\u044c\u043d\u043e \u043e\u0431\u0441\u043c\u0430\u0436\u0435\u043d\u0438\u0439 \u043c\u0438\u0433\u0434\u0430\u043b\u044c \u0434\u043b\u044f \u0456\u0434\u0435\u0430\u043b\u044c\u043d\u043e\u0433\u043e \u0431\u0430\u043b\u0430\u043d\u0441\u0443 \u0441\u043e\u043b\u043e\u0434\u043a\u043e\u0433\u043e \u0442\u0430 \u0433\u043e\u0440\u0456\u0445\u043e\u0432\u043e\u0433\u043e.<\/p>\n<p data-start=\"328\" data-end=\"505\">\u041d\u0430\u0442\u0443\u0440\u0430\u043b\u044c\u043d\u043e \u0441\u043c\u0430\u0447\u043d\u0438\u0439, \u0431\u0435\u0437 \u0437\u0430\u0439\u0432\u043e\u0433\u043e \u0446\u0443\u043a\u0440\u0443 \u0442\u0430 \u0432\u0438\u0433\u043e\u0442\u043e\u0432\u043b\u0435\u043d\u0438\u0439 \u043b\u0438\u0448\u0435 \u0437 \u043e\u0440\u0433\u0430\u043d\u0456\u0447\u043d\u0438\u0445 \u0456\u043d\u0433\u0440\u0435\u0434\u0456\u0454\u043d\u0442\u0456\u0432 \u2013 \u0456\u0434\u0435\u0430\u043b\u044c\u043d\u0438\u0439 \u043a\u043e\u0440\u0438\u0441\u043d\u0438\u0439 \u043f\u0435\u0440\u0435\u043a\u0443\u0441, \u044f\u043a\u0438\u0439 \u043f\u0456\u0434\u0456\u0439\u0434\u0435 \u044f\u043a \u0434\u043b\u044f \u043f\u0435\u0440\u0435\u043a\u0443\u0441\u0443 \u043d\u0430 \u0440\u043e\u0431\u043e\u0447\u0438\u0439 \u0434\u0435\u043d\u044c, \u0442\u0430\u043a \u0456 \u0434\u043b\u044f \u0441\u043e\u043b\u043e\u0434\u043a\u043e\u0433\u043e \u0447\u0430\u0441\u0442\u0443\u0432\u0430\u043d\u043d\u044f.<\/p>","protected":false},"excerpt":{"rendered":"<p>Naudi t\u00f5elist maitsete harmooniat \u2013 siidine tume \u0161okolaad \u00fcmbritseb kr\u00f5bedaid mahemandleid, luues peene ja samas lohutava maiuse igaks hetkeks. Bett\u2019r \u0161okolaadimandlid \u00fchendavad&hellip;<\/p>","protected":false},"featured_media":245772,"comment_status":"open","ping_status":"closed","template":"","meta":{"wprm-recipe-roundup-name":"","wprm-recipe-roundup-description":""},"product_brand":[],"product_cat":[160],"product_tag":[5779,142],"class_list":{"0":"post-245771","1":"product","2":"type-product","3":"status-publish","4":"has-post-thumbnail","6":"product_cat-kommid","7":"product_tag-mandel","8":"product_tag-sokolaad","9":"j79_wcxd_expiry_type-best-before","11":"first","12":"instock","13":"taxable","14":"shipping-taxable","15":"purchasable","16":"product-type-simple"},"supplier_id":9165,"supplier_sku":"","barcode":"3800233680614","atum_controlled":true,"out_stock_date":null,"out_stock_threshold":null,"inheritable":false,"inbound_stock":0,"stock_on_hold":0,"sold_today":1,"sales_last_days":1,"reserved_stock":0,"customer_returns":0,"warehouse_damage":0,"lost_in_post":0,"other_logs":0,"out_stock_days":0,"lost_sales":0,"has_location":false,"update_date":"2026-05-07T18:22:37","atum_locations":[],"atum_stock_status":"instock","restock_status":false,"low_stock_amount":"","sales_update_date":"2026-05-07T18:22:37","calc_backorders":null,"aioseo_notices":[],"_links":{"self":[{"href":"https:\/\/ecoshop.ee\/uk\/wp-json\/wp\/v2\/product\/245771","targetHints":{"allow":["GET"]}}],"collection":[{"href":"https:\/\/ecoshop.ee\/uk\/wp-json\/wp\/v2\/product"}],"about":[{"href":"https:\/\/ecoshop.ee\/uk\/wp-json\/wp\/v2\/types\/product"}],"replies":[{"embeddable":true,"href":"https:\/\/ecoshop.ee\/uk\/wp-json\/wp\/v2\/comments?post=245771"}],"version-history":[{"count":0,"href":"https:\/\/ecoshop.ee\/uk\/wp-json\/wp\/v2\/product\/245771\/revisions"}],"wp:featuredmedia":[{"embeddable":true,"href":"https:\/\/ecoshop.ee\/uk\/wp-json\/wp\/v2\/media\/245772"}],"wp:attachment":[{"href":"https:\/\/ecoshop.ee\/uk\/wp-json\/wp\/v2\/media?parent=245771"}],"wp:term":[{"taxonomy":"product_brand","embeddable":true,"href":"https:\/\/ecoshop.ee\/uk\/wp-json\/wp\/v2\/product_brand?post=245771"},{"taxonomy":"product_cat","embeddable":true,"href":"https:\/\/ecoshop.ee\/uk\/wp-json\/wp\/v2\/product_cat?post=245771"},{"taxonomy":"product_tag","embeddable":true,"href":"https:\/\/ecoshop.ee\/uk\/wp-json\/wp\/v2\/product_tag?post=245771"}],"curies":[{"name":"wp","href":"https:\/\/api.w.org\/{rel}","templated":true}]}}