{"id":245802,"date":"2025-10-09T22:11:52","date_gmt":"2025-10-09T19:11:52","guid":{"rendered":"https:\/\/ecoshop.ee\/?post_type=product&#038;p=245802"},"modified":"2026-05-11T22:27:08","modified_gmt":"2026-05-11T19:27:08","slug":"%d0%bf%d0%be%d0%b4%d1%80%d1%96%d0%b1%d0%bd%d0%b5%d0%bd%d0%b8%d0%b9-%d1%81%d0%b5%d0%b9%d1%82%d0%b0%d0%bd-daflor-%d0%b7-%d0%be%d0%b2%d0%be%d1%87%d0%b0%d0%bc%d0%b8-200-%d0%b3","status":"publish","type":"product","link":"https:\/\/ecoshop.ee\/uk\/seitan\/daflori-hakitud-seitan-koogiviljadega-200g\/","title":{"rendered":"\u0420\u0443\u0431\u0430\u043d\u0438\u0439 \u0441\u0435\u0439\u0442\u0430\u043d Daflor \u0437 \u043e\u0432\u043e\u0447\u0430\u043c\u0438, 200 \u0433"},"content":{"rendered":"<p data-start=\"37\" data-end=\"320\">\u041f\u043e\u0434\u0440\u0456\u0431\u043d\u0435\u043d\u0438\u0439 \u0441\u0435\u0439\u0442\u0430\u043d \u0437 \u043e\u0432\u043e\u0447\u0430\u043c\u0438 \u2013 \u0446\u0435 \u0441\u043c\u0430\u0447\u043d\u0430 \u0441\u0443\u043c\u0456\u0448 \u0448\u043c\u0430\u0442\u043e\u0447\u043a\u0456\u0432 \u0441\u0435\u0439\u0442\u0430\u043d\u0443 \u0437 \u043f\u0448\u0435\u043d\u0438\u0447\u043d\u043e\u0457 \u043a\u043b\u0435\u0439\u043a\u043e\u0432\u0438\u043d\u0438 \u0442\u0430 \u0441\u0432\u0456\u0436\u0438\u0445 \u043e\u0432\u043e\u0447\u0456\u0432, \u0442\u0430\u043a\u0438\u0445 \u044f\u043a \u0446\u0438\u0431\u0443\u043b\u044f-\u043f\u043e\u0440\u0435\u0439, \u043f\u043e\u043c\u0456\u0434\u043e\u0440\u0438 \u0442\u0430 \u0446\u0438\u0431\u0443\u043b\u044f. 100% \u0420\u043e\u0441\u043b\u0438\u043d\u043d\u0438\u0439, \u043f\u043e\u0436\u0438\u0432\u043d\u0438\u0439 \u0442\u0430 \u0443\u043d\u0456\u0432\u0435\u0440\u0441\u0430\u043b\u044c\u043d\u0438\u0439 \u0432\u0430\u0440\u0456\u0430\u043d\u0442, \u044f\u043a\u0438\u0439 \u0456\u0434\u0435\u0430\u043b\u044c\u043d\u043e \u043f\u0456\u0434\u0445\u043e\u0434\u0438\u0442\u044c \u0434\u043b\u044f \u0448\u0432\u0438\u0434\u043a\u043e\u0433\u043e \u0441\u043c\u0430\u0436\u0435\u043d\u043d\u044f, \u043d\u0430\u0447\u0438\u043d\u043e\u043a \u0430\u0431\u043e \u0441\u043c\u0430\u0447\u043d\u0438\u0445 \u0449\u043e\u0434\u0435\u043d\u043d\u0438\u0445 \u0441\u0442\u0440\u0430\u0432.<\/p>\n<p data-start=\"322\" data-end=\"427\" data-is-last-node=\"\" data-is-only-node=\"\">\u0413\u043e\u0442\u043e\u0432\u0438\u0439 \u0434\u043e \u0434\u043e\u0434\u0430\u0432\u0430\u043d\u043d\u044f \u043d\u0430 \u0441\u043a\u043e\u0432\u043e\u0440\u043e\u0434\u0443 \u0430\u0431\u043e \u0434\u043e \u0441\u043e\u0443\u0441\u0456\u0432 \u2014 \u043f\u0440\u043e\u0441\u0442\u0438\u0439 \u0441\u043f\u043e\u0441\u0456\u0431 \u0434\u043e\u0434\u0430\u0442\u0438 \u0431\u0456\u043b\u043a\u0430 \u0442\u0430 \u0441\u043c\u0430\u043a\u0443 \u0434\u043e \u043f\u043e\u0432\u0441\u044f\u043a\u0434\u0435\u043d\u043d\u0438\u0445 \u0441\u0442\u0440\u0430\u0432.<\/p>\n<p data-start=\"322\" data-end=\"427\" data-is-last-node=\"\" data-is-only-node=\"\">\u041d\u0435\u0432\u0456\u0434\u043a\u0440\u0438\u0442\u0438\u0439 \u043f\u0440\u043e\u0434\u0443\u043a\u0442\u00a0<strong>\u043c\u043e\u0436\u043d\u0430 \u0437\u0431\u0435\u0440\u0456\u0433\u0430\u0442\u0438 \u043f\u0440\u0438 \u043a\u0456\u043c\u043d\u0430\u0442\u043d\u0456\u0439 \u0442\u0435\u043c\u043f\u0435\u0440\u0430\u0442\u0443\u0440\u0456.<\/strong><\/p>","protected":false},"excerpt":{"rendered":"<p>Hakitud seitan k\u00f6\u00f6giviljadega on maitsev segu nisugluteenist valmistatud seitanit\u00fckkidest ja v\u00e4rsketest k\u00f6\u00f6giviljadest, nagu porrulauk, tomat ja sibul. 100% taimne, toitev ja mitmek\u00fclgne&hellip;<\/p>","protected":false},"featured_media":245803,"comment_status":"open","ping_status":"closed","template":"","meta":{"wprm-recipe-roundup-name":"","wprm-recipe-roundup-description":""},"product_brand":[12030],"product_cat":[170,240,155],"product_tag":[166,332],"class_list":{"0":"post-245802","1":"product","2":"type-product","3":"status-publish","4":"has-post-thumbnail","6":"product_brand-daflori","7":"product_cat-seitan","8":"product_cat-allahinnatud","9":"product_cat-valguallikad","10":"product_tag-liha","11":"product_tag-seitan-tag","12":"j79_wcxd_expiry_type-best-before","14":"first","15":"instock","16":"sale","17":"taxable","18":"shipping-taxable","19":"purchasable","20":"product-type-simple"},"supplier_id":245718,"supplier_sku":"","barcode":"5600378778874","atum_controlled":true,"out_stock_date":null,"out_stock_threshold":null,"inheritable":false,"inbound_stock":0,"stock_on_hold":0,"sold_today":0,"sales_last_days":6,"reserved_stock":0,"customer_returns":0,"warehouse_damage":0,"lost_in_post":0,"other_logs":0,"out_stock_days":0,"lost_sales":0,"has_location":false,"update_date":"2026-05-13T15:06:55","atum_locations":[],"atum_stock_status":"instock","restock_status":false,"low_stock_amount":"","sales_update_date":"2026-05-13T15:06:55","calc_backorders":null,"aioseo_notices":[],"_links":{"self":[{"href":"https:\/\/ecoshop.ee\/uk\/wp-json\/wp\/v2\/product\/245802","targetHints":{"allow":["GET"]}}],"collection":[{"href":"https:\/\/ecoshop.ee\/uk\/wp-json\/wp\/v2\/product"}],"about":[{"href":"https:\/\/ecoshop.ee\/uk\/wp-json\/wp\/v2\/types\/product"}],"replies":[{"embeddable":true,"href":"https:\/\/ecoshop.ee\/uk\/wp-json\/wp\/v2\/comments?post=245802"}],"version-history":[{"count":1,"href":"https:\/\/ecoshop.ee\/uk\/wp-json\/wp\/v2\/product\/245802\/revisions"}],"predecessor-version":[{"id":396036,"href":"https:\/\/ecoshop.ee\/uk\/wp-json\/wp\/v2\/product\/245802\/revisions\/396036"}],"wp:featuredmedia":[{"embeddable":true,"href":"https:\/\/ecoshop.ee\/uk\/wp-json\/wp\/v2\/media\/245803"}],"wp:attachment":[{"href":"https:\/\/ecoshop.ee\/uk\/wp-json\/wp\/v2\/media?parent=245802"}],"wp:term":[{"taxonomy":"product_brand","embeddable":true,"href":"https:\/\/ecoshop.ee\/uk\/wp-json\/wp\/v2\/product_brand?post=245802"},{"taxonomy":"product_cat","embeddable":true,"href":"https:\/\/ecoshop.ee\/uk\/wp-json\/wp\/v2\/product_cat?post=245802"},{"taxonomy":"product_tag","embeddable":true,"href":"https:\/\/ecoshop.ee\/uk\/wp-json\/wp\/v2\/product_tag?post=245802"}],"curies":[{"name":"wp","href":"https:\/\/api.w.org\/{rel}","templated":true}]}}