{"id":245831,"date":"2025-10-10T22:28:32","date_gmt":"2025-10-10T19:28:32","guid":{"rendered":"https:\/\/ecoshop.ee\/?post_type=product&#038;p=245831"},"modified":"2026-05-11T22:27:08","modified_gmt":"2026-05-11T19:27:08","slug":"%d0%ba%d0%be%d0%bf%d1%87%d0%b5%d0%bd%d0%b8%d0%b9-%d0%b2%d0%b5%d0%b3%d0%b0%d0%bd%d1%81%d1%8c%d0%ba%d0%b8%d0%b9-%d1%87%d0%be%d1%80%d0%b8%d0%b7%d0%be-daflor-110-%d0%b3","status":"publish","type":"product","link":"https:\/\/ecoshop.ee\/uk\/seitan\/daflori-suitsutatud-vegan-chorizo-110g\/","title":{"rendered":"\u041a\u043e\u043f\u0447\u0435\u043d\u0438\u0439 \u0432\u0435\u0433\u0430\u043d\u0441\u044c\u043a\u0438\u0439 \u0447\u043e\u0440\u0438\u0437\u043e Daflor, 110 \u0433"},"content":{"rendered":"<p data-start=\"33\" data-end=\"287\">\u041a\u043e\u043f\u0447\u0435\u043d\u0438\u0439 \u0432\u0435\u0433\u0430\u043d\u0441\u044c\u043a\u0438\u0439 \u0447\u043e\u0440\u0438\u0437\u043e \u043f\u0440\u0438\u0432\u043d\u043e\u0441\u0438\u0442\u044c \u0443 \u0432\u0430\u0448\u0443 \u0442\u0430\u0440\u0456\u043b\u043a\u0443 \u0445\u0430\u0440\u0430\u043a\u0442\u0435\u0440\u043d\u0443 \u0433\u043e\u0441\u0442\u0440\u043e\u0442\u0443 \u0442\u0430 \u0433\u043b\u0438\u0431\u0438\u043d\u0443 \u0456\u0441\u043f\u0430\u043d\u0441\u044c\u043a\u043e\u0457 \u043a\u0443\u0445\u043d\u0456 \u0443 \u0440\u043e\u0441\u043b\u0438\u043d\u043d\u0456\u0439 \u0444\u043e\u0440\u043c\u0456. \u0419\u043e\u0433\u043e \u043d\u0430\u0441\u0438\u0447\u0435\u043d\u0438\u0439 \u0442\u0430 \u0437\u043b\u0435\u0433\u043a\u0430 \u043f\u0440\u044f\u043d\u0438\u0439 \u0441\u043c\u0430\u043a \u0434\u043e\u0441\u044f\u0433\u0430\u0454\u0442\u044c\u0441\u044f \u0437\u0430\u0432\u0434\u044f\u043a\u0438 \u0440\u0435\u0442\u0435\u043b\u044c\u043d\u043e \u0437\u0431\u0430\u043b\u0430\u043d\u0441\u043e\u0432\u0430\u043d\u0456\u0439 \u0441\u0443\u043c\u0456\u0448\u0456 \u0441\u043f\u0435\u0446\u0456\u0439, \u0441\u0442\u0432\u043e\u0440\u044e\u044e\u0447\u0438 \u0430\u0432\u0442\u0435\u043d\u0442\u0438\u0447\u043d\u0438\u0439 \u0434\u043e\u0441\u0432\u0456\u0434 \u0447\u043e\u0440\u0438\u0437\u043e \u0431\u0435\u0437 \u043c&#039;\u044f\u0441\u0430.<\/p>\n<p data-start=\"289\" data-end=\"502\" data-is-last-node=\"\" data-is-only-node=\"\">\u0419\u043e\u0433\u043e \u043d\u0430\u0441\u0438\u0447\u0435\u043d\u0430 \u0442\u0435\u043a\u0441\u0442\u0443\u0440\u0430 \u0440\u043e\u0431\u0438\u0442\u044c \u0439\u043e\u0433\u043e \u0456\u0434\u0435\u0430\u043b\u044c\u043d\u0438\u043c \u0434\u043b\u044f \u0433\u0440\u0438\u043b\u044e, \u0440\u0430\u0433\u0443 \u0430\u0431\u043e \u0431\u0443\u0442\u0435\u0440\u0431\u0440\u043e\u0434\u0456\u0432. \u0421\u043c\u0430\u0447\u043d\u0438\u0439, \u0431\u0430\u0433\u0430\u0442\u0438\u0439 \u043d\u0430 \u0431\u0456\u043b\u043e\u043a \u0442\u0430 \u0435\u0442\u0438\u0447\u043d\u0438\u0439 \u0432\u0438\u0431\u0456\u0440, \u044f\u043a\u0438\u0439 \u0434\u043e\u0434\u0430\u0454 \u0442\u0435\u043f\u043b\u0430, \u043a\u043e\u043b\u044c\u043e\u0440\u0443 \u0442\u0430 \u0441\u0435\u0440\u0435\u0434\u0437\u0435\u043c\u043d\u043e\u043c\u043e\u0440\u0441\u044c\u043a\u043e\u0433\u043e \u043a\u043e\u043b\u043e\u0440\u0438\u0442\u0443 \u0431\u0443\u0434\u044c-\u044f\u043a\u0456\u0439 \u0441\u0442\u0440\u0430\u0432\u0456.<\/p>\n<p data-start=\"326\" data-end=\"538\" data-is-last-node=\"\" data-is-only-node=\"\">\u041d\u0435\u0432\u0456\u0434\u043a\u0440\u0438\u0442\u0438\u0439 \u043f\u0440\u043e\u0434\u0443\u043a\u0442\u00a0<strong>\u043c\u043e\u0436\u043d\u0430 \u0437\u0431\u0435\u0440\u0456\u0433\u0430\u0442\u0438 \u043f\u0440\u0438 \u043a\u0456\u043c\u043d\u0430\u0442\u043d\u0456\u0439 \u0442\u0435\u043c\u043f\u0435\u0440\u0430\u0442\u0443\u0440\u0456.<\/strong><\/p>","protected":false},"excerpt":{"rendered":"<p>Suitsutatud vegan Chorizo toob Hispaania k\u00f6\u00f6gi iseloomuliku tulisuse ja s\u00fcgavuse taimsel kujul sinu taldrikule. Selle rikkalik ja kergelt v\u00fcrtsikas maitse on saavutatud&hellip;<\/p>","protected":false},"featured_media":245832,"comment_status":"open","ping_status":"closed","template":"","meta":{"wprm-recipe-roundup-name":"","wprm-recipe-roundup-description":""},"product_brand":[12030],"product_cat":[170,240,155],"product_tag":[166,299],"class_list":{"0":"post-245831","1":"product","2":"type-product","3":"status-publish","4":"has-post-thumbnail","6":"product_brand-daflori","7":"product_cat-seitan","8":"product_cat-allahinnatud","9":"product_cat-valguallikad","10":"product_tag-liha","11":"product_tag-vorst","12":"j79_wcxd_expiry_type-best-before","14":"first","15":"instock","16":"sale","17":"taxable","18":"shipping-taxable","19":"purchasable","20":"product-type-simple"},"supplier_id":245718,"supplier_sku":"","barcode":"5600378778546","atum_controlled":true,"out_stock_date":null,"out_stock_threshold":null,"inheritable":false,"inbound_stock":0,"stock_on_hold":0,"sold_today":0,"sales_last_days":2,"reserved_stock":0,"customer_returns":0,"warehouse_damage":0,"lost_in_post":0,"other_logs":0,"out_stock_days":0,"lost_sales":0,"has_location":false,"update_date":"2026-05-13T15:06:55","atum_locations":[],"atum_stock_status":"instock","restock_status":false,"low_stock_amount":"","sales_update_date":"2026-05-13T15:06:55","calc_backorders":null,"aioseo_notices":[],"_links":{"self":[{"href":"https:\/\/ecoshop.ee\/uk\/wp-json\/wp\/v2\/product\/245831","targetHints":{"allow":["GET"]}}],"collection":[{"href":"https:\/\/ecoshop.ee\/uk\/wp-json\/wp\/v2\/product"}],"about":[{"href":"https:\/\/ecoshop.ee\/uk\/wp-json\/wp\/v2\/types\/product"}],"replies":[{"embeddable":true,"href":"https:\/\/ecoshop.ee\/uk\/wp-json\/wp\/v2\/comments?post=245831"}],"version-history":[{"count":1,"href":"https:\/\/ecoshop.ee\/uk\/wp-json\/wp\/v2\/product\/245831\/revisions"}],"predecessor-version":[{"id":396035,"href":"https:\/\/ecoshop.ee\/uk\/wp-json\/wp\/v2\/product\/245831\/revisions\/396035"}],"wp:featuredmedia":[{"embeddable":true,"href":"https:\/\/ecoshop.ee\/uk\/wp-json\/wp\/v2\/media\/245832"}],"wp:attachment":[{"href":"https:\/\/ecoshop.ee\/uk\/wp-json\/wp\/v2\/media?parent=245831"}],"wp:term":[{"taxonomy":"product_brand","embeddable":true,"href":"https:\/\/ecoshop.ee\/uk\/wp-json\/wp\/v2\/product_brand?post=245831"},{"taxonomy":"product_cat","embeddable":true,"href":"https:\/\/ecoshop.ee\/uk\/wp-json\/wp\/v2\/product_cat?post=245831"},{"taxonomy":"product_tag","embeddable":true,"href":"https:\/\/ecoshop.ee\/uk\/wp-json\/wp\/v2\/product_tag?post=245831"}],"curies":[{"name":"wp","href":"https:\/\/api.w.org\/{rel}","templated":true}]}}