{"id":246260,"date":"2025-11-13T17:16:27","date_gmt":"2025-11-13T14:16:27","guid":{"rendered":"https:\/\/ecoshop.ee\/?post_type=product&#038;p=246260"},"modified":"2026-04-02T09:41:36","modified_gmt":"2026-04-02T06:41:36","slug":"bettr-taisera-%d0%ba%d1%83%d0%bd%d0%b6%d1%83%d1%82%d0%bd%d0%b0-%d0%bf%d0%b0%d1%81%d1%82%d0%b0-%d1%82%d0%b0%d1%85%d1%96%d0%bd%d1%96-%d0%bc%d0%b8%d0%bb%d0%b4-250%d0%b3","status":"publish","type":"product","link":"https:\/\/ecoshop.ee\/uk\/piimad-ja-maarded\/bettr-taistera-seesamipasta-tahini-mahe-250g\/","title":{"rendered":"\u0426\u0456\u043b\u044c\u043d\u043e\u0437\u0435\u0440\u043d\u043e\u0432\u0430 \u043a\u0443\u043d\u0436\u0443\u0442\u043d\u0430 \u043f\u0430\u0441\u0442\u0430 (\u0442\u0430\u0445\u0456\u043d\u0456) Bett&#039;r, \u043e\u0440\u0433\u0430\u043d\u0456\u0447\u043d\u0430, 250 \u0433"},"content":{"rendered":"<p data-start=\"89\" data-end=\"289\">\u0426\u0435\u0439 \u043e\u0440\u0433\u0430\u043d\u0456\u0447\u043d\u0438\u0439 \u0442\u0430\u0445\u0456\u043d\u0456 \u0432\u0438\u0433\u043e\u0442\u043e\u0432\u043b\u044f\u0454\u0442\u044c\u0441\u044f \u043b\u0438\u0448\u0435 \u0437 \u0456\u0434\u0435\u0430\u043b\u044c\u043d\u043e \u043e\u0431\u0441\u043c\u0430\u0436\u0435\u043d\u043e\u0433\u043e \u043d\u0430\u0441\u0456\u043d\u043d\u044f \u043a\u0443\u043d\u0436\u0443\u0442\u0443, \u0449\u043e \u043d\u0430\u0434\u0430\u0454 \u0439\u043e\u043c\u0443 \u043d\u0430\u0441\u0438\u0447\u0435\u043d\u043e\u0433\u043e \u0441\u043c\u0430\u043a\u0443 \u0442\u0430 \u043f\u0440\u0438\u0440\u043e\u0434\u043d\u043e \u043a\u0440\u0435\u043c\u043e\u0432\u043e\u0457 \u0442\u0435\u043a\u0441\u0442\u0443\u0440\u0438. \u0411\u0435\u0437 \u0434\u043e\u0434\u0430\u0432\u0430\u043d\u043d\u044f \u0436\u0438\u0440\u0456\u0432 \u2013 \u043b\u0438\u0448\u0435 \u043d\u0430\u0441\u0438\u0447\u0435\u043d\u0456\u0441\u0442\u044c \u0441\u0430\u043c\u043e\u0433\u043e \u043a\u0443\u043d\u0436\u0443\u0442\u0443.<\/p>\n<p data-start=\"291\" data-end=\"517\">\u0422\u0430\u0445\u0456\u043d\u0456 \u0447\u0443\u0434\u043e\u0432\u043e \u0441\u043c\u0430\u043a\u0443\u0454 \u044f\u043a \u0443 \u0441\u043e\u043b\u043e\u043d\u0438\u0445, \u0442\u0430\u043a \u0456 \u0432 \u0441\u043e\u043b\u043e\u0434\u043a\u0438\u0445 \u0441\u0442\u0440\u0430\u0432\u0430\u0445. \u041b\u0438\u043c\u043e\u043d, \u043d\u0443\u0442 \u0456 \u0441\u0432\u0456\u0436\u0456 \u0442\u0440\u0430\u0432\u0438 \u043f\u0456\u0434\u043a\u0440\u0435\u0441\u043b\u044e\u044e\u0442\u044c \u0439\u043e\u0433\u043e \u0433\u043e\u0440\u0456\u0445\u043e\u0432\u0438\u0439 \u0441\u043c\u0430\u043a, \u0430 \u0432 \u0441\u043e\u043b\u043e\u0434\u043a\u0438\u0445 \u0440\u0435\u0446\u0435\u043f\u0442\u0430\u0445 \u0432\u0456\u043d \u0456\u0434\u0435\u0430\u043b\u044c\u043d\u043e \u043f\u043e\u0454\u0434\u043d\u0443\u0454\u0442\u044c\u0441\u044f \u0437 \u043a\u0430\u043a\u0430\u043e, \u0444\u0456\u043d\u0456\u043a\u0430\u043c\u0438 \u0442\u0430 \u0441\u0438\u0440\u043e\u043f\u0430\u043c\u0438.<\/p>\n<p data-start=\"519\" data-end=\"735\" data-is-last-node=\"\" data-is-only-node=\"\">\u0417\u0430\u0432\u0434\u044f\u043a\u0438 \u0441\u0432\u043e\u0457\u0439 \u043f\u043e\u0436\u0438\u0432\u043d\u0456\u0439 \u0446\u0456\u043d\u043d\u043e\u0441\u0442\u0456 \u0442\u0430\u0445\u0456\u043d\u0456 \u0441\u0442\u0430\u0432 \u0443\u043b\u044e\u0431\u043b\u0435\u043d\u0438\u043c \u0443 \u0431\u0430\u0433\u0430\u0442\u044c\u043e\u0445 \u043a\u0443\u0445\u043d\u044f\u0445 \u2013 \u0432\u0456\u043d \u043d\u0430\u0434\u0430\u0454 \u0441\u0442\u0440\u0430\u0432\u0430\u043c \u0433\u043b\u0438\u0431\u0438\u043d\u0438, \u0441\u0438\u043b\u0438 \u0442\u0430 \u043f\u0440\u0438\u0440\u043e\u0434\u043d\u043e\u0457 \u0435\u043d\u0435\u0440\u0433\u0456\u0457. \u0411\u0430\u043d\u043a\u0430 \u043e\u0431\u2019\u0454\u043c\u043e\u043c 250 \u0433 \u2013 \u0446\u0435 \u0449\u043e\u0434\u0435\u043d\u043d\u0438\u0439 \u043f\u043e\u043c\u0456\u0447\u043d\u0438\u043a \u0443 \u0441\u043e\u0443\u0441\u0430\u0445, \u0434\u0438\u043f\u0430\u0445, \u0432\u0438\u043f\u0456\u0447\u0446\u0456 \u0442\u0430 \u0441\u043c\u0443\u0437\u0456.<\/p>","protected":false},"excerpt":{"rendered":"<p>See mahe tahini on valmistatud \u00fcksnes t\u00e4iuslikult r\u00f6stitud seesamiseemnetest, mis annavad sellele s\u00fcgava maitse ja loomulikult kreemja tekstuuri. Ilma lisatud rasvadeta \u2013&hellip;<\/p>","protected":false},"featured_media":246262,"comment_status":"open","ping_status":"closed","template":"","meta":{"wprm-recipe-roundup-name":"","wprm-recipe-roundup-description":""},"product_brand":[],"product_cat":[325],"product_tag":[285],"class_list":{"0":"post-246260","1":"product","2":"type-product","3":"status-publish","4":"has-post-thumbnail","6":"product_cat-piimad-ja-maarded","7":"product_tag-tahini","8":"j79_wcxd_expiry_type-best-before","10":"first","11":"instock","12":"taxable","13":"shipping-taxable","14":"purchasable","15":"product-type-simple"},"supplier_id":9165,"supplier_sku":"","barcode":"3800233688504","atum_controlled":true,"out_stock_date":null,"out_stock_threshold":null,"inheritable":false,"inbound_stock":0,"stock_on_hold":0,"sold_today":0,"sales_last_days":1,"reserved_stock":0,"customer_returns":0,"warehouse_damage":0,"lost_in_post":0,"other_logs":0,"out_stock_days":0,"lost_sales":0,"has_location":false,"update_date":"2026-04-07T10:13:58","atum_locations":[],"atum_stock_status":"instock","restock_status":false,"low_stock_amount":"","sales_update_date":"2026-04-07T10:13:58","calc_backorders":null,"aioseo_notices":[],"_links":{"self":[{"href":"https:\/\/ecoshop.ee\/uk\/wp-json\/wp\/v2\/product\/246260","targetHints":{"allow":["GET"]}}],"collection":[{"href":"https:\/\/ecoshop.ee\/uk\/wp-json\/wp\/v2\/product"}],"about":[{"href":"https:\/\/ecoshop.ee\/uk\/wp-json\/wp\/v2\/types\/product"}],"replies":[{"embeddable":true,"href":"https:\/\/ecoshop.ee\/uk\/wp-json\/wp\/v2\/comments?post=246260"}],"version-history":[{"count":0,"href":"https:\/\/ecoshop.ee\/uk\/wp-json\/wp\/v2\/product\/246260\/revisions"}],"wp:featuredmedia":[{"embeddable":true,"href":"https:\/\/ecoshop.ee\/uk\/wp-json\/wp\/v2\/media\/246262"}],"wp:attachment":[{"href":"https:\/\/ecoshop.ee\/uk\/wp-json\/wp\/v2\/media?parent=246260"}],"wp:term":[{"taxonomy":"product_brand","embeddable":true,"href":"https:\/\/ecoshop.ee\/uk\/wp-json\/wp\/v2\/product_brand?post=246260"},{"taxonomy":"product_cat","embeddable":true,"href":"https:\/\/ecoshop.ee\/uk\/wp-json\/wp\/v2\/product_cat?post=246260"},{"taxonomy":"product_tag","embeddable":true,"href":"https:\/\/ecoshop.ee\/uk\/wp-json\/wp\/v2\/product_tag?post=246260"}],"curies":[{"name":"wp","href":"https:\/\/api.w.org\/{rel}","templated":true}]}}