{"id":246359,"date":"2025-11-28T11:48:26","date_gmt":"2025-11-28T08:48:26","guid":{"rendered":"https:\/\/ecoshop.ee\/?post_type=product&#038;p=246359"},"modified":"2026-01-29T11:09:37","modified_gmt":"2026-01-29T08:09:37","slug":"%d1%81%d0%ba%d0%bb%d0%b0%d0%b4%d0%bd%d0%b0-%d1%83%d0%bf%d0%b0%d0%ba%d0%be%d0%b2%d0%ba%d0%b0-%d0%b0%d0%b2%d0%b0%d1%80%d1%96%d0%b9%d0%bd%d0%be%d0%b3%d0%be-%d0%bc%d0%b8%d1%8e%d1%87%d0%be%d0%b3%d0%be","status":"publish","type":"product","link":"https:\/\/ecoshop.ee\/uk\/puhastusvahendid\/cosmeau-noudepesuvahendi-taitepakend\/","title":{"rendered":"\u0417\u0430\u043f\u0430\u0441\u043d\u0438\u0439 \u0435\u043b\u0435\u043c\u0435\u043d\u0442 \u0434\u043b\u044f \u043c\u0438\u0442\u0442\u044f \u043f\u043e\u0441\u0443\u0434\u0443 Cosmeau, \u0430\u0440\u043e\u043c\u0430\u0442 \u043b\u0435\u043c\u043e\u043d\u0433\u0440\u0430\u0441\u0443"},"content":{"rendered":"<p data-start=\"75\" data-end=\"286\">\u041f\u043e\u0440\u043e\u0448\u043a\u043e\u0432\u0438\u0439 \u0437\u0430\u0441\u0456\u0431 \u0434\u043b\u044f \u043c\u0438\u0442\u0442\u044f \u043f\u043e\u0441\u0443\u0434\u0443 \u0437 \u0430\u0440\u043e\u043c\u0430\u0442\u043e\u043c \u043b\u0435\u043c\u043e\u043d\u0433\u0440\u0430\u0441\u0443, \u044f\u043a\u0438\u0439 \u0437\u043c\u0456\u0448\u0443\u0454\u0442\u044c\u0441\u044f \u0437 \u0432\u043e\u0434\u043e\u043f\u0440\u043e\u0432\u0456\u0434\u043d\u043e\u044e \u0432\u043e\u0434\u043e\u044e, \u0443\u0442\u0432\u043e\u0440\u044e\u044e\u0447\u0438 \u0434\u043e 400 \u043c\u043b \u0435\u0444\u0435\u043a\u0442\u0438\u0432\u043d\u043e\u0433\u043e \u043c\u0438\u044e\u0447\u043e\u0433\u043e \u0437\u0430\u0441\u043e\u0431\u0443. \u0406\u0434\u0435\u0430\u043b\u044c\u043d\u043e \u043f\u0456\u0434\u0445\u043e\u0434\u0438\u0442\u044c \u0434\u043b\u044f \u0432\u0438\u043a\u043e\u0440\u0438\u0441\u0442\u0430\u043d\u043d\u044f \u0437 \u043a\u0440\u0430\u0441\u0438\u0432\u0438\u043c \u043c\u0430\u0442\u043e\u0432\u0438\u043c \u0441\u043a\u043b\u044f\u043d\u0438\u043c \u0434\u043e\u0437\u0430\u0442\u043e\u0440\u043e\u043c Cosmeau, \u0430\u043b\u0435 \u0442\u0430\u043a\u043e\u0436 \u043f\u043e\u043c\u0456\u0449\u0430\u0454\u0442\u044c\u0441\u044f \u0432 \u0431\u0443\u0434\u044c-\u044f\u043a\u0443 \u0431\u0430\u0433\u0430\u0442\u043e\u0440\u0430\u0437\u043e\u0432\u0443 \u043f\u043b\u044f\u0448\u043a\u0443.<\/p>\n<p data-start=\"288\" data-end=\"523\">\u0424\u043e\u0440\u043c\u0443\u043b\u0430 \u0431\u0430\u0437\u0443\u0454\u0442\u044c\u0441\u044f \u043d\u0430 \u0431\u0456\u043e\u0440\u043e\u0437\u043a\u043b\u0430\u0434\u043d\u0456\u0439 \u0446\u0435\u043b\u044e\u043b\u043e\u0437\u0456 \u0442\u0430 \u0432\u0438\u0433\u043e\u0442\u043e\u0432\u043b\u0435\u043d\u0430 \u0431\u0435\u0437 \u0430\u0433\u0440\u0435\u0441\u0438\u0432\u043d\u0438\u0445 \u0445\u0456\u043c\u0456\u0447\u043d\u0438\u0445 \u0440\u0435\u0447\u043e\u0432\u0438\u043d \u2013 \u043f\u043e\u043d\u0430\u0434 95% \u0456\u043d\u0433\u0440\u0435\u0434\u0456\u0454\u043d\u0442\u0456\u0432 \u043c\u0430\u044e\u0442\u044c \u043d\u0430\u0442\u0443\u0440\u0430\u043b\u044c\u043d\u0435 \u043f\u043e\u0445\u043e\u0434\u0436\u0435\u043d\u043d\u044f. \u041f\u043e\u0440\u043e\u0448\u043e\u043a \u043b\u0435\u0433\u043a\u0438\u0439, \u0437\u0430\u0439\u043c\u0430\u0454 \u043c\u0430\u043b\u043e \u043c\u0456\u0441\u0446\u044f \u0442\u0430 \u0437\u043c\u0435\u043d\u0448\u0443\u0454 \u043d\u0435\u043f\u043e\u0442\u0440\u0456\u0431\u043d\u0435 \u0442\u0440\u0430\u043d\u0441\u043f\u043e\u0440\u0442\u0443\u0432\u0430\u043d\u043d\u044f \u0432\u043e\u0434\u0438 \u0439 \u043f\u043e\u0442\u0440\u0435\u0431\u0443 \u0432 \u043e\u0434\u043d\u043e\u0440\u0430\u0437\u043e\u0432\u043e\u043c\u0443 \u043f\u043b\u0430\u0441\u0442\u0438\u043a\u0443.<\/p>\n<ul>\n<li data-start=\"525\" data-end=\"680\">\u0415\u0444\u0435\u043a\u0442\u0438\u0432\u043d\u0438\u0439 \u0437\u0430\u0441\u0456\u0431 \u0434\u043b\u044f \u0432\u0438\u0434\u0430\u043b\u0435\u043d\u043d\u044f \u0436\u0438\u0440\u0443<\/li>\n<li data-start=\"525\" data-end=\"680\">\u0412\u0435\u0433\u0430\u043d\u0441\u044c\u043a\u0438\u0439 \u0442\u0430 \u043d\u0435 \u0442\u0435\u0441\u0442\u0443\u0454\u0442\u044c\u0441\u044f \u043d\u0430 \u0442\u0432\u0430\u0440\u0438\u043d\u0430\u0445<\/li>\n<li data-start=\"525\" data-end=\"680\">\u0417\u043c\u0435\u043d\u0448\u0443\u0454 \u043a\u0456\u043b\u044c\u043a\u0456\u0441\u0442\u044c \u043f\u043b\u0430\u0441\u0442\u0438\u043a\u043e\u0432\u0438\u0445 \u0432\u0456\u0434\u0445\u043e\u0434\u0456\u0432<\/li>\n<li data-start=\"525\" data-end=\"680\">\u0417\u0440\u0443\u0447\u043d\u0430 \u0434\u043b\u044f \u0433\u0430\u043c\u0430\u043d\u0446\u044f \u0441\u0438\u0441\u0442\u0435\u043c\u0430 \u043f\u043e\u043f\u043e\u0432\u043d\u0435\u043d\u043d\u044f<\/li>\n<li data-start=\"525\" data-end=\"680\">\u041f\u0456\u0441\u043b\u044f \u0437\u043c\u0456\u0448\u0443\u0432\u0430\u043d\u043d\u044f \u0432\u0438\u0445\u043e\u0434\u0438\u0442\u044c \u0434\u043e 400 \u043c\u043b \u043c\u0438\u044e\u0447\u043e\u0433\u043e \u0437\u0430\u0441\u043e\u0431\u0443<\/li>\n<\/ul>\n<p data-start=\"682\" data-end=\"744\" data-is-last-node=\"\" data-is-only-node=\"\">\u041f\u0440\u043e\u0441\u0442\u0438\u0439 \u0441\u043f\u043e\u0441\u0456\u0431 \u0437\u0440\u043e\u0431\u0438\u0442\u0438 \u0449\u043e\u0434\u0435\u043d\u043d\u0435 \u043c\u0438\u0442\u0442\u044f \u043f\u043e\u0441\u0443\u0434\u0443 \u0431\u0456\u043b\u044c\u0448 \u0435\u043a\u043e\u043b\u043e\u0433\u0456\u0447\u043d\u0438\u043c.<\/p>","protected":false},"excerpt":{"rendered":"<p>Sidrunheina l\u00f5hnaga pulbriline n\u00f5udepesuvahend, mis segatakse kraaniveega, et saada kuni 400 ml t\u00f5husat pesuvahendit. Ideaalne kasutamiseks Cosmeau kauni mattklaasist dosaatoriga, kuid sobib&hellip;<\/p>","protected":false},"featured_media":246360,"comment_status":"open","ping_status":"closed","template":"","meta":{"wprm-recipe-roundup-name":"","wprm-recipe-roundup-description":""},"product_brand":[11998],"product_cat":[8002],"product_tag":[8004],"class_list":{"0":"post-246359","1":"product","2":"type-product","3":"status-publish","4":"has-post-thumbnail","6":"product_brand-cosmeau","7":"product_cat-puhastusvahendid","8":"product_tag-noudepesu","10":"first","11":"instock","12":"taxable","13":"shipping-taxable","14":"purchasable","15":"product-type-simple"},"supplier_id":246354,"supplier_sku":"","barcode":"8720655303135","atum_controlled":true,"out_stock_date":null,"out_stock_threshold":null,"inheritable":false,"inbound_stock":0,"stock_on_hold":0,"sold_today":0,"sales_last_days":0,"reserved_stock":0,"customer_returns":0,"warehouse_damage":0,"lost_in_post":0,"other_logs":0,"out_stock_days":0,"lost_sales":0,"has_location":false,"update_date":"2026-03-07T01:16:16","atum_locations":[],"atum_stock_status":"instock","restock_status":false,"low_stock_amount":"","sales_update_date":"2026-03-07T01:16:16","calc_backorders":null,"aioseo_notices":[],"_links":{"self":[{"href":"https:\/\/ecoshop.ee\/uk\/wp-json\/wp\/v2\/product\/246359","targetHints":{"allow":["GET"]}}],"collection":[{"href":"https:\/\/ecoshop.ee\/uk\/wp-json\/wp\/v2\/product"}],"about":[{"href":"https:\/\/ecoshop.ee\/uk\/wp-json\/wp\/v2\/types\/product"}],"replies":[{"embeddable":true,"href":"https:\/\/ecoshop.ee\/uk\/wp-json\/wp\/v2\/comments?post=246359"}],"version-history":[{"count":0,"href":"https:\/\/ecoshop.ee\/uk\/wp-json\/wp\/v2\/product\/246359\/revisions"}],"wp:featuredmedia":[{"embeddable":true,"href":"https:\/\/ecoshop.ee\/uk\/wp-json\/wp\/v2\/media\/246360"}],"wp:attachment":[{"href":"https:\/\/ecoshop.ee\/uk\/wp-json\/wp\/v2\/media?parent=246359"}],"wp:term":[{"taxonomy":"product_brand","embeddable":true,"href":"https:\/\/ecoshop.ee\/uk\/wp-json\/wp\/v2\/product_brand?post=246359"},{"taxonomy":"product_cat","embeddable":true,"href":"https:\/\/ecoshop.ee\/uk\/wp-json\/wp\/v2\/product_cat?post=246359"},{"taxonomy":"product_tag","embeddable":true,"href":"https:\/\/ecoshop.ee\/uk\/wp-json\/wp\/v2\/product_tag?post=246359"}],"curies":[{"name":"wp","href":"https:\/\/api.w.org\/{rel}","templated":true}]}}