{"id":246383,"date":"2025-11-28T13:40:38","date_gmt":"2025-11-28T10:40:38","guid":{"rendered":"https:\/\/ecoshop.ee\/?post_type=product&#038;p=246383"},"modified":"2025-12-02T10:10:55","modified_gmt":"2025-12-02T07:10:55","slug":"%d1%81%d0%bc%d1%83%d0%b6%d0%ba%d0%b8-%d0%b4%d0%bb%d1%8f-%d0%bf%d1%80%d0%b0%d0%bd%d0%bd%d1%8f-cosmeau-%d0%b7%d1%96-%d1%81%d0%bc%d0%b0%d0%ba%d0%be%d0%bc-%d0%b2%d0%b8%d1%88%d0%bd%d1%96-60-%d1%88%d1%82","status":"publish","type":"product","link":"https:\/\/ecoshop.ee\/uk\/puhastusvahendid\/cosmeau-pesuribad-kirsiois-60tk\/","title":{"rendered":"\u0421\u043c\u0443\u0436\u043a\u0438 \u0434\u043b\u044f \u043f\u0440\u0430\u043d\u043d\u044f Cosmeau, \u0446\u0432\u0456\u0442 \u0432\u0438\u0448\u043d\u0456, 60 \u0448\u0442."},"content":{"rendered":"<p data-start=\"56\" data-end=\"357\">\u0423\u043d\u0456\u0432\u0435\u0440\u0441\u0430\u043b\u044c\u043d\u0456 \u0441\u043c\u0443\u0436\u043a\u0438 \u0434\u043b\u044f \u043f\u0440\u0430\u043d\u043d\u044f \u00ab\u043f\u2019\u044f\u0442\u044c \u0432 \u043e\u0434\u043d\u043e\u043c\u0443\u00bb \u0437 \u043d\u0456\u0436\u043d\u0438\u043c \u0442\u0430 \u0435\u043b\u0435\u0433\u0430\u043d\u0442\u043d\u0438\u043c \u0430\u0440\u043e\u043c\u0430\u0442\u043e\u043c \u044f\u043f\u043e\u043d\u0441\u044c\u043a\u043e\u0457 \u0432\u0438\u0448\u043d\u0456. \u041b\u0435\u0433\u043a\u0438\u0439 \u0442\u0430 \u0441\u0432\u0456\u0436\u0438\u0439 \u0430\u0440\u043e\u043c\u0430\u0442, \u0449\u043e \u043d\u0430\u0433\u0430\u0434\u0443\u0454 \u0432\u0435\u0441\u043d\u044f\u043d\u0438\u0439 \u0432\u0456\u0442\u0435\u0440\u0435\u0446\u044c \u2013 \u043c\u2019\u044f\u043a\u0438\u0439, \u043d\u0435 \u043d\u0430\u0434\u0442\u043e \u0441\u0438\u043b\u044c\u043d\u0438\u0439. \u041f\u0440\u043e\u0441\u0442\u0456 \u0443 \u0432\u0438\u043a\u043e\u0440\u0438\u0441\u0442\u0430\u043d\u043d\u0456, \u043d\u0435 \u043c\u0456\u0441\u0442\u044f\u0442\u044c \u043f\u043b\u0430\u0441\u0442\u0438\u043a\u0443 \u0442\u0430 \u0431\u0456\u043e\u0440\u043e\u0437\u043a\u043b\u0430\u0434\u043d\u0456, \u043f\u0440\u043e\u043f\u043e\u043d\u0443\u044e\u0442\u044c \u0437\u0440\u0443\u0447\u043d\u0443 \u0442\u0430 \u0435\u043a\u043e\u043b\u043e\u0433\u0456\u0447\u043d\u0443 \u0430\u043b\u044c\u0442\u0435\u0440\u043d\u0430\u0442\u0438\u0432\u0443 \u0432\u0430\u0436\u043a\u0438\u043c \u0433\u0435\u043b\u044f\u043c \u0442\u0430 \u043a\u0430\u043f\u0441\u0443\u043b\u0430\u043c \u0434\u043b\u044f \u043f\u0440\u0430\u043d\u043d\u044f.<\/p>\n<p data-start=\"359\" data-end=\"609\">\u0412\u0438\u0441\u043e\u043a\u043e\u043a\u043e\u043d\u0446\u0435\u043d\u0442\u0440\u043e\u0432\u0430\u043d\u0430 \u0444\u043e\u0440\u043c\u0443\u043b\u0430 \u0440\u043e\u0437\u0447\u0438\u043d\u044f\u0454\u0442\u044c\u0441\u044f \u044f\u043a \u0443 \u0445\u043e\u043b\u043e\u0434\u043d\u0456\u0439, \u0442\u0430\u043a \u0456 \u0432 \u0433\u0430\u0440\u044f\u0447\u0456\u0439 \u0432\u043e\u0434\u0456, \u0437\u0430\u0431\u0435\u0437\u043f\u0435\u0447\u0443\u044e\u0447\u0438 \u0447\u0438\u0441\u0442\u0438\u0439 \u0440\u0435\u0437\u0443\u043b\u044c\u0442\u0430\u0442 \u0456 \u0437\u0430\u043b\u0438\u0448\u0430\u044e\u0447\u0438 \u0431\u0456\u043b\u0438\u0437\u043d\u0443 \u043f\u0440\u0438\u0440\u043e\u0434\u043d\u043e \u043c\u2019\u044f\u043a\u043e\u044e \u2013 \u0431\u0435\u0437 \u043f\u043e\u0442\u0440\u0435\u0431\u0438 \u0432 \u043f\u043e\u043c\u2019\u044f\u043a\u0448\u0443\u0432\u0430\u0447\u0456 \u0434\u043b\u044f \u0442\u043a\u0430\u043d\u0438\u043d\u0438. \u0410\u0440\u043e\u043c\u0430\u0442 \u0430\u043a\u0442\u0438\u0432\u0443\u0454\u0442\u044c\u0441\u044f \u0442\u0435\u0440\u0442\u044f\u043c: \u043f\u0456\u0441\u043b\u044f \u0441\u0443\u0448\u0456\u043d\u043d\u044f \u043b\u0435\u0433\u043a\u0435 \u043f\u043e\u0442\u0438\u0440\u0430\u043d\u043d\u044f \u043e\u0434\u044f\u0433\u0443 \u043e\u0434\u0438\u043d \u043e\u0431 \u043e\u0434\u043d\u043e\u0433\u043e \u0432\u0438\u0432\u0456\u043b\u044c\u043d\u044f\u0454 \u0441\u0432\u0456\u0436\u0438\u0439, \u043d\u0456\u0436\u043d\u0438\u0439 \u0430\u0440\u043e\u043c\u0430\u0442.<\/p>\n<ul>\n<li data-start=\"611\" data-end=\"1120\">\u041d\u043e\u0432\u0430 \u043e\u0447\u0438\u0449\u0443\u0432\u0430\u043b\u044c\u043d\u0430 \u0441\u0438\u043b\u0430 \u0437 \u043f\u043e\u0441\u0438\u043b\u0435\u043d\u043e\u044e \u0444\u0435\u0440\u043c\u0435\u043d\u0442\u043d\u043e\u044e \u0434\u0456\u0454\u044e<\/li>\n<li data-start=\"611\" data-end=\"1120\">\u0422\u0435\u0445\u043d\u043e\u043b\u043e\u0433\u0456\u044f \u0442\u0440\u0438\u0432\u0430\u043b\u043e\u0433\u043e \u0430\u0440\u043e\u043c\u0430\u0442\u0443<\/li>\n<li data-start=\"611\" data-end=\"1120\">5-\u0432-1: \u043a\u043e\u043b\u044c\u043e\u0440\u043e\u0432\u0438\u0439, \u0431\u0456\u043b\u0438\u0439, \u0447\u043e\u0440\u043d\u0438\u0439, \u043c&#039;\u044f\u043a\u0456\u0441\u0442\u044c \u0442\u0430 \u0430\u0440\u043e\u043c\u0430\u0442 \u0432 \u043e\u0434\u043d\u043e\u043c\u0443<\/li>\n<li data-start=\"611\" data-end=\"1120\">\u041f\u0456\u0434\u0445\u043e\u0434\u0438\u0442\u044c \u0434\u043b\u044f \u0432\u0441\u0456\u0445 \u0442\u0435\u043c\u043f\u0435\u0440\u0430\u0442\u0443\u0440 (15\u201390\u00b0C), \u0430 \u0442\u0430\u043a\u043e\u0436 \u0434\u043b\u044f \u0440\u0443\u0447\u043d\u043e\u0433\u043e \u043f\u0440\u0430\u043d\u043d\u044f<\/li>\n<li data-start=\"611\" data-end=\"1120\">\u0412\u0435\u0433\u0430\u043d\u0441\u044c\u043a\u0438\u0439, \u0431\u0435\u0437 \u043f\u043b\u0430\u0441\u0442\u0438\u043a\u0443 \u0442\u0430 \u0431\u0456\u043e\u0440\u043e\u0437\u043a\u043b\u0430\u0434\u043d\u0438\u0439<\/li>\n<li data-start=\"611\" data-end=\"1120\">\u0414\u0435\u0440\u043c\u0430\u0442\u043e\u043b\u043e\u0433\u0456\u0447\u043d\u043e \u043f\u0440\u043e\u0442\u0435\u0441\u0442\u043e\u0432\u0430\u043d\u043e \u0434\u043b\u044f \u0447\u0443\u0442\u043b\u0438\u0432\u043e\u0457 \u0448\u043a\u0456\u0440\u0438<\/li>\n<li data-start=\"611\" data-end=\"1120\">\u041f\u0456\u0434\u0445\u043e\u0434\u0438\u0442\u044c \u0434\u043b\u044f \u0431\u0456\u043b\u043e\u0457, \u043a\u043e\u043b\u044c\u043e\u0440\u043e\u0432\u043e\u0457 \u0442\u0430 \u0442\u0435\u043c\u043d\u043e\u0457 \u0431\u0456\u043b\u0438\u0437\u043d\u0438<\/li>\n<li data-start=\"611\" data-end=\"1120\">\u041f\u043e\u043c&#039;\u044f\u043a\u0448\u0443\u0454 \u0431\u0456\u043b\u0438\u0437\u043d\u0443 \u043f\u0440\u0438\u0440\u043e\u0434\u043d\u0438\u043c \u0448\u043b\u044f\u0445\u043e\u043c \u2013 \u043f\u043e\u043c&#039;\u044f\u043a\u0448\u0443\u0432\u0430\u0447 \u0434\u043b\u044f \u0442\u043a\u0430\u043d\u0438\u043d\u0438 \u043d\u0435 \u043f\u043e\u0442\u0440\u0456\u0431\u0435\u043d<\/li>\n<li data-start=\"611\" data-end=\"1120\">\u041d\u0435 \u043c\u0456\u0441\u0442\u0438\u0442\u044c \u043f\u0430\u0440\u0430\u0431\u0435\u043d\u0456\u0432, \u0444\u043e\u0441\u0444\u0430\u0442\u0456\u0432, \u043b\u0456\u043c\u043e\u043d\u0435\u043d\u0443, \u0445\u043b\u043e\u0440\u043d\u043e\u0433\u043e \u0432\u0456\u0434\u0431\u0456\u043b\u044e\u0432\u0430\u0447\u0430 \u0442\u0430 \u0431\u0430\u0440\u0432\u043d\u0438\u043a\u0456\u0432<\/li>\n<\/ul>\n<p>\u041f\u0440\u043e\u0441\u0442\u0438\u0439, \u043a\u043e\u043c\u043f\u0430\u043a\u0442\u043d\u0438\u0439 \u0442\u0430 \u0435\u043a\u043e\u043b\u043e\u0433\u0456\u0447\u043d\u043e \u0431\u0435\u0437\u043f\u0435\u0447\u043d\u0438\u0439 \u0441\u043f\u043e\u0441\u0456\u0431 \u043f\u0440\u0430\u043d\u043d\u044f.<\/p>\n<p data-start=\"1122\" data-end=\"1434\"><strong data-start=\"1122\" data-end=\"1129\">\u041f\u0440\u0438\u043c\u0456\u0442\u043a\u0430!<\/strong><br data-start=\"1129\" data-end=\"1132\" \/>\u2022 \u041d\u0435 \u043f\u0456\u0434\u0445\u043e\u0434\u0438\u0442\u044c \u0434\u043b\u044f \u0432\u043e\u0432\u043d\u0438 \u0442\u0430 \u0448\u043e\u0432\u043a\u0443 \u2013 \u0432\u0438\u043a\u043e\u0440\u0438\u0441\u0442\u043e\u0432\u0443\u0439\u0442\u0435 \u0434\u043b\u044f \u043d\u0438\u0445 \u0441\u043c\u0443\u0436\u043a\u0438 \u0434\u043b\u044f \u043f\u0440\u0430\u043d\u043d\u044f Cosmeau Wool &amp; Silk.<br data-start=\"1216\" data-end=\"1219\" \/>\u2022 \u0410\u0440\u043e\u043c\u0430\u0442 \u0441\u043c\u0443\u0436\u043e\u043a \u0434\u043b\u044f \u0431\u0456\u043b\u0438\u0437\u043d\u0438 \u043c\u0430\u0454 \u043c\u2019\u044f\u043a\u0448\u0443 \u0456\u043d\u0442\u0435\u043d\u0441\u0438\u0432\u043d\u0456\u0441\u0442\u044c, \u043d\u0456\u0436 \u0430\u0440\u043e\u043c\u0430\u0442 \u043a\u0430\u043f\u0441\u0443\u043b-\u043f\u043e\u0434\u0456\u0432. \u0410\u0440\u043e\u043c\u0430\u0442 \u043f\u043e\u0441\u0438\u043b\u044e\u0454\u0442\u044c\u0441\u044f \u043f\u0440\u0438 \u0440\u0443\u0441\u0456 \u0442\u0430 \u0442\u0435\u0440\u0442\u0456.<br data-start=\"1322\" data-end=\"1325\" \/>\u2022 \u0414\u043b\u044f \u0441\u0442\u0456\u0439\u043a\u0438\u0445 \u043f\u043b\u044f\u043c \u0432\u0456\u0434\u0456\u0440\u0432\u0456\u0442\u044c \u0448\u043c\u0430\u0442\u043e\u0447\u043e\u043a \u0441\u043c\u0443\u0436\u043a\u0438 \u0442\u0430 \u043f\u043e\u0442\u0440\u0456\u0442\u044c \u043d\u0435\u044e \u0432\u043e\u043b\u043e\u0433\u0443 \u043f\u043b\u044f\u043c\u0443 \u043f\u0435\u0440\u0435\u0434 \u043f\u0440\u0430\u043d\u043d\u044f\u043c \u2013 \u0446\u0435 \u0434\u043e\u0434\u0430\u0441\u0442\u044c \u0457\u0439 \u0434\u043e\u0434\u0430\u0442\u043a\u043e\u0432\u043e\u0457 \u043c\u0456\u0446\u043d\u043e\u0441\u0442\u0456.<\/p>","protected":false},"excerpt":{"rendered":"<p>Universaalsed viis-\u00fches pesuribad \u00f5rna ja elegantse jaapani kirsipuu\u00f5ie l\u00f5hnaga. Kerge ja v\u00e4rske aroom, mis meenutab kevadtuult \u2013 pehme, mitte \u00fcleliia tugev. Lihtne&hellip;<\/p>","protected":false},"featured_media":246384,"comment_status":"open","ping_status":"closed","template":"","meta":{"wprm-recipe-roundup-name":"","wprm-recipe-roundup-description":""},"product_brand":[11998],"product_cat":[8002],"product_tag":[],"class_list":{"0":"post-246383","1":"product","2":"type-product","3":"status-publish","4":"has-post-thumbnail","6":"product_brand-cosmeau","7":"product_cat-puhastusvahendid","9":"first","10":"instock","11":"taxable","12":"shipping-taxable","13":"purchasable","14":"product-type-simple"},"supplier_id":246354,"supplier_sku":"","barcode":"8720655302909","atum_controlled":true,"out_stock_date":null,"out_stock_threshold":null,"inheritable":false,"inbound_stock":0,"stock_on_hold":0,"sold_today":0,"sales_last_days":0,"reserved_stock":0,"customer_returns":0,"warehouse_damage":0,"lost_in_post":0,"other_logs":0,"out_stock_days":0,"lost_sales":0,"has_location":false,"update_date":"2026-03-07T01:16:05","atum_locations":[],"atum_stock_status":"instock","restock_status":false,"low_stock_amount":"","sales_update_date":"2026-03-07T01:16:05","calc_backorders":null,"aioseo_notices":[],"_links":{"self":[{"href":"https:\/\/ecoshop.ee\/uk\/wp-json\/wp\/v2\/product\/246383","targetHints":{"allow":["GET"]}}],"collection":[{"href":"https:\/\/ecoshop.ee\/uk\/wp-json\/wp\/v2\/product"}],"about":[{"href":"https:\/\/ecoshop.ee\/uk\/wp-json\/wp\/v2\/types\/product"}],"replies":[{"embeddable":true,"href":"https:\/\/ecoshop.ee\/uk\/wp-json\/wp\/v2\/comments?post=246383"}],"version-history":[{"count":0,"href":"https:\/\/ecoshop.ee\/uk\/wp-json\/wp\/v2\/product\/246383\/revisions"}],"wp:featuredmedia":[{"embeddable":true,"href":"https:\/\/ecoshop.ee\/uk\/wp-json\/wp\/v2\/media\/246384"}],"wp:attachment":[{"href":"https:\/\/ecoshop.ee\/uk\/wp-json\/wp\/v2\/media?parent=246383"}],"wp:term":[{"taxonomy":"product_brand","embeddable":true,"href":"https:\/\/ecoshop.ee\/uk\/wp-json\/wp\/v2\/product_brand?post=246383"},{"taxonomy":"product_cat","embeddable":true,"href":"https:\/\/ecoshop.ee\/uk\/wp-json\/wp\/v2\/product_cat?post=246383"},{"taxonomy":"product_tag","embeddable":true,"href":"https:\/\/ecoshop.ee\/uk\/wp-json\/wp\/v2\/product_tag?post=246383"}],"curies":[{"name":"wp","href":"https:\/\/api.w.org\/{rel}","templated":true}]}}