{"id":246391,"date":"2025-11-28T14:13:21","date_gmt":"2025-11-28T11:13:21","guid":{"rendered":"https:\/\/ecoshop.ee\/?post_type=product&#038;p=246391"},"modified":"2026-04-14T14:14:04","modified_gmt":"2026-04-14T11:14:04","slug":"%d1%81%d0%bc%d1%83%d0%b6%d0%ba%d0%b8-%d0%b4%d0%bb%d1%8f-%d0%bf%d1%80%d0%b0%d0%bd%d0%bd%d1%8f-%d0%b4%d0%b8%d1%82%d1%8f%d1%87%d0%be%d0%b3%d0%be-%d0%be%d0%b4%d1%8f%d0%b3%d1%83-cosmeau-%d0%b7%d1%96-%d1%81","status":"publish","type":"product","link":"https:\/\/ecoshop.ee\/uk\/puhastusvahendid\/cosmeau-beebiriiete-pesuribad-bergamott-60tk\/","title":{"rendered":"\u0421\u043c\u0443\u0436\u043a\u0438 \u0434\u043b\u044f \u043f\u0440\u0430\u043d\u043d\u044f \u0434\u0438\u0442\u044f\u0447\u043e\u0457 \u0431\u0456\u043b\u0438\u0437\u043d\u0438 Cosmeau, \u0431\u0435\u0440\u0433\u0430\u043c\u043e\u0442, 60 \u0448\u0442."},"content":{"rendered":"<p data-start=\"40\" data-end=\"330\">\u0414\u0435\u043b\u0456\u043a\u0430\u0442\u043d\u0438\u0439 \u0442\u0430 \u0435\u0444\u0435\u043a\u0442\u0438\u0432\u043d\u0438\u0439 \u0437\u0430\u0441\u0456\u0431 \u0434\u043b\u044f \u043f\u0440\u0430\u043d\u043d\u044f \u0434\u0438\u0442\u044f\u0447\u043e\u0433\u043e \u0442\u0430 \u043c\u0430\u043b\u044e\u0448\u0441\u044c\u043a\u043e\u0433\u043e \u043e\u0434\u044f\u0433\u0443. \u0421\u043f\u0435\u0446\u0456\u0430\u043b\u044c\u043d\u043e \u0440\u043e\u0437\u0440\u043e\u0431\u043b\u0435\u043d\u0438\u0439 \u0434\u043b\u044f \u0432\u0438\u0434\u0430\u043b\u0435\u043d\u043d\u044f \u0442\u0438\u043f\u043e\u0432\u0438\u0445 \u043f\u043b\u044f\u043c \u0432\u0456\u0434 \u043d\u0435\u043c\u043e\u0432\u043b\u044f\u0442 \u0442\u0430 \u043c\u0430\u043b\u044e\u043a\u0456\u0432, \u043c\u0430\u0454 \u043d\u0435\u0439\u0442\u0440\u0430\u043b\u044c\u043d\u0438\u0439 pH \u0442\u0430 \u043f\u0440\u043e\u0439\u0448\u043e\u0432 \u0434\u0435\u0440\u043c\u0430\u0442\u043e\u043b\u043e\u0433\u0456\u0447\u043d\u0456 \u0432\u0438\u043f\u0440\u043e\u0431\u0443\u0432\u0430\u043d\u043d\u044f. \u0415\u043a\u043e\u043b\u043e\u0433\u0456\u0447\u043d\u043e \u0447\u0438\u0441\u0442\u0430 \u0444\u043e\u0440\u043c\u0443\u043b\u0430 \u043d\u0435 \u043c\u0456\u0441\u0442\u0438\u0442\u044c \u043f\u043b\u0430\u0441\u0442\u0438\u043a\u0443, \u0454 \u0432\u0435\u0433\u0430\u043d\u0441\u044c\u043a\u043e\u044e \u0442\u0430 \u0431\u0456\u043e\u0440\u043e\u0437\u043a\u043b\u0430\u0434\u043d\u043e\u044e, \u0440\u043e\u0437\u0447\u0438\u043d\u044f\u0454\u0442\u044c\u0441\u044f \u044f\u043a \u0443 \u0445\u043e\u043b\u043e\u0434\u043d\u0456\u0439, \u0442\u0430\u043a \u0456 \u0432 \u0433\u0430\u0440\u044f\u0447\u0456\u0439 \u0432\u043e\u0434\u0456.<\/p>\n<p data-start=\"332\" data-end=\"553\">\u0410\u0440\u043e\u043c\u0430\u0442 \u0431\u0435\u0440\u0433\u0430\u043c\u043e\u0442\u0443 \u043c\u2019\u044f\u043a\u0438\u0439, \u0442\u0435\u043f\u043b\u0438\u0439 \u0442\u0430 \u0441\u0432\u0456\u0436\u0438\u0439 \u2013 \u043f\u0456\u0434\u0445\u043e\u0434\u0438\u0442\u044c \u044f\u043a \u0434\u043b\u044f \u0434\u0438\u0442\u044f\u0447\u043e\u0433\u043e \u043e\u0434\u044f\u0433\u0443, \u0442\u0430\u043a \u0456 \u0434\u043b\u044f \u0434\u043e\u0440\u043e\u0441\u043b\u0438\u0445 \u0437 \u0447\u0443\u0442\u043b\u0438\u0432\u043e\u044e \u0448\u043a\u0456\u0440\u043e\u044e. \u0420\u043e\u0441\u043b\u0438\u043d\u043d\u0430 \u0444\u043e\u0440\u043c\u0443\u043b\u0430 \u043e\u0447\u0438\u0449\u0430\u0454 \u0431\u0435\u0437 \u043d\u0430\u0434\u043c\u0456\u0440\u043d\u043e\u0457 \u043a\u0456\u043b\u044c\u043a\u043e\u0441\u0442\u0456 \u0445\u0456\u043c\u0456\u043a\u0430\u0442\u0456\u0432 \u0442\u0430 \u0437\u0430\u043b\u0438\u0448\u0430\u0454 \u043e\u0434\u044f\u0433 \u0441\u0432\u0456\u0436\u0438\u043c \u0456 \u043a\u043e\u043c\u0444\u043e\u0440\u0442\u043d\u0438\u043c.<\/p>\n<ul>\n<li data-start=\"611\" data-end=\"1120\">\u0414\u0435\u043b\u0456\u043a\u0430\u0442\u043d\u0438\u0439, \u0430\u043b\u0435 \u0435\u0444\u0435\u043a\u0442\u0438\u0432\u043d\u0438\u0439 \u0434\u043b\u044f \u0434\u0438\u0442\u044f\u0447\u043e\u0433\u043e \u043e\u0434\u044f\u0433\u0443<\/li>\n<li data-start=\"611\" data-end=\"1120\">pH-\u043d\u0435\u0439\u0442\u0440\u0430\u043b\u044c\u043d\u0438\u0439 \u0442\u0430 \u0431\u0435\u0437\u043f\u0435\u0447\u043d\u0438\u0439 \u0434\u043b\u044f \u0448\u043a\u0456\u0440\u0438<\/li>\n<li data-start=\"611\" data-end=\"1120\">\u041f\u0456\u0434\u0445\u043e\u0434\u0438\u0442\u044c \u0434\u043b\u044f \u0432\u0441\u0456\u0445 \u0442\u0435\u043c\u043f\u0435\u0440\u0430\u0442\u0443\u0440 (15\u201390\u00b0C), \u0430 \u0442\u0430\u043a\u043e\u0436 \u0434\u043b\u044f \u0440\u0443\u0447\u043d\u043e\u0433\u043e \u043f\u0440\u0430\u043d\u043d\u044f<\/li>\n<li data-start=\"611\" data-end=\"1120\">\u0412\u0435\u0433\u0430\u043d\u0441\u044c\u043a\u0438\u0439, \u0431\u0435\u0437 \u043f\u043b\u0430\u0441\u0442\u0438\u043a\u0443 \u0442\u0430 \u0431\u0456\u043e\u0440\u043e\u0437\u043a\u043b\u0430\u0434\u043d\u0438\u0439<\/li>\n<li data-start=\"611\" data-end=\"1120\">\u0414\u0435\u0440\u043c\u0430\u0442\u043e\u043b\u043e\u0433\u0456\u0447\u043d\u043e \u043f\u0440\u043e\u0442\u0435\u0441\u0442\u043e\u0432\u0430\u043d\u043e \u0434\u043b\u044f \u0447\u0443\u0442\u043b\u0438\u0432\u043e\u0457 \u0448\u043a\u0456\u0440\u0438<\/li>\n<li data-start=\"611\" data-end=\"1120\">\u041f\u0456\u0434\u0445\u043e\u0434\u0438\u0442\u044c \u0434\u043b\u044f \u0431\u0456\u043b\u043e\u0457, \u043a\u043e\u043b\u044c\u043e\u0440\u043e\u0432\u043e\u0457 \u0442\u0430 \u0442\u0435\u043c\u043d\u043e\u0457 \u0431\u0456\u043b\u0438\u0437\u043d\u0438<\/li>\n<li data-start=\"611\" data-end=\"1120\">\u041f\u043e\u043c&#039;\u044f\u043a\u0448\u0443\u0454 \u0431\u0456\u043b\u0438\u0437\u043d\u0443 \u043f\u0440\u0438\u0440\u043e\u0434\u043d\u0438\u043c \u0448\u043b\u044f\u0445\u043e\u043c \u2013 \u043f\u043e\u043c&#039;\u044f\u043a\u0448\u0443\u0432\u0430\u0447 \u0434\u043b\u044f \u0442\u043a\u0430\u043d\u0438\u043d\u0438 \u043d\u0435 \u043f\u043e\u0442\u0440\u0456\u0431\u0435\u043d<\/li>\n<li data-start=\"611\" data-end=\"1120\">\u041d\u0435 \u043c\u0456\u0441\u0442\u0438\u0442\u044c \u043f\u0430\u0440\u0430\u0431\u0435\u043d\u0456\u0432, \u0444\u043e\u0441\u0444\u0430\u0442\u0456\u0432, \u043b\u0456\u043c\u043e\u043d\u0435\u043d\u0443, \u0445\u043b\u043e\u0440\u043d\u043e\u0433\u043e \u0432\u0456\u0434\u0431\u0456\u043b\u044e\u0432\u0430\u0447\u0430 \u0442\u0430 \u0431\u0430\u0440\u0432\u043d\u0438\u043a\u0456\u0432<\/li>\n<\/ul>\n<p>\u041f\u0440\u043e\u0441\u0442\u0438\u0439, \u043a\u043e\u043c\u043f\u0430\u043a\u0442\u043d\u0438\u0439 \u0442\u0430 \u0435\u043a\u043e\u043b\u043e\u0433\u0456\u0447\u043d\u043e \u0431\u0435\u0437\u043f\u0435\u0447\u043d\u0438\u0439 \u0441\u043f\u043e\u0441\u0456\u0431 \u043f\u0440\u0430\u043d\u043d\u044f.<\/p>\n<p data-start=\"1122\" data-end=\"1434\"><strong data-start=\"1122\" data-end=\"1129\">\u041f\u0440\u0438\u043c\u0456\u0442\u043a\u0430!<\/strong><br data-start=\"1129\" data-end=\"1132\" \/>\u2022 \u041d\u0435 \u043f\u0456\u0434\u0445\u043e\u0434\u0438\u0442\u044c \u0434\u043b\u044f \u0432\u043e\u0432\u043d\u0438 \u0442\u0430 \u0448\u043e\u0432\u043a\u0443 \u2013 \u0432\u0438\u043a\u043e\u0440\u0438\u0441\u0442\u043e\u0432\u0443\u0439\u0442\u0435 \u0434\u043b\u044f \u043d\u0438\u0445 \u0441\u043c\u0443\u0436\u043a\u0438 \u0434\u043b\u044f \u043f\u0440\u0430\u043d\u043d\u044f Cosmeau Wool &amp; Silk.<br data-start=\"1322\" data-end=\"1325\" \/>\u2022 \u0414\u043b\u044f \u0441\u0442\u0456\u0439\u043a\u0438\u0445 \u043f\u043b\u044f\u043c \u0432\u0456\u0434\u0456\u0440\u0432\u0456\u0442\u044c \u0448\u043c\u0430\u0442\u043e\u0447\u043e\u043a \u0441\u043c\u0443\u0436\u043a\u0438 \u0442\u0430 \u043f\u043e\u0442\u0440\u0456\u0442\u044c \u043d\u0435\u044e \u0432\u043e\u043b\u043e\u0433\u0443 \u043f\u043b\u044f\u043c\u0443 \u043f\u0435\u0440\u0435\u0434 \u043f\u0440\u0430\u043d\u043d\u044f\u043c \u2013 \u0446\u0435 \u0434\u043e\u0434\u0430\u0441\u0442\u044c \u0457\u0439 \u0434\u043e\u0434\u0430\u0442\u043a\u043e\u0432\u043e\u0457 \u043c\u0456\u0446\u043d\u043e\u0441\u0442\u0456.<\/p>","protected":false},"excerpt":{"rendered":"<p>\u00d5rn ja t\u00f5hus pesulahendus beebide ja v\u00e4ikelaste riietele. Spetsiaalselt loodud eemaldama t\u00fc\u00fcpilisi beebi- ja mudilaseplekke, olles samal ajal pH-neutraalne ning dermatoloogiliselt testitud.&hellip;<\/p>","protected":false},"featured_media":246392,"comment_status":"open","ping_status":"closed","template":"","meta":{"wprm-recipe-roundup-name":"","wprm-recipe-roundup-description":""},"product_brand":[11998],"product_cat":[8002],"product_tag":[],"class_list":{"0":"post-246391","1":"product","2":"type-product","3":"status-publish","4":"has-post-thumbnail","6":"product_brand-cosmeau","7":"product_cat-puhastusvahendid","9":"first","10":"instock","11":"taxable","12":"shipping-taxable","13":"purchasable","14":"product-type-simple"},"supplier_id":246354,"supplier_sku":"","barcode":"8720655301377","atum_controlled":true,"out_stock_date":null,"out_stock_threshold":null,"inheritable":false,"inbound_stock":0,"stock_on_hold":0,"sold_today":0,"sales_last_days":1,"reserved_stock":0,"customer_returns":0,"warehouse_damage":0,"lost_in_post":0,"other_logs":0,"out_stock_days":0,"lost_sales":0,"has_location":false,"update_date":"2026-04-17T07:24:10","atum_locations":[],"atum_stock_status":"instock","restock_status":false,"low_stock_amount":"","sales_update_date":"2026-04-17T07:24:10","calc_backorders":null,"aioseo_notices":[],"_links":{"self":[{"href":"https:\/\/ecoshop.ee\/uk\/wp-json\/wp\/v2\/product\/246391","targetHints":{"allow":["GET"]}}],"collection":[{"href":"https:\/\/ecoshop.ee\/uk\/wp-json\/wp\/v2\/product"}],"about":[{"href":"https:\/\/ecoshop.ee\/uk\/wp-json\/wp\/v2\/types\/product"}],"replies":[{"embeddable":true,"href":"https:\/\/ecoshop.ee\/uk\/wp-json\/wp\/v2\/comments?post=246391"}],"version-history":[{"count":0,"href":"https:\/\/ecoshop.ee\/uk\/wp-json\/wp\/v2\/product\/246391\/revisions"}],"wp:featuredmedia":[{"embeddable":true,"href":"https:\/\/ecoshop.ee\/uk\/wp-json\/wp\/v2\/media\/246392"}],"wp:attachment":[{"href":"https:\/\/ecoshop.ee\/uk\/wp-json\/wp\/v2\/media?parent=246391"}],"wp:term":[{"taxonomy":"product_brand","embeddable":true,"href":"https:\/\/ecoshop.ee\/uk\/wp-json\/wp\/v2\/product_brand?post=246391"},{"taxonomy":"product_cat","embeddable":true,"href":"https:\/\/ecoshop.ee\/uk\/wp-json\/wp\/v2\/product_cat?post=246391"},{"taxonomy":"product_tag","embeddable":true,"href":"https:\/\/ecoshop.ee\/uk\/wp-json\/wp\/v2\/product_tag?post=246391"}],"curies":[{"name":"wp","href":"https:\/\/api.w.org\/{rel}","templated":true}]}}