{"id":246426,"date":"2025-11-28T17:28:01","date_gmt":"2025-11-28T14:28:01","guid":{"rendered":"https:\/\/ecoshop.ee\/?post_type=product&#038;p=246426"},"modified":"2025-11-28T17:28:03","modified_gmt":"2025-11-28T14:28:03","slug":"%d0%b0%d1%80%d0%be%d0%bc%d0%b0%d1%82%d0%bd%d1%96-%d0%bf%d0%b5%d1%80%d0%bb%d0%b8-cosmeau-spring-50-%d0%bf%d1%80%d0%b0%d0%bd%d1%8c","status":"publish","type":"product","link":"https:\/\/ecoshop.ee\/uk\/puhastusvahendid\/cosmeau-lohnaparlid-kevad-50-pesu\/","title":{"rendered":"\u0410\u0440\u043e\u043c\u0430\u0442\u0438\u0447\u043d\u0456 \u043f\u0435\u0440\u043b\u0438\u043d\u0438 Cosmeau, \u0432\u0435\u0441\u043d\u0430, 50 \u043f\u0440\u0430\u043d\u044c"},"content":{"rendered":"<p data-start=\"47\" data-end=\"347\">\u0415\u043a\u043e\u043b\u043e\u0433\u0456\u0447\u043d\u043e \u0447\u0438\u0441\u0442\u0456 \u0430\u0440\u043e\u043c\u0430\u0442\u0438\u0447\u043d\u0456 \u043f\u0435\u0440\u043b\u0438\u043d\u0438, \u044f\u043a\u0456 \u043d\u0430\u0434\u0430\u044e\u0442\u044c \u0431\u0456\u043b\u0438\u0437\u043d\u0456 \u0441\u0432\u0456\u0436\u043e\u0433\u043e \u0442\u0430 \u0441\u0442\u0456\u0439\u043a\u043e\u0433\u043e \u0430\u0440\u043e\u043c\u0430\u0442\u0443. \u041c\u0456\u043a\u0440\u043e\u043a\u0430\u043f\u0441\u0443\u043b\u0438 \u0437 \u0430\u0440\u043e\u043c\u0430\u0442\u043e\u043c \u0432\u0438\u0432\u0456\u043b\u044c\u043d\u044f\u044e\u0442\u044c\u0441\u044f \u043f\u0440\u0438 \u0440\u043e\u0437\u0442\u0438\u0440\u0430\u043d\u043d\u0456 \u2013 \u043f\u0456\u0434 \u0447\u0430\u0441 \u0445\u043e\u0434\u044c\u0431\u0438, \u0440\u0443\u0445\u0443 \u0447\u0438 \u0444\u0456\u0437\u0438\u0447\u043d\u0438\u0445 \u0432\u043f\u0440\u0430\u0432 \u2013 \u0456 \u0437\u0430\u0431\u0435\u0437\u043f\u0435\u0447\u0443\u044e\u0442\u044c \u043f\u0440\u0438\u0454\u043c\u043d\u0438\u0439 \u0430\u0440\u043e\u043c\u0430\u0442 \u0434\u043e 12 \u0442\u0438\u0436\u043d\u0456\u0432. \u0410\u0440\u043e\u043c\u0430\u0442 \u043d\u0430\u0442\u0443\u0440\u0430\u043b\u044c\u043d\u0438\u0439, \u043d\u0435 \u0441\u0438\u043d\u0442\u0435\u0442\u0438\u0447\u043d\u0438\u0439, \u0456 \u043f\u0456\u0434\u0445\u043e\u0434\u0438\u0442\u044c \u044f\u043a \u0436\u0456\u043d\u043a\u0430\u043c, \u0442\u0430\u043a \u0456 \u0447\u043e\u043b\u043e\u0432\u0456\u043a\u0430\u043c.<\/p>\n<p data-start=\"349\" data-end=\"541\"><em data-start=\"349\" data-end=\"363\">\u0412\u0435\u0441\u043d\u044f\u043d\u0430 \u0441\u0432\u0456\u0436\u0456\u0441\u0442\u044c<\/em>\u00a0\u0432\u0438\u043a\u043b\u0438\u043a\u0430\u0454 \u0432\u0456\u0434\u0447\u0443\u0442\u0442\u044f \u0441\u043e\u043d\u044f\u0447\u043d\u043e\u0433\u043e \u0432\u0435\u0441\u043d\u044f\u043d\u043e\u0433\u043e \u0434\u043d\u044f: \u0442\u0435\u043f\u043b\u0435 \u043f\u043e\u0432\u0456\u0442\u0440\u044f, \u0441\u043f\u0456\u0432 \u043f\u0442\u0430\u0445\u0456\u0432 \u0442\u0430 \u043b\u0435\u0433\u043a\u0438\u0439 \u043a\u0432\u0456\u0442\u043a\u043e\u0432\u0438\u0439 \u0430\u0440\u043e\u043c\u0430\u0442. \u0406\u0434\u0435\u0430\u043b\u044c\u043d\u043e \u043f\u0456\u0434\u0445\u043e\u0434\u0438\u0442\u044c, \u0437\u043e\u043a\u0440\u0435\u043c\u0430, \u0434\u043b\u044f \u043f\u043e\u0441\u0442\u0456\u043b\u044c\u043d\u043e\u0457 \u0431\u0456\u043b\u0438\u0437\u043d\u0438, \u043d\u0430\u0434\u0430\u044e\u0447\u0438 \u043c\u2019\u044f\u043a\u043e\u0433\u043e, \u0441\u0432\u0456\u0436\u043e\u0433\u043e \u0442\u0430 \u043d\u0435 \u043d\u0430\u0434\u0442\u043e \u0441\u043e\u043b\u043e\u0434\u043a\u043e\u0433\u043e \u0430\u0440\u043e\u043c\u0430\u0442\u0443.<\/p>\n<ul>\n<li data-start=\"543\" data-end=\"991\">\u041d\u0430\u0434\u0430\u0454 \u0431\u0456\u043b\u0438\u0437\u043d\u0456 \u0434\u043e\u0434\u0430\u0442\u043a\u043e\u0432\u043e\u0433\u043e \u0430\u0440\u043e\u043c\u0430\u0442\u0443<\/li>\n<li data-start=\"543\" data-end=\"991\">\u0412\u0438\u0433\u043e\u0442\u043e\u0432\u043b\u0435\u043d\u043e \u0437 \u043a\u0443\u043a\u0443\u0440\u0443\u0434\u0437\u044f\u043d\u043e\u0433\u043e \u043a\u0440\u043e\u0445\u043c\u0430\u043b\u044e, \u0432\u0435\u0433\u0430\u043d\u0441\u044c\u043a\u0438\u0439<\/li>\n<li data-start=\"543\" data-end=\"991\">\u041d\u0430\u0442\u0443\u0440\u0430\u043b\u044c\u043d\u0438\u0439 \u0430\u0440\u043e\u043c\u0430\u0442<\/li>\n<li data-start=\"543\" data-end=\"991\">\u0414\u043e 12 \u0442\u0438\u0436\u043d\u0456\u0432 \u0441\u0432\u0456\u0436\u043e\u0441\u0442\u0456<\/li>\n<li data-start=\"543\" data-end=\"991\">\u041c\u0456\u0440\u043d\u0430 \u0447\u0430\u0448\u043a\u0430 \u0432 \u043a\u043e\u043c\u043f\u043b\u0435\u043a\u0442\u0456<\/li>\n<li data-start=\"543\" data-end=\"991\">\u0414\u043e 50 \u043f\u0440\u0430\u043d\u044c \u0437 \u043b\u0435\u0433\u043a\u0438\u043c \u0430\u0440\u043e\u043c\u0430\u0442\u043e\u043c \u0430\u0431\u043e 25 \u043f\u0440\u0430\u043d\u044c \u0437 \u0441\u0438\u043b\u044c\u043d\u0456\u0448\u0438\u043c \u0430\u0440\u043e\u043c\u0430\u0442\u043e\u043c<\/li>\n<li data-start=\"543\" data-end=\"991\">\u0414\u043e\u0434\u0430\u0439\u0442\u0435 \u0431\u0435\u0437\u043f\u043e\u0441\u0435\u0440\u0435\u0434\u043d\u044c\u043e \u0443 \u043f\u043e\u0440\u043e\u0436\u043d\u0456\u0439 \u0431\u0430\u0440\u0430\u0431\u0430\u043d \u043f\u0435\u0440\u0435\u0434 \u043f\u0440\u0430\u043d\u043d\u044f\u043c<\/li>\n<li data-start=\"543\" data-end=\"991\">\u0406\u0434\u0435\u0430\u043b\u044c\u043d\u043e \u043f\u0456\u0434\u0445\u043e\u0434\u0438\u0442\u044c \u0434\u043e \u0441\u043c\u0443\u0436\u043e\u043a \u0434\u043b\u044f \u043c\u0438\u0442\u0442\u044f Cosmeau<\/li>\n<\/ul>\n<p data-start=\"993\" data-end=\"1072\" data-is-last-node=\"\" data-is-only-node=\"\">\u041c\u2019\u044f\u043a\u0430 \u0432\u0435\u0441\u043d\u044f\u043d\u0430 \u0441\u0432\u0456\u0436\u0456\u0441\u0442\u044c \u0437 \u043a\u043e\u0436\u043d\u0438\u043c \u043f\u0440\u0430\u043d\u043d\u044f\u043c \u2013 \u043d\u0430\u0442\u0443\u0440\u0430\u043b\u044c\u043d\u0430, \u0434\u043e\u0432\u0433\u043e\u0442\u0440\u0438\u0432\u0430\u043b\u0430 \u0442\u0430 \u0435\u043a\u043e\u043b\u043e\u0433\u0456\u0447\u043d\u0430.<\/p>\n<p data-start=\"0\" data-end=\"17\"><strong data-start=\"0\" data-end=\"17\">\u041f\u0430\u043a\u0435\u0442\u0438 \u0434\u043b\u044f \u043f\u043e\u043f\u043e\u0432\u043d\u0435\u043d\u043d\u044f<\/strong><\/p>\n<p data-start=\"19\" data-end=\"251\" data-is-last-node=\"\" data-is-only-node=\"\">\u0421\u0442\u0430\u043d\u0434\u0430\u0440\u0442\u043d\u0438\u0439 \u0442\u044e\u0431\u0438\u043a \u0456\u0437 \u043c\u0456\u0440\u043d\u043e\u044e \u0441\u043a\u043b\u044f\u043d\u043a\u043e\u044e \u0443\u043f\u0430\u043a\u043e\u0432\u0430\u043d\u0438\u0439 \u0442\u0430\u043a\u0438\u043c \u0447\u0438\u043d\u043e\u043c, \u0449\u043e\u0431 \u0430\u0440\u043e\u043c\u0430\u0442 \u0437\u0431\u0435\u0440\u0456\u0433\u0430\u0432\u0441\u044f \u044f\u043a\u043e\u043c\u043e\u0433\u0430 \u0434\u043e\u0432\u0448\u0435. \u041d\u0435\u043c\u0430\u0454 \u043f\u043e\u0442\u0440\u0435\u0431\u0438 \u0449\u043e\u0440\u0430\u0437\u0443 \u0437\u0430\u043c\u0456\u043d\u044e\u0432\u0430\u0442\u0438 \u0439\u043e\u0433\u043e \u2014 \u0443 \u043c\u0430\u0439\u0431\u0443\u0442\u043d\u044c\u043e\u043c\u0443 \u0432\u0438 \u043c\u043e\u0436\u0435\u0442\u0435 \u043f\u0440\u043e\u0441\u0442\u043e \u0437\u0430\u043c\u043e\u0432\u0438\u0442\u0438 \u0434\u0435\u0448\u0435\u0432\u0448\u0456 \u0437\u0430\u043f\u0430\u0441\u043d\u0456 \u0447\u0430\u0441\u0442\u0438\u043d\u0438, \u044f\u043a\u0456 \u0432\u0438\u043a\u043e\u0440\u0438\u0441\u0442\u043e\u0432\u0443\u044e\u0442\u044c \u043c\u0435\u043d\u0448\u0435 \u0443\u043f\u0430\u043a\u043e\u0432\u043a\u0438.<\/p>","protected":false},"excerpt":{"rendered":"<p>Keskkonnas\u00f5bralikud l\u00f5hnap\u00e4rlid, mis annavad pesule v\u00e4rske ja kauap\u00fcsiva aroomi. Mikro-l\u00f5hnakapslid vabanevad h\u00f5\u00f5rdumisel \u2013 k\u00f5ndides, liikudes v\u00f5i trenni tehes \u2013 ning pakuvad kuni&hellip;<\/p>","protected":false},"featured_media":246427,"comment_status":"open","ping_status":"closed","template":"","meta":{"wprm-recipe-roundup-name":"","wprm-recipe-roundup-description":""},"product_brand":[11998],"product_cat":[8002],"product_tag":[],"class_list":{"0":"post-246426","1":"product","2":"type-product","3":"status-publish","4":"has-post-thumbnail","6":"product_brand-cosmeau","7":"product_cat-puhastusvahendid","9":"first","10":"instock","11":"taxable","12":"shipping-taxable","13":"purchasable","14":"product-type-simple"},"supplier_id":246354,"supplier_sku":"","barcode":"8720655301452","atum_controlled":true,"out_stock_date":null,"out_stock_threshold":null,"inheritable":false,"inbound_stock":0,"stock_on_hold":0,"sold_today":0,"sales_last_days":0,"reserved_stock":0,"customer_returns":0,"warehouse_damage":0,"lost_in_post":0,"other_logs":0,"out_stock_days":0,"lost_sales":0,"has_location":false,"update_date":"2026-04-20T21:45:56","atum_locations":[],"atum_stock_status":"instock","restock_status":false,"low_stock_amount":"","sales_update_date":"2026-04-20T21:45:56","calc_backorders":null,"aioseo_notices":[],"_links":{"self":[{"href":"https:\/\/ecoshop.ee\/uk\/wp-json\/wp\/v2\/product\/246426","targetHints":{"allow":["GET"]}}],"collection":[{"href":"https:\/\/ecoshop.ee\/uk\/wp-json\/wp\/v2\/product"}],"about":[{"href":"https:\/\/ecoshop.ee\/uk\/wp-json\/wp\/v2\/types\/product"}],"replies":[{"embeddable":true,"href":"https:\/\/ecoshop.ee\/uk\/wp-json\/wp\/v2\/comments?post=246426"}],"version-history":[{"count":0,"href":"https:\/\/ecoshop.ee\/uk\/wp-json\/wp\/v2\/product\/246426\/revisions"}],"wp:featuredmedia":[{"embeddable":true,"href":"https:\/\/ecoshop.ee\/uk\/wp-json\/wp\/v2\/media\/246427"}],"wp:attachment":[{"href":"https:\/\/ecoshop.ee\/uk\/wp-json\/wp\/v2\/media?parent=246426"}],"wp:term":[{"taxonomy":"product_brand","embeddable":true,"href":"https:\/\/ecoshop.ee\/uk\/wp-json\/wp\/v2\/product_brand?post=246426"},{"taxonomy":"product_cat","embeddable":true,"href":"https:\/\/ecoshop.ee\/uk\/wp-json\/wp\/v2\/product_cat?post=246426"},{"taxonomy":"product_tag","embeddable":true,"href":"https:\/\/ecoshop.ee\/uk\/wp-json\/wp\/v2\/product_tag?post=246426"}],"curies":[{"name":"wp","href":"https:\/\/api.w.org\/{rel}","templated":true}]}}