{"id":246453,"date":"2025-11-30T19:06:58","date_gmt":"2025-11-30T16:06:58","guid":{"rendered":"https:\/\/ecoshop.ee\/?post_type=product&#038;p=246453"},"modified":"2025-11-30T19:06:59","modified_gmt":"2025-11-30T16:06:59","slug":"%d1%81%d0%bc%d1%83%d0%b6%d0%ba%d0%b8-%d0%b4%d0%bb%d1%8f-%d1%87%d0%b8%d1%89%d0%b5%d0%bd%d0%bd%d1%8f-%d0%bf%d1%96%d0%b4%d0%bb%d0%be%d0%b3%d0%b8-cosmeau-60-%d1%88%d1%82","status":"publish","type":"product","link":"https:\/\/ecoshop.ee\/uk\/puhastusvahendid\/cosmeau-porandapuhastusribad-60tk\/","title":{"rendered":"\u0421\u043c\u0443\u0436\u043a\u0438 \u0434\u043b\u044f \u0447\u0438\u0449\u0435\u043d\u043d\u044f \u043f\u0456\u0434\u043b\u043e\u0433\u0438 Cosmeau, 60 \u0448\u0442."},"content":{"rendered":"<p data-start=\"34\" data-end=\"239\">\u0415\u043a\u043e\u043b\u043e\u0433\u0456\u0447\u043d\u0438\u0439 \u0437\u0430\u0441\u0456\u0431 \u0434\u043b\u044f \u0447\u0438\u0449\u0435\u043d\u043d\u044f \u043f\u0456\u0434\u043b\u043e\u0433\u0438 \u0443 \u0432\u0438\u0433\u043b\u044f\u0434\u0456 \u0437\u0440\u0443\u0447\u043d\u043e\u0457 \u043f\u0430\u043f\u0435\u0440\u043e\u0432\u043e\u0457 \u0441\u043c\u0443\u0436\u043a\u0438 - \u043f\u0440\u043e\u0441\u0442\u043e \u043f\u043e\u043a\u043b\u0430\u0434\u0456\u0442\u044c \u0441\u043c\u0443\u0436\u043a\u0443 \u0443 \u0432\u0456\u0434\u0440\u043e \u0442\u0430 \u0434\u0430\u0439\u0442\u0435 \u0457\u0439 \u0440\u043e\u0437\u0447\u0438\u043d\u0438\u0442\u0438\u0441\u044f. \u0411\u0456\u043e\u0440\u043e\u0437\u043a\u043b\u0430\u0434\u043d\u0438\u0439, \u043a\u043e\u043c\u043f\u0430\u043a\u0442\u043d\u0438\u0439 \u0442\u0430 \u0434\u043e\u0441\u0442\u0443\u043f\u043d\u0456\u0448\u0438\u0439 \u0437\u0430 \u0442\u0440\u0430\u0434\u0438\u0446\u0456\u0439\u043d\u0456 \u0437\u0430\u0441\u043e\u0431\u0438 \u0434\u043b\u044f \u0447\u0438\u0449\u0435\u043d\u043d\u044f \u043f\u0456\u0434\u043b\u043e\u0433\u0438.<\/p>\n<p data-start=\"241\" data-end=\"583\">\u2022 \u0423\u043b\u044c\u0442\u0440\u0430\u043a\u043e\u043d\u0446\u0435\u043d\u0442\u0440\u043e\u0432\u0430\u043d\u0438\u0439 \u2013 \u0432\u0438\u0434\u0430\u043b\u044f\u0454 \u0431\u0440\u0443\u0434, \u043f\u043b\u044f\u043c\u0438 \u0442\u0430 \u0431\u0430\u043a\u0442\u0435\u0440\u0456\u0457 \u0437\u0430 \u0434\u043e\u043f\u043e\u043c\u043e\u0433\u043e\u044e \u0444\u0435\u0440\u043c\u0435\u043d\u0442\u0456\u0432<br data-start=\"319\" data-end=\"322\" \/>\u2022 \u041d\u0456\u0436\u043d\u0430 \u0444\u043e\u0440\u043c\u0443\u043b\u0430, \u044f\u043a\u0430 \u043d\u0435 \u043f\u043e\u0448\u043a\u043e\u0434\u0438\u0442\u044c \u043f\u0456\u0434\u043b\u043e\u0433\u0443 \u0442\u0430 \u043d\u0435 \u0437\u0430\u0448\u043a\u043e\u0434\u0438\u0442\u044c \u0431\u043e\u0441\u0438\u043c \u043d\u0456\u0436\u043a\u0430\u043c \u0434\u0438\u0442\u0438\u043d\u0438<br data-start=\"407\" data-end=\"410\" \/>\u2022 \u041d\u0435 \u043c\u0456\u0441\u0442\u0438\u0442\u044c \u0444\u043e\u0441\u0444\u0430\u0442\u0456\u0432, \u0432\u0456\u0434\u0431\u0456\u043b\u044e\u0432\u0430\u0447\u0456\u0432 \u0442\u0430 \u0430\u0433\u0440\u0435\u0441\u0438\u0432\u043d\u0438\u0445 \u0445\u0456\u043c\u0456\u0447\u043d\u0438\u0445 \u0440\u0435\u0447\u043e\u0432\u0438\u043d<br data-start=\"471\" data-end=\"474\" \/>\u2022 \u041f\u0456\u0434\u0445\u043e\u0434\u0438\u0442\u044c \u0434\u043b\u044f \u0432\u0441\u0456\u0445 \u0442\u0438\u043f\u0456\u0432 \u043f\u0456\u0434\u043b\u043e\u0433: \u043b\u0430\u043c\u0456\u043d\u0430\u0442\u0443, \u0434\u0435\u0440\u0435\u0432\u0430, \u043f\u043b\u0438\u0442\u043a\u0438, \u043b\u0438\u0442\u043e\u0457 \u043f\u0456\u0434\u043b\u043e\u0433\u0438 \u0442\u043e\u0449\u043e.<br data-start=\"545\" data-end=\"548\" \/>\u2022 \u041f\u043e\u0432\u043d\u0456\u0441\u0442\u044e \u0440\u043e\u0437\u0447\u0438\u043d\u043d\u0438\u0439 \u0442\u0430 \u0431\u0435\u0437 \u043f\u043b\u0430\u0441\u0442\u0438\u043a\u0443<\/p>\n<p data-start=\"241\" data-end=\"583\">\u041f\u0440\u043e\u0441\u0442\u0438\u0439, \u0435\u0444\u0435\u043a\u0442\u0438\u0432\u043d\u0438\u0439 \u0442\u0430 \u0435\u043a\u043e\u043b\u043e\u0433\u0456\u0447\u043d\u0438\u0439 \u0441\u043f\u043e\u0441\u0456\u0431 \u0437\u0440\u043e\u0431\u0438\u0442\u0438 \u0432\u0430\u0448\u0456 \u043f\u0456\u0434\u043b\u043e\u0433\u0438 \u0431\u043b\u0438\u0441\u043a\u0443\u0447\u0438\u043c\u0438.<\/p>\n<p data-start=\"585\" data-end=\"607\"><strong data-start=\"585\" data-end=\"605\">\u042f\u043a \u0432\u0438\u043a\u043e\u0440\u0438\u0441\u0442\u043e\u0432\u0443\u0432\u0430\u0442\u0438?<\/strong><\/p>\n<ol data-start=\"608\" data-end=\"852\">\n<li data-start=\"608\" data-end=\"679\">\n<p data-start=\"611\" data-end=\"679\">\u0420\u043e\u0437\u0456\u0440\u0432\u0456\u0442\u044c \u0441\u043c\u0443\u0436\u043a\u0443 \u043d\u0430\u0432\u043f\u0456\u043b \u0432\u0437\u0434\u043e\u0432\u0436 \u043f\u0435\u0440\u0444\u043e\u0440\u0430\u0446\u0456\u0457 \u0430\u0431\u043e \u0432\u0438\u043a\u043e\u0440\u0438\u0441\u0442\u043e\u0432\u0443\u0439\u0442\u0435 \u0446\u0456\u043b\u0443 \u0441\u043c\u0443\u0436\u043a\u0443.<\/p>\n<\/li>\n<li data-start=\"680\" data-end=\"736\">\n<p data-start=\"683\" data-end=\"736\">\u041f\u043e\u043c\u0456\u0441\u0442\u0456\u0442\u044c \u0441\u043c\u0443\u0436\u043a\u0443 \u0443 \u0432\u0456\u0434\u0440\u043e, \u043d\u0430\u043f\u043e\u0432\u043d\u0435\u043d\u0435 \u0433\u0430\u0440\u044f\u0447\u043e\u044e \u0430\u0431\u043e \u0445\u043e\u043b\u043e\u0434\u043d\u043e\u044e \u0432\u043e\u0434\u043e\u044e.<\/p>\n<\/li>\n<li data-start=\"737\" data-end=\"780\">\n<p data-start=\"740\" data-end=\"780\">\u0414\u0430\u0439\u0442\u0435 \u0439\u043e\u043c\u0443 \u0440\u043e\u0437\u0447\u0438\u043d\u0438\u0442\u0438\u0441\u044f \u043f\u0440\u043e\u0442\u044f\u0433\u043e\u043c 20-30 \u0441\u0435\u043a\u0443\u043d\u0434.<\/p>\n<\/li>\n<li data-start=\"781\" data-end=\"815\">\n<p data-start=\"784\" data-end=\"815\">\u041f\u043e\u0432\u043d\u0456\u0441\u0442\u044e \u0437\u0430\u043d\u0443\u0440\u0442\u0435 \u0448\u0432\u0430\u0431\u0440\u0443 \u0443 \u0432\u043e\u0434\u0443.<\/p>\n<\/li>\n<li data-start=\"816\" data-end=\"852\">\n<p data-start=\"819\" data-end=\"852\">\u041f\u043e\u043c\u0438\u0439\u0442\u0435 \u043f\u0456\u0434\u043b\u043e\u0433\u0443 \u044f\u043a \u0437\u0430\u0432\u0436\u0434\u0438.<\/p>\n<\/li>\n<\/ol>\n<p data-start=\"854\" data-end=\"1028\"><strong data-start=\"854\" data-end=\"869\">\u0414\u043e\u0437\u0443\u0432\u0430\u043d\u043d\u044f<\/strong><br data-start=\"869\" data-end=\"872\" \/>\u2022 <strong data-start=\"874\" data-end=\"884\">\u00bd \u0441\u043c\u0443\u0436\u043a\u0438<\/strong> \u2013 \u043f\u0440\u0438\u0431\u043b\u0438\u0437\u043d\u043e \u043d\u0430 5-\u043b\u0456\u0442\u0440\u043e\u0432\u0435 \u0432\u0456\u0434\u0440\u043e \u0430\u0431\u043e \u0434\u043b\u044f \u0440\u0435\u0433\u0443\u043b\u044f\u0440\u043d\u043e\u0433\u043e \u043f\u0440\u0438\u0431\u0438\u0440\u0430\u043d\u043d\u044f<br data-start=\"944\" data-end=\"947\" \/>\u2022 <strong data-start=\"949\" data-end=\"959\">1 \u0441\u043c\u0443\u0436\u043a\u0430<\/strong> \u2013 \u0414\u043b\u044f 10-\u043b\u0456\u0442\u0440\u043e\u0432\u043e\u0433\u043e \u0432\u0456\u0434\u0440\u0430 \u0430\u0431\u043e \u0434\u043b\u044f \u043c\u0438\u0442\u0442\u044f \u0434\u0443\u0436\u0435 \u0431\u0440\u0443\u0434\u043d\u043e\u0457 \u043f\u0456\u0434\u043b\u043e\u0433\u0438<\/p>","protected":false},"excerpt":{"rendered":"<p>Keskkonnas\u00f5bralik p\u00f5randapuhastusvahend mugava pabeririba kujul \u2013 lihtsalt lisa riba \u00e4mbrisse ja lase sellel lahustuda. Biolagunev, ruumis\u00e4\u00e4stlik ning soodsam kui traditsioonilised p\u00f5randapuhastusvahendid. \u2022&hellip;<\/p>","protected":false},"featured_media":246454,"comment_status":"open","ping_status":"closed","template":"","meta":{"wprm-recipe-roundup-name":"","wprm-recipe-roundup-description":""},"product_brand":[11998],"product_cat":[8002],"product_tag":[],"class_list":{"0":"post-246453","1":"product","2":"type-product","3":"status-publish","4":"has-post-thumbnail","6":"product_brand-cosmeau","7":"product_cat-puhastusvahendid","9":"first","10":"instock","11":"taxable","12":"shipping-taxable","13":"purchasable","14":"product-type-simple"},"supplier_id":246354,"supplier_sku":"","barcode":"8720655301353","atum_controlled":true,"out_stock_date":null,"out_stock_threshold":null,"inheritable":false,"inbound_stock":0,"stock_on_hold":0,"sold_today":0,"sales_last_days":0,"reserved_stock":0,"customer_returns":0,"warehouse_damage":0,"lost_in_post":0,"other_logs":0,"out_stock_days":0,"lost_sales":0,"has_location":false,"update_date":"2026-04-20T21:45:56","atum_locations":[],"atum_stock_status":"instock","restock_status":false,"low_stock_amount":"","sales_update_date":"2026-04-20T21:45:56","calc_backorders":null,"aioseo_notices":[],"_links":{"self":[{"href":"https:\/\/ecoshop.ee\/uk\/wp-json\/wp\/v2\/product\/246453","targetHints":{"allow":["GET"]}}],"collection":[{"href":"https:\/\/ecoshop.ee\/uk\/wp-json\/wp\/v2\/product"}],"about":[{"href":"https:\/\/ecoshop.ee\/uk\/wp-json\/wp\/v2\/types\/product"}],"replies":[{"embeddable":true,"href":"https:\/\/ecoshop.ee\/uk\/wp-json\/wp\/v2\/comments?post=246453"}],"version-history":[{"count":0,"href":"https:\/\/ecoshop.ee\/uk\/wp-json\/wp\/v2\/product\/246453\/revisions"}],"wp:featuredmedia":[{"embeddable":true,"href":"https:\/\/ecoshop.ee\/uk\/wp-json\/wp\/v2\/media\/246454"}],"wp:attachment":[{"href":"https:\/\/ecoshop.ee\/uk\/wp-json\/wp\/v2\/media?parent=246453"}],"wp:term":[{"taxonomy":"product_brand","embeddable":true,"href":"https:\/\/ecoshop.ee\/uk\/wp-json\/wp\/v2\/product_brand?post=246453"},{"taxonomy":"product_cat","embeddable":true,"href":"https:\/\/ecoshop.ee\/uk\/wp-json\/wp\/v2\/product_cat?post=246453"},{"taxonomy":"product_tag","embeddable":true,"href":"https:\/\/ecoshop.ee\/uk\/wp-json\/wp\/v2\/product_tag?post=246453"}],"curies":[{"name":"wp","href":"https:\/\/api.w.org\/{rel}","templated":true}]}}