{"id":246463,"date":"2025-11-30T19:54:13","date_gmt":"2025-11-30T16:54:13","guid":{"rendered":"https:\/\/ecoshop.ee\/?post_type=product&#038;p=246463"},"modified":"2026-04-03T13:03:37","modified_gmt":"2026-04-03T10:03:37","slug":"%d1%82%d0%b0%d0%b1%d0%bb%d0%b5%d1%82%d0%ba%d0%b8-%d0%b4%d0%bb%d1%8f-%d1%87%d0%b8%d1%89%d0%b5%d0%bd%d0%bd%d1%8f-%d0%bf%d1%80%d0%b0%d0%bb%d1%8c%d0%bd%d0%b8%d1%85-%d0%bc%d0%b0%d1%88%d0%b8%d0%bd-cosmeau-1","status":"publish","type":"product","link":"https:\/\/ecoshop.ee\/uk\/puhastusvahendid\/cosmeau-pesumasina-suvapuhastustabletid-12-tk\/","title":{"rendered":"\u0422\u0430\u0431\u043b\u0435\u0442\u043a\u0438 \u0434\u043b\u044f \u0433\u043b\u0438\u0431\u043e\u043a\u043e\u0433\u043e \u043e\u0447\u0438\u0449\u0435\u043d\u043d\u044f \u043f\u0440\u0430\u043b\u044c\u043d\u043e\u0457 \u043c\u0430\u0448\u0438\u043d\u0438 Cosmeau, 12 \u0448\u0442."},"content":{"rendered":"<p data-start=\"45\" data-end=\"268\">\u0423 \u0432\u0430\u0448\u0456\u0439 \u043f\u0440\u0430\u043b\u044c\u043d\u0456\u0439 \u043c\u0430\u0448\u0438\u043d\u0456 \u0454 \u0437\u0430\u0442\u0445\u043b\u0438\u0439 \u0430\u0431\u043e \u043d\u0435\u043f\u0440\u0438\u0454\u043c\u043d\u0438\u0439 \u0437\u0430\u043f\u0430\u0445? \u0422\u0430\u0431\u043b\u0435\u0442\u043a\u0438 \u0434\u043b\u044f \u0433\u043b\u0438\u0431\u043e\u043a\u043e\u0433\u043e \u043e\u0447\u0438\u0449\u0435\u043d\u043d\u044f \u0434\u043e\u043f\u043e\u043c\u0430\u0433\u0430\u044e\u0442\u044c \u043e\u0447\u0438\u0441\u0442\u0438\u0442\u0438 \u0432\u043d\u0443\u0442\u0440\u0456\u0448\u043d\u044e \u0447\u0430\u0441\u0442\u0438\u043d\u0443 \u0432\u0430\u0448\u043e\u0457 \u043f\u0440\u0430\u043b\u044c\u043d\u043e\u0457 \u043c\u0430\u0448\u0438\u043d\u0438, \u0432\u0438\u0434\u0430\u043b\u044f\u044e\u0447\u0438 \u0431\u0440\u0443\u0434, \u0436\u0438\u0440 \u0442\u0430 \u043d\u0430\u043a\u0438\u043f \u2013 \u0442\u0430\u043a\u0438\u043c \u0447\u0438\u043d\u043e\u043c \u043c\u0430\u0448\u0438\u043d\u0430 \u0437\u0430\u043b\u0438\u0448\u0430\u0454\u0442\u044c\u0441\u044f \u0433\u0456\u0433\u0456\u0454\u043d\u0456\u0447\u043d\u043e\u044e, \u0430 \u0432\u0430\u0448\u0430 \u0431\u0456\u043b\u0438\u0437\u043d\u0430 \u0437\u0430\u0432\u0436\u0434\u0438 \u043f\u0430\u0445\u043d\u0435 \u0441\u0432\u0456\u0436\u0456\u0441\u0442\u044e.<\/p>\n<p data-start=\"45\" data-end=\"268\">\n<p data-start=\"275\" data-end=\"290\"><strong data-start=\"279\" data-end=\"290\">\u041f\u0435\u0440\u0435\u0432\u0430\u0433\u0438<\/strong><\/p>\n<ul>\n<li data-start=\"292\" data-end=\"636\"><strong data-start=\"294\" data-end=\"310\">\u0413\u043b\u0438\u0431\u043e\u043a\u0435 \u043e\u0447\u0438\u0449\u0435\u043d\u043d\u044f<\/strong> \u2013 \u0432\u0438\u0434\u0430\u043b\u044f\u0454 \u043d\u0430\u043a\u043e\u043f\u0438\u0447\u0435\u043d\u0438\u0439 \u0431\u0440\u0443\u0434, \u0436\u0438\u0440, \u0431\u0430\u043a\u0442\u0435\u0440\u0456\u0457 \u0442\u0430 \u0434\u0436\u0435\u0440\u0435\u043b\u0430 \u043d\u0435\u043f\u0440\u0438\u0454\u043c\u043d\u0438\u0445 \u0437\u0430\u043f\u0430\u0445\u0456\u0432<\/li>\n<li data-start=\"292\" data-end=\"636\"><strong data-start=\"390\" data-end=\"429\">\u041e\u0441\u0432\u0456\u0436\u0430\u0454 \u0442\u0430 \u043d\u0435\u0439\u0442\u0440\u0430\u043b\u0456\u0437\u0443\u0454 \u0437\u0430\u043f\u0430\u0445\u0438<\/strong><\/li>\n<li data-start=\"292\" data-end=\"636\"><strong data-start=\"434\" data-end=\"460\">\u041f\u043e\u0434\u043e\u0432\u0436\u0443\u0454 \u0442\u0435\u0440\u043c\u0456\u043d \u0441\u043b\u0443\u0436\u0431\u0438 \u043c\u0430\u0448\u0438\u043d\u0438<\/strong> \u2013 \u043f\u0456\u0434\u0442\u0440\u0438\u043c\u0443\u0454 \u043f\u0440\u0430\u043b\u044c\u043d\u0443 \u043c\u0430\u0448\u0438\u043d\u0443 \u0432 \u043d\u0430\u043b\u0435\u0436\u043d\u043e\u043c\u0443 \u0440\u043e\u0431\u043e\u0447\u043e\u043c\u0443 \u0441\u0442\u0430\u043d\u0456<\/li>\n<li data-start=\"292\" data-end=\"636\"><strong data-start=\"499\" data-end=\"520\">\u0415\u043a\u043e\u043b\u043e\u0433\u0456\u0447\u043d\u043e \u0447\u0438\u0441\u0442\u0438\u0439<\/strong> \u2013 \u0431\u0456\u043e\u0440\u043e\u0437\u043a\u043b\u0430\u0434\u043d\u0456 \u0456\u043d\u0433\u0440\u0435\u0434\u0456\u0454\u043d\u0442\u0438, \u043d\u0435 \u043c\u0456\u0441\u0442\u044f\u0442\u044c \u0448\u043a\u0456\u0434\u043b\u0438\u0432\u0438\u0445 \u0445\u0456\u043c\u0456\u0447\u043d\u0438\u0445 \u0440\u0435\u0447\u043e\u0432\u0438\u043d<\/li>\n<li data-start=\"292\" data-end=\"636\"><strong data-start=\"582\" data-end=\"601\">\u041b\u0435\u0433\u043a\u0438\u0439 \u0443 \u0432\u0438\u043a\u043e\u0440\u0438\u0441\u0442\u0430\u043d\u043d\u0456<\/strong> \u2013 \u043f\u0456\u0434\u0445\u043e\u0434\u0438\u0442\u044c \u0434\u043b\u044f \u0432\u0441\u0456\u0445 \u043f\u0440\u0430\u043b\u044c\u043d\u0438\u0445 \u043c\u0430\u0448\u0438\u043d<\/li>\n<\/ul>\n<p data-start=\"643\" data-end=\"667\"><strong data-start=\"647\" data-end=\"667\">\u042f\u043a \u0432\u0438\u043a\u043e\u0440\u0438\u0441\u0442\u043e\u0432\u0443\u0432\u0430\u0442\u0438?<\/strong><\/p>\n<ol data-start=\"669\" data-end=\"836\">\n<li data-start=\"669\" data-end=\"719\">\n<p data-start=\"672\" data-end=\"719\">\u041f\u043e\u043a\u043b\u0430\u0434\u0456\u0442\u044c \u043e\u0434\u043d\u0443 \u0442\u0430\u0431\u043b\u0435\u0442\u043a\u0443 \u0432 \u043f\u043e\u0440\u043e\u0436\u043d\u0456\u0439 \u0431\u0430\u0440\u0430\u0431\u0430\u043d \u043f\u0440\u0430\u043b\u044c\u043d\u043e\u0457 \u043c\u0430\u0448\u0438\u043d\u0438.<\/p>\n<\/li>\n<li data-start=\"720\" data-end=\"781\">\n<p data-start=\"723\" data-end=\"781\">\u0417\u0430\u043f\u0443\u0441\u0442\u0456\u0442\u044c \u043f\u0440\u043e\u0433\u0440\u0430\u043c\u0443 \u043f\u0440\u0430\u043d\u043d\u044f \u0437\u0430 \u0442\u0435\u043c\u043f\u0435\u0440\u0430\u0442\u0443\u0440\u0438 60\u00b0C \u0430\u0431\u043e 90\u00b0C \u0431\u0435\u0437 \u0431\u0456\u043b\u0438\u0437\u043d\u0438.<\/p>\n<\/li>\n<li data-start=\"782\" data-end=\"836\">\n<p data-start=\"785\" data-end=\"836\">\u041f\u043e\u0432\u0442\u043e\u0440\u044e\u0439\u0442\u0435 \u043f\u0440\u043e\u0446\u0435\u0434\u0443\u0440\u0443 \u0440\u0430\u0437 \u043d\u0430 \u043c\u0456\u0441\u044f\u0446\u044c, \u0449\u043e\u0431 \u0437\u0430\u0431\u0435\u0437\u043f\u0435\u0447\u0438\u0442\u0438 \u043d\u0430\u0439\u043a\u0440\u0430\u0449\u0438\u0439 \u0440\u0435\u0437\u0443\u043b\u044c\u0442\u0430\u0442.<\/p>\n<\/li>\n<\/ol>\n<p>&nbsp;<\/p>\n<p data-start=\"843\" data-end=\"868\"><strong data-start=\"847\" data-end=\"868\">\u0420\u0435\u043a\u043e\u043c\u0435\u043d\u0434\u0430\u0446\u0456\u0457 \u0437 \u0442\u0435\u0445\u043d\u0456\u0447\u043d\u043e\u0433\u043e \u043e\u0431\u0441\u043b\u0443\u0433\u043e\u0432\u0443\u0432\u0430\u043d\u043d\u044f<\/strong><\/p>\n<p data-start=\"870\" data-end=\"1097\">\u2022 \u041f\u0440\u043e\u0442\u0440\u0456\u0442\u044c \u0441\u043a\u043b\u043e \u043f\u0440\u0430\u043b\u044c\u043d\u043e\u0457 \u043c\u0430\u0448\u0438\u043d\u0438 \u0442\u0430 \u043a\u0440\u0430\u0457 \u0434\u0432\u0435\u0440\u0446\u044f\u0442 \u0432\u043e\u043b\u043e\u0433\u043e\u044e \u0433\u0430\u043d\u0447\u0456\u0440\u043a\u043e\u044e.<br data-start=\"925\" data-end=\"928\" \/>\u2022 \u041f\u0435\u0440\u0435\u0432\u0456\u0440\u0442\u0435 \u0443\u0449\u0456\u043b\u044c\u043d\u044e\u0432\u0430\u0447\u0456 \u0434\u0432\u0435\u0440\u0435\u0439 \u043d\u0430 \u043d\u0430\u044f\u0432\u043d\u0456\u0441\u0442\u044c \u0431\u0440\u0443\u0434\u0443 \u0442\u0430 \u0432\u0456\u0434\u043a\u043b\u0430\u0434\u0435\u043d\u044c.<br data-start=\"987\" data-end=\"990\" \/>\u2022 \u041e\u0447\u0438\u0441\u0442\u0456\u0442\u044c \u0444\u0456\u043b\u044c\u0442\u0440 \u2013 \u0442\u0430\u043c \u0447\u0430\u0441\u0442\u043e \u043d\u0430\u043a\u043e\u043f\u0438\u0447\u0443\u0454\u0442\u044c\u0441\u044f \u0432\u043e\u043b\u043e\u0441\u0441\u044f \u0442\u0430 \u0456\u043d\u0448\u0456 \u043f\u0440\u0435\u0434\u043c\u0435\u0442\u0438<br data-start=\"1050\" data-end=\"1053\" \/>\u2022 \u0412\u0438\u0439\u043c\u0456\u0442\u044c \u0442\u0430 \u043e\u0447\u0438\u0441\u0442\u0456\u0442\u044c \u043b\u043e\u0442\u043e\u043a \u0434\u043b\u044f \u043c\u0438\u0439\u043d\u0438\u0445 \u0437\u0430\u0441\u043e\u0431\u0456\u0432<\/p>\n<p data-start=\"1104\" data-end=\"1130\"><strong data-start=\"1108\" data-end=\"1130\">\u042f\u043a \u0446\u0435 \u043f\u0440\u0430\u0446\u044e\u0454?<\/strong><\/p>\n<p data-start=\"1132\" data-end=\"1199\">\u0422\u0430\u0431\u043b\u0435\u0442\u043a\u0430 \u0434\u043b\u044f \u0433\u043b\u0438\u0431\u043e\u043a\u043e\u0433\u043e \u043e\u0447\u0438\u0449\u0435\u043d\u043d\u044f \u043f\u0440\u0430\u0446\u044e\u0454 \u0437\u0430\u0432\u0434\u044f\u043a\u0438 \u0432\u0437\u0430\u0454\u043c\u043e\u0434\u0456\u0457 \u043a\u0456\u043b\u044c\u043a\u043e\u0445 \u0435\u0444\u0435\u043a\u0442\u0438\u0432\u043d\u0438\u0445 \u0456\u043d\u0433\u0440\u0435\u0434\u0456\u0454\u043d\u0442\u0456\u0432:<\/p>\n<ul data-start=\"1201\" data-end=\"1638\">\n<li data-start=\"1201\" data-end=\"1311\">\n<p data-start=\"1203\" data-end=\"1311\"><strong data-start=\"1203\" data-end=\"1227\">\u041f\u0435\u0440\u043a\u0430\u0440\u0431\u043e\u043d\u0430\u0442 \u043d\u0430\u0442\u0440\u0456\u044e<\/strong> \u043f\u0440\u0438 \u043a\u043e\u043d\u0442\u0430\u043a\u0442\u0456 \u0437 \u0432\u043e\u0434\u043e\u044e \u0432\u0438\u0434\u0456\u043b\u044f\u0454 \u043f\u0435\u0440\u0435\u043a\u0438\u0441 \u0432\u043e\u0434\u043d\u044e, \u044f\u043a\u0438\u0439 \u043e\u043a\u0438\u0441\u043b\u044e\u0454 \u043e\u0440\u0433\u0430\u043d\u0456\u0447\u043d\u0438\u0439 \u0431\u0440\u0443\u0434.<\/p>\n<\/li>\n<li data-start=\"1312\" data-end=\"1411\">\n<p data-start=\"1314\" data-end=\"1411\"><strong data-start=\"1314\" data-end=\"1358\">\u041a\u0430\u0440\u0431\u043e\u043d\u0430\u0442 \u043d\u0430\u0442\u0440\u0456\u044e \u0442\u0430 \u0431\u0456\u043a\u0430\u0440\u0431\u043e\u043d\u0430\u0442 \u043d\u0430\u0442\u0440\u0456\u044e<\/strong> \u043f\u0456\u0434\u0432\u0438\u0449\u0438\u0442\u0438 \u0440\u0456\u0432\u0435\u043d\u044c pH, \u0440\u043e\u0437\u0447\u0438\u043d\u0438\u0442\u0438 \u0436\u0438\u0440 \u0456 \u0437\u0430\u043b\u0438\u0448\u043a\u0438 \u043c\u0438\u043b\u0430.<\/p>\n<\/li>\n<li data-start=\"1412\" data-end=\"1475\">\n<p data-start=\"1414\" data-end=\"1475\"><strong data-start=\"1414\" data-end=\"1428\">\u041b\u0438\u043c\u043e\u043d\u043d\u0430 \u043a\u0438\u0441\u043b\u043e\u0442\u0430<\/strong> \u0440\u043e\u0437\u0449\u0435\u043f\u043b\u044e\u0454 \u043d\u0430\u043a\u0438\u043f \u0442\u0430 \u043c\u0456\u043d\u0435\u0440\u0430\u043b\u044c\u043d\u0456 \u0432\u0456\u0434\u043a\u043b\u0430\u0434\u0435\u043d\u043d\u044f.<\/p>\n<\/li>\n<li data-start=\"1476\" data-end=\"1543\">\n<p data-start=\"1478\" data-end=\"1543\"><strong data-start=\"1478\" data-end=\"1501\">\u041f\u043e\u0432\u0435\u0440\u0445\u043d\u0435\u0432\u043e-\u0430\u043a\u0442\u0438\u0432\u043d\u0456 \u0440\u0435\u0447\u043e\u0432\u0438\u043d\u0438<\/strong> \u0432\u0438\u0434\u0430\u043b\u044f\u0454 \u0431\u0440\u0443\u0434 \u0456 \u043f\u043b\u044f\u043c\u0438 \u0437 \u043f\u043e\u0432\u0435\u0440\u0445\u043e\u043d\u044c.<\/p>\n<\/li>\n<li data-start=\"1544\" data-end=\"1638\">\n<p data-start=\"1546\" data-end=\"1638\"><strong data-start=\"1546\" data-end=\"1577\">\u0426\u0435\u043e\u043b\u0456\u0442 \u0456 \u0441\u0438\u043b\u0456\u043a\u0430\u0442 \u043d\u0430\u0442\u0440\u0456\u044e<\/strong> \u043f\u0456\u0434\u0442\u0440\u0438\u043c\u0443\u044e\u0442\u044c \u043f\u0440\u043e\u0446\u0435\u0441 \u043e\u0447\u0438\u0449\u0435\u043d\u043d\u044f \u0442\u0430 \u0437\u0430\u0445\u0438\u0449\u0430\u044e\u0442\u044c \u043a\u043e\u043c\u043f\u043e\u043d\u0435\u043d\u0442\u0438 \u043c\u0430\u0448\u0438\u043d\u0438.<\/p>\n<\/li>\n<\/ul>\n<p>&nbsp;<\/p>\n<p data-start=\"1912\" data-end=\"1928\"><strong data-start=\"1916\" data-end=\"1928\">\u041c\u0456\u0441\u0442\u0438\u0442\u044c<\/strong><\/p>\n<p><strong data-start=\"1930\" data-end=\"1965\">12 \u0442\u0430\u0431\u043b\u0435\u0442\u043e\u043a \u2013 \u0437\u0430\u043f\u0430\u0441 \u0434\u043e 1 \u0440\u043e\u043a\u0443<\/strong><\/p>","protected":false},"excerpt":{"rendered":"<p>Pesumasinas on umbne v\u00f5i ebameeldiv l\u00f5hn? S\u00fcvapuhastustabletid aitavad puhastada pesumasina seestpoolt, eemaldades mustuse, rasva ja katlakivi \u2013 nii p\u00fcsib masin h\u00fcgieeniline ja&hellip;<\/p>","protected":false},"featured_media":246464,"comment_status":"open","ping_status":"closed","template":"","meta":{"wprm-recipe-roundup-name":"","wprm-recipe-roundup-description":""},"product_brand":[11998],"product_cat":[8002],"product_tag":[],"class_list":{"0":"post-246463","1":"product","2":"type-product","3":"status-publish","4":"has-post-thumbnail","6":"product_brand-cosmeau","7":"product_cat-puhastusvahendid","9":"first","10":"instock","11":"taxable","12":"shipping-taxable","13":"purchasable","14":"product-type-simple"},"supplier_id":246354,"supplier_sku":"","barcode":"8720655303753","atum_controlled":true,"out_stock_date":null,"out_stock_threshold":null,"inheritable":false,"inbound_stock":0,"stock_on_hold":0,"sold_today":0,"sales_last_days":0,"reserved_stock":0,"customer_returns":0,"warehouse_damage":0,"lost_in_post":0,"other_logs":0,"out_stock_days":0,"lost_sales":0,"has_location":false,"update_date":"2026-04-20T21:45:55","atum_locations":[],"atum_stock_status":"instock","restock_status":false,"low_stock_amount":"","sales_update_date":"2026-04-20T21:45:55","calc_backorders":null,"aioseo_notices":[],"_links":{"self":[{"href":"https:\/\/ecoshop.ee\/uk\/wp-json\/wp\/v2\/product\/246463","targetHints":{"allow":["GET"]}}],"collection":[{"href":"https:\/\/ecoshop.ee\/uk\/wp-json\/wp\/v2\/product"}],"about":[{"href":"https:\/\/ecoshop.ee\/uk\/wp-json\/wp\/v2\/types\/product"}],"replies":[{"embeddable":true,"href":"https:\/\/ecoshop.ee\/uk\/wp-json\/wp\/v2\/comments?post=246463"}],"version-history":[{"count":0,"href":"https:\/\/ecoshop.ee\/uk\/wp-json\/wp\/v2\/product\/246463\/revisions"}],"wp:featuredmedia":[{"embeddable":true,"href":"https:\/\/ecoshop.ee\/uk\/wp-json\/wp\/v2\/media\/246464"}],"wp:attachment":[{"href":"https:\/\/ecoshop.ee\/uk\/wp-json\/wp\/v2\/media?parent=246463"}],"wp:term":[{"taxonomy":"product_brand","embeddable":true,"href":"https:\/\/ecoshop.ee\/uk\/wp-json\/wp\/v2\/product_brand?post=246463"},{"taxonomy":"product_cat","embeddable":true,"href":"https:\/\/ecoshop.ee\/uk\/wp-json\/wp\/v2\/product_cat?post=246463"},{"taxonomy":"product_tag","embeddable":true,"href":"https:\/\/ecoshop.ee\/uk\/wp-json\/wp\/v2\/product_tag?post=246463"}],"curies":[{"name":"wp","href":"https:\/\/api.w.org\/{rel}","templated":true}]}}