{"id":260318,"date":"2025-12-04T15:05:15","date_gmt":"2025-12-04T12:05:15","guid":{"rendered":"https:\/\/ecoshop.ee\/?post_type=product&#038;p=260318"},"modified":"2026-02-27T17:14:24","modified_gmt":"2026-02-27T14:14:24","slug":"%d1%88%d0%be%d0%ba%d0%be%d0%bb%d0%b0%d0%b4%d0%bd%d0%be-%d0%b0%d0%bf%d0%b5%d0%bb%d1%8c%d1%81%d0%b8%d0%bd%d0%be%d0%b2%d0%b5-%d0%bf%d0%b5%d1%87%d0%b8%d0%b2%d0%be-alnatura-150%d0%b3","status":"publish","type":"product","link":"https:\/\/ecoshop.ee\/uk\/vahvlid-ja-kupsised\/alnatura-sokolaadi-apelsinikupsised-150g\/","title":{"rendered":"\u041f\u0435\u0447\u0438\u0432\u043e Alnatura \u0448\u043e\u043a\u043e\u043b\u0430\u0434\u043d\u043e-\u0430\u043f\u0435\u043b\u044c\u0441\u0438\u043d\u043e\u0432\u0435, 150\u0433"},"content":{"rendered":"<p>\u0427\u0443\u0434\u043e\u0432\u0435 \u0448\u043e\u043a\u043e\u043b\u0430\u0434\u043d\u0435 \u043f\u0435\u0447\u0438\u0432\u043e \u0437 \u043d\u0456\u0436\u043d\u043e\u044e \u0430\u043f\u0435\u043b\u044c\u0441\u0438\u043d\u043e\u0432\u043e\u044e \u043d\u043e\u0442\u043a\u043e\u044e. \u041b\u0435\u0433\u043a\u0438\u0439 \u0445\u0440\u0443\u0441\u043a\u0456\u0442 \u0442\u0430 \u044f\u0441\u043a\u0440\u0430\u0432\u0438\u0439 \u0446\u0438\u0442\u0440\u0443\u0441\u043e\u0432\u0438\u0439 \u0430\u0440\u043e\u043c\u0430\u0442 \u0440\u043e\u0431\u043b\u044f\u0442\u044c \u0439\u043e\u0433\u043e \u0447\u0443\u0434\u043e\u0432\u0438\u043c \u043f\u0435\u0440\u0435\u043a\u0443\u0441\u043e\u043c \u0434\u043b\u044f \u043a\u0430\u0432\u0438-\u0431\u0440\u0435\u0439\u043a\u0443 \u0430\u0431\u043e \u0448\u0432\u0438\u0434\u043a\u043e\u0433\u043e \u0447\u0430\u0441\u0442\u0443\u0432\u0430\u043d\u043d\u044f \u043f\u0440\u043e\u0442\u044f\u0433\u043e\u043c \u0434\u043d\u044f. \u041f\u0456\u0441\u043b\u044f \u0432\u0456\u0434\u043a\u0440\u0438\u0442\u0442\u044f \u0442\u0440\u0438\u043c\u0430\u0439\u0442\u0435 \u0443\u043f\u0430\u043a\u043e\u0432\u043a\u0443 \u0433\u0435\u0440\u043c\u0435\u0442\u0438\u0447\u043d\u043e \u0437\u0430\u043a\u0440\u0438\u0442\u043e\u044e, \u0449\u043e\u0431 \u043f\u0435\u0447\u0438\u0432\u043e \u0437\u0430\u043b\u0438\u0448\u0430\u043b\u043e\u0441\u044f \u043f\u0440\u0438\u0454\u043c\u043d\u043e \u0441\u0432\u0456\u0436\u0438\u043c.<\/p>","protected":false},"excerpt":{"rendered":"<p>M\u00f5nusalt \u0161okolaadine k\u00fcpsis, millele annab erilise n\u00fcansi peen apelsininoot. Kerge kr\u00f5mps ja s\u00e4rtsakas tsitrusearoom teevad sellest maitsva ampsu nii kohvipausile kui ka&hellip;<\/p>","protected":false},"featured_media":260319,"comment_status":"open","ping_status":"closed","template":"","meta":{"wprm-recipe-roundup-name":"","wprm-recipe-roundup-description":""},"product_brand":[12001],"product_cat":[148,303],"product_tag":[181,297],"class_list":{"0":"post-260318","1":"product","2":"type-product","3":"status-publish","4":"has-post-thumbnail","6":"product_brand-alnatura","7":"product_cat-vahvlid-ja-kupsised","8":"product_cat-mahetooted","9":"product_tag-kupsised","10":"product_tag-mahe","11":"j79_wcxd_expiry_type-best-before","13":"first","14":"instock","15":"taxable","16":"shipping-taxable","17":"purchasable","18":"product-type-simple"},"supplier_id":9158,"supplier_sku":"","barcode":"4104420053083","atum_controlled":true,"out_stock_date":null,"out_stock_threshold":null,"inheritable":false,"inbound_stock":0,"stock_on_hold":0,"sold_today":0,"sales_last_days":0,"reserved_stock":0,"customer_returns":0,"warehouse_damage":0,"lost_in_post":0,"other_logs":0,"out_stock_days":0,"lost_sales":0,"has_location":false,"update_date":"2026-04-20T21:45:55","atum_locations":[],"atum_stock_status":"instock","restock_status":false,"low_stock_amount":"","sales_update_date":"2026-04-20T21:45:55","calc_backorders":null,"aioseo_notices":[],"_links":{"self":[{"href":"https:\/\/ecoshop.ee\/uk\/wp-json\/wp\/v2\/product\/260318","targetHints":{"allow":["GET"]}}],"collection":[{"href":"https:\/\/ecoshop.ee\/uk\/wp-json\/wp\/v2\/product"}],"about":[{"href":"https:\/\/ecoshop.ee\/uk\/wp-json\/wp\/v2\/types\/product"}],"replies":[{"embeddable":true,"href":"https:\/\/ecoshop.ee\/uk\/wp-json\/wp\/v2\/comments?post=260318"}],"version-history":[{"count":0,"href":"https:\/\/ecoshop.ee\/uk\/wp-json\/wp\/v2\/product\/260318\/revisions"}],"wp:featuredmedia":[{"embeddable":true,"href":"https:\/\/ecoshop.ee\/uk\/wp-json\/wp\/v2\/media\/260319"}],"wp:attachment":[{"href":"https:\/\/ecoshop.ee\/uk\/wp-json\/wp\/v2\/media?parent=260318"}],"wp:term":[{"taxonomy":"product_brand","embeddable":true,"href":"https:\/\/ecoshop.ee\/uk\/wp-json\/wp\/v2\/product_brand?post=260318"},{"taxonomy":"product_cat","embeddable":true,"href":"https:\/\/ecoshop.ee\/uk\/wp-json\/wp\/v2\/product_cat?post=260318"},{"taxonomy":"product_tag","embeddable":true,"href":"https:\/\/ecoshop.ee\/uk\/wp-json\/wp\/v2\/product_tag?post=260318"}],"curies":[{"name":"wp","href":"https:\/\/api.w.org\/{rel}","templated":true}]}}