{"id":264380,"date":"2025-12-09T17:43:38","date_gmt":"2025-12-09T14:43:38","guid":{"rendered":"https:\/\/ecoshop.ee\/maaratlemata\/rudolph-christmas-terrarium-bottle-garden-diy-kit-o-23-cm-%e2%86%91-25-cm\/"},"modified":"2026-01-26T19:00:03","modified_gmt":"2026-01-26T16:00:03","slug":"%d1%80%d1%96%d0%b7%d0%b4%d0%b2%d1%8f%d0%bd%d0%b8%d0%b9-%d1%82%d0%b5%d1%80%d0%b0%d1%80%d1%96%d1%83%d0%bc-%d1%80%d1%83%d0%b4%d0%be%d0%bb%d1%8c%d1%84%d0%b0-%d0%b7-%d0%bf%d0%bb%d1%8f%d1%88%d0%be%d0%ba","status":"publish","type":"product","link":"https:\/\/ecoshop.ee\/uk\/taime-terraariumid\/rudolph-christmas-terrarium-bottle-garden-diy-kit-o-23-cm-%e2%86%91-25-cm\/","title":{"rendered":"\u0422\u0435\u0440\u0430\u0440\u0456\u0443\u043c \u0441\u0432\u043e\u0457\u043c\u0438 \u0440\u0443\u043a\u0430\u043c\u0438 - \u0420\u0456\u0437\u0434\u0432\u043e \u0420\u0443\u0434\u043e\u043b\u044c\u0444\u0430 - \u00d8 23 \u0441\u043c \u2191 25 \u0441\u043c"},"content":{"rendered":"<p data-start=\"337\" data-end=\"759\">\u0421\u0442\u0432\u043e\u0440\u0456\u0442\u044c \u0447\u0430\u0440\u0456\u0432\u043d\u0438\u0439 \u0437\u0435\u043b\u0435\u043d\u0438\u0439 \u043e\u0430\u0437\u0438\u0441 \u0434\u043b\u044f \u0441\u0432\u044f\u0442, \u044f\u043a\u0438\u0439 \u043f\u043e\u0454\u0434\u043d\u0443\u0454 \u0437\u0438\u043c\u043e\u0432\u0438\u0439 \u0437\u0430\u0442\u0438\u0448\u043e\u043a \u0437 \u043a\u0440\u0430\u0441\u043e\u044e \u0436\u0438\u0432\u043e\u0457 \u043f\u0440\u0438\u0440\u043e\u0434\u0438. \u0426\u0435\u0439 \u0430\u0432\u0442\u043e\u043d\u043e\u043c\u043d\u0438\u0439 \u0442\u0435\u0440\u0430\u0440\u0456\u0443\u043c \u0441\u0442\u0432\u043e\u0440\u044e\u0454 \u043c\u0430\u043b\u0435\u043d\u044c\u043a\u0438\u0439 \u0440\u0456\u0437\u0434\u0432\u044f\u043d\u0438\u0439 \u0441\u0432\u0456\u0442 \u0443 \u0441\u043a\u043b\u044f\u043d\u0456\u0439 \u0454\u043c\u043d\u043e\u0441\u0442\u0456, \u0434\u0435 \u043f\u0438\u0448\u043d\u0430 \u0437\u0435\u043b\u0435\u043d\u044c \u0437\u0443\u0441\u0442\u0440\u0456\u0447\u0430\u0454\u0442\u044c\u0441\u044f \u0437 \u0442\u0435\u043f\u043b\u043e\u043c \u0441\u0432\u0456\u0442\u043b\u0430 \u0442\u0430 \u043f\u0440\u0438\u043a\u0440\u0430\u0441. \u0417\u0430\u043a\u0440\u0438\u0442\u0430 \u0435\u043a\u043e\u0441\u0438\u0441\u0442\u0435\u043c\u0430 \u0441\u0430\u043c\u0430 \u043f\u0456\u043a\u043b\u0443\u0454\u0442\u044c\u0441\u044f \u043f\u0440\u043e \u0432\u043e\u043b\u043e\u0433\u0456\u0441\u0442\u044c \u0442\u0430 \u0432\u043e\u0434\u0443, \u0442\u043e\u043c\u0443 \u0457\u0457 \u043f\u043e\u0442\u0440\u0456\u0431\u043d\u043e \u043f\u043e\u043b\u0438\u0432\u0430\u0442\u0438 \u043b\u0438\u0448\u0435 \u0440\u0430\u0437 \u0430\u0431\u043e \u0434\u0432\u0430 \u043d\u0430 \u0440\u0456\u043a. \u0406\u0434\u0435\u0430\u043b\u044c\u043d\u043e \u043f\u0456\u0434\u0445\u043e\u0434\u0438\u0442\u044c \u0434\u043b\u044f \u0442\u0438\u0445, \u0445\u0442\u043e \u0445\u043e\u0447\u0435 \u043f\u0440\u0438\u0432\u043d\u0435\u0441\u0442\u0438 \u0441\u0432\u044f\u0442\u043a\u043e\u0432\u0438\u0439 \u0448\u0430\u0440\u043c \u0443 \u0441\u0432\u0456\u0439 \u0434\u0456\u043c \u0447\u0438 \u043e\u0444\u0456\u0441, \u0430\u043b\u0435 \u0432\u0456\u0434\u0434\u0430\u0454 \u043f\u0435\u0440\u0435\u0432\u0430\u0433\u0443 \u043d\u0435\u0432\u0438\u0431\u0430\u0433\u043b\u0438\u0432\u043e\u043c\u0443 \u0434\u043e\u0433\u043b\u044f\u0434\u0443.<\/p>\n<h5 data-start=\"761\" data-end=\"779\"><strong data-start=\"767\" data-end=\"779\">\u0412\u043b\u0430\u0441\u043d\u0438\u0439used<\/strong><\/h5>\n<ul data-start=\"780\" data-end=\"1078\">\n<li data-start=\"780\" data-end=\"813\">\n<p data-start=\"782\" data-end=\"813\">\u0420\u043e\u0437\u043c\u0456\u0440: \u00d8 23 \u0441\u043c, \u0432\u0438\u0441\u043e\u0442\u0430 25 \u0441\u043c<\/p>\n<\/li>\n<li data-start=\"814\" data-end=\"851\">\n<p data-start=\"816\" data-end=\"851\">\u0420\u0456\u0437\u0434\u0432\u044f\u043d\u0430 \u0441\u0430\u043c\u043e\u043a\u0435\u0440\u043e\u0432\u0430\u043d\u0430 \u043c\u0456\u043d\u0456-\u0435\u043a\u043e\u0441\u0438\u0441\u0442\u0435\u043c\u0430<\/p>\n<\/li>\n<li data-start=\"852\" data-end=\"894\">\n<p data-start=\"854\" data-end=\"894\">\u041f\u0456\u0434\u0456\u0439\u0434\u0435 \u0434\u043b\u044f \u0434\u043e\u043c\u0443, \u043e\u0444\u0456\u0441\u0443 \u0430\u0431\u043e \u044f\u043a \u043f\u043e\u0434\u0430\u0440\u0443\u043d\u043e\u043a<\/p>\n<\/li>\n<li data-start=\"895\" data-end=\"923\">\n<p data-start=\"897\" data-end=\"923\">\u041f\u043e\u0442\u0440\u0435\u0431\u0443\u0454 \u0434\u0443\u0436\u0435 \u043c\u0430\u043b\u043e \u043e\u0431\u0441\u043b\u0443\u0433\u043e\u0432\u0443\u0432\u0430\u043d\u043d\u044f<\/p>\n<\/li>\n<li data-start=\"924\" data-end=\"983\">\n<p data-start=\"926\" data-end=\"983\">\u041a\u043e\u043c\u043f\u043b\u0435\u043a\u0442 \u043c\u0456\u0441\u0442\u0438\u0442\u044c \u0443\u0441\u0435 \u043d\u0435\u043e\u0431\u0445\u0456\u0434\u043d\u0435 \u0434\u043b\u044f \u0441\u0442\u0432\u043e\u0440\u0435\u043d\u043d\u044f \u0442\u0435\u0440\u0430\u0440\u0456\u0443\u043c\u0443<\/p>\n<\/li>\n<li data-start=\"984\" data-end=\"1078\">\n<p data-start=\"986\" data-end=\"1078\">\u0417\u043c\u0456\u0441\u0442 \u043c\u043e\u0436\u0435 \u0434\u0435\u0449\u043e \u0432\u0456\u0434\u0440\u0456\u0437\u043d\u044f\u0442\u0438\u0441\u044f \u0437\u0430\u043b\u0435\u0436\u043d\u043e \u0432\u0456\u0434 \u0441\u0432\u044f\u0442\u043a\u043e\u0432\u043e\u0433\u043e \u0441\u0435\u0437\u043e\u043d\u0443, \u0430\u043b\u0435 \u043c\u0438 \u0437\u0430\u0432\u0436\u0434\u0438 \u0433\u0430\u0440\u0430\u043d\u0442\u0443\u0454\u043c\u043e \u0433\u0430\u0440\u043c\u043e\u043d\u0456\u0439\u043d\u0438\u0439 \u0440\u0435\u0437\u0443\u043b\u044c\u0442\u0430\u0442.<\/p>\n<\/li>\n<\/ul>\n<h5 data-start=\"1080\" data-end=\"1109\"><strong data-start=\"1086\" data-end=\"1109\">\u041a\u043e\u043c\u043f\u043b\u0435\u043a\u0442 \u0432\u043a\u043b\u044e\u0447\u0430\u0454:<\/strong><\/h5>\n<ul data-start=\"1110\" data-end=\"1514\">\n<li data-start=\"1110\" data-end=\"1136\">\n<p data-start=\"1112\" data-end=\"1136\">\u0421\u043a\u043b\u044f\u043d\u0430 \u0454\u043c\u043d\u0456\u0441\u0442\u044c \u0415\u043c\u043c\u0430 \u0437 \u043a\u0440\u0438\u0448\u043a\u043e\u044e<\/p>\n<\/li>\n<li data-start=\"1137\" data-end=\"1183\">\n<p data-start=\"1139\" data-end=\"1183\">\u0420\u043e\u0437\u043c\u0456\u0440 \u0446\u043e\u043a\u043e\u043b\u044c\u043d\u043e\u0433\u043e \u043b\u0456\u0445\u0442\u0430\u0440\u0438\u043a\u0430 L (\u0431\u0430\u0442\u0430\u0440\u0435\u0439\u043a\u0438 \u043d\u0435 \u0432\u0445\u043e\u0434\u044f\u0442\u044c \u0434\u043e \u043a\u043e\u043c\u043f\u043b\u0435\u043a\u0442\u0443)<\/p>\n<\/li>\n<li data-start=\"1184\" data-end=\"1281\">\n<p data-start=\"1186\" data-end=\"1281\">\u0422\u0435\u0440\u0430\u0440\u0456\u0443\u043c\u043d\u0456 \u0440\u043e\u0441\u043b\u0438\u043d\u0438:<br data-start=\"1203\" data-end=\"1206\" \/>\u2022 Picea Glauca &#039;Perfecta&#039;\u2018<br data-start=\"1233\" data-end=\"1236\" \/>\u2022 \u0424\u0456\u0442\u0442\u043e\u043d\u0456\u044f \u0411\u0456\u043b\u0438\u0439 \u0422\u0438\u0433\u0440<br data-start=\"1260\" data-end=\"1263\" \/>\u2022 \u0424\u0456\u0442\u0442\u043e\u043d\u0456\u044f \u0427\u0435\u0440\u0432\u043e\u043d\u0430<\/p>\n<\/li>\n<li data-start=\"1282\" data-end=\"1327\">\n<p data-start=\"1284\" data-end=\"1327\">\u041d\u0430\u0431\u0456\u0440 \u0440\u0456\u0437\u0434\u0432\u044f\u043d\u0438\u0445 \u043f\u0440\u0438\u043a\u0440\u0430\u0441 (\u0441\u0442\u0438\u043b\u044c \u0425\u043e\u043b\u043b\u0456)<\/p>\n<\/li>\n<li data-start=\"1328\" data-end=\"1361\">\n<p data-start=\"1330\" data-end=\"1361\">\u0421\u0432\u0456\u0436\u0438\u0439 \u0437\u0435\u043b\u0435\u043d\u0438\u0439 \u043c\u043e\u0445 (3 \u0448\u0442.)<\/p>\n<\/li>\n<li data-start=\"1362\" data-end=\"1391\">\n<p data-start=\"1364\" data-end=\"1391\">\u0490\u0440\u0443\u043d\u0442 \u0434\u043b\u044f \u0442\u0435\u0440\u0430\u0440\u0456\u0443\u043c\u0443 (1,75 \u043b)<\/p>\n<\/li>\n<li data-start=\"1392\" data-end=\"1418\">\n<p data-start=\"1394\" data-end=\"1418\">\u0413\u0456\u0434\u0440\u043e\u0433\u0440\u0430\u043d\u0443\u043b\u0438 (0,75 \u043b)<\/p>\n<\/li>\n<li data-start=\"1419\" data-end=\"1440\">\n<p data-start=\"1421\" data-end=\"1440\">\u0410\u043a\u0442\u0438\u0432\u043e\u0432\u0430\u043d\u0435 \u0432\u0443\u0433\u0456\u043b\u043b\u044f (35 \u0433)<\/p>\n<\/li>\n<li data-start=\"1441\" data-end=\"1492\">\n<p data-start=\"1443\" data-end=\"1492\">\u041f\u043e\u043a\u0440\u043e\u043a\u043e\u0432\u0430 \u0456\u043d\u0441\u0442\u0440\u0443\u043a\u0446\u0456\u044f \u0437\u0456 \u0441\u043a\u043b\u0430\u0434\u0430\u043d\u043d\u044f \u0442\u0435\u0440\u0430\u0440\u0456\u0443\u043c\u0443<\/p>\n<\/li>\n<li data-start=\"1493\" data-end=\"1514\">\n<p data-start=\"1495\" data-end=\"1514\">\u0420\u0435\u043a\u043e\u043c\u0435\u043d\u0434\u0430\u0446\u0456\u0457 \u0437 \u0442\u0435\u0445\u043d\u0456\u0447\u043d\u043e\u0433\u043e \u043e\u0431\u0441\u043b\u0443\u0433\u043e\u0432\u0443\u0432\u0430\u043d\u043d\u044f<\/p>\n<\/li>\n<\/ul>\n<h5 data-start=\"1387\" data-end=\"1410\"><strong data-start=\"1393\" data-end=\"1410\">\u0412\u0430\u0436\u043b\u0438\u0432\u0430 \u0456\u043d\u0444\u043e\u0440\u043c\u0430\u0446\u0456\u044f<\/strong><\/h5>\n<p data-start=\"1411\" data-end=\"1631\">\u0420\u0456\u0437\u0434\u0432\u044f\u043d\u0438\u0439 \u0442\u0435\u0440\u0430\u0440\u0456\u0443\u043c \u0420\u0443\u0434\u043e\u043b\u044c\u0444\u0430 <strong data-start=\"1436\" data-end=\"1456\">\u043d\u0435 \u0432\u043a\u043b\u044e\u0447\u0430\u0454 \u043a\u043e\u0432\u043f\u0430\u0447\u043e\u043a<\/strong>, \u0442\u043e\u043c\u0443 \u0449\u043e \u0440\u0456\u0437\u0434\u0432\u044f\u043d\u0456 \u043f\u0440\u0438\u043a\u0440\u0430\u0441\u0438 \u043d\u0435 \u043f\u0440\u0438\u0437\u043d\u0430\u0447\u0435\u043d\u0456 \u0434\u043b\u044f \u0437\u0430\u043a\u0440\u0438\u0442\u043e\u0457 \u0435\u043a\u043e\u0441\u0438\u0441\u0442\u0435\u043c\u0438.<br data-start=\"1521\" data-end=\"1524\" \/><strong data-start=\"1524\" data-end=\"1571\">\u0420\u0435\u0433\u0443\u043b\u044f\u0440\u043d\u043e \u0442\u0440\u0438\u043c\u0430\u0439\u0442\u0435 \u0440\u043e\u0441\u043b\u0438\u043d\u0438 \u0442\u0430 \u043c\u043e\u0445 \u0432\u043e\u043b\u043e\u0433\u0438\u043c\u0438<\/strong>, \u0449\u043e\u0431 \u0437\u0431\u0435\u0440\u0435\u0433\u0442\u0438 \u0441\u0432\u043e\u044e \u0436\u0438\u0442\u0442\u0454\u0437\u0434\u0430\u0442\u043d\u0456\u0441\u0442\u044c \u043f\u0440\u043e\u0442\u044f\u0433\u043e\u043c \u0443\u0441\u044c\u043e\u0433\u043e \u0441\u0432\u044f\u0442\u043a\u043e\u0432\u043e\u0433\u043e \u0441\u0435\u0437\u043e\u043d\u0443.<\/p>\n<h5 data-start=\"1516\" data-end=\"1551\"><strong data-start=\"1522\" data-end=\"1551\">\u041c\u043e\u043d\u0442\u0430\u0436 \u0442\u0430 \u043e\u0431\u0441\u043b\u0443\u0433\u043e\u0432\u0443\u0432\u0430\u043d\u043d\u044f<\/strong><\/h5>\n<p data-start=\"1552\" data-end=\"1870\">\u0422\u0435\u0440\u0430\u0440\u0456\u0443\u043c \u043f\u043e\u0441\u0442\u0430\u0447\u0430\u0454\u0442\u044c\u0441\u044f \u0443 \u0432\u0438\u0433\u043b\u044f\u0434\u0456 \u043d\u0430\u0431\u043e\u0440\u0443 \u0434\u043b\u044f \u0441\u0430\u043c\u043e\u0441\u0442\u0456\u0439\u043d\u043e\u0433\u043e \u0441\u043a\u043b\u0430\u0434\u0430\u043d\u043d\u044f \u0442\u0430 \u043b\u0435\u0433\u043a\u043e \u0437\u0431\u0438\u0440\u0430\u0454\u0442\u044c\u0441\u044f \u0437\u0430\u0432\u0434\u044f\u043a\u0438 5-\u043a\u0440\u043e\u043a\u043e\u0432\u0456\u0439 \u0456\u043d\u0441\u0442\u0440\u0443\u043a\u0446\u0456\u0457, \u0449\u043e \u0434\u043e\u0434\u0430\u0454\u0442\u044c\u0441\u044f. \u0413\u043e\u0442\u043e\u0432\u0438\u0439 \u0442\u0435\u0440\u0430\u0440\u0456\u0443\u043c \u043f\u043e\u0442\u0440\u0435\u0431\u0443\u0454 \u043c\u0456\u043d\u0456\u043c\u0430\u043b\u044c\u043d\u043e\u0433\u043e \u0434\u043e\u0433\u043b\u044f\u0434\u0443 \u2013 \u043f\u043e\u043b\u0438\u0432\u0430\u0439\u0442\u0435 \u0440\u0456\u0434\u043a\u043e \u0442\u0430 \u043f\u0440\u043e\u0432\u0456\u0442\u0440\u044e\u0439\u0442\u0435 \u0437\u0430 \u043f\u043e\u0442\u0440\u0435\u0431\u0438. \u041f\u0456\u0441\u043b\u044f \u0441\u0432\u044f\u0442 \u0432\u0438 \u043c\u043e\u0436\u0435\u0442\u0435 \u0437\u043d\u044f\u0442\u0438 \u0440\u0456\u0437\u0434\u0432\u044f\u043d\u0456 \u043f\u0440\u0438\u043a\u0440\u0430\u0441\u0438 \u0442\u0430 \u043f\u0440\u043e\u0434\u043e\u0432\u0436\u0438\u0442\u0438 \u043a\u043e\u0440\u0438\u0441\u0442\u0443\u0432\u0430\u0442\u0438\u0441\u044f \u0442\u0435\u0440\u0430\u0440\u0456\u0443\u043c\u043e\u043c \u0430\u0431\u043e \u043e\u043d\u043e\u0432\u0438\u0442\u0438 \u0439\u043e\u0433\u043e \u0437\u0430 \u0434\u043e\u043f\u043e\u043c\u043e\u0433\u043e\u044e \u043d\u0430\u0448\u043e\u0433\u043e \u043d\u0430\u0431\u043e\u0440\u0443 \u0434\u043b\u044f \u043d\u0430\u043f\u043e\u0432\u043d\u0435\u043d\u043d\u044f.<\/p>\n<h5 data-start=\"1872\" data-end=\"1897\"><strong data-start=\"1878\" data-end=\"1897\">\u0421\u0442\u0430\u043b\u0438\u0439 \u0440\u043e\u0437\u0432\u0438\u0442\u043e\u043a<\/strong><\/h5>\n<p data-start=\"1898\" data-end=\"2035\">\u0423\u0441\u0456 \u0440\u043e\u0441\u043b\u0438\u043d\u0438 \u0442\u0430 \u043c\u0430\u0442\u0435\u0440\u0456\u0430\u043b\u0438 \u043d\u0430\u0434\u0445\u043e\u0434\u044f\u0442\u044c \u0432\u0456\u0434 \u0432\u0456\u0434\u043f\u043e\u0432\u0456\u0434\u0430\u043b\u044c\u043d\u0438\u0445 \u043f\u043e\u0441\u0442\u0430\u0447\u0430\u043b\u044c\u043d\u0438\u043a\u0456\u0432 \u0442\u0430 \u0440\u0435\u0442\u0435\u043b\u044c\u043d\u043e \u0432\u0456\u0434\u0456\u0431\u0440\u0430\u043d\u0456 \u0434\u043b\u044f \u0437\u0430\u0431\u0435\u0437\u043f\u0435\u0447\u0435\u043d\u043d\u044f \u0434\u043e\u0432\u0433\u043e\u0442\u0440\u0438\u0432\u0430\u043b\u043e\u0433\u043e \u0442\u0430 \u0435\u043a\u043e\u043b\u043e\u0433\u0456\u0447\u043d\u043e \u0447\u0438\u0441\u0442\u043e\u0433\u043e \u0440\u0435\u0437\u0443\u043b\u044c\u0442\u0430\u0442\u0443.<\/p>\n<h5 data-start=\"2037\" data-end=\"2060\"><strong data-start=\"2043\" data-end=\"2060\">\u041f\u0440\u043e\u043f\u043e\u0437\u0438\u0446\u0456\u044f \u043f\u043e\u0434\u0430\u0440\u0443\u043d\u043a\u0430<\/strong><\/h5>\n<p data-start=\"2061\" data-end=\"2243\">\u0420\u0456\u0437\u0434\u0432\u044f\u043d\u0438\u0439 \u0442\u0435\u0440\u0430\u0440\u0456\u0443\u043c \u00ab\u0420\u0443\u0434\u043e\u043b\u044c\u0444\u00bb \u2013 \u0456\u0434\u0435\u0430\u043b\u044c\u043d\u0438\u0439 \u043f\u043e\u0434\u0430\u0440\u0443\u043d\u043e\u043a \u0434\u043b\u044f \u0442\u0438\u0445, \u0445\u0442\u043e \u043b\u044e\u0431\u0438\u0442\u044c \u0420\u0456\u0437\u0434\u0432\u043e, \u0440\u043e\u0441\u043b\u0438\u043d\u0438 \u0442\u0430 \u0437\u0430\u0442\u0438\u0448\u043d\u0443 \u0430\u0442\u043c\u043e\u0441\u0444\u0435\u0440\u0443. \u0406\u0434\u0435\u0430\u043b\u044c\u043d\u043e \u043f\u0456\u0434\u0445\u043e\u0434\u0438\u0442\u044c \u0434\u043b\u044f \u043f\u0440\u0438\u043a\u0440\u0430\u0441\u0438 \u0432\u0430\u0448\u043e\u0433\u043e \u0434\u043e\u043c\u0443 \u0430\u0431\u043e \u0441\u0442\u0432\u043e\u0440\u0435\u043d\u043d\u044f \u0441\u0432\u044f\u0442\u043a\u043e\u0432\u043e\u0433\u043e \u043d\u0430\u0441\u0442\u0440\u043e\u044e \u0432 \u043e\u0444\u0456\u0441\u0456.<\/p>\n<p data-start=\"2245\" data-end=\"2318\"><strong data-start=\"2245\" data-end=\"2318\">\u0417\u0440\u043e\u0431\u0456\u0442\u044c \u0441\u0432\u044f\u0442\u043a\u043e\u0432\u0438\u0439 \u0441\u0435\u0437\u043e\u043d \u043e\u0441\u043e\u0431\u043b\u0438\u0432\u0438\u043c \u0442\u0430 \u043d\u0430\u0441\u043e\u043b\u043e\u0434\u0436\u0443\u0439\u0442\u0435\u0441\u044c \u043f\u0440\u0438\u0440\u043e\u0434\u043d\u043e\u044e \u0440\u0456\u0437\u0434\u0432\u044f\u043d\u043e\u044e \u043c\u0430\u0433\u0456\u0454\u044e \u0449\u043e\u0434\u043d\u044f!<\/strong><\/p>","protected":false},"excerpt":{"rendered":"<p>Loo p\u00fchadeajaks maagiline roheline oaas, mis \u00fchendab talvise hubasuse ja elava looduse ilu. See isetoimiv terraarium loob klaasanumas v\u00e4ikese j\u00f5ulumaailma, kus lopsakas&hellip;<\/p>","protected":false},"featured_media":264373,"comment_status":"open","ping_status":"closed","template":"","meta":{"wprm-recipe-roundup-name":"","wprm-recipe-roundup-description":""},"product_brand":[],"product_cat":[2001,2063],"product_tag":[8301,2030,8302,8303,2008,8290],"class_list":{"0":"post-264380","1":"product","2":"type-product","3":"status-publish","4":"has-post-thumbnail","6":"product_cat-taimed","7":"product_cat-taime-terraariumid","8":"product_tag-black-friday","9":"product_tag-christmas","10":"product_tag-christmas-gift","11":"product_tag-mini-christmas-tree","12":"product_tag-terrarium","13":"product_tag-trendhero-b-v","14":"pa_brand-trendhero-b-v","16":"first","17":"outofstock","18":"taxable","19":"shipping-taxable","20":"product-type-variable"},"supplier_id":null,"supplier_sku":"","barcode":null,"atum_controlled":true,"out_stock_date":null,"out_stock_threshold":null,"inheritable":true,"inbound_stock":null,"stock_on_hold":0,"sold_today":0,"sales_last_days":0,"reserved_stock":null,"customer_returns":null,"warehouse_damage":null,"lost_in_post":null,"other_logs":null,"out_stock_days":0,"lost_sales":0,"has_location":false,"update_date":"2026-03-07T01:16:05","atum_locations":[],"atum_stock_status":"outofstock","restock_status":false,"low_stock_amount":"","sales_update_date":"2026-03-07T01:16:05","calc_backorders":null,"aioseo_notices":[],"_links":{"self":[{"href":"https:\/\/ecoshop.ee\/uk\/wp-json\/wp\/v2\/product\/264380","targetHints":{"allow":["GET"]}}],"collection":[{"href":"https:\/\/ecoshop.ee\/uk\/wp-json\/wp\/v2\/product"}],"about":[{"href":"https:\/\/ecoshop.ee\/uk\/wp-json\/wp\/v2\/types\/product"}],"replies":[{"embeddable":true,"href":"https:\/\/ecoshop.ee\/uk\/wp-json\/wp\/v2\/comments?post=264380"}],"version-history":[{"count":0,"href":"https:\/\/ecoshop.ee\/uk\/wp-json\/wp\/v2\/product\/264380\/revisions"}],"wp:featuredmedia":[{"embeddable":true,"href":"https:\/\/ecoshop.ee\/uk\/wp-json\/wp\/v2\/media\/264373"}],"wp:attachment":[{"href":"https:\/\/ecoshop.ee\/uk\/wp-json\/wp\/v2\/media?parent=264380"}],"wp:term":[{"taxonomy":"product_brand","embeddable":true,"href":"https:\/\/ecoshop.ee\/uk\/wp-json\/wp\/v2\/product_brand?post=264380"},{"taxonomy":"product_cat","embeddable":true,"href":"https:\/\/ecoshop.ee\/uk\/wp-json\/wp\/v2\/product_cat?post=264380"},{"taxonomy":"product_tag","embeddable":true,"href":"https:\/\/ecoshop.ee\/uk\/wp-json\/wp\/v2\/product_tag?post=264380"}],"curies":[{"name":"wp","href":"https:\/\/api.w.org\/{rel}","templated":true}]}}