{"id":307371,"date":"2026-02-09T07:52:33","date_gmt":"2026-02-09T04:52:33","guid":{"rendered":"https:\/\/ecoshop.ee\/maaratlemata\/riietumislaud-sahtliga-2-pcs-hall-50-x-41-x-135-cm-tehispuit\/"},"modified":"2026-05-15T04:09:17","modified_gmt":"2026-05-15T01:09:17","slug":"%d1%82%d1%83%d0%b0%d0%bb%d0%b5%d1%82%d0%bd%d0%b8%d0%b9-%d1%81%d1%82%d0%be%d0%bb%d0%b8%d0%ba-%d0%b7-%d1%88%d1%83%d1%85%d0%bb%d1%8f%d0%b4%d0%be%d1%8e-2-%d1%88%d1%82-%d1%81%d1%96%d1%80%d0%b8%d0%b9-50","status":"publish","type":"product","link":"https:\/\/ecoshop.ee\/uk\/jumestuslauad\/riietumislaud-sahtliga-2-pcs-hall-50-x-41-x-135-cm-tehispuit\/","title":{"rendered":"\u0422\u0443\u0430\u043b\u0435\u0442\u043d\u0438\u0439 \u0441\u0442\u043e\u043b\u0438\u043a \u0437 \u0448\u0443\u0445\u043b\u044f\u0434\u043e\u044e, 2 \u0448\u0442., \u0441\u0456\u0440\u0438\u0439, 50 x 41 x 135 \u0441\u043c, \u0448\u0442\u0443\u0447\u043d\u0435 \u0434\u0435\u0440\u0435\u0432\u043e"},"content":{"rendered":"<p>\u0426\u0435 \u0441\u0443\u0447\u0430\u0441\u043d\u0435 \u0434\u0437\u0435\u0440\u043a\u0430\u043b\u043e \u0434\u043b\u044f \u0442\u0443\u0430\u043b\u0435\u0442\u0443 \u0441\u0442\u0430\u043d\u0435 \u0447\u0443\u0434\u043e\u0432\u0438\u043c \u0434\u043e\u043f\u043e\u0432\u043d\u0435\u043d\u043d\u044f\u043c \u0434\u043e \u0431\u0443\u0434\u044c-\u044f\u043a\u043e\u0457 \u0441\u043f\u0430\u043b\u044c\u043d\u0456, \u043f\u043e\u0454\u0434\u043d\u0443\u044e\u0447\u0438 \u0441\u0442\u0438\u043b\u044c \u0442\u0430 \u043f\u0440\u0430\u043a\u0442\u0438\u0447\u043d\u0456\u0441\u0442\u044c. \u041f\u0440\u044f\u043c\u043e\u043a\u0443\u0442\u043d\u0430 \u0444\u043e\u0440\u043c\u0430 \u0442\u0430 \u0447\u0456\u0442\u043a\u0456 \u043b\u0456\u043d\u0456\u0457 \u0432\u0456\u0434\u043e\u0431\u0440\u0430\u0436\u0430\u044e\u0442\u044c \u0441\u0443\u0447\u0430\u0441\u043d\u0438\u0439 \u0434\u0438\u0437\u0430\u0439\u043d, \u0449\u043e \u0440\u043e\u0431\u0438\u0442\u044c \u0439\u043e\u0433\u043e \u0456\u0434\u0435\u0430\u043b\u044c\u043d\u0438\u043c \u0434\u043b\u044f \u043c\u0456\u043d\u0456\u043c\u0430\u043b\u0456\u0441\u0442\u0438\u0447\u043d\u0438\u0445 \u0430\u0431\u043e \u0441\u0443\u0447\u0430\u0441\u043d\u0438\u0445 \u043f\u0440\u043e\u0441\u0442\u043e\u0440\u0456\u0432. \u0412\u0438\u0433\u043e\u0442\u043e\u0432\u043b\u0435\u043d\u0435 \u0437\u0456 \u0448\u0442\u0443\u0447\u043d\u043e\u0433\u043e \u0434\u0435\u0440\u0435\u0432\u0430, \u0432\u043e\u043d\u043e \u0447\u0443\u0434\u043e\u0432\u043e \u0432\u0438\u0433\u043b\u044f\u0434\u0430\u0454 \u0442\u0430 \u0437\u0430\u0431\u0435\u0437\u043f\u0435\u0447\u0443\u0454 \u0431\u0430\u0433\u0430\u0442\u043e \u043c\u0456\u0441\u0446\u044f \u0434\u043b\u044f \u0437\u0431\u0435\u0440\u0456\u0433\u0430\u043d\u043d\u044f \u0432\u0430\u0448\u0438\u0445 \u0440\u0435\u0447\u0435\u0439. \u0421\u0432\u0456\u0442\u043b\u043e\u0434\u0456\u043e\u0434\u043d\u0435 \u043f\u0456\u0434\u0441\u0432\u0456\u0447\u0443\u0432\u0430\u043d\u043d\u044f \u043d\u0435 \u0442\u0456\u043b\u044c\u043a\u0438 \u043a\u0440\u0430\u0441\u0438\u0432\u0435, \u0430\u043b\u0435 \u0439 \u0441\u043f\u0440\u043e\u0449\u0443\u0454 \u043f\u043e\u0432\u0441\u044f\u043a\u0434\u0435\u043d\u043d\u0456 \u0437\u0430\u0432\u0434\u0430\u043d\u043d\u044f.<\/p>\n<ul>\n<li><b>\u041c\u0430\u0442\u0435\u0440\u0456\u0430\u043b\u0438:<\/b> \u0412\u0438\u0433\u043e\u0442\u043e\u0432\u043b\u0435\u043d\u0435 \u043f\u043e\u0432\u043d\u0456\u0441\u0442\u044e \u0437\u0456 \u0448\u0442\u0443\u0447\u043d\u043e\u0433\u043e \u0434\u0435\u0440\u0435\u0432\u0430, \u0446\u0435 \u0434\u0437\u0435\u0440\u043a\u0430\u043b\u043e \u0434\u043b\u044f \u0442\u0443\u0430\u043b\u0435\u0442\u0443 \u043c\u0456\u0446\u043d\u0435, \u0437\u0440\u0443\u0447\u043d\u0435 \u0442\u0430 \u043c\u0430\u0454 \u0433\u043b\u0430\u0434\u043a\u0443 \u043f\u043e\u0432\u0435\u0440\u0445\u043d\u044e, \u044f\u043a\u0430 \u043f\u0440\u0438\u0454\u043c\u043d\u0430 \u0434\u043b\u044f \u043e\u043a\u0430 \u0442\u0430 \u043b\u0435\u0433\u043a\u043e \u0447\u0438\u0441\u0442\u0438\u0442\u044c\u0441\u044f. \u0412\u043e\u043d\u043e \u043f\u043e\u0454\u0434\u043d\u0443\u0454 \u0432 \u0441\u043e\u0431\u0456 \u0433\u0430\u0440\u043d\u0438\u0439 \u0437\u043e\u0432\u043d\u0456\u0448\u043d\u0456\u0439 \u0432\u0438\u0433\u043b\u044f\u0434 \u0442\u0430 \u0434\u043e\u0432\u0433\u043e\u0432\u0456\u0447\u043d\u0456\u0441\u0442\u044c, \u0449\u043e \u0440\u043e\u0431\u0438\u0442\u044c \u0439\u043e\u0433\u043e \u044f\u0441\u043a\u0440\u0430\u0432\u0438\u043c \u0435\u043b\u0435\u043c\u0435\u043d\u0442\u043e\u043c \u0432\u0430\u0448\u043e\u0457 \u0441\u043f\u0430\u043b\u044c\u043d\u0456.<\/li>\n<li><b>\u041a\u043e\u043c\u043f\u043e\u043d\u0435\u043d\u0442\u0438:<\/b> \u0413\u043d\u0443\u0447\u043a\u0456 \u0441\u0432\u0456\u0442\u043b\u043e\u0434\u0456\u043e\u0434\u043d\u0456 \u043b\u0430\u043c\u043f\u0438 \u0441\u043f\u0440\u0430\u0432\u0434\u0456 \u043f\u043e\u043a\u0440\u0430\u0449\u0443\u044e\u0442\u044c \u0437\u043e\u0432\u043d\u0456\u0448\u043d\u0456\u0439 \u0432\u0438\u0433\u043b\u044f\u0434 \u0442\u0430 \u0444\u0443\u043d\u043a\u0446\u0456\u043e\u043d\u0430\u043b\u044c\u043d\u0456\u0441\u0442\u044c \u043a\u0456\u043c\u043d\u0430\u0442\u0438. \u0412\u043e\u043d\u0438 \u0437\u0430\u0431\u0435\u0437\u043f\u0435\u0447\u0443\u044e\u0442\u044c \u0447\u0443\u0434\u043e\u0432\u0435 \u043e\u0441\u0432\u0456\u0442\u043b\u0435\u043d\u043d\u044f, \u0449\u043e\u0431 \u0432\u0438 \u043c\u043e\u0433\u043b\u0438 \u0440\u043e\u0431\u0438\u0442\u0438 \u043c\u0430\u043a\u0456\u044f\u0436 \u0430\u0431\u043e \u0434\u043e\u0434\u0430\u0432\u0430\u0442\u0438 \u0430\u043a\u0441\u0435\u0441\u0443\u0430\u0440\u0438, \u043a\u043e\u043b\u0438 \u0446\u0435 \u043d\u0435\u043e\u0431\u0445\u0456\u0434\u043d\u043e.<\/li>\n<li><b>Omadused \/ \u0424\u0443\u043d\u043a\u0446\u0456\u044f \/ \u0414\u0438\u0437\u0430\u0439\u043d:<\/b> \u0422\u0443\u0430\u043b\u0435\u0442\u043d\u0435 \u0434\u0437\u0435\u0440\u043a\u0430\u043b\u043e \u043e\u0441\u043d\u0430\u0449\u0435\u043d\u0435 \u043f\u043b\u0430\u0432\u043d\u0438\u043c\u0438 \u0434\u0432\u0435\u0440\u0446\u044f\u0442\u0430\u043c\u0438 \u0442\u0430 \u0431\u0435\u0437\u043b\u0456\u0447\u0447\u044e \u0448\u0443\u0445\u043b\u044f\u0434, \u0449\u043e \u0441\u043f\u0440\u043e\u0449\u0443\u0454 \u043e\u0440\u0433\u0430\u043d\u0456\u0437\u0430\u0446\u0456\u044e. \u0412\u043e\u043d\u043e \u0440\u043e\u0437\u0440\u043e\u0431\u043b\u0435\u043d\u0435 \u0434\u043b\u044f \u043c\u0430\u043a\u0441\u0438\u043c\u0430\u043b\u044c\u043d\u043e\u0433\u043e \u0432\u0438\u043a\u043e\u0440\u0438\u0441\u0442\u0430\u043d\u043d\u044f \u043f\u0440\u043e\u0441\u0442\u043e\u0440\u0443, \u0437\u0431\u0435\u0440\u0456\u0433\u0430\u044e\u0447\u0438 \u0432\u0441\u0435 \u0430\u043a\u0443\u0440\u0430\u0442\u043d\u043e \u043d\u0430 \u0441\u0432\u043e\u0457\u0445 \u043c\u0456\u0441\u0446\u044f\u0445 \u0442\u0430 \u0437 \u043b\u0435\u0433\u043a\u0438\u043c \u0434\u043e\u0441\u0442\u0443\u043f\u043e\u043c, \u0449\u043e\u0431 \u0432\u0438 \u043c\u043e\u0433\u043b\u0438 \u043c\u0430\u043a\u0441\u0438\u043c\u0430\u043b\u044c\u043d\u043e \u0432\u0438\u043a\u043e\u0440\u0438\u0441\u0442\u0430\u0442\u0438 \u0441\u0432\u043e\u044e \u0441\u043f\u0430\u043b\u044c\u043d\u044e.<\/li>\n<li><b>\u0420\u0435\u043a\u043e\u043c\u0435\u043d\u0434\u043e\u0432\u0430\u043d\u0435 \u0432\u0438\u043a\u043e\u0440\u0438\u0441\u0442\u0430\u043d\u043d\u044f:<\/b> \u0406\u0434\u0435\u0430\u043b\u044c\u043d\u043e \u043f\u0456\u0434\u0445\u043e\u0434\u0438\u0442\u044c \u0434\u043b\u044f \u0441\u043f\u0430\u043b\u0435\u043d\u044c, \u0437\u0430\u0434\u043e\u0432\u043e\u043b\u044c\u043d\u044f\u044e\u0447\u0438 \u0432\u0441\u0456 \u0432\u0430\u0448\u0456 \u043e\u0440\u0433\u0430\u043d\u0456\u0437\u0430\u0446\u0456\u0439\u043d\u0456 \u043f\u043e\u0442\u0440\u0435\u0431\u0438used. \u0419\u043e\u0433\u043e \u0441\u0443\u0447\u0430\u0441\u043d\u0438\u0439 \u0432\u0438\u0433\u043b\u044f\u0434 \u043d\u0435 \u0442\u0456\u043b\u044c\u043a\u0438 \u0444\u0443\u043d\u043a\u0446\u0456\u043e\u043d\u0430\u043b\u044c\u043d\u0438\u0439, \u0430\u043b\u0435 \u0439 \u0434\u043e\u0434\u0430\u0454 \u043f\u0440\u043e\u0441\u0442\u043e\u0440\u0443 \u0432\u0430\u0448\u043e\u043c\u0443 \u0456\u043d\u0442\u0435\u0440&#039;\u0454\u0440\u0443.<\/li>\n<li><b>\u0422\u0435\u0445\u043d\u0456\u0447\u043d\u0435 \u043e\u0431\u0441\u043b\u0443\u0433\u043e\u0432\u0443\u0432\u0430\u043d\u043d\u044f:<\/b> \u0417\u0431\u0435\u0440\u0456\u0433\u0430\u0439\u0442\u0435 \u0433\u0430\u0440\u043d\u0438\u0439 \u0432\u0438\u0433\u043b\u044f\u0434 \u0432\u0430\u0448\u043e\u0433\u043e \u0434\u0437\u0435\u0440\u043a\u0430\u043b\u0430, \u0440\u0435\u0433\u0443\u043b\u044f\u0440\u043d\u043e \u043f\u0440\u043e\u0442\u0438\u0440\u0430\u044e\u0447\u0438 \u0439\u043e\u0433\u043e \u0441\u0443\u0445\u043e\u044e \u0433\u0430\u043d\u0447\u0456\u0440\u043a\u043e\u044e. \u0423\u043d\u0438\u043a\u0430\u0439\u0442\u0435 \u0430\u0433\u0440\u0435\u0441\u0438\u0432\u043d\u0438\u0445 \u0445\u0456\u043c\u0456\u043a\u0430\u0442\u0456\u0432 \u0442\u0430 \u043d\u0430\u0434\u043c\u0456\u0440\u043d\u043e\u0457 \u0432\u043e\u043b\u043e\u0433\u0438, \u0449\u043e\u0431 \u0437\u0430\u0445\u0438\u0441\u0442\u0438\u0442\u0438 \u0434\u0435\u0440\u0435\u0432\u0438\u043d\u0443.<\/li>\n<\/ul>\n<ul>\n<li>\u041a\u043e\u043b\u0456\u0440: \u0441\u0456\u0440\u0438\u0439<\/li>\n<li>\u041c\u0430\u0442\u0435\u0440\u0456\u0430\u043b: \u0428\u0442\u0443\u0447\u043d\u0435 \u0434\u0435\u0440\u0435\u0432\u043e<\/li>\n<li>\u0417\u0430\u0433\u0430\u043b\u044c\u043d\u0456 \u0440\u043e\u0437\u043c\u0456\u0440\u0438: 50 x 41 x 135 \u0441\u043c (\u0414 x \u0428 x \u0412)<\/li>\n<li>\u0412\u0430\u0433\u0430: 32,85 \u043a\u0433<\/li>\n<li>\u041c\u0456\u0446\u043d\u0438\u0439<\/li>\n<li>\u041a\u043e\u043c\u043e\u0440\u0430<\/li>\n<li>\u0422\u0438\u043f \u0441\u0432\u0456\u0442\u0438\u043b\u044c\u043d\u0438\u043a\u0456\u0432: \u0441\u0432\u0456\u0442\u043b\u043e\u0434\u0456\u043e\u0434\u043d\u0456 \u0441\u0442\u0440\u0456\u0447\u043a\u0438<\/li>\n<li>\u0417 \u0448\u0443\u0445\u043b\u044f\u0434\u043e\u044e<\/li>\n<li>\u041c\u0430\u0442\u0435\u0440\u0456\u0430\u043b \u043a\u0430\u0440\u043a\u0430\u0441\u0430: \u0428\u0442\u0443\u0447\u043d\u0435 \u0434\u0435\u0440\u0435\u0432\u043e<\/li>\n<li>\u041f\u043b\u043e\u0441\u043a\u0456 \u0434\u0432\u0435\u0440\u0456 \u0437 \u0434\u0432\u0435\u0440\u0438\u043c\u0430<\/li>\n<li>\u0412 \u043f\u0440\u0438\u043c\u0456\u0449\u0435\u043d\u043d\u0456\/\u043d\u0430 \u0432\u0443\u043b\u0438\u0446\u0456: \u0422\u0456\u043b\u044c\u043a\u0438 \u0434\u043b\u044f \u0432\u0438\u043a\u043e\u0440\u0438\u0441\u0442\u0430\u043d\u043d\u044f \u0432 \u043f\u0440\u0438\u043c\u0456\u0449\u0435\u043d\u043d\u0456<\/li>\n<li>\u0406\u043d\u0432\u0435\u0441\u0442\u0438\u0446\u0456\u0457 \u0432 \u0434\u043e\u0441\u0442\u0430\u0432\u043a\u0443:<\/li>\n<li>2 x \u0422\u0443\u0430\u043b\u0435\u0442\u043d\u0438\u0439 \u0441\u0442\u043e\u043b\u0438\u043a<\/li>\n<li>\u041f\u043e\u0442\u0440\u0456\u0431\u043d\u0435 \u0441\u043a\u043b\u0430\u0434\u0430\u043d\u043d\u044f: \u0422\u0430\u043a<\/li>\n<\/ul>","protected":false},"excerpt":{"rendered":"<p>See kaasaegne riidepeegel on suurep\u00e4rane t\u00e4iendus igasse magamistuppa, segades h\u00e4sti stiili ja praktilisuse. Ristk\u00fclikukujuline kuju ja puhtad jooned peegeldavad kaasaegset disaini, mist\u00f5ttu&hellip;<\/p>","protected":false},"featured_media":307352,"comment_status":"open","ping_status":"closed","template":"","meta":{"wprm-recipe-roundup-name":"","wprm-recipe-roundup-description":""},"product_brand":[],"product_cat":[640],"product_tag":[550,642,567,1246,547,540],"class_list":{"0":"post-307371","1":"product","2":"type-product","3":"status-publish","4":"has-post-thumbnail","6":"product_cat-jumestuslauad","7":"product_tag-hall","8":"product_tag-jumestuslauad","9":"product_tag-kapid-ja-hoiustamine","10":"product_tag-kummutid-magamistuppa","11":"product_tag-moobel","12":"product_tag-parcel","13":"pa_brand-vidaxl","15":"first","16":"instock","17":"taxable","18":"shipping-taxable","19":"purchasable","20":"product-type-simple"},"supplier_id":null,"supplier_sku":"","barcode":null,"atum_controlled":false,"out_stock_date":null,"out_stock_threshold":null,"inheritable":false,"inbound_stock":null,"stock_on_hold":0,"sold_today":0,"sales_last_days":0,"reserved_stock":null,"customer_returns":null,"warehouse_damage":null,"lost_in_post":null,"other_logs":null,"out_stock_days":0,"lost_sales":0,"has_location":null,"update_date":"2026-05-15T01:09:17","atum_locations":[],"atum_stock_status":"instock","restock_status":false,"low_stock_amount":"","sales_update_date":"2026-02-27T01:39:36","calc_backorders":null,"aioseo_notices":[],"_links":{"self":[{"href":"https:\/\/ecoshop.ee\/uk\/wp-json\/wp\/v2\/product\/307371","targetHints":{"allow":["GET"]}}],"collection":[{"href":"https:\/\/ecoshop.ee\/uk\/wp-json\/wp\/v2\/product"}],"about":[{"href":"https:\/\/ecoshop.ee\/uk\/wp-json\/wp\/v2\/types\/product"}],"replies":[{"embeddable":true,"href":"https:\/\/ecoshop.ee\/uk\/wp-json\/wp\/v2\/comments?post=307371"}],"version-history":[{"count":0,"href":"https:\/\/ecoshop.ee\/uk\/wp-json\/wp\/v2\/product\/307371\/revisions"}],"wp:featuredmedia":[{"embeddable":true,"href":"https:\/\/ecoshop.ee\/uk\/wp-json\/wp\/v2\/media\/307352"}],"wp:attachment":[{"href":"https:\/\/ecoshop.ee\/uk\/wp-json\/wp\/v2\/media?parent=307371"}],"wp:term":[{"taxonomy":"product_brand","embeddable":true,"href":"https:\/\/ecoshop.ee\/uk\/wp-json\/wp\/v2\/product_brand?post=307371"},{"taxonomy":"product_cat","embeddable":true,"href":"https:\/\/ecoshop.ee\/uk\/wp-json\/wp\/v2\/product_cat?post=307371"},{"taxonomy":"product_tag","embeddable":true,"href":"https:\/\/ecoshop.ee\/uk\/wp-json\/wp\/v2\/product_tag?post=307371"}],"curies":[{"name":"wp","href":"https:\/\/api.w.org\/{rel}","templated":true}]}}