{"id":307534,"date":"2026-02-09T07:54:47","date_gmt":"2026-02-09T04:54:47","guid":{"rendered":"https:\/\/ecoshop.ee\/maaratlemata\/paevitusvoodi-1-isik-must-206-x-62-5-x-74-cm-polurotang\/"},"modified":"2026-05-12T21:34:30","modified_gmt":"2026-05-12T18:34:30","slug":"%d1%81%d0%be%d0%bb%d1%8f%d1%80%d1%96%d0%b9-%d1%87%d0%be%d1%80%d0%bd%d0%b8%d0%b9-206-x-62-5-x-74-%d1%81%d0%bc-%d0%bf%d0%be%d0%bb%d1%83%d1%82%d0%b0%d0%bd%d0%b3","status":"publish","type":"product","link":"https:\/\/ecoshop.ee\/uk\/lamamistoolid\/paevitusvoodi-must-206-x-62-5-x-74-cm-polurotang\/","title":{"rendered":"\u0428\u0435\u0437\u043b\u043e\u043d\u0433 \u0447\u043e\u0440\u043d\u0438\u0439 206 x 62,5 x 74 \u0441\u043c \u043f\u043e\u043b\u0456\u0440\u043e\u0442\u0430\u043d\u0433"},"content":{"rendered":"<p>\u0426\u0435\u0439 \u0448\u0435\u0437\u043b\u043e\u043d\u0433 \u2013 \u0456\u0434\u0435\u0430\u043b\u044c\u043d\u0438\u0439 \u043f\u0440\u0438\u043a\u043b\u0430\u0434 \u0441\u0443\u0447\u0430\u0441\u043d\u043e\u0433\u043e \u0441\u0442\u0438\u043b\u044e, \u0439\u043e\u0433\u043e \u0447\u0456\u0442\u043a\u0456 \u043b\u0456\u043d\u0456\u0457 \u0442\u0430 \u043c\u0456\u043d\u0456\u043c\u0430\u043b\u0456\u0441\u0442\u0438\u0447\u043d\u0438\u0439 \u0434\u0438\u0437\u0430\u0439\u043d \u0437\u0440\u043e\u0431\u043b\u044f\u0442\u044c \u0431\u0443\u0434\u044c-\u044f\u043a\u0438\u0439 \u0432\u0456\u0434\u043a\u0440\u0438\u0442\u0438\u0439 \u043f\u0440\u043e\u0441\u0442\u0456\u0440 \u0447\u0443\u0434\u043e\u0432\u0438\u043c. \u0412\u0456\u043d \u0432\u0438\u0433\u043e\u0442\u043e\u0432\u043b\u0435\u043d\u0438\u0439 \u0437 \u043f\u043e\u043b\u0456\u0440\u0430\u0442\u0430\u043d\u0433\u0443 \u0442\u0430 \u043c\u0456\u0446\u043d\u043e\u0457 \u0441\u0442\u0430\u043b\u0456, \u0449\u043e \u0437\u0430\u0431\u0435\u0437\u043f\u0435\u0447\u0443\u0454 \u044f\u043a \u0435\u0441\u0442\u0435\u0442\u0438\u0447\u043d\u0443 \u043a\u0440\u0430\u0441\u0443, \u0442\u0430\u043a \u0456 \u0434\u043e\u0432\u0433\u043e\u0432\u0456\u0447\u043d\u0456\u0441\u0442\u044c. \u0419\u043e\u0433\u043e \u043f\u0440\u043e\u0441\u0442\u0438\u0439 \u0434\u0438\u0437\u0430\u0439\u043d \u0432\u043f\u0438\u0448\u0435\u0442\u044c\u0441\u044f \u0432 \u0431\u0443\u0434\u044c-\u044f\u043a\u0438\u0439 \u043b\u0430\u043d\u0434\u0448\u0430\u0444\u0442, \u0441\u0442\u0432\u043e\u0440\u044e\u044e\u0447\u0438 \u0437\u0430\u0442\u0438\u0448\u043d\u0438\u0439 \u043f\u0440\u043e\u0441\u0442\u0456\u0440. \u0427\u0443\u0434\u043e\u0432\u043e \u043f\u0456\u0434\u0445\u043e\u0434\u0438\u0442\u044c \u0434\u043b\u044f \u0432\u0456\u0434\u043a\u0440\u0438\u0442\u0438\u0445 \u043c\u0430\u0439\u0434\u0430\u043d\u0447\u0438\u043a\u0456\u0432, \u0432\u0456\u043d \u0437\u0440\u043e\u0431\u0438\u0442\u044c \u0431\u0443\u0434\u044c-\u044f\u043a\u0443 \u0442\u0435\u0440\u0430\u0441\u0443 \u0437\u0430\u0442\u0438\u0448\u043d\u043e\u044e \u0442\u0430 \u0437\u0430\u043f\u0440\u043e\u043f\u043e\u043d\u0443\u0454 \u0432\u0430\u043c \u0432\u0456\u0434\u043f\u043e\u0447\u0438\u0442\u0438 \u043d\u0430 \u0441\u043e\u043d\u0446\u0456 \u0430\u0431\u043e \u043f\u043e\u0447\u0438\u0442\u0430\u0442\u0438 \u0433\u0430\u0440\u043d\u0443 \u043a\u043d\u0438\u0433\u0443.<\/p>\n<ul>\n<li><b>\u0421\u0442\u0430\u0431\u0456\u043b\u044c\u043d\u0430 \u0440\u0430\u043c\u0430:<\/b> \u0428\u0435\u0437\u043b\u043e\u043d\u0433 \u043c\u0430\u0454 \u043c\u0456\u0446\u043d\u0438\u0439 \u0441\u0442\u0430\u043b\u0435\u0432\u0438\u0439 \u043a\u0430\u0440\u043a\u0430\u0441, \u044f\u043a\u0438\u0439 \u0437\u0430\u0431\u0435\u0437\u043f\u0435\u0447\u0443\u0454 \u043d\u0430\u0434\u0456\u0439\u043d\u0443 \u0441\u0442\u0456\u0439\u043a\u0456\u0441\u0442\u044c \u0442\u0430 \u043f\u0456\u0434\u0442\u0440\u0438\u043c\u043a\u0443. \u0426\u0435\u0439 \u043c\u0430\u0442\u0435\u0440\u0456\u0430\u043b \u043f\u0456\u0434\u0445\u043e\u0434\u0438\u0442\u044c \u0434\u043b\u044f \u0432\u0438\u043a\u043e\u0440\u0438\u0441\u0442\u0430\u043d\u043d\u044f \u043d\u0430 \u0432\u0443\u043b\u0438\u0446\u0456 \u0442\u0430 \u0437\u0430\u043b\u0438\u0448\u0430\u0442\u0438\u043c\u0435\u0442\u044c\u0441\u044f \u043a\u0440\u0430\u0441\u0438\u0432\u0438\u043c \u043f\u0440\u043e\u0442\u044f\u0433\u043e\u043c \u0442\u0440\u0438\u0432\u0430\u043b\u043e\u0433\u043e \u0447\u0430\u0441\u0443. \u0426\u0435 \u0437\u0430\u0431\u0435\u0437\u043f\u0435\u0447\u0443\u0454 \u0434\u043e\u0432\u0433\u043e\u0441\u0442\u0440\u043e\u043a\u043e\u0432\u0443 \u0456\u043d\u0432\u0435\u0441\u0442\u0438\u0446\u0456\u0439\u043d\u0443 \u0431\u0435\u0437\u043f\u0435\u043a\u0443.<\/li>\n<li><b>\u041a\u043e\u043c\u0444\u043e\u0440\u0442:<\/b> \u0417\u0430\u0432\u0434\u044f\u043a\u0438 \u0440\u0435\u0433\u0443\u043b\u044c\u043e\u0432\u0430\u043d\u0456\u0439 \u0441\u043f\u0438\u043d\u0446\u0456, \u0446\u0435 \u043a\u0440\u0456\u0441\u043b\u043e \u0456\u0434\u0435\u0430\u043b\u044c\u043d\u043e \u043f\u0456\u0434\u0445\u043e\u0434\u0438\u0442\u044c \u0434\u043b\u044f \u043a\u043e\u043c\u0444\u043e\u0440\u0442\u0443. \u0412\u0438 \u043c\u043e\u0436\u0435\u0442\u0435 \u043b\u0435\u0433\u043a\u043e \u0437\u043c\u0456\u043d\u0438\u0442\u0438 \u043a\u0443\u0442 \u043d\u0430\u0445\u0438\u043b\u0443 \u0441\u043f\u0438\u043d\u043a\u0438, \u0449\u043e\u0431 \u0437\u043d\u0430\u0439\u0442\u0438 \u043d\u0430\u0439\u043a\u0440\u0430\u0449\u0435 \u043f\u043e\u043b\u043e\u0436\u0435\u043d\u043d\u044f. \u0412\u043e\u043d\u043e \u0447\u0443\u0434\u043e\u0432\u043e \u043f\u0456\u0434\u0445\u043e\u0434\u0438\u0442\u044c \u0434\u043b\u044f \u043f\u0440\u0438\u0439\u043d\u044f\u0442\u0442\u044f \u0441\u043e\u043d\u044f\u0447\u043d\u0438\u0445 \u0432\u0430\u043d\u043d, \u0434\u0440\u0456\u043c\u043e\u0442\u0438 \u0430\u0431\u043e \u043f\u0440\u043e\u0441\u0442\u043e \u0434\u043b\u044f \u0431\u0456\u043b\u044c\u0448\u043e\u0433\u043e \u043a\u043e\u043c\u0444\u043e\u0440\u0442\u0443.<\/li>\n<li><b>\u0412\u0438\u0441\u043e\u043a\u043e\u044f\u043a\u0456\u0441\u043d\u0456 \u043c\u0430\u0442\u0435\u0440\u0456\u0430\u043b\u0438:<\/b> \u0415\u043b\u0435\u0433\u0430\u043d\u0442\u043d\u0438\u0439 \u043f\u043e\u043b\u0456\u0440\u043e\u0442\u0430\u043d\u0433 \u043d\u0435 \u0442\u0456\u043b\u044c\u043a\u0438 \u0441\u0442\u0438\u043b\u044c\u043d\u0438\u0439, \u0430\u043b\u0435 \u0439 \u043f\u0440\u043e\u0441\u0442\u0438\u0439 \u0443 \u0434\u043e\u0433\u043b\u044f\u0434\u0456. \u0421\u0438\u043d\u0442\u0435\u0442\u0438\u0447\u043d\u0438\u0439 \u0440\u043e\u0442\u0430\u043d\u0433 \u0456\u0437 \u0437\u0430\u0445\u0438\u0441\u0442\u043e\u043c \u0432\u0456\u0434 \u0443\u043b\u044c\u0442\u0440\u0430\u0444\u0456\u043e\u043b\u0435\u0442\u0443 \u043c\u0456\u0446\u043d\u0438\u0439 \u0442\u0430 \u043f\u0456\u0434\u0445\u043e\u0434\u0438\u0442\u044c \u0434\u043b\u044f \u0432\u0438\u043a\u043e\u0440\u0438\u0441\u0442\u0430\u043d\u043d\u044f \u043d\u0430 \u0432\u0443\u043b\u0438\u0446\u0456, \u0437\u0431\u0435\u0440\u0456\u0433\u0430\u044e\u0447\u0438 \u0441\u0432\u0456\u0439 \u0437\u043e\u0432\u043d\u0456\u0448\u043d\u0456\u0439 \u0432\u0438\u0433\u043b\u044f\u0434 \u0443 \u0431\u0443\u0434\u044c-\u044f\u043a\u0438\u0439 \u0447\u0430\u0441 \u0440\u043e\u043a\u0443.<\/li>\n<li><b>\u0421\u0443\u0447\u0430\u0441\u043d\u0438\u0439 \u0434\u0438\u0437\u0430\u0439\u043d:<\/b> \u0412\u0456\u043d \u043c\u0430\u0454 \u0447\u0456\u0442\u043a\u0456 \u043b\u0456\u043d\u0456\u0457 \u0442\u0430 \u043c\u0456\u043d\u0456\u043c\u0430\u043b\u0456\u0441\u0442\u0438\u0447\u043d\u0443 \u043a\u0440\u0430\u0441\u0443, \u0449\u043e \u0432\u043f\u0438\u0441\u0443\u0454\u0442\u044c\u0441\u044f \u0432 \u0440\u0456\u0437\u043d\u043e\u043c\u0430\u043d\u0456\u0442\u043d\u0456 \u043a\u043e\u043d\u0446\u0435\u043f\u0446\u0456\u0457 \u0437\u043e\u0432\u043d\u0456\u0448\u043d\u044c\u043e\u0433\u043e \u0434\u0438\u0437\u0430\u0439\u043d\u0443. \u0419\u043e\u0433\u043e \u043f\u0440\u043e\u0441\u0442\u043e\u0442\u0430 \u0442\u0430 \u0432\u0438\u0448\u0443\u043a\u0430\u043d\u0435 \u043e\u0437\u0434\u043e\u0431\u043b\u0435\u043d\u043d\u044f \u0440\u043e\u0431\u043b\u044f\u0442\u044c \u0439\u043e\u0433\u043e \u0443\u043d\u0456\u0432\u0435\u0440\u0441\u0430\u043b\u044c\u043d\u0438\u043c \u0434\u043e\u043f\u043e\u0432\u043d\u0435\u043d\u043d\u044f\u043c \u0434\u043e \u0431\u0443\u0434\u044c-\u044f\u043a\u043e\u0433\u043e \u0441\u0430\u0434\u0443 \u0447\u0438 \u043f\u0430\u0442\u0456\u043e.<\/li>\n<li><b>\u041b\u0435\u0433\u043a\u0435 \u043e\u0431\u0441\u043b\u0443\u0433\u043e\u0432\u0443\u0432\u0430\u043d\u043d\u044f:<\/b> \u0414\u043e\u0433\u043b\u044f\u0434\u0430\u0442\u0438 \u043b\u0435\u0433\u043a\u043e; \u043f\u0440\u043e\u0441\u0442\u043e \u043f\u0440\u043e\u0442\u0440\u0456\u0442\u044c \u0441\u0443\u0445\u043e\u044e \u0433\u0430\u043d\u0447\u0456\u0440\u043a\u043e\u044e. \u0412\u0456\u043d \u043d\u0435 \u043f\u043e\u0442\u0440\u0435\u0431\u0443\u0454 \u0431\u0430\u0433\u0430\u0442\u043e \u0434\u043e\u0433\u043b\u044f\u0434\u0443 \u0442\u0430 \u043d\u0435 \u0437\u0430\u0439\u043c\u0430\u0454 \u0431\u0430\u0433\u0430\u0442\u043e \u0447\u0430\u0441\u0443, \u0449\u043e\u0431 \u043d\u0430\u0441\u043e\u043b\u043e\u0434\u0436\u0443\u0432\u0430\u0442\u0438\u0441\u044f \u043d\u0438\u043c.<\/li>\n<\/ul>\n<ul>\n<li>\u041a\u043e\u043b\u0456\u0440: \u0427\u043e\u0440\u043d\u0438\u0439<\/li>\n<li>\u041c\u0430\u0442\u0435\u0440\u0456\u0430\u043b: \u041f\u043e\u043b\u0456\u0440\u043e\u0442\u0430\u043d\u0433<\/li>\n<li>\u0417\u0430\u0433\u0430\u043b\u044c\u043d\u0456 \u0440\u043e\u0437\u043c\u0456\u0440\u0438: 206 x 115 x 75 \u0441\u043c (\u0414 x \u0428 x \u0412)<\/li>\n<li>\u0428\u0438\u0440\u0438\u043d\u0430 \u0441\u0438\u0434\u0456\u043d\u043d\u044f: 115 \u0441\u043c<\/li>\n<li>\u0412\u0438\u0441\u043e\u0442\u0430 \u0441\u0438\u0434\u0456\u043d\u043d\u044f \u0432\u0456\u0434 \u0437\u0435\u043c\u043b\u0456: 27,5 \u0441\u043c<\/li>\n<li>\u041c\u0430\u043a\u0441\u0438\u043c\u0430\u043b\u044c\u043d\u0430 \u0432\u0430\u0433\u0430: 100 \u043a\u0433<\/li>\n<li>\u041a\u0456\u043b\u044c\u043a\u0456\u0441\u0442\u044c \u043c\u0456\u0441\u0446\u044c: 2<\/li>\n<li>\u041f\u043e\u0442\u0440\u0456\u0431\u043d\u0435 \u0441\u043a\u043b\u0430\u0434\u0430\u043d\u043d\u044f: \u0422\u0430\u043a<\/li>\n<li>\u0406\u043d\u0432\u0435\u0441\u0442\u0438\u0446\u0456\u0457 \u0432 \u0434\u043e\u0441\u0442\u0430\u0432\u043a\u0443:<\/li>\n<li>1 \u0448\u0435\u0437\u043b\u043e\u043d\u0433<\/li>\n<\/ul>","protected":false},"excerpt":{"rendered":"<p>See p\u00e4evitustool on ideaalne n\u00e4ide modernsest stiilist, selle puhtad jooned ja minimalistlik disain muudavad iga v\u00e4listingimustes ruumi toredaks. See on valmistatud pol\u00fcrotangist&hellip;<\/p>","protected":false},"featured_media":307521,"comment_status":"open","ping_status":"closed","template":"","meta":{"wprm-recipe-roundup-name":"","wprm-recipe-roundup-description":""},"product_brand":[],"product_cat":[3187],"product_tag":[594,3257,547,544,553,540],"class_list":{"0":"post-307534","1":"product","2":"type-product","3":"status-publish","4":"has-post-thumbnail","6":"product_cat-lamamistoolid","7":"product_tag-istekohad-oue","8":"product_tag-lamamistoolid","9":"product_tag-moobel","10":"product_tag-must","11":"product_tag-ouemoobel","12":"product_tag-parcel","13":"pa_brand-vidaxl","15":"first","16":"instock","17":"taxable","18":"shipping-taxable","19":"purchasable","20":"product-type-simple"},"supplier_id":null,"supplier_sku":"","barcode":null,"atum_controlled":false,"out_stock_date":null,"out_stock_threshold":null,"inheritable":false,"inbound_stock":null,"stock_on_hold":0,"sold_today":0,"sales_last_days":0,"reserved_stock":null,"customer_returns":null,"warehouse_damage":null,"lost_in_post":null,"other_logs":null,"out_stock_days":0,"lost_sales":0,"has_location":null,"update_date":"2026-05-12T18:34:31","atum_locations":[],"atum_stock_status":"instock","restock_status":false,"low_stock_amount":"","sales_update_date":"2026-02-26T01:39:30","calc_backorders":null,"aioseo_notices":[],"_links":{"self":[{"href":"https:\/\/ecoshop.ee\/uk\/wp-json\/wp\/v2\/product\/307534","targetHints":{"allow":["GET"]}}],"collection":[{"href":"https:\/\/ecoshop.ee\/uk\/wp-json\/wp\/v2\/product"}],"about":[{"href":"https:\/\/ecoshop.ee\/uk\/wp-json\/wp\/v2\/types\/product"}],"replies":[{"embeddable":true,"href":"https:\/\/ecoshop.ee\/uk\/wp-json\/wp\/v2\/comments?post=307534"}],"version-history":[{"count":0,"href":"https:\/\/ecoshop.ee\/uk\/wp-json\/wp\/v2\/product\/307534\/revisions"}],"wp:featuredmedia":[{"embeddable":true,"href":"https:\/\/ecoshop.ee\/uk\/wp-json\/wp\/v2\/media\/307521"}],"wp:attachment":[{"href":"https:\/\/ecoshop.ee\/uk\/wp-json\/wp\/v2\/media?parent=307534"}],"wp:term":[{"taxonomy":"product_brand","embeddable":true,"href":"https:\/\/ecoshop.ee\/uk\/wp-json\/wp\/v2\/product_brand?post=307534"},{"taxonomy":"product_cat","embeddable":true,"href":"https:\/\/ecoshop.ee\/uk\/wp-json\/wp\/v2\/product_cat?post=307534"},{"taxonomy":"product_tag","embeddable":true,"href":"https:\/\/ecoshop.ee\/uk\/wp-json\/wp\/v2\/product_tag?post=307534"}],"curies":[{"name":"wp","href":"https:\/\/api.w.org\/{rel}","templated":true}]}}