{"id":307633,"date":"2026-02-09T07:56:51","date_gmt":"2026-02-09T04:56:51","guid":{"rendered":"https:\/\/ecoshop.ee\/maaratlemata\/koide-sahtliga-drammen-valge-114-x-43-x-755-cm-mannipuit\/"},"modified":"2026-05-14T09:19:53","modified_gmt":"2026-05-14T06:19:53","slug":"%d0%ba%d0%be%d0%bd%d1%81%d0%be%d0%bb%d1%8c%d0%bd%d0%b8%d0%b9-%d1%81%d1%82%d0%be%d0%bb%d0%b8%d0%ba-drammen-%d0%b1%d1%96%d0%bb%d0%b8%d0%b9-114-x-43-x-755-%d1%81%d0%bc-%d0%bc%d0%b0%d0%bd%d0%b5%d0%b6","status":"publish","type":"product","link":"https:\/\/ecoshop.ee\/uk\/lisalauad\/konsoollaud-drammen-valge-114-x-43-x-755-cm-mannipuit\/","title":{"rendered":"\u041a\u043e\u043d\u0441\u043e\u043b\u044c\u043d\u0438\u0439 \u0441\u0442\u043e\u043b\u0438\u043a Drammen \u0431\u0456\u043b\u0438\u0439 114 x 43 x 75,5 \u0441\u043c, \u0441\u043e\u0441\u043d\u043e\u0432\u0435 \u0434\u0435\u0440\u0435\u0432\u043e"},"content":{"rendered":"<p>\u0426\u044f \u0432\u0438\u0441\u043e\u043a\u0430 \u0448\u0430\u0444\u0430 \u2013 \u0447\u0443\u0434\u043e\u0432\u0435 \u0440\u0456\u0448\u0435\u043d\u043d\u044f \u0434\u043b\u044f \u0437\u0431\u0435\u0440\u0456\u0433\u0430\u043d\u043d\u044f \u0440\u0435\u0447\u0435\u0439 \u0443 \u043f\u0440\u0438\u043c\u0456\u0449\u0435\u043d\u043d\u0456, \u043f\u0440\u0438\u0437\u043d\u0430\u0447\u0435\u043d\u0435 \u0434\u043b\u044f \u0434\u0435\u043a\u043e\u0440\u0443\u0432\u0430\u043d\u043d\u044f \u0441\u0443\u0447\u0430\u0441\u043d\u0438\u0445 \u0436\u0438\u0442\u043b\u043e\u0432\u0438\u0445 \u043f\u0440\u0438\u043c\u0456\u0449\u0435\u043d\u044c. \u0412\u0438\u0433\u043e\u0442\u043e\u0432\u043b\u0435\u043d\u0430 \u0437 \u043c\u0430\u0441\u0438\u0432\u0443 \u0441\u043e\u0441\u043d\u0438, \u0432\u043e\u043d\u0430 \u0432\u0456\u0434\u043e\u0431\u0440\u0430\u0436\u0430\u0454 \u043f\u0440\u043e\u0441\u0442\u043e\u0442\u0443 \u0442\u0430 \u0444\u0443\u043d\u043a\u0446\u0456\u043e\u043d\u0430\u043b\u044c\u043d\u0456\u0441\u0442\u044c, \u0437 \u0447\u0456\u0442\u043a\u0438\u043c\u0438 \u043b\u0456\u043d\u0456\u044f\u043c\u0438, \u0449\u043e \u043f\u0430\u0441\u0443\u044e\u0442\u044c \u0434\u043e \u0440\u0456\u0437\u043d\u0438\u0445 \u0441\u0442\u0438\u043b\u0456\u0432 \u0456\u043d\u0442\u0435\u0440&#039;\u0454\u0440\u0443. \u041f\u0440\u044f\u043c\u043e\u043a\u0443\u0442\u043d\u0430 \u0444\u043e\u0440\u043c\u0430 \u043d\u0430\u0434\u0430\u0454 \u0457\u0439 \u043f\u0440\u044f\u043c\u043e\u0433\u043e \u0442\u0430 \u0435\u043b\u0435\u0433\u0430\u043d\u0442\u043d\u043e\u0433\u043e \u0432\u0438\u0433\u043b\u044f\u0434\u0443, \u044f\u043a\u0438\u0439 \u0431\u0435\u0437\u0434\u043e\u0433\u0430\u043d\u043d\u043e \u043f\u043e\u0454\u0434\u043d\u0443\u0454\u0442\u044c\u0441\u044f \u0437 \u0457\u0434\u0430\u043b\u044c\u043d\u0435\u044e \u0430\u0431\u043e \u0432\u0456\u0442\u0430\u043b\u044c\u043d\u0435\u044e, \u0434\u043e\u0434\u0430\u044e\u0447\u0438 \u0441\u0442\u0438\u043b\u044e \u0442\u0430 \u043f\u0440\u0430\u043a\u0442\u0438\u0447\u043d\u043e\u0441\u0442\u0456. \u041f\u043e\u043b\u0438\u0446\u044f, \u0456\u0434\u0435\u0430\u043b\u044c\u043d\u043e \u043f\u0456\u0434\u0445\u043e\u0434\u0438\u0442\u044c \u0434\u043b\u044f \u0437\u0431\u0435\u0440\u0456\u0433\u0430\u043d\u043d\u044f \u0441\u0442\u043e\u043b\u043e\u0432\u0438\u0445 \u043f\u0440\u0438\u0431\u043e\u0440\u0456\u0432 \u0430\u0431\u043e \u0434\u0435\u043a\u043e\u0440\u0430\u0442\u0438\u0432\u043d\u0438\u0445 \u043f\u0440\u0435\u0434\u043c\u0435\u0442\u0456\u0432, \u0440\u043e\u0431\u0438\u0442\u044c \u0457\u0457 \u043f\u0440\u0430\u043a\u0442\u0438\u0447\u043d\u043e\u044e \u0447\u0430\u0441\u0442\u0438\u043d\u043e\u044e \u0431\u0443\u0434\u044c-\u044f\u043a\u043e\u0457 \u0434\u043e\u043c\u0430\u0448\u043d\u044c\u043e\u0457 \u0430\u0442\u043c\u043e\u0441\u0444\u0435\u0440\u0438.<\/p>\n<ul>\n<li><b>\u041a\u0440\u0430\u0441\u0430 \u0441\u043e\u0441\u043d\u043e\u0432\u043e\u0433\u043e \u043b\u0456\u0441\u0443<\/b> \u0428\u0430\u0444\u0430 \u0432\u0438\u0433\u043e\u0442\u043e\u0432\u043b\u0435\u043d\u0430 \u0437 \u043c\u0456\u0446\u043d\u043e\u0457 \u0441\u043e\u0441\u043d\u043e\u0432\u043e\u0457 \u0434\u0435\u0440\u0435\u0432\u0438\u043d\u0438 \u0437 \u0447\u0443\u0434\u043e\u0432\u043e\u044e \u0442\u0435\u043a\u0441\u0442\u0443\u0440\u043e\u044e. \u0426\u0435\u0439 \u043c\u0430\u0442\u0435\u0440\u0456\u0430\u043b \u0434\u043e\u0432\u0433\u043e\u0432\u0456\u0447\u043d\u0438\u0439 \u0442\u0430 \u0434\u043e\u0434\u0430\u0454 \u0432\u0430\u0448\u043e\u043c\u0443 \u0434\u043e\u043c\u0443 \u0441\u0456\u043b\u044c\u0441\u044c\u043a\u043e\u0433\u043e \u0448\u0430\u0440\u043c\u0443.<\/li>\n<li><b>\u041c\u0456\u0441\u0442\u043a\u0435 \u043c\u0456\u0441\u0446\u0435 \u0434\u043b\u044f \u0437\u0431\u0435\u0440\u0456\u0433\u0430\u043d\u043d\u044f \u0440\u0435\u0447\u0435\u0439<\/b> \u041c\u0430\u044e\u0447\u0438 \u0434\u043e\u0441\u0442\u0430\u0442\u043d\u044c\u043e \u043c\u0456\u0441\u0446\u044f \u0434\u043b\u044f \u0437\u0431\u0435\u0440\u0456\u0433\u0430\u043d\u043d\u044f \u0440\u0456\u0437\u043d\u043e\u043c\u0430\u043d\u0456\u0442\u043d\u0438\u0445 \u043f\u0440\u0435\u0434\u043c\u0435\u0442\u0456\u0432 \u0434\u043e\u043c\u0430\u0448\u043d\u044c\u043e\u0433\u043e \u0432\u0436\u0438\u0442\u043a\u0443, \u0446\u044f \u0448\u0430\u0444\u0430 \u0434\u043e\u043f\u043e\u043c\u043e\u0436\u0435 \u0432\u0430\u043c \u043e\u0440\u0433\u0430\u043d\u0456\u0437\u0443\u0432\u0430\u0442\u0438 \u0441\u0432\u0456\u0439 \u0436\u0438\u0442\u043b\u043e\u0432\u0438\u0439 \u043f\u0440\u043e\u0441\u0442\u0456\u0440. \u0412\u0435\u043b\u0438\u043a\u0456 \u0432\u0456\u0434\u0434\u0456\u043b\u0435\u043d\u043d\u044f \u0437\u0430\u0431\u0435\u0437\u043f\u0435\u0447\u0443\u044e\u0442\u044c \u043b\u0435\u0433\u043a\u0438\u0439 \u0434\u043e\u0441\u0442\u0443\u043f, \u0449\u043e \u0440\u043e\u0431\u0438\u0442\u044c \u0457\u0457 \u0435\u0444\u0435\u043a\u0442\u0438\u0432\u043d\u043e\u044e \u0434\u043b\u044f \u0449\u043e\u0434\u0435\u043d\u043d\u043e\u0433\u043e \u0432\u0438\u043a\u043e\u0440\u0438\u0441\u0442\u0430\u043d\u043d\u044f.<\/li>\n<li><b>\u041f\u0440\u044f\u043c\u043e\u043a\u0443\u0442\u043d\u0438\u0439 \u043a\u043e\u043c\u0444\u043e\u0440\u0442<\/b> \u041f\u0440\u044f\u043c\u043e\u043a\u0443\u0442\u043d\u0430 \u0444\u043e\u0440\u043c\u0430 \u043b\u0435\u0433\u043a\u043e \u0432\u043f\u0438\u0441\u0443\u0454\u0442\u044c\u0441\u044f \u0432 \u0431\u0443\u0434\u044c-\u044f\u043a\u0438\u0439 \u0456\u043d\u0442\u0435\u0440&#039;\u0454\u0440, \u0432\u0456\u0434 \u0432\u0456\u0442\u0430\u043b\u0435\u043d\u044c \u0434\u043e \u0457\u0434\u0430\u043b\u0435\u043d\u044c. \u0422\u0430\u043a\u0438\u0439 \u0434\u0438\u0437\u0430\u0439\u043d \u0440\u043e\u0431\u0438\u0442\u044c \u0457\u0457 \u0456\u0434\u0435\u0430\u043b\u044c\u043d\u043e\u044e \u0434\u043b\u044f \u0434\u0435\u043a\u043e\u0440\u0430\u0442\u0438\u0432\u043d\u0438\u0445 \u043f\u0440\u0435\u0434\u043c\u0435\u0442\u0456\u0432 \u0430\u0431\u043e \u043a\u0443\u0445\u043e\u043d\u043d\u0438\u0445 \u0430\u043a\u0441\u0435\u0441\u0443\u0430\u0440\u0456\u0432.<\/li>\n<li><b>\u0421\u0443\u0447\u0430\u0441\u043d\u0438\u0439 \u043c\u0456\u043d\u0456\u043c\u0430\u043b\u0456\u0441\u0442\u0438\u0447\u043d\u0438\u0439 \u0441\u0442\u0438\u043b\u044c<\/b> \u041f\u0440\u043e\u0441\u0442\u0438\u0439 \u0442\u0430 \u0447\u0438\u0441\u0442\u0438\u0439 \u0434\u0438\u0437\u0430\u0439\u043d \u0434\u043e\u0434\u0430\u0454 \u0441\u0443\u0447\u0430\u0441\u043d\u043e\u0433\u043e \u0448\u0430\u0440\u043c\u0443, \u044f\u043a\u0438\u0439 \u043f\u0430\u0441\u0443\u0454 \u0434\u043e \u0431\u0443\u0434\u044c-\u044f\u043a\u043e\u0433\u043e \u0441\u0443\u0447\u0430\u0441\u043d\u043e\u0433\u043e \u0456\u043d\u0442\u0435\u0440&#039;\u0454\u0440\u0443.<\/li>\n<li><b>\u041b\u0435\u0433\u043a\u0435 \u0441\u043a\u043b\u0430\u0434\u0430\u043d\u043d\u044f<\/b> \u0420\u043e\u0437\u0440\u043e\u0431\u043b\u0435\u043d\u0430 \u0434\u043b\u044f \u043b\u0435\u0433\u043a\u043e\u0433\u043e \u0441\u043a\u043b\u0430\u0434\u0430\u043d\u043d\u044f \u0434\u0432\u043e\u043c\u0430 \u043b\u044e\u0434\u044c\u043c\u0438 \u0437\u0430 \u0434\u043e\u043f\u043e\u043c\u043e\u0433\u043e\u044e \u0432\u0438\u043a\u0440\u0443\u0442\u043a\u0438, \u0446\u044f \u0448\u0430\u0444\u0430 \u0437\u0440\u0443\u0447\u043d\u0430 \u0432 \u0443\u0441\u0442\u0430\u043d\u043e\u0432\u0446\u0456, \u0449\u043e \u0448\u0432\u0438\u0434\u043a\u043e \u0440\u043e\u0431\u0438\u0442\u044c \u0457\u0457 \u0447\u0430\u0441\u0442\u0438\u043d\u043e\u044e \u0432\u0430\u0448\u043e\u0433\u043e \u0434\u043e\u043c\u0443.<\/li>\n<\/ul>\n<ul>\n<li>\u041a\u043e\u043b\u0456\u0440: \u0411\u0456\u043b\u0438\u0439<\/li>\n<li>\u041c\u0430\u0442\u0435\u0440\u0456\u0430\u043b: \u0421\u043e\u0441\u043d\u043e\u0432\u0430 \u0434\u0435\u0440\u0435\u0432\u0438\u043d\u0430<\/li>\n<li>\u0417\u0430\u0433\u0430\u043b\u044c\u043d\u0456 \u0440\u043e\u0437\u043c\u0456\u0440\u0438: 114 x 43 x 75,5 \u0441\u043c (\u0414 x \u0428 x \u0412)<\/li>\n<li>\u0437 3 \u0432\u0438\u0441\u0443\u0432\u043d\u0438\u043c\u0438 \u044f\u0449\u0438\u043a\u0430\u043c\u0438<\/li>\n<li>3 \u0434\u0432\u0435\u0440\u0456<\/li>\n<li>\u041a\u043e\u043c\u043e\u0440\u0430<\/li>\n<li>\u041f\u043e\u0442\u0440\u0456\u0431\u043d\u0435 \u0441\u043a\u043b\u0430\u0434\u0430\u043d\u043d\u044f: \u0422\u0430\u043a<\/li>\n<li>\u0406\u043d\u0432\u0435\u0441\u0442\u0438\u0446\u0456\u0457 \u0432 \u0434\u043e\u0441\u0442\u0430\u0432\u043a\u0443:<\/li>\n<li>1 \u0445 \u0428\u0430\u0444\u0430<\/li>\n<\/ul>","protected":false},"excerpt":{"rendered":"<p>See k\u00f5rge kapp on geniaalne hoiulahendus, mis sobib siseruumidesse ja on m\u00f5eldud modernsete eluruumide kaunistamiseks. Valmistatud tugevast m\u00e4nni puidust, peegeldab see lihtsust&hellip;<\/p>","protected":false},"featured_media":307620,"comment_status":"open","ping_status":"closed","template":"","meta":{"wprm-recipe-roundup-name":"","wprm-recipe-roundup-description":""},"product_brand":[],"product_cat":[808],"product_tag":[567,547,540,568,539],"class_list":{"0":"post-307633","1":"product","2":"type-product","3":"status-publish","4":"has-post-thumbnail","6":"product_cat-lisalauad","7":"product_tag-kapid-ja-hoiustamine","8":"product_tag-moobel","9":"product_tag-parcel","10":"product_tag-puhvetkapid","11":"product_tag-voodilinad","12":"pa_brand-vidaxl","14":"first","15":"instock","16":"taxable","17":"shipping-taxable","18":"purchasable","19":"product-type-simple"},"supplier_id":null,"supplier_sku":"","barcode":null,"atum_controlled":false,"out_stock_date":null,"out_stock_threshold":null,"inheritable":false,"inbound_stock":null,"stock_on_hold":0,"sold_today":0,"sales_last_days":0,"reserved_stock":null,"customer_returns":null,"warehouse_damage":null,"lost_in_post":null,"other_logs":null,"out_stock_days":0,"lost_sales":0,"has_location":null,"update_date":"2026-05-14T06:19:54","atum_locations":[],"atum_stock_status":"instock","restock_status":false,"low_stock_amount":"","sales_update_date":"2026-02-27T01:39:36","calc_backorders":null,"aioseo_notices":[],"_links":{"self":[{"href":"https:\/\/ecoshop.ee\/uk\/wp-json\/wp\/v2\/product\/307633","targetHints":{"allow":["GET"]}}],"collection":[{"href":"https:\/\/ecoshop.ee\/uk\/wp-json\/wp\/v2\/product"}],"about":[{"href":"https:\/\/ecoshop.ee\/uk\/wp-json\/wp\/v2\/types\/product"}],"replies":[{"embeddable":true,"href":"https:\/\/ecoshop.ee\/uk\/wp-json\/wp\/v2\/comments?post=307633"}],"version-history":[{"count":0,"href":"https:\/\/ecoshop.ee\/uk\/wp-json\/wp\/v2\/product\/307633\/revisions"}],"wp:featuredmedia":[{"embeddable":true,"href":"https:\/\/ecoshop.ee\/uk\/wp-json\/wp\/v2\/media\/307620"}],"wp:attachment":[{"href":"https:\/\/ecoshop.ee\/uk\/wp-json\/wp\/v2\/media?parent=307633"}],"wp:term":[{"taxonomy":"product_brand","embeddable":true,"href":"https:\/\/ecoshop.ee\/uk\/wp-json\/wp\/v2\/product_brand?post=307633"},{"taxonomy":"product_cat","embeddable":true,"href":"https:\/\/ecoshop.ee\/uk\/wp-json\/wp\/v2\/product_cat?post=307633"},{"taxonomy":"product_tag","embeddable":true,"href":"https:\/\/ecoshop.ee\/uk\/wp-json\/wp\/v2\/product_tag?post=307633"}],"curies":[{"name":"wp","href":"https:\/\/api.w.org\/{rel}","templated":true}]}}