{"id":308341,"date":"2026-02-09T08:24:00","date_gmt":"2026-02-09T05:24:00","guid":{"rendered":"https:\/\/ecoshop.ee\/maaratlemata\/ookapp-uksega-2-pcs-meepruun-40-x-33-x-46-cm-tugev-mango-puu\/"},"modified":"2026-05-13T21:22:45","modified_gmt":"2026-05-13T18:22:45","slug":"%d1%88%d0%b0%d1%84%d0%ba%d0%b0-%d0%b7-%d0%b4%d0%b2%d0%b5%d1%80%d1%86%d1%8f%d1%82%d0%b0%d0%bc%d0%b8-2-%d1%88%d1%82-%d0%bc%d0%b5%d0%b4%d0%be%d0%b2%d0%be-%d0%ba%d0%be%d1%80%d0%b8%d1%87%d0%bd%d0%b5","status":"publish","type":"product","link":"https:\/\/ecoshop.ee\/uk\/ookapid\/ookapp-uksega-2-pcs-meepruun-40-x-33-x-46-cm-tugev-mango-puu\/","title":{"rendered":"\u041f\u0440\u0438\u043b\u0456\u0436\u043a\u043e\u0432\u0438\u0439 \u0441\u0442\u043e\u043b\u0438\u043a \u0437 \u0434\u0432\u0435\u0440\u0446\u044f\u0442\u0430\u043c\u0438, 2 \u043f\u0440\u0435\u0434\u043c\u0435\u0442\u0438, \u043c\u0435\u0434\u043e\u0432\u043e-\u043a\u043e\u0440\u0438\u0447\u043d\u0435\u0432\u0438\u0439, 40 x 33 x 46 \u0441\u043c, \u043c\u0430\u0441\u0438\u0432 \u043c\u0430\u043d\u0433\u043e\u0432\u043e\u0433\u043e \u0434\u0435\u0440\u0435\u0432\u0430"},"content":{"rendered":"<p>\u0426\u044f \u0442\u0443\u043c\u0431\u043e\u0447\u043a\u0430 \u043f\u043e\u0454\u0434\u043d\u0443\u0454 \u0441\u0442\u0438\u043b\u044c\u043d\u0438\u0439 \u0441\u0443\u0447\u0430\u0441\u043d\u0438\u0439 \u0434\u0438\u0437\u0430\u0439\u043d \u0456\u0437 \u043f\u0440\u0430\u043a\u0442\u0438\u0447\u043d\u043e\u044e \u0444\u0443\u043d\u043a\u0446\u0456\u043e\u043d\u0430\u043b\u044c\u043d\u0456\u0441\u0442\u044e, \u0449\u043e \u0440\u043e\u0431\u0438\u0442\u044c \u0457\u0457 \u0447\u0443\u0434\u043e\u0432\u0438\u043c \u0434\u043e\u043f\u043e\u0432\u043d\u0435\u043d\u043d\u044f\u043c \u0434\u043e \u0431\u0443\u0434\u044c-\u044f\u043a\u043e\u0457 \u0441\u043f\u0430\u043b\u044c\u043d\u0456. \u0407\u0457 \u043c\u0456\u043d\u0456\u043c\u0430\u043b\u0456\u0441\u0442\u0438\u0447\u043d\u0438\u0439 \u0434\u0438\u0437\u0430\u0439\u043d \u0437 \u0447\u0456\u0442\u043a\u0438\u043c\u0438 \u043b\u0456\u043d\u0456\u044f\u043c\u0438 \u0441\u0442\u0432\u043e\u0440\u044e\u0454 \u0435\u043b\u0435\u0433\u0430\u043d\u0442\u043d\u0438\u0439 \u0432\u0438\u0433\u043b\u044f\u0434, \u044f\u043a\u0438\u0439 \u043f\u0430\u0441\u0443\u0432\u0430\u0442\u0438\u043c\u0435 \u0434\u043e \u0431\u0443\u0434\u044c-\u044f\u043a\u043e\u0433\u043e \u0456\u043d\u0442\u0435\u0440&#039;\u0454\u0440\u0443. \u041f\u043e\u0441\u0442\u0430\u0432\u0442\u0435 \u0457\u0457 \u043f\u043e\u0440\u0443\u0447 \u0456\u0437 \u043b\u0456\u0436\u043a\u043e\u043c, \u0449\u043e\u0431 \u043b\u0430\u043c\u043f\u0430, \u0431\u0443\u0434\u0438\u043b\u044c\u043d\u0438\u043a \u0442\u0430 \u0456\u043d\u0448\u0456 \u043f\u0440\u0435\u0434\u043c\u0435\u0442\u0438 \u043f\u043e\u0432\u0441\u044f\u043a\u0434\u0435\u043d\u043d\u043e\u0433\u043e \u0432\u0436\u0438\u0442\u043a\u0443 \u0431\u0443\u043b\u0438 \u043f\u0456\u0434 \u0440\u0443\u043a\u043e\u044e.<\/p>\n<ul>\n<li><b>\u041c\u0430\u0442\u0435\u0440\u0456\u0430\u043b\u0438:<\/b> \u0412\u0438\u0433\u043e\u0442\u043e\u0432\u043b\u0435\u043d\u0430 \u0437 \u043c\u0430\u0441\u0438\u0432\u0443 \u043c\u0430\u043d\u0433\u043e\u0432\u043e\u0433\u043e \u0434\u0435\u0440\u0435\u0432\u0430, \u0432\u0456\u0434\u043e\u043c\u043e\u0433\u043e \u0441\u0432\u043e\u0454\u044e \u043c\u0456\u0446\u043d\u0456\u0441\u0442\u044e \u0442\u0430 \u0433\u0430\u0440\u043d\u0438\u043c \u0432\u0456\u0437\u0435\u0440\u0443\u043d\u043a\u043e\u043c \u0442\u0435\u043a\u0441\u0442\u0443\u0440\u0438, \u0446\u044f \u0442\u0443\u043c\u0431\u043e\u0447\u043a\u0430 \u0431\u0456\u043b\u044f \u043b\u0456\u0436\u043a\u0430 \u0433\u0430\u0440\u0430\u043d\u0442\u0443\u0454 \u044f\u043a \u0434\u043e\u0432\u0433\u043e\u0432\u0456\u0447\u043d\u0456\u0441\u0442\u044c, \u0442\u0430\u043a \u0456 \u0435\u0441\u0442\u0435\u0442\u0438\u0447\u043d\u0443 \u0446\u0456\u043d\u043d\u0456\u0441\u0442\u044c. \u041d\u0430\u0442\u0443\u0440\u0430\u043b\u044c\u043d\u0430 \u0434\u0435\u0440\u0435\u0432\u0438\u043d\u0430 \u0441\u0442\u0432\u043e\u0440\u044e\u0454 \u0432\u0456\u0434\u0447\u0443\u0442\u0442\u044f \u0442\u0435\u043f\u043b\u0430, \u0430 \u043c\u0430\u0442\u043e\u0432\u0435 \u043f\u043e\u043a\u0440\u0438\u0442\u0442\u044f \u0437\u0430\u0431\u0435\u0437\u043f\u0435\u0447\u0443\u0454 \u0433\u043b\u0430\u0434\u043a\u0443 \u0442\u0430 \u0441\u0442\u0438\u043b\u044c\u043d\u0443 \u043f\u043e\u0432\u0435\u0440\u0445\u043d\u044e, \u044f\u043a\u0430 \u0432\u0438\u0442\u0440\u0438\u043c\u0443\u0454 \u0449\u043e\u0434\u0435\u043d\u043d\u0435 \u0432\u0438\u043a\u043e\u0440\u0438\u0441\u0442\u0430\u043d\u043d\u044f.<\/li>\n<li><b>\u041a\u043e\u043c\u043f\u043e\u043d\u0435\u043d\u0442\u0438:<\/b> \u041b\u0430\u0442\u0443\u043d\u043d\u0456 \u0440\u0443\u0447\u043a\u0438 \u0434\u043e\u0434\u0430\u044e\u0442\u044c \u0440\u043e\u0437\u043a\u0456\u0448\u043d\u043e\u0433\u043e \u0432\u0438\u0433\u043b\u044f\u0434\u0443, \u0430 \u0434\u0432\u0435\u0440\u0446\u044f\u0442\u0430 \u043f\u043b\u0430\u0432\u043d\u043e \u0432\u0456\u0434\u0447\u0438\u043d\u044f\u044e\u0442\u044c\u0441\u044f, \u0437\u0430\u0431\u0435\u0437\u043f\u0435\u0447\u0443\u044e\u0447\u0438 \u0434\u043e\u0441\u0442\u0443\u043f \u0434\u043e \u043c\u0456\u0441\u0446\u044f \u0434\u043b\u044f \u0437\u0431\u0435\u0440\u0456\u0433\u0430\u043d\u043d\u044f. \u041b\u0430\u0442\u0443\u043d\u043d\u0456 \u0440\u0443\u0447\u043a\u0438 \u0441\u0442\u0438\u043b\u044c\u043d\u0456 \u0442\u0430 \u043f\u0440\u0430\u043a\u0442\u0438\u0447\u043d\u0456, \u0449\u043e \u0440\u043e\u0431\u0438\u0442\u044c \u0448\u0430\u0444\u0443 \u0437\u0440\u0443\u0447\u043d\u043e\u044e \u0443 \u0449\u043e\u0434\u0435\u043d\u043d\u043e\u043c\u0443 \u0432\u0438\u043a\u043e\u0440\u0438\u0441\u0442\u0430\u043d\u043d\u0456.<\/li>\n<li><b>Omadused \/ \u0424\u0443\u043d\u043a\u0446\u0456\u044f \/ \u0414\u0438\u0437\u0430\u0439\u043d:<\/b> \u0414\u0438\u0437\u0430\u0439\u043d \u0448\u0430\u0444\u0438 \u0444\u0443\u043d\u043a\u0446\u0456\u043e\u043d\u0430\u043b\u044c\u043d\u0438\u0439 \u0442\u0430 \u0441\u0442\u0438\u043b\u044c\u043d\u0438\u0439, \u0432\u043a\u043b\u044e\u0447\u0430\u044e\u0447\u0438 \u043c\u0456\u0441\u0442\u043a\u0443 \u0448\u0443\u0445\u043b\u044f\u0434\u0443 \u043d\u0430 \u0434\u0432\u0435\u0440\u0446\u044f\u0442\u0430\u0445 \u0437 \u0432\u0435\u043b\u0438\u043a\u043e\u044e \u043a\u0456\u043b\u044c\u043a\u0456\u0441\u0442\u044e \u043c\u0456\u0441\u0446\u044f \u0434\u043b\u044f \u043f\u0440\u0435\u0434\u043c\u0435\u0442\u0456\u0432 \u043f\u043e\u0432\u0441\u044f\u043a\u0434\u0435\u043d\u043d\u043e\u0433\u043e \u0432\u0436\u0438\u0442\u043a\u0443. \u0407\u0457 \u0441\u0443\u0447\u0430\u0441\u043d\u0438\u0439 \u0432\u0438\u0433\u043b\u044f\u0434 \u0442\u0430 \u043f\u0440\u0430\u043a\u0442\u0438\u0447\u043d\u0456 \u0445\u0430\u0440\u0430\u043a\u0442\u0435\u0440\u0438\u0441\u0442\u0438\u043a\u0438 \u0440\u043e\u0431\u043b\u044f\u0442\u044c \u0457\u0457 \u0443\u043d\u0456\u0432\u0435\u0440\u0441\u0430\u043b\u044c\u043d\u0438\u043c \u0434\u043e\u043f\u043e\u0432\u043d\u0435\u043d\u043d\u044f\u043c \u0434\u043e \u0431\u0443\u0434\u044c-\u044f\u043a\u043e\u0457 \u0441\u043f\u0430\u043b\u044c\u043d\u0456.<\/li>\n<li><b>\u0420\u0435\u043a\u043e\u043c\u0435\u043d\u0434\u043e\u0432\u0430\u043d\u0435 \u0432\u0438\u043a\u043e\u0440\u0438\u0441\u0442\u0430\u043d\u043d\u044f:<\/b> \u0406\u0434\u0435\u0430\u043b\u044c\u043d\u043e \u043f\u0456\u0434\u0445\u043e\u0434\u0438\u0442\u044c \u0434\u043b\u044f \u0432\u0438\u043a\u043e\u0440\u0438\u0441\u0442\u0430\u043d\u043d\u044f \u044f\u043a \u0442\u0443\u043c\u0431\u043e\u0447\u043a\u0430 \u0431\u0456\u043b\u044f \u043b\u0456\u0436\u043a\u0430, \u0432\u043e\u043d\u0430 \u043f\u0440\u043e\u043f\u043e\u043d\u0443\u0454 \u043c\u0456\u0441\u0446\u0435 \u0434\u043b\u044f \u043e\u0441\u043e\u0431\u0438\u0441\u0442\u0438\u0445 \u0440\u0435\u0447\u0435\u0439, \u0442\u0430\u043a\u0438\u0445 \u044f\u043a \u043a\u043d\u0438\u0433\u0438, \u043b\u0430\u043c\u043f\u0438 \u0442\u0430 \u043f\u0440\u0438\u043a\u0440\u0430\u0441\u0438. \u041a\u043e\u043c\u043f\u0430\u043a\u0442\u043d\u0438\u0439 \u0434\u0438\u0437\u0430\u0439\u043d \u043f\u0456\u0434\u0445\u043e\u0434\u0438\u0442\u044c \u0434\u043b\u044f \u043d\u0435\u0432\u0435\u043b\u0438\u043a\u0438\u0445 \u043f\u0440\u0438\u043c\u0456\u0449\u0435\u043d\u044c, \u043d\u0435 \u0437\u0430\u0439\u043c\u0430\u044e\u0447\u0438 \u0431\u0430\u0433\u0430\u0442\u043e \u043c\u0456\u0441\u0446\u044f.<\/li>\n<li><b>\u0414\u043e\u0433\u043b\u044f\u0434 \u0442\u0430 \u043e\u0431\u0441\u043b\u0443\u0433\u043e\u0432\u0443\u0432\u0430\u043d\u043d\u044f:<\/b> \u0428\u0430\u0444\u0430 \u043f\u0440\u043e\u0441\u0442\u0430 \u0443 \u0434\u043e\u0433\u043b\u044f\u0434\u0456, \u043f\u0440\u043e\u0441\u0442\u043e \u043f\u0440\u043e\u0442\u0440\u0456\u0442\u044c \u0457\u0457 \u0441\u0443\u0445\u043e\u044e \u0433\u0430\u043d\u0447\u0456\u0440\u043a\u043e\u044e, \u0449\u043e\u0431 \u0432\u043e\u043d\u0430 \u0437\u0430\u043b\u0438\u0448\u0430\u043b\u0430\u0441\u044f \u0447\u0438\u0441\u0442\u043e\u044e \u0442\u0430 \u0432\u0438\u0433\u043b\u044f\u0434\u0430\u043b\u0430 \u044f\u043a \u043d\u043e\u0432\u0430. \u0423\u043d\u0438\u043a\u0430\u0439\u0442\u0435 \u0430\u0433\u0440\u0435\u0441\u0438\u0432\u043d\u0438\u0445 \u0445\u0456\u043c\u0456\u043a\u0430\u0442\u0456\u0432, \u044f\u043a\u0456 \u043c\u043e\u0436\u0443\u0442\u044c \u043f\u043e\u0448\u043a\u043e\u0434\u0438\u0442\u0438 \u043f\u043e\u043a\u0440\u0438\u0442\u0442\u044f, \u0449\u043e\u0431 \u0437\u0430\u0431\u0435\u0437\u043f\u0435\u0447\u0438\u0442\u0438 \u0457\u0457 \u043a\u0440\u0430\u0441\u0443 \u043d\u0430\u0434\u043e\u0432\u0433\u043e.<\/li>\n<\/ul>\n<ul>\n<li>\u041a\u043e\u043b\u0456\u0440: \u041c\u0435\u0434\u043e\u0432\u043e-\u043a\u043e\u0440\u0438\u0447\u043d\u0435\u0432\u0438\u0439<\/li>\n<li>\u041c\u0430\u0442\u0435\u0440\u0456\u0430\u043b: \u041c\u0430\u0441\u0438\u0432 \u0434\u0435\u0440\u0435\u0432\u0430 \u043c\u0430\u043d\u0433\u043e<\/li>\n<li>\u0417\u0430\u0433\u0430\u043b\u044c\u043d\u0456 \u0440\u043e\u0437\u043c\u0456\u0440\u0438: 40 x 33 x 46 \u0441\u043c (\u0428 x \u0413 x \u0412)<\/li>\n<li>\u041a\u043e\u043c\u043e\u0440\u0430<\/li>\n<li>\u041c\u0456\u0446\u043d\u0438\u0439<\/li>\n<li>\u0420\u0443\u0447\u043d\u0438\u0439 \u0440\u043e\u0437\u043f\u0438\u0441 \u043f\u0435\u0440\u0435\u0434\u043d\u044c\u043e\u0457 \u0447\u0430\u0441\u0442\u0438\u043d\u0438<\/li>\n<li>\u0404 \u0434\u0432\u0435\u0440\u0456.<\/li>\n<li>\u0417 \u043b\u0430\u0442\u0443\u043d\u043d\u0438\u043c\u0438 \u0491\u0443\u0434\u0437\u0438\u043a\u0430\u043c\u0438<\/li>\n<li>\u041c\u0430\u043a\u0441\u0438\u043c\u0430\u043b\u044c\u043d\u0430 \u0432\u0430\u0433\u0430: 120 \u043a\u0433<\/li>\n<li>\u041f\u043e\u0442\u0440\u0456\u0431\u043d\u0435 \u0441\u043a\u043b\u0430\u0434\u0430\u043d\u043d\u044f: \u0422\u0430\u043a<\/li>\n<\/ul>","protected":false},"excerpt":{"rendered":"<p>See \u00f6\u00f6kapp \u00fchendab stiilse kaasaegse disaini praktilise funktsionaalsusega, muutes selle igas magamistoas suurep\u00e4raseks lisandiks. Selle minimalistlik disain koos puhaste joontega toob esile&hellip;<\/p>","protected":false},"featured_media":308324,"comment_status":"open","ping_status":"closed","template":"","meta":{"wprm-recipe-roundup-name":"","wprm-recipe-roundup-description":""},"product_brand":[],"product_cat":[635],"product_tag":[636,547,637,554,540],"class_list":{"0":"post-308341","1":"product","2":"type-product","3":"status-publish","4":"has-post-thumbnail","6":"product_cat-ookapid","7":"product_tag-lauad","8":"product_tag-moobel","9":"product_tag-ookapid","10":"product_tag-ouemoobli-komplektid","11":"product_tag-parcel","12":"pa_brand-vidaxl","14":"first","15":"instock","16":"taxable","17":"shipping-taxable","18":"purchasable","19":"product-type-simple"},"supplier_id":null,"supplier_sku":"","barcode":null,"atum_controlled":false,"out_stock_date":null,"out_stock_threshold":null,"inheritable":false,"inbound_stock":null,"stock_on_hold":0,"sold_today":0,"sales_last_days":0,"reserved_stock":null,"customer_returns":null,"warehouse_damage":null,"lost_in_post":null,"other_logs":null,"out_stock_days":0,"lost_sales":0,"has_location":null,"update_date":"2026-05-13T18:22:46","atum_locations":[],"atum_stock_status":"instock","restock_status":false,"low_stock_amount":"","sales_update_date":"2026-02-27T01:39:34","calc_backorders":null,"aioseo_notices":[],"_links":{"self":[{"href":"https:\/\/ecoshop.ee\/uk\/wp-json\/wp\/v2\/product\/308341","targetHints":{"allow":["GET"]}}],"collection":[{"href":"https:\/\/ecoshop.ee\/uk\/wp-json\/wp\/v2\/product"}],"about":[{"href":"https:\/\/ecoshop.ee\/uk\/wp-json\/wp\/v2\/types\/product"}],"replies":[{"embeddable":true,"href":"https:\/\/ecoshop.ee\/uk\/wp-json\/wp\/v2\/comments?post=308341"}],"version-history":[{"count":0,"href":"https:\/\/ecoshop.ee\/uk\/wp-json\/wp\/v2\/product\/308341\/revisions"}],"wp:featuredmedia":[{"embeddable":true,"href":"https:\/\/ecoshop.ee\/uk\/wp-json\/wp\/v2\/media\/308324"}],"wp:attachment":[{"href":"https:\/\/ecoshop.ee\/uk\/wp-json\/wp\/v2\/media?parent=308341"}],"wp:term":[{"taxonomy":"product_brand","embeddable":true,"href":"https:\/\/ecoshop.ee\/uk\/wp-json\/wp\/v2\/product_brand?post=308341"},{"taxonomy":"product_cat","embeddable":true,"href":"https:\/\/ecoshop.ee\/uk\/wp-json\/wp\/v2\/product_cat?post=308341"},{"taxonomy":"product_tag","embeddable":true,"href":"https:\/\/ecoshop.ee\/uk\/wp-json\/wp\/v2\/product_tag?post=308341"}],"curies":[{"name":"wp","href":"https:\/\/api.w.org\/{rel}","templated":true}]}}