{"id":320241,"date":"2026-02-27T10:22:21","date_gmt":"2026-02-27T07:22:21","guid":{"rendered":"https:\/\/ecoshop.ee\/maaratlemata\/kohvilaud-flam-100x50x325-cm-mannipuit\/"},"modified":"2026-05-15T04:09:27","modified_gmt":"2026-05-15T01:09:27","slug":"%d0%b6%d1%83%d1%80%d0%bd%d0%b0%d0%bb%d1%8c%d0%bd%d0%b8%d0%b9-%d1%81%d1%82%d0%be%d0%bb%d0%b8%d0%ba-flam-100x50x325-%d1%81%d0%bc-mannipuit","status":"publish","type":"product","link":"https:\/\/ecoshop.ee\/uk\/kohvilauad\/kohvilaud-flam-100x50x325-cm-mannipuit\/","title":{"rendered":"\u0416\u0443\u0440\u043d\u0430\u043b\u044c\u043d\u0438\u0439 \u0441\u0442\u043e\u043b\u0438\u043a &quot;Flam&quot; 100 x 50 x 32,5 \u0441\u043c, \u0441\u043e\u0441\u043d\u043e\u0432\u0435 \u0434\u0435\u0440\u0435\u0432\u043e"},"content":{"rendered":"<p>\u0414\u043e\u0434\u0430\u0439\u0442\u0435 \u0435\u043b\u0435\u0433\u0430\u043d\u0442\u043d\u043e\u0441\u0442\u0456 \u0432\u0430\u0448\u0456\u0439 \u0432\u0456\u0442\u0430\u043b\u044c\u043d\u0456 \u0437\u0430 \u0434\u043e\u043f\u043e\u043c\u043e\u0433\u043e\u044e \u0446\u044c\u043e\u0433\u043e \u0441\u0442\u0438\u043b\u044c\u043d\u043e\u0433\u043e \u0434\u0435\u0440\u0435\u0432&#039;\u044f\u043d\u043e\u0433\u043e \u0436\u0443\u0440\u043d\u0430\u043b\u044c\u043d\u043e\u0433\u043e \u0441\u0442\u043e\u043b\u0438\u043a\u0430.<\/p>\n<\/p>\n<ul>\n<li>\u0421\u043e\u0441\u043d\u0430: \u0421\u043e\u0441\u043d\u0430 \u2013 \u0446\u0435 \u0433\u0430\u0440\u043d\u0438\u0439 \u043d\u0430\u0442\u0443\u0440\u0430\u043b\u044c\u043d\u0438\u0439 \u043c\u0430\u0442\u0435\u0440\u0456\u0430\u043b. \u0421\u043e\u0441\u043d\u0430 \u043c\u0430\u0454 \u043f\u0440\u044f\u043c\u0456 \u0432\u043e\u043b\u043e\u043a\u043d\u0430 \u0442\u0430 \u0441\u0443\u0447\u043a\u0438, \u0449\u043e \u043d\u0430\u0434\u0430\u044e\u0442\u044c \u043c\u0430\u0442\u0435\u0440\u0456\u0430\u043b\u0443 \u0441\u0456\u043b\u044c\u0441\u044c\u043a\u043e\u0433\u043e \u0432\u0438\u0433\u043b\u044f\u0434\u0443. \u0412\u0438\u0433\u043e\u0442\u043e\u0432\u043b\u0435\u043d\u0438\u0439 \u0437 \u043c\u0456\u0446\u043d\u043e\u0457 \u0441\u043e\u0441\u043d\u043e\u0432\u043e\u0457 \u0434\u0435\u0440\u0435\u0432\u0438\u043d\u0438, \u0446\u0435\u0439 \u0436\u0443\u0440\u043d\u0430\u043b\u044c\u043d\u0438\u0439 \u0441\u0442\u043e\u043b\u0438\u043a \u0454 \u0434\u043e\u0432\u0433\u043e\u0432\u0456\u0447\u043d\u0438\u043c \u0442\u0430 \u043c\u0456\u0446\u043d\u0438\u043c.<\/li>\n<li>\u0411\u0430\u0433\u0430\u0442\u043e \u043c\u0456\u0441\u0446\u044f \u0434\u043b\u044f \u0437\u0431\u0435\u0440\u0456\u0433\u0430\u043d\u043d\u044f: \u0436\u0443\u0440\u043d\u0430\u043b\u044c\u043d\u0438\u0439 \u0441\u0442\u043e\u043b\u0438\u043a \u043f\u0440\u043e\u043f\u043e\u043d\u0443\u0454 \u0434\u043e\u0441\u0442\u0430\u0442\u043d\u044c\u043e \u043c\u0456\u0441\u0446\u044f \u0434\u043b\u044f \u0437\u0431\u0435\u0440\u0456\u0433\u0430\u043d\u043d\u044f, \u0449\u043e\u0431 \u0443\u043f\u043e\u0440\u044f\u0434\u043a\u0443\u0432\u0430\u0442\u0438 \u0442\u0430 \u0437\u0431\u0435\u0440\u0456\u0433\u0430\u0442\u0438 \u043d\u0435\u043e\u0431\u0445\u0456\u0434\u043d\u0456 \u0440\u0435\u0447\u0456 \u0449\u043e\u0434\u0435\u043d\u043d\u043e\u0433\u043e \u0432\u0436\u0438\u0442\u043a\u0443.<\/li>\n<li>\u041c\u0456\u0446\u043d\u0430 \u0441\u0442\u0456\u043b\u044c\u043d\u0438\u0446\u044f: \u041c\u0456\u0446\u043d\u0430 \u0441\u0442\u0456\u043b\u044c\u043d\u0438\u0446\u044f \u0456\u0434\u0435\u0430\u043b\u044c\u043d\u043e \u043f\u0456\u0434\u0445\u043e\u0434\u0438\u0442\u044c \u0434\u043b\u044f \u0437\u0431\u0435\u0440\u0456\u0433\u0430\u043d\u043d\u044f \u043d\u0430\u043f\u043e\u0457\u0432, \u0457\u0436\u0456 \u0442\u0430 \u0434\u0435\u043a\u043e\u0440\u0430\u0442\u0438\u0432\u043d\u0438\u0445 \u043f\u0440\u0435\u0434\u043c\u0435\u0442\u0456\u0432.<\/li>\n<\/ul>\n<ul>\n<li>\u041c\u0430\u0442\u0435\u0440\u0456\u0430\u043b: \u0441\u043e\u0441\u043d\u043e\u0432\u0430 \u0434\u0435\u0440\u0435\u0432\u0438\u043d\u0430 \u0437 \u0434\u0443\u0431\u043e\u0432\u0438\u043c \u043f\u043e\u043a\u0440\u0438\u0442\u0442\u044f\u043c<\/li>\n<li>\u0420\u043e\u0437\u043c\u0456\u0440\u0438: 100 x 50 x 32,5 \u0441\u043c (\u0428 x \u0413 x \u0412)<\/li>\n<li>\u0417 \u0434\u0432\u043e\u043c\u0430 \u0432\u0456\u0434\u043a\u0440\u0438\u0442\u0438\u043c\u0438 \u043f\u043e\u043b\u0438\u0446\u044f\u043c\u0438<\/li>\n<li>\u0417 \u0434\u0435\u0440\u0435\u0432&#039;\u044f\u043d\u0438\u043c\u0438 \u043d\u0456\u0436\u043a\u0430\u043c\u0438<\/li>\n<li>\u0421\u0435\u0440\u0456\u044f: FLAM<\/li>\n<li>\u041f\u043e\u0442\u0440\u0456\u0431\u043d\u0430 \u0437\u0431\u0456\u0440\u043a\u0430: \u0442\u0430\u043a<\/li>\n<\/ul>","protected":false},"excerpt":{"rendered":"<p>Lisage enda elutuppa elegantsi selle stiilse puidust kohvilauaga. M\u00e4nnipuit: m\u00e4nnipuit on ilus looduslik materjal. M\u00e4nnipuidul on sirged kiud ja oksakohad annavad materjalile&hellip;<\/p>","protected":false},"featured_media":320232,"comment_status":"open","ping_status":"closed","template":"","meta":{"wprm-recipe-roundup-name":"","wprm-recipe-roundup-description":""},"product_brand":[],"product_cat":[790],"product_tag":[792,636,547,554,540,791],"class_list":{"0":"post-320241","1":"product","2":"type-product","3":"status-publish","4":"has-post-thumbnail","6":"product_cat-kohvilauad","7":"product_tag-kohvilauad","8":"product_tag-lauad","9":"product_tag-moobel","10":"product_tag-ouemoobli-komplektid","11":"product_tag-parcel","12":"product_tag-vaiksed-lauad","13":"pa_brand-vidaxl","15":"first","16":"instock","17":"taxable","18":"shipping-taxable","19":"purchasable","20":"product-type-simple"},"supplier_id":null,"supplier_sku":"","barcode":null,"atum_controlled":false,"out_stock_date":null,"out_stock_threshold":null,"inheritable":false,"inbound_stock":null,"stock_on_hold":null,"sold_today":null,"sales_last_days":null,"reserved_stock":null,"customer_returns":null,"warehouse_damage":null,"lost_in_post":null,"other_logs":null,"out_stock_days":null,"lost_sales":null,"has_location":null,"update_date":"2026-05-15T01:09:27","atum_locations":[],"atum_stock_status":"instock","restock_status":false,"low_stock_amount":"","sales_update_date":null,"calc_backorders":null,"aioseo_notices":[],"_links":{"self":[{"href":"https:\/\/ecoshop.ee\/uk\/wp-json\/wp\/v2\/product\/320241","targetHints":{"allow":["GET"]}}],"collection":[{"href":"https:\/\/ecoshop.ee\/uk\/wp-json\/wp\/v2\/product"}],"about":[{"href":"https:\/\/ecoshop.ee\/uk\/wp-json\/wp\/v2\/types\/product"}],"replies":[{"embeddable":true,"href":"https:\/\/ecoshop.ee\/uk\/wp-json\/wp\/v2\/comments?post=320241"}],"version-history":[{"count":0,"href":"https:\/\/ecoshop.ee\/uk\/wp-json\/wp\/v2\/product\/320241\/revisions"}],"wp:featuredmedia":[{"embeddable":true,"href":"https:\/\/ecoshop.ee\/uk\/wp-json\/wp\/v2\/media\/320232"}],"wp:attachment":[{"href":"https:\/\/ecoshop.ee\/uk\/wp-json\/wp\/v2\/media?parent=320241"}],"wp:term":[{"taxonomy":"product_brand","embeddable":true,"href":"https:\/\/ecoshop.ee\/uk\/wp-json\/wp\/v2\/product_brand?post=320241"},{"taxonomy":"product_cat","embeddable":true,"href":"https:\/\/ecoshop.ee\/uk\/wp-json\/wp\/v2\/product_cat?post=320241"},{"taxonomy":"product_tag","embeddable":true,"href":"https:\/\/ecoshop.ee\/uk\/wp-json\/wp\/v2\/product_tag?post=320241"}],"curies":[{"name":"wp","href":"https:\/\/api.w.org\/{rel}","templated":true}]}}